{"id":8161,"date":"2016-06-08T16:52:40","date_gmt":"2016-06-08T15:52:40","guid":{"rendered":"https:\/\/agora-eoi.xtec.cat\/eoifigueres\/?page_id=8161"},"modified":"2025-06-25T13:55:00","modified_gmt":"2025-06-25T11:55:00","slug":"matricula","status":"publish","type":"page","link":"https:\/\/agora-eoi.xtec.cat\/eoifigueres\/matricula\/","title":{"rendered":"Vull estudiar"},"content":{"rendered":"<p>&nbsp;<\/p>\n<p>Els passos a seguir per a la inscripci\u00f3 s\u00f3n diferents si sou antic o nou alumne. Obriu el desplegable a la part esquerra de la p\u00e0gina.<\/p>\n<p>Es considera alumnat <span style=\"color: #008080;\"><strong>antic<\/strong><\/span> a qualsevol persona matriculada en un curs oficial d\u2019un o dos idiomes en aquesta escola l\u2019any acad\u00e8mic immediatament anterior i que el seg\u00fcent any acad\u00e8mic segueixi sent alumnat dels mateixos idiomes.<\/p>\n<p>L&#8217;<span style=\"color: #008080;\"><strong>antic<\/strong><\/span> alumnat heu de formalitzar la matr\u00edcula al mes de juliol a l&#8217;enlla\u00e7 de\u00a0 <span style=\"text-decoration: underline;\"><em><a href=\"https:\/\/www.informaticacentros.com\/centrosnet\/ultralogin.php?tcentro=EOI&amp;centro=GI3\" target=\"_blank\" rel=\"noopener\">CentrosNET\u00a0<\/a><\/em><\/span><\/p>\n<p>Es considera alumnat <span style=\"color: #008080;\"><strong>nou <\/strong><\/span><span style=\"color: #000000;\">a qualsevol persona que vol cursar un curs oficial d\u2019un o dos idiomes. Tamb\u00e9 qualsevol persona matriculada en un curs oficial d\u2019un o dos idiomes en aquesta escola l\u2019any acad\u00e8mic immediatament anterior i que el seg\u00fcent any acad\u00e8mic vulgui ser alumnat d&#8217;un idioma diferent.<\/span><\/p>\n<p>L&#8217;alumnat <span style=\"color: #008080;\"><strong>nou<\/strong><\/span> heu de formalitzar la matr\u00edcula de l&#8217;1 de setembre de 2025 (a partir de les 12:00 h) fins al 8 de setembre de 2025 (a les 15:00 h) a l&#8217;enlla\u00e7 de la p\u00e0gina web de la Generalitat de Catalunya <span style=\"text-decoration: underline;\"><em><a href=\"https:\/\/www.eoidigital.com\/eoicat\/alumnes\/\" target=\"_blank\" rel=\"noopener\">Preinscripci\u00f3 unificada a les EOI. Curs 2025-2026<\/a><\/em><\/span><\/p>\n<p>M\u00e9s informaci\u00f3 a\u00a0<a href=\"https:\/\/triaeducativa.gencat.cat\/ca\/idiomes-eoi\/\" target=\"_blank\" rel=\"noopener\">https:\/\/triaeducativa.gencat.cat\/ca\/idiomes-eoi\/<\/a><\/p>\n<p>Infografia explicativa <a href=\"https:\/\/educacio.gencat.cat\/web\/.content\/home\/departament\/publicacions\/infografies\/eoi-10-eoi.pdf\" target=\"_blank\" rel=\"noopener\">https:\/\/educacio.gencat.cat\/web\/.content\/home\/departament\/publicacions\/infografies\/eoi-10-eoi.pdf<\/a><\/p>\n<p>&nbsp;<\/p>\n<p>&nbsp;<\/p>\n<p>&nbsp;<\/p>\n","protected":false},"excerpt":{"rendered":"<p>&nbsp;<br \/>\nEls passos a seguir per a la inscripci\u00f3 s\u00f3n diferents si sou antic o nou alumne. Obriu el desplegable a la part esquerra de la p\u00e0gina.<br \/>\nEs considera alumnat antic a qualsevol persona matriculada en un curs oficial d\u2019un o dos idiomes en aquesta escola l\u2019any&hellip;  <a href=\"https:\/\/agora-eoi.xtec.cat\/eoifigueres\/matricula\/\" title=\"Read Vull estudiar\">Llegeix m\u00e9s\u00bb<\/a><\/p>\n","protected":false},"author":1,"featured_media":0,"parent":0,"menu_order":0,"comment_status":"closed","ping_status":"closed","template":"page-templates\/side-menu.php","meta":{"_bbp_topic_count":0,"_bbp_reply_count":0,"_bbp_total_topic_count":0,"_bbp_total_reply_count":0,"_bbp_voice_count":0,"_bbp_anonymous_reply_count":0,"_bbp_topic_count_hidden":0,"_bbp_reply_count_hidden":0,"_bbp_forum_subforum_count":0,"footnotes":""},"class_list":["post-8161","page","type-page","status-publish","hentry"],"post_mailing_queue_ids":[],"_links":{"self":[{"href":"https:\/\/agora-eoi.xtec.cat\/eoifigueres\/wp-json\/wp\/v2\/pages\/8161","targetHints":{"allow":["GET"]}}],"collection":[{"href":"https:\/\/agora-eoi.xtec.cat\/eoifigueres\/wp-json\/wp\/v2\/pages"}],"about":[{"href":"https:\/\/agora-eoi.xtec.cat\/eoifigueres\/wp-json\/wp\/v2\/types\/page"}],"author":[{"embeddable":true,"href":"https:\/\/agora-eoi.xtec.cat\/eoifigueres\/wp-json\/wp\/v2\/users\/1"}],"replies":[{"embeddable":true,"href":"https:\/\/agora-eoi.xtec.cat\/eoifigueres\/wp-json\/wp\/v2\/comments?post=8161"}],"version-history":[{"count":7,"href":"https:\/\/agora-eoi.xtec.cat\/eoifigueres\/wp-json\/wp\/v2\/pages\/8161\/revisions"}],"predecessor-version":[{"id":12115,"href":"https:\/\/agora-eoi.xtec.cat\/eoifigueres\/wp-json\/wp\/v2\/pages\/8161\/revisions\/12115"}],"wp:attachment":[{"href":"https:\/\/agora-eoi.xtec.cat\/eoifigueres\/wp-json\/wp\/v2\/media?parent=8161"}],"curies":[{"name":"wp","href":"https:\/\/api.w.org\/{rel}","templated":true}]}}