{"id":8151,"date":"2016-06-08T16:42:13","date_gmt":"2016-06-08T15:42:13","guid":{"rendered":"https:\/\/agora-eoi.xtec.cat\/eoifigueres\/?page_id=8151"},"modified":"2025-06-25T13:41:41","modified_gmt":"2025-06-25T11:41:41","slug":"cursos-oficials","status":"publish","type":"page","link":"https:\/\/agora-eoi.xtec.cat\/eoifigueres\/cursos-oficials\/","title":{"rendered":"Cursos Oficials"},"content":{"rendered":"<table style=\"border-collapse: collapse;\">\n<tbody>\n<tr>\n<td style=\"width: 100%;\"><\/td>\n<\/tr>\n<\/tbody>\n<\/table>\n<p><strong>DURADA DEL CURS<\/strong><\/p>\n<p>L&#8217;EOI Figueres imparteix estudis d&#8217;<strong>alemany (fins a B2.2),<\/strong> <strong>angl\u00e8s (fins a C2.2), catal\u00e0 (fins a C2)<\/strong> i<strong> franc\u00e8s<\/strong> <strong>(fins a B2.2)<\/strong> en dues modalitats: extensiu (2 sessions per setmana) i semi-presencial (1 sessi\u00f3 presencial i 1 sessi\u00f3 en l\u00ednia as\u00edncrona).<\/p>\n<p><strong>La matr\u00edcula oficial<\/strong> d\u00f3na dret a assistir com a m\u00ednim a <strong>130 hores de classe<\/strong> per curs i als ex\u00e0mens corresponents.<\/p>\n<p>L&#8217;EOI Figueres imparteix <strong>el curs oficial extensiu en horari altern<\/strong>:<\/p>\n<ul>\n<li><strong>GRUPS A: <\/strong>dilluns i dimecres<\/li>\n<li><strong>GRUPS B:<\/strong> dimarts i dijous<\/li>\n<\/ul>\n<p><strong>HORARI DE CLASSE<\/strong><\/p>\n<p>La tria de l\u2019horari de classe es fa en el moment de formalitzar la matr\u00edcula.<\/p>\n<p>Totes les classes es fan en horari de tarda-vespre en les seg\u00fcents franges hor\u00e0ries:<\/p>\n<ul style=\"list-style-type: square;\">\n<li>16h a 18h<\/li>\n<li>18.30h a 20.30h<\/li>\n<\/ul>\n<p>Excepte un grup d&#8217;A1 d&#8217;angl\u00e8s que es fa dimarts i dijous al mat\u00ed de 10 a 12h i un de C2 de catal\u00e0 que es fa dijous al mat\u00ed de 10 a 12h.<\/p>\n<p><strong>PROGRAMA D&#8217;ESTUDIS<\/strong><\/p>\n<p>La Llei Org\u00e0nica\u00a02\/2006, de\u00a03 de maig, d\u2019Educaci\u00f3 en el seu article 59.1 estableix que els ensenyaments del nivell B\u00e0sic tindran les caracter\u00edstiques i l&#8217;organitzaci\u00f3 que les administracions educatives determinin.<\/p>\n<p>El Reial Decret 1041\/2017, de 22 de desembre, estableix el curr\u00edculum b\u00e0sic dels nivells Intermedi B1, Intermedi B2, Avan\u00e7at C1 i Avan\u00e7at C2 dels ensenyaments d&#8217;idiomes de r\u00e8gim especial regulats per la Llei Org\u00e0nica 2\/2006, de 3 de maig, d&#8217;educaci\u00f3.<\/p>\n<p>Els ensenyaments especialitzats d&#8217;idiomes s&#8217;imparteixen en 8 cursos:<\/p>\n<ul>\n<li><strong>Nivell B\u00e0sic A2:<\/strong> de 2 cursos (A1 i A2)<\/li>\n<li><strong>Nivell Intermedi B1<\/strong><strong>:<\/strong> d&#8217;1 curs (B1)<\/li>\n<li><strong>Nivell Intermedi B2<\/strong><strong>:<\/strong> de 2 cursos (B2.1 i B2.2)<\/li>\n<li><strong>Nivell Avan\u00e7at:<\/strong> de 3 cursos (C1-1 curs i C2-2 cursos) (Catal\u00e0 C2 &#8211; 1 curs)<\/li>\n<\/ul>\n<table style=\"height: 241px;\" border=\"1\" cellspacing=\"1\" cellpadding=\"1\">\n<tbody>\n<tr style=\"height: 33px;\">\n<td style=\"height: 33px; width: 78.5px;\"><strong>CURSOS<\/strong><\/td>\n<td style=\"height: 33px; width: 142.5px;\"><strong>NIVELL<\/strong><\/td>\n<td style=\"height: 33px; width: 166.5px;\"><strong>EQUIVAL\u00c8NCIA MECR<\/strong><\/td>\n<\/tr>\n<tr style=\"height: 33px;\">\n<td style=\"height: 33px; width: 78.5px;\">1r<\/td>\n<td style=\"height: 66px; width: 142.5px;\" rowspan=\"2\">NIVELL B\u00c0SIC<\/td>\n<td style=\"height: 33px; width: 166.5px;\">A1<\/td>\n<\/tr>\n<tr style=\"height: 33px;\">\n<td style=\"height: 33px; width: 78.5px;\">2n<\/td>\n<td style=\"height: 33px; width: 166.5px;\">A2<\/td>\n<\/tr>\n<tr style=\"height: 33px;\">\n<td style=\"height: 33px; width: 78.5px;\">3r<\/td>\n<td style=\"height: 33px; width: 142.5px;\">NIVELL INTERMEDI<\/td>\n<td style=\"height: 33px; width: 166.5px;\">B1<\/td>\n<\/tr>\n<tr style=\"height: 33px;\">\n<td style=\"height: 33px; width: 78.5px;\">4t<\/td>\n<td style=\"height: 66px; width: 142.5px;\" rowspan=\"2\">NIVELL INTERMEDI<\/td>\n<td style=\"height: 66px; width: 166.5px;\" colspan=\"1\" rowspan=\"2\">B2<\/td>\n<\/tr>\n<tr style=\"height: 33px;\">\n<td style=\"height: 33px; width: 78.5px;\">5\u00e8<\/td>\n<\/tr>\n<tr style=\"height: 33px;\">\n<td style=\"height: 33px; width: 78.5px;\">C1 i C2<\/td>\n<td style=\"height: 33px; width: 142.5px;\">NIVELL AVAN\u00c7AT<\/td>\n<td style=\"height: 33px; width: 166.5px;\">C1 I C2<\/td>\n<\/tr>\n<tr style=\"height: 10px;\">\n<td style=\"height: 10px; width: 78.5px;\"><\/td>\n<td style=\"height: 10px; width: 142.5px;\"><\/td>\n<td style=\"height: 10px; width: 166.5px;\"><\/td>\n<\/tr>\n<\/tbody>\n<\/table>\n<p>Els nivells dels certificats d&#8217;escola oficial d&#8217;idiomes poden comparar-se als nivells descrits en els documents publicats pel Consell d&#8217;Europa, en especial el Marc Europeu Com\u00fa de Refer\u00e8ncia. Al final del Nivell Intermedi B1, Nivell Intermedi B2, Nivell Avan\u00e7at C1 i del Nivell Avan\u00e7at C2, els alumnes han de superar una prova de certificat, dissenyada des del Centre de Recursos de Lleng\u00fces Estrangeres del Departament d&#8217;Educaci\u00f3 de la Generalitat (\u00c0rea de Certificacions), amb uns criteris unificats per a tota Catalunya.<\/p>\n<p><strong>PLA D&#8217;ESTUDIS<\/strong><\/p>\n<p>El pla d&#8217;estudis de les EOI desenvolupa la finalitat dels ensenyaments d&#8217;idiomes que s&#8217;hi imparteixen, que \u00e9s la capacitat de l&#8217;alumnat en l&#8217;\u00fas efectiu de l&#8217;idioma com a vehicle de comunicaci\u00f3 general.<\/p>\n<p>Per assolir aquesta finalitat, a les EOI es treballa per tal que l&#8217;alumnat:<\/p>\n<ul>\n<li>Adquireixi les habilitats b\u00e0siques receptives i productives, tant del llenguatge oral com de l&#8217;escrit;<\/li>\n<li>Desenvolupi estrat\u00e8gies comunicatives en diferents \u00e0rees de comunicaci\u00f3;<\/li>\n<li>Desenvolupi estrat\u00e8gies per a l&#8217;aprenentatge aut\u00f2nom i continu de lleng\u00fces, que puguin facilitar l&#8217;\u00fas de l&#8217;idioma en l&#8217;exercici d&#8217;activitats professionals i en altres \u00e0mbits de la cultura o d&#8217;inter\u00e8s personal;<\/li>\n<li>Desenvolupi actituds positives envers la diversitat ling\u00fc\u00edstica i el pluralisme cultural del m\u00f3n actual.<\/li>\n<\/ul>\n<p><strong>CURSOS I GRUPS PER IDIOMA I NIVELL<\/strong><\/p>\n<table style=\"width: 61.3049%;\" width=\"639\" cellspacing=\"0\" cellpadding=\"4\">\n<tbody>\n<tr valign=\"top\">\n<td style=\"width: 9.63139%;\" width=\"88\"><\/td>\n<td style=\"width: 56.4829%;\" colspan=\"2\" width=\"89\">\n<p align=\"center\"><b>NIVELL B\u00c0SIC<\/b><\/p>\n<\/td>\n<td style=\"width: 11.5339%;\" width=\"97\">\n<p align=\"center\"><b>NIVELL INTERMEDI B1<\/b><\/p>\n<\/td>\n<td style=\"width: 21.403%;\" colspan=\"2\" width=\"113\">\n<p align=\"center\"><b>NIVELL INTERMEDI B2<\/b><\/p>\n<\/td>\n<td style=\"width: 42.4494%;\" colspan=\"4\" width=\"210\">\n<p align=\"center\"><b>NIVELL AVAN\u00c7AT<\/b><\/p>\n<\/td>\n<\/tr>\n<tr valign=\"top\">\n<td style=\"width: 9.63139%;\" width=\"88\">\n<p align=\"center\"><b>CURSOS<\/b><\/p>\n<\/td>\n<td style=\"width: 55.2995%;\" width=\"41\">\n<p align=\"center\"><b>A1<\/b><\/p>\n<\/td>\n<td style=\"width: 1.18343%;\" width=\"41\">\n<p align=\"center\"><b>A2<\/b><\/p>\n<\/td>\n<td style=\"width: 11.5339%;\" width=\"97\">\n<p align=\"center\"><b>B1<\/b><\/p>\n<\/td>\n<td style=\"width: 10.7015%;\" width=\"52\">\n<p align=\"center\"><b>B2.1<\/b><\/p>\n<\/td>\n<td style=\"width: 10.7015%;\" width=\"53\">\n<p align=\"center\"><b>B2.2<\/b><\/p>\n<\/td>\n<td style=\"width: 10.7015%;\" width=\"45\">\n<p align=\"center\"><b>C1<\/b><\/p>\n<\/td>\n<td style=\"width: 12.4683%;\" width=\"45\">\n<p align=\"center\"><b>C2.1<\/b><\/p>\n<\/td>\n<td style=\"width: 7.74572%;\" width=\"49\">\n<p align=\"center\"><b>C2.2<\/b><\/p>\n<\/td>\n<td style=\"width: 11.5339%;\" width=\"47\">\n<p align=\"center\"><b>C2<\/b><\/p>\n<\/td>\n<\/tr>\n<tr valign=\"top\">\n<td style=\"width: 9.63139%;\" width=\"88\">\n<p align=\"center\"><b>Idioma<\/b><\/p>\n<\/td>\n<td style=\"width: 131.869%;\" colspan=\"9\" width=\"533\">\n<p align=\"center\"><b>Grups per nivells<\/b><\/p>\n<\/td>\n<\/tr>\n<tr valign=\"top\">\n<td style=\"width: 9.63139%;\" width=\"88\">\n<p align=\"center\"><b>Alemany<\/b><\/p>\n<\/td>\n<td style=\"width: 55.2995%;\" width=\"41\">1<\/td>\n<td style=\"width: 1.18343%;\" width=\"41\">1<\/td>\n<td style=\"width: 11.5339%;\" width=\"97\">1<\/td>\n<td style=\"width: 10.7015%;\" width=\"52\"><\/td>\n<td style=\"width: 10.7015%;\" width=\"53\">1<\/td>\n<td style=\"width: 10.7015%;\" width=\"45\"><\/td>\n<td style=\"width: 12.4683%;\" width=\"45\"><\/td>\n<td style=\"width: 7.74572%;\" width=\"49\"><\/td>\n<td style=\"width: 11.5339%;\" width=\"47\"><\/td>\n<\/tr>\n<tr valign=\"top\">\n<td style=\"width: 9.63139%;\" width=\"88\">\n<p align=\"center\"><b>Angl\u00e8s<\/b><\/p>\n<\/td>\n<td style=\"width: 55.2995%;\" width=\"41\">3<\/td>\n<td style=\"width: 1.18343%;\" width=\"41\">2<\/td>\n<td style=\"width: 11.5339%;\" width=\"97\">2 (1 semi presencial)<\/td>\n<td style=\"width: 10.7015%;\" width=\"52\">2 (1 semi presencial)<\/td>\n<td style=\"width: 10.7015%;\" width=\"53\">2 (1 semi presencial)<\/td>\n<td style=\"width: 10.7015%;\" width=\"45\">2 (1 semi presencial)<\/td>\n<td style=\"width: 12.4683%;\" width=\"45\"><\/td>\n<td style=\"width: 7.74572%;\" width=\"49\">1 semi presencial<\/td>\n<td style=\"width: 11.5339%;\" width=\"47\"><\/td>\n<\/tr>\n<tr valign=\"top\">\n<td style=\"width: 9.63139%;\" width=\"88\">\n<p align=\"center\"><b>Catal\u00e0<\/b><\/p>\n<\/td>\n<td style=\"width: 55.2995%;\" width=\"41\">1<\/td>\n<td style=\"width: 1.18343%;\" width=\"41\">2<\/td>\n<td style=\"width: 11.5339%;\" width=\"97\">1<\/td>\n<td style=\"width: 10.7015%;\" width=\"52\"><\/td>\n<td style=\"width: 10.7015%;\" width=\"53\"><\/td>\n<td style=\"width: 10.7015%;\" width=\"45\">1 semi presencial<\/td>\n<td style=\"width: 12.4683%;\" width=\"45\"><\/td>\n<td style=\"width: 7.74572%;\" width=\"49\"><\/td>\n<td style=\"width: 11.5339%;\" width=\"47\">3 (semi presencials)<\/td>\n<\/tr>\n<tr valign=\"top\">\n<td style=\"width: 9.63139%;\" width=\"88\">\n<p align=\"center\"><b>Franc\u00e8s<\/b><\/p>\n<\/td>\n<td style=\"width: 55.2995%;\" width=\"41\">2<\/td>\n<td style=\"width: 1.18343%;\" width=\"41\">2 (1 semi presencial)<\/td>\n<td style=\"width: 11.5339%;\" width=\"97\">2 (1 semi presencial)<\/td>\n<td style=\"width: 10.7015%;\" width=\"52\">1<\/td>\n<td style=\"width: 10.7015%;\" width=\"53\">1<\/td>\n<td style=\"width: 10.7015%;\" width=\"45\"><\/td>\n<td style=\"width: 12.4683%;\" width=\"45\"><\/td>\n<td style=\"width: 7.74572%;\" width=\"49\"><\/td>\n<td style=\"width: 11.5339%;\" width=\"47\"><\/td>\n<\/tr>\n<\/tbody>\n<\/table>\n","protected":false},"excerpt":{"rendered":"<p>DURADA DEL CURS<br \/>\nL&#8217;EOI Figueres imparteix estudis d&#8217;alemany (fins a B2.2), angl\u00e8s (fins a C2.2), catal\u00e0 (fins a C2) i franc\u00e8s (fins a B2.2) en dues modalitats: extensiu (2 sessions per setmana) i semi-presencial (1 sessi\u00f3 presencial i 1 sessi\u00f3 en l\u00ednia as\u00edncrona).<br \/>\nLa matr\u00edcula oficial d\u00f3na&hellip;  <a href=\"https:\/\/agora-eoi.xtec.cat\/eoifigueres\/cursos-oficials\/\" title=\"Read Cursos Oficials\">Llegeix m\u00e9s\u00bb<\/a><\/p>\n","protected":false},"author":1,"featured_media":0,"parent":0,"menu_order":10,"comment_status":"closed","ping_status":"closed","template":"page-templates\/side-menu.php","meta":{"_bbp_topic_count":0,"_bbp_reply_count":0,"_bbp_total_topic_count":0,"_bbp_total_reply_count":0,"_bbp_voice_count":0,"_bbp_anonymous_reply_count":0,"_bbp_topic_count_hidden":0,"_bbp_reply_count_hidden":0,"_bbp_forum_subforum_count":0,"footnotes":""},"class_list":["post-8151","page","type-page","status-publish","hentry"],"post_mailing_queue_ids":[],"_links":{"self":[{"href":"https:\/\/agora-eoi.xtec.cat\/eoifigueres\/wp-json\/wp\/v2\/pages\/8151","targetHints":{"allow":["GET"]}}],"collection":[{"href":"https:\/\/agora-eoi.xtec.cat\/eoifigueres\/wp-json\/wp\/v2\/pages"}],"about":[{"href":"https:\/\/agora-eoi.xtec.cat\/eoifigueres\/wp-json\/wp\/v2\/types\/page"}],"author":[{"embeddable":true,"href":"https:\/\/agora-eoi.xtec.cat\/eoifigueres\/wp-json\/wp\/v2\/users\/1"}],"replies":[{"embeddable":true,"href":"https:\/\/agora-eoi.xtec.cat\/eoifigueres\/wp-json\/wp\/v2\/comments?post=8151"}],"version-history":[{"count":6,"href":"https:\/\/agora-eoi.xtec.cat\/eoifigueres\/wp-json\/wp\/v2\/pages\/8151\/revisions"}],"predecessor-version":[{"id":12109,"href":"https:\/\/agora-eoi.xtec.cat\/eoifigueres\/wp-json\/wp\/v2\/pages\/8151\/revisions\/12109"}],"wp:attachment":[{"href":"https:\/\/agora-eoi.xtec.cat\/eoifigueres\/wp-json\/wp\/v2\/media?parent=8151"}],"curies":[{"name":"wp","href":"https:\/\/api.w.org\/{rel}","templated":true}]}}