{"id":608,"date":"2015-11-27T10:04:51","date_gmt":"2015-11-27T09:04:51","guid":{"rendered":"https:\/\/agora-eoi.xtec.cat\/eoifigueres\/?page_id=608"},"modified":"2025-09-17T13:24:57","modified_gmt":"2025-09-17T11:24:57","slug":"horari-i-calendari","status":"publish","type":"page","link":"https:\/\/agora-eoi.xtec.cat\/eoifigueres\/horari-i-calendari\/","title":{"rendered":"Horari d&#8217;atenci\u00f3 al p\u00fablic"},"content":{"rendered":"<p><strong>Horari d&#8217;atenci\u00f3 al p\u00fablic:\u00a0<\/strong><\/p>\n<ul>\n<li>Mes de\u00a0<strong>setembre\u00a0<\/strong>durant el per\u00ed\u00adode de preinscripci\u00f3 i matr\u00ed\u00adcula: de dilluns a divendres de 9h a 14h<\/li>\n<li>Des de <strong>l&#8217;inici de les classes<\/strong> (<strong>22 de setembre <\/strong>(grups dilluns-dimecres) <strong>\/ 23 de setembre <\/strong>(grups dimarts-dijous)) fins al <strong>15\u00a0de<\/strong> <strong>juny<\/strong>: de dilluns a dijous de 14h a 20h \/ Divendres de 9h a 14h.<\/li>\n<li>Des del <strong>16 de juny<\/strong>\u00a0i durant el mes de\u00a0<strong>juliol<\/strong>: cada dia de 9h a 14h.<\/li>\n<li>Durant el mes d&#8217;agost l&#8217;escola est\u00e0 tancada.<\/li>\n<\/ul>\n<p><strong>Horari de les classes<\/strong><\/p>\n<ul>\n<li><a href=\"https:\/\/docs.google.com\/document\/d\/1SskCmWFZdGpIwOp8alshamyRDWrCQ-85EjIUXKuelWI\/edit?usp=sharing\" target=\"_blank\" rel=\"noopener\">Dilluns-Dimecres<\/a><\/li>\n<li><a href=\"https:\/\/docs.google.com\/document\/d\/1bcyM9D0zc2ibHGO4AQORnJPI0bwfb3UAWP7DcW0Y1jg\/edit?usp=sharing\" target=\"_blank\" rel=\"noopener\">Dimarts-Dijous<\/a><\/li>\n<\/ul>\n<p><strong style=\"font-family: inherit; font-size: 1em;\">Horari de la biblioteca\u00a0 <\/strong><\/p>\n<ul>\n<li>Per consultar l&#8217;horari de la <strong style=\"font-family: inherit; font-size: 1em;\">Biblioteca<\/strong><span style=\"font-family: inherit; font-size: 1em;\">, aneu <\/span><a href=\"https:\/\/agora-eoi.xtec.cat\/eoifigueres\/biblioteca-2\/\">aqu\u00ed<\/a><span style=\"font-family: inherit; font-size: 1em;\">.<\/span><\/li>\n<\/ul>\n<div class=\"col-md-12 content\">\n<p><b>CALENDARI ESCOLAR CURS 2025-2026<\/b><\/p>\n<p><a href=\"https:\/\/agora-eoi.xtec.cat\/eoifigueres\/wp-content\/uploads\/usu2258\/2025\/09\/Calendari-escolar-25263.jpg\"><img loading=\"lazy\" decoding=\"async\" class=\"alignleft size-full wp-image-12213\" src=\"https:\/\/agora-eoi.xtec.cat\/eoifigueres\/wp-content\/uploads\/usu2258\/2025\/09\/Calendari-escolar-25263.jpg\" alt=\"\" width=\"1414\" height=\"2000\" srcset=\"https:\/\/agora-eoi.xtec.cat\/eoifigueres\/wp-content\/uploads\/usu2258\/2025\/09\/Calendari-escolar-25263.jpg 1414w, https:\/\/agora-eoi.xtec.cat\/eoifigueres\/wp-content\/uploads\/usu2258\/2025\/09\/Calendari-escolar-25263-212x300.jpg 212w, https:\/\/agora-eoi.xtec.cat\/eoifigueres\/wp-content\/uploads\/usu2258\/2025\/09\/Calendari-escolar-25263-724x1024.jpg 724w, https:\/\/agora-eoi.xtec.cat\/eoifigueres\/wp-content\/uploads\/usu2258\/2025\/09\/Calendari-escolar-25263-768x1086.jpg 768w, https:\/\/agora-eoi.xtec.cat\/eoifigueres\/wp-content\/uploads\/usu2258\/2025\/09\/Calendari-escolar-25263-1086x1536.jpg 1086w\" sizes=\"auto, (max-width: 1414px) 100vw, 1414px\" \/><\/a><\/p>\n<\/div>\n","protected":false},"excerpt":{"rendered":"<p>Horari d&#8217;atenci\u00f3 al p\u00fablic:\u00a0<\/p>\n<ul>\n<li>Mes de\u00a0setembre\u00a0durant el per\u00ed\u00adode de preinscripci\u00f3 i matr\u00ed\u00adcula: de dilluns a divendres de 9h a 14h<\/li>\n<li>Des de l&#8217;inici de les classes (22 de setembre (grups dilluns-dimecres) \/ 23 de setembre (grups dimarts-dijous)) fins al 15\u00a0de juny: de dilluns a dijous de 14h&hellip;  <a href=\"https:\/\/agora-eoi.xtec.cat\/eoifigueres\/horari-i-calendari\/\" title=\"Read Horari d&#8217;atenci\u00f3 al p\u00fablic\">Llegeix m\u00e9s\u00bb<\/a><br \/>\n","protected":false},"author":1,"featured_media":0,"parent":0,"menu_order":20,"comment_status":"closed","ping_status":"closed","template":"page-templates\/side-menu.php","meta":{"_bbp_topic_count":0,"_bbp_reply_count":0,"_bbp_total_topic_count":0,"_bbp_total_reply_count":0,"_bbp_voice_count":0,"_bbp_anonymous_reply_count":0,"_bbp_topic_count_hidden":0,"_bbp_reply_count_hidden":0,"_bbp_forum_subforum_count":0,"footnotes":""},"class_list":["post-608","page","type-page","status-publish","hentry"],"post_mailing_queue_ids":[],"_links":{"self":[{"href":"https:\/\/agora-eoi.xtec.cat\/eoifigueres\/wp-json\/wp\/v2\/pages\/608","targetHints":{"allow":["GET"]}}],"collection":[{"href":"https:\/\/agora-eoi.xtec.cat\/eoifigueres\/wp-json\/wp\/v2\/pages"}],"about":[{"href":"https:\/\/agora-eoi.xtec.cat\/eoifigueres\/wp-json\/wp\/v2\/types\/page"}],"author":[{"embeddable":true,"href":"https:\/\/agora-eoi.xtec.cat\/eoifigueres\/wp-json\/wp\/v2\/users\/1"}],"replies":[{"embeddable":true,"href":"https:\/\/agora-eoi.xtec.cat\/eoifigueres\/wp-json\/wp\/v2\/comments?post=608"}],"version-history":[{"count":6,"href":"https:\/\/agora-eoi.xtec.cat\/eoifigueres\/wp-json\/wp\/v2\/pages\/608\/revisions"}],"predecessor-version":[{"id":10079,"href":"https:\/\/agora-eoi.xtec.cat\/eoifigueres\/wp-json\/wp\/v2\/pages\/608\/revisions\/10079"}],"wp:attachment":[{"href":"https:\/\/agora-eoi.xtec.cat\/eoifigueres\/wp-json\/wp\/v2\/media?parent=608"}],"curies":[{"name":"wp","href":"https:\/\/api.w.org\/{rel}","templated":true}]}}