{"id":11986,"date":"2025-03-07T09:35:16","date_gmt":"2025-03-07T08:35:16","guid":{"rendered":"https:\/\/agora-eoi.xtec.cat\/eoifigueres\/?page_id=11986"},"modified":"2025-03-07T09:40:08","modified_gmt":"2025-03-07T08:40:08","slug":"convalidacions","status":"publish","type":"page","link":"https:\/\/agora-eoi.xtec.cat\/eoifigueres\/convalidacions\/","title":{"rendered":"Convalidacions batxillerat"},"content":{"rendered":"<h4 id=\"m_6855326028858128642m_-4833029284284077958gmail-h22\">Convalidacions de mat\u00e8ries del batxillerat per a alumnes que cursen lleng\u00fces estrangeres simult\u00e0niament en una EOI<strong>\u00a0<\/strong><\/h4>\n<p>Els i les alumnes que cursen el batxillerat i, al mateix temps, una segona llengua estrangera en una escola oficial d&#8217;idiomes (EOI) poden sol\u00b7licitar la convalidaci\u00f3 de mat\u00e8ries optatives (6 hores setmanals a primer i 4 hores setmanals a segon).<\/p>\n<p>En el cas dels alumnes de primer de batxillerat, la convalidaci\u00f3 de 6 hores de mat\u00e8ries de la franja d\u2019optatives pot ser de qualsevol de les tres franges optatives i tindr\u00e0 car\u00e0cter anual.<\/p>\n<p>Per poder sol\u00b7licitar el reconeixement esmentat cal complir alguna de les condicions seg\u00fcents:<\/p>\n<ul>\n<li>Es cursa a l&#8217;EOI amb el nivell B2 o superior una segona llengua estrangera que ofereix el centre.<\/li>\n<li>Es cursa a l&#8217;EOI una llengua estrangera que no ofereix el centre.<\/li>\n<\/ul>\n<p><strong>Documentaci\u00f3 que presenta l&#8217;alumne\/a<\/strong><\/p>\n<ul>\n<li><a title=\"Descarregueu el document\" href=\"https:\/\/documents.espai.educacio.gencat.cat\/FormularisModels\/CentresGestioAcademica\/A1298.pdf\" target=\"_blank\" rel=\"noopener\" data-saferedirecturl=\"https:\/\/www.google.com\/url?q=https:\/\/documents.espai.educacio.gencat.cat\/FormularisModels\/CentresGestioAcademica\/A1298.pdf&amp;source=gmail&amp;ust=1741422145184000&amp;usg=AOvVaw2M2Yg-mrRX2Bt21kOWrj97\"><img decoding=\"async\" class=\"CToWUd\" src=\"https:\/\/ci3.googleusercontent.com\/meips\/ADKq_NaBSZiufcAOEHbIMOsXTwJSFGJOfAvYaHdJpjpnlV4wrU4WxSQaEnP_36yNEm3vB9Cbhzh8arkK4kJzHERQcTN5vj6p1lDGR8rAvSJDt6X9-w=s0-d-e1-ft#https:\/\/espai.educacio.gencat.cat\/_layouts\/images\/icpdf.png\" alt=\"\" data-bit=\"iit\" \/>Sol\u00b7licitud de convalidaci\u00f3 de mat\u00e8ries de la franja d&#8217;optatives de batxillerat basant-se en estudis cursats a l\u2019EOI\u00a0(CEO1)<\/a><\/li>\n<li><a title=\"Descarregueu el document\" href=\"https:\/\/documents.espai.educacio.gencat.cat\/FormularisModels\/CentresGestioAcademica\/A1299.pdf\" target=\"_blank\" rel=\"noopener\" data-saferedirecturl=\"https:\/\/www.google.com\/url?q=https:\/\/documents.espai.educacio.gencat.cat\/FormularisModels\/CentresGestioAcademica\/A1299.pdf&amp;source=gmail&amp;ust=1741422145184000&amp;usg=AOvVaw3A3IUBMKQotpWQnlAd81WJ\"><img decoding=\"async\" class=\"CToWUd\" src=\"https:\/\/ci3.googleusercontent.com\/meips\/ADKq_NaBSZiufcAOEHbIMOsXTwJSFGJOfAvYaHdJpjpnlV4wrU4WxSQaEnP_36yNEm3vB9Cbhzh8arkK4kJzHERQcTN5vj6p1lDGR8rAvSJDt6X9-w=s0-d-e1-ft#https:\/\/espai.educacio.gencat.cat\/_layouts\/images\/icpdf.png\" alt=\"\" data-bit=\"iit\" \/>Certificat expedit per l\u2019EOI en qu\u00e8\u00a0s&#8217;acredita el curs de la segona llengua estrangera que\u00a0 cursa\u00a0 l\u2019alumne\/a\u00a0(CEO2)<\/a><\/li>\n<\/ul>\n<div>\n<p><strong>Proc\u00e9s de convalidaci\u00f3<\/strong><\/p>\n<p>Abans del darrer dia lectiu del mes d\u2019octubre, l\u2019alumne\/a presenta al centre on cursa el batxillerat,\u00a0 la Sol\u00b7licitud i el\u00a0Certificat.<\/p>\n<p>El director o directora del centre resol la sol\u00b7licitud seguint el model de la\u00a0<a title=\"Descarregueu el document\" href=\"https:\/\/documents.espai.educacio.gencat.cat\/FormularisModels\/CentresGestioAcademica\/A1297.pdf\" target=\"_blank\" rel=\"noopener\" data-saferedirecturl=\"https:\/\/www.google.com\/url?q=https:\/\/documents.espai.educacio.gencat.cat\/FormularisModels\/CentresGestioAcademica\/A1297.pdf&amp;source=gmail&amp;ust=1741422145184000&amp;usg=AOvVaw1cxrVCIQJv9aCH6wZztR2t\">Resoluci\u00f3 per la qual es concedeix la convalidaci\u00f3 de mat\u00e8ries optatives de batxillerat basant-se en estudis de cursats en l\u2019EOI\u00a0(CEO3)<\/a>.<\/p>\n<p>El centre notifica per escrit la resoluci\u00f3 a l\u2019alumne\/a. En cas de disconformitat, s&#8217;hi pot presentar un recurs davant el director o directora dels serveis territorials o, a la ciutat de Barcelona, davant el o la gerent del Consorci d&#8217;Educaci\u00f3 en el termini de cinc dies h\u00e0bils a partir de l&#8217;endem\u00e0 de la notificaci\u00f3 de la resoluci\u00f3.<\/p>\n<p>Abans de l\u20191 de desembre del curs escolar corresponent, el centre de batxillerat envia, per valisa electr\u00f2nica, un exemplar de la resoluci\u00f3 a l\u2019EOI, per tal que l\u2019EOI tingui coneixement de la situaci\u00f3 de l\u2019alumne\/a. Si es tracta d\u2019un centre privat, que no disposa d\u2019eValisa, la informaci\u00f3 s\u2019ha d\u2019enviar per petici\u00f3 gen\u00e8rica o com es consideri oport\u00fa.<\/p>\n<p>La convalidaci\u00f3 est\u00e0 condicionada a la valoraci\u00f3 favorable del seguiment de l&#8217;alumne o\u00a0 alumna i l\u2019aprofitament del curs a l&#8217;EOI, que cal documentar amb el\u00a0<a href=\"https:\/\/documents.espai.educacio.gencat.cat\/FormularisModels\/CentresGestioAcademica\/A1301.pdf\" target=\"_blank\" rel=\"noopener\" data-saferedirecturl=\"https:\/\/www.google.com\/url?q=https:\/\/documents.espai.educacio.gencat.cat\/FormularisModels\/CentresGestioAcademica\/A1301.pdf&amp;source=gmail&amp;ust=1741422145184000&amp;usg=AOvVaw2ztcZs5OEn_w5mrx0Onp_J\">Certificat d\u2019aprofitament del nivell assolit expedit per la secretaria de l&#8217;EOI\u00a0(CEO4)<\/a>.<\/p>\n<p>Durant la primera quinzena del mes de maig, l\u2019EOI ha de comunicar el resultat de l\u2019avaluaci\u00f3 al centre on l\u2019alumne o alumna estudia batxillerat, en qu\u00e8 es faci constar la menci\u00f3 \u201ccursat amb aprofitament\u201d o \u201ccursat sense aprofitament\u201d. L\u2019EOI ha d\u2019enviar aquesta informaci\u00f3 per valisa electr\u00f2nica. Si es tracta d\u2019un centre privat, que no disposa d\u2019eValisa, la informaci\u00f3 s\u2019ha d\u2019enviar per petici\u00f3 gen\u00e8rica o com es consideri oport\u00fa.<\/p>\n<\/div>\n","protected":false},"excerpt":{"rendered":"<p>Convalidacions de mat\u00e8ries del batxillerat per a alumnes que cursen lleng\u00fces estrangeres simult\u00e0niament en una EOI\u00a0<br \/>\nEls i les alumnes que cursen el batxillerat i, al mateix temps, una segona llengua estrangera en una escola oficial d&#8217;idiomes (EOI) poden sol\u00b7licitar la convalidaci\u00f3 de mat\u00e8ries optatives (6&hellip;  <a href=\"https:\/\/agora-eoi.xtec.cat\/eoifigueres\/convalidacions\/\" title=\"Read Convalidacions batxillerat\">Llegeix m\u00e9s\u00bb<\/a><\/p>\n","protected":false},"author":1,"featured_media":0,"parent":0,"menu_order":0,"comment_status":"closed","ping_status":"closed","template":"","meta":{"_bbp_topic_count":0,"_bbp_reply_count":0,"_bbp_total_topic_count":0,"_bbp_total_reply_count":0,"_bbp_voice_count":0,"_bbp_anonymous_reply_count":0,"_bbp_topic_count_hidden":0,"_bbp_reply_count_hidden":0,"_bbp_forum_subforum_count":0,"footnotes":""},"class_list":["post-11986","page","type-page","status-publish","hentry"],"post_mailing_queue_ids":[],"_links":{"self":[{"href":"https:\/\/agora-eoi.xtec.cat\/eoifigueres\/wp-json\/wp\/v2\/pages\/11986","targetHints":{"allow":["GET"]}}],"collection":[{"href":"https:\/\/agora-eoi.xtec.cat\/eoifigueres\/wp-json\/wp\/v2\/pages"}],"about":[{"href":"https:\/\/agora-eoi.xtec.cat\/eoifigueres\/wp-json\/wp\/v2\/types\/page"}],"author":[{"embeddable":true,"href":"https:\/\/agora-eoi.xtec.cat\/eoifigueres\/wp-json\/wp\/v2\/users\/1"}],"replies":[{"embeddable":true,"href":"https:\/\/agora-eoi.xtec.cat\/eoifigueres\/wp-json\/wp\/v2\/comments?post=11986"}],"version-history":[{"count":2,"href":"https:\/\/agora-eoi.xtec.cat\/eoifigueres\/wp-json\/wp\/v2\/pages\/11986\/revisions"}],"predecessor-version":[{"id":11989,"href":"https:\/\/agora-eoi.xtec.cat\/eoifigueres\/wp-json\/wp\/v2\/pages\/11986\/revisions\/11989"}],"wp:attachment":[{"href":"https:\/\/agora-eoi.xtec.cat\/eoifigueres\/wp-json\/wp\/v2\/media?parent=11986"}],"curies":[{"name":"wp","href":"https:\/\/api.w.org\/{rel}","templated":true}]}}