{"id":11520,"date":"2024-03-07T15:13:06","date_gmt":"2024-03-07T14:13:06","guid":{"rendered":"https:\/\/agora-eoi.xtec.cat\/eoifigueres\/?page_id=11520"},"modified":"2024-03-08T09:25:04","modified_gmt":"2024-03-08T08:25:04","slug":"convocatoria-addicional","status":"publish","type":"page","link":"https:\/\/agora-eoi.xtec.cat\/eoifigueres\/convocatoria-addicional\/","title":{"rendered":"Trasllat de matr\u00edcula i Convocat\u00f2ria addicional"},"content":{"rendered":"<p style=\"text-align: justify;\"><strong><span style=\"color: #008080;\">Trasllat de matr\u00edcula<\/span><\/strong><\/p>\n<p style=\"text-align: justify;\">Si despr\u00e9s de formalitzar la matr\u00edcula en un centre, un alumne\/a demana poder continuar el curs acad\u00e8mic en un altre centre, el trasllat s&#8217;anomena &#8220;trasllat de matr\u00edcula viva&#8221;, s&#8217;ha de fer arribar presencialment la <a href=\"https:\/\/drive.google.com\/file\/d\/1UnOYc6jNjt_VabZH6M0wNuWfR--4l72p\/view\" target=\"_blank\" rel=\"noopener\"><strong>Sol\u00b7licitud<\/strong><\/a> \u00a0a la Secretaria del centre o per correu electr\u00f2nic.<\/p>\n<p style=\"text-align: justify;\">El <strong>termini<\/strong> per fer trasllats de matr\u00edcula viva finalitza el darrer dia h\u00e0bil del mes d&#8217;abril.<\/p>\n<p style=\"text-align: justify;\"><strong><span style=\"color: #008080;\">Trasllat de l&#8217;alumne\/a en per\u00edode no lectiu (mes de juliol)<\/span><\/strong><\/p>\n<p style=\"text-align: justify;\">L&#8217;alumnat oficial, un cop formalitzada la matr\u00edcula al centre d&#8217;origen, pot sol\u00b7licitar un trasllat de matr\u00edcula a una altra escola, durant els tres dies h\u00e0bils posteriors a la finalitzaci\u00f3 del per\u00edode de matr\u00edcula de l&#8217;alumnat de continu\u00eftat.<\/p>\n<p style=\"text-align: justify;\">La <a href=\"https:\/\/drive.google.com\/file\/d\/1UnOYc6jNjt_VabZH6M0wNuWfR--4l72p\/view\" target=\"_blank\" rel=\"noopener\"><strong>sol\u00b7licitud<\/strong><\/a> de trasllat de matr\u00edcula es fa <strong>presencialment<\/strong> a l&#8217;escola de destinaci\u00f3, i queda condicionada a la disponibilitat de places.<\/p>\n<p style=\"text-align: justify;\">Documentaci\u00f3 que cal aportar en tots els trasllats:<\/p>\n<ul style=\"text-align: justify;\">\n<li style=\"text-align: justify;\">Resguard definitiu de la matr\u00edcula de l&#8217;EOI d&#8217;origen.<\/li>\n<\/ul>\n<p style=\"text-align: justify;\">En cas de trasllat a una altra comunitat aut\u00f2noma, l&#8217;alumne\/a pot sol\u00b7licitar el retorn de taxes o preus p\u00fablics abans del darrer dia h\u00e0bil de novembre.<\/p>\n<p style=\"text-align: justify;\"><strong><span style=\"color: #008080;\">Convocat\u00f2ria addicional<\/span><\/strong><\/p>\n<p style=\"text-align: justify;\">En casos excepcionals, que ha de valorar la direcci\u00f3 de l&#8217;escola i sempre que no representi fer el mateix curs per quarta vegada, el director pot autoritzar la repetici\u00f3 o perman\u00e8ncia d&#8217;un curs m\u00e9s en r\u00e8gim oficial presencial a l&#8217;alumnat que ho sol\u00b7liciti, quan ja hagi superat el nombre m\u00e0xim de cursos de perman\u00e8ncia autoritzats amb car\u00e0cter general per al nivell corresponent.<\/p>\n<p style=\"text-align: justify;\">Es pot concedir una \u00fanica convocat\u00f2ria addicional per nivell, pr\u00e8via presentaci\u00f3 de la <strong><a href=\"https:\/\/docs.google.com\/document\/d\/1C6xTeX-3BfD0SS1LkHzB8O3Usy7u-WdkqNxM3cMC-e8\/edit\" target=\"_blank\" rel=\"noopener\">Sol\u00b7licitud de convocat\u00f2ria addicional<\/a> <\/strong>a la Secretaria de l&#8217;escola.<\/p>\n<p style=\"text-align: justify;\">\n","protected":false},"excerpt":{"rendered":"<p>Trasllat de matr\u00edcula<br \/>\nSi despr\u00e9s de formalitzar la matr\u00edcula en un centre, un alumne\/a demana poder continuar el curs acad\u00e8mic en un altre centre, el trasllat s&#8217;anomena &#8220;trasllat de matr\u00edcula viva&#8221;, s&#8217;ha de fer arribar presencialment la <a href=\"https:\/\/drive.google.com\/file\/d\/1UnOYc6jNjt_VabZH6M0wNuWfR--4l72p\/view\" target=\"_blank\" rel=\"noopener\">Sol\u00b7licitud<\/a> \u00a0a la Secretaria del centre&hellip;  <a href=\"https:\/\/agora-eoi.xtec.cat\/eoifigueres\/convocatoria-addicional\/\" title=\"Read Trasllat de matr\u00edcula i Convocat\u00f2ria addicional\">Llegeix m\u00e9s\u00bb<\/a><\/p>\n","protected":false},"author":1,"featured_media":0,"parent":0,"menu_order":0,"comment_status":"closed","ping_status":"closed","template":"","meta":{"_bbp_topic_count":0,"_bbp_reply_count":0,"_bbp_total_topic_count":0,"_bbp_total_reply_count":0,"_bbp_voice_count":0,"_bbp_anonymous_reply_count":0,"_bbp_topic_count_hidden":0,"_bbp_reply_count_hidden":0,"_bbp_forum_subforum_count":0,"footnotes":""},"class_list":["post-11520","page","type-page","status-publish","hentry"],"post_mailing_queue_ids":[],"_links":{"self":[{"href":"https:\/\/agora-eoi.xtec.cat\/eoifigueres\/wp-json\/wp\/v2\/pages\/11520","targetHints":{"allow":["GET"]}}],"collection":[{"href":"https:\/\/agora-eoi.xtec.cat\/eoifigueres\/wp-json\/wp\/v2\/pages"}],"about":[{"href":"https:\/\/agora-eoi.xtec.cat\/eoifigueres\/wp-json\/wp\/v2\/types\/page"}],"author":[{"embeddable":true,"href":"https:\/\/agora-eoi.xtec.cat\/eoifigueres\/wp-json\/wp\/v2\/users\/1"}],"replies":[{"embeddable":true,"href":"https:\/\/agora-eoi.xtec.cat\/eoifigueres\/wp-json\/wp\/v2\/comments?post=11520"}],"version-history":[{"count":7,"href":"https:\/\/agora-eoi.xtec.cat\/eoifigueres\/wp-json\/wp\/v2\/pages\/11520\/revisions"}],"predecessor-version":[{"id":11534,"href":"https:\/\/agora-eoi.xtec.cat\/eoifigueres\/wp-json\/wp\/v2\/pages\/11520\/revisions\/11534"}],"wp:attachment":[{"href":"https:\/\/agora-eoi.xtec.cat\/eoifigueres\/wp-json\/wp\/v2\/media?parent=11520"}],"curies":[{"name":"wp","href":"https:\/\/api.w.org\/{rel}","templated":true}]}}