{"id":11476,"date":"2024-03-06T14:48:48","date_gmt":"2024-03-06T13:48:48","guid":{"rendered":"https:\/\/agora-eoi.xtec.cat\/eoifigueres\/?page_id=11476"},"modified":"2024-12-16T18:44:34","modified_gmt":"2024-12-16T17:44:34","slug":"renuncies-i-devolucions","status":"publish","type":"page","link":"https:\/\/agora-eoi.xtec.cat\/eoifigueres\/renuncies-i-devolucions\/","title":{"rendered":"Ren\u00fancies i devolucions"},"content":{"rendered":"<p style=\"text-align: justify;\"><span style=\"color: #008080;\"><b>Ren\u00fancies i\/o devoluci\u00f3 de taxes o de preu p\u00fablic per a alumnat oficial i alumnat lliure<\/b><\/span><\/p>\n<p style=\"text-align: justify;\"><span style=\"font-weight: 400; color: #000000;\">Hi ha diferents tipus de ren\u00fancies:<\/span><\/p>\n<p style=\"text-align: justify;\"><b><\/b><b><\/b><span style=\"text-decoration: underline;\"><span style=\"color: #008080;\"><b>1. Ren\u00fancia al curs actual en el qual s&#8217;est\u00e0 matriculat\/da, amb petici\u00f3 de retorn de devoluci\u00f3 de taxes o de preu p\u00fablic.<\/b><\/span><\/span><\/p>\n<p style=\"text-align: justify;\"><span style=\"font-weight: 400; color: #000000;\">Les taxes o els preus p\u00fablics de la matr\u00edcula a les EOI nom\u00e9s es poden retornar en els sup\u00f2sits que s\u2019indiquen a continuaci\u00f3 i en els terminis que estableix el Departament d&#8217;Educaci\u00f3:<\/span><\/p>\n<p style=\"text-align: justify;\"><span style=\"color: #008080;\"><b>Alumnat oficial:<\/b><\/span><\/p>\n<ul style=\"text-align: justify;\">\n<li style=\"font-weight: 400;\" aria-level=\"1\"><span style=\"color: #000000;\"><span style=\"font-weight: 400;\">Ren\u00fancia a la matr\u00edcula de cursos extensius (de setembre a maig\/juny) fins al <strong>10 d\u2019octubre<\/strong>. S&#8217;ent\u00e9n que el termini finalitza el dia <\/span> <span style=\"font-weight: 400;\">h\u00e0bil posterior si aquest dia indicat \u00e9s festiu.<\/span><\/span><\/li>\n<li style=\"font-weight: 400;\" aria-level=\"1\"><span style=\"color: #000000;\"><span style=\"font-weight: 400;\">En cas de <\/span> <span style=\"font-weight: 400;\">trasllat a una altra comunitat aut\u00f2noma, l\u2019alumnat pot sol\u00b7licitar el retorn de taxes o preus p\u00fablics abans del darrer dia h\u00e0bil de novembre.<\/span><\/span><\/li>\n<li aria-level=\"1\">Pagaments duplicats o per un import superior.<\/li>\n<li aria-level=\"1\">No aplicaci\u00f3 de bonificacions o exempcions a les quals l\u2019alumnat t\u00e9 dret en el moment de la matr\u00edcula, per l\u2019import corresponent.<\/li>\n<\/ul>\n<p style=\"text-align: justify;\"><span style=\"color: #008080;\"><b>Alumnat lliure:<\/b><\/span><\/p>\n<ul style=\"text-align: justify;\">\n<li style=\"font-weight: 400;\" aria-level=\"1\"><span style=\"color: #000000;\"><span style=\"font-weight: 400;\">Ren\u00fancia a la inscripci\u00f3 a les proves lliures per a l\u2019obtenci\u00f3 del certificat de nivell intermedi B1, del certificat de nivell <\/span> <span style=\"font-weight: 400;\">intermedi B2, del certificat de nivell avan\u00e7at C1 o del certificat de nivell avan\u00e7at C2, quan la ren\u00fancia i la sol\u00b7licitud de retorn de taxes o de preus p\u00fablics es produeixen abans de la data de publicaci\u00f3 de les llistes definitives d\u2019admesos.<\/span><\/span><\/li>\n<li aria-level=\"1\">Pagaments duplicats o per un import superior.<\/li>\n<li aria-level=\"1\">No aplicaci\u00f3 de bonificacions o exempcions a les quals l\u2019alumnat t\u00e9 dret en el moment de la matr\u00edcula, per l\u2019import corresponent.<\/li>\n<\/ul>\n<p><span style=\"color: #008080;\"><b>Modalitat de presentaci\u00f3 telem\u00e0tica:<\/b><\/span><\/p>\n<p>Accedir a la p\u00e0gina web del <a href=\"https:\/\/educacio.gencat.cat\/ca\/tramits\/tramits-temes\/devolucio-ingressos-indeguts\" target=\"_blank\" rel=\"noopener\">Departament d&#8217;Educaci\u00f3.<\/a><\/p>\n<p>Documentaci\u00f3 que cal adjuntar:<\/p>\n<ul>\n<li aria-level=\"1\">C\u00f2pia del resguard de matr\u00edcula.<\/li>\n<li aria-level=\"1\">C\u00f2pia del resguard del pagament.<\/li>\n<\/ul>\n<p style=\"text-align: justify;\"><span style=\"color: #008080;\"><b>Modalitat de presentaci\u00f3 presencial:<\/b><\/span><\/p>\n<p style=\"text-align: justify;\"><span style=\"color: #000000;\"><span style=\"font-weight: 400;\">La sol\u00b7licitud de devoluci\u00f3 de taxes i preus p\u00fablics s&#8217;ha de presentar amb el formulari oficial de<\/span> <a href=\"https:\/\/drive.google.com\/file\/d\/1F10InX6fZ-NgyvR_J6tSnAXm_eaxUb7z\/view?usp=sharing\" target=\"_blank\" rel=\"noopener\"><span style=\"font-weight: 400;\">Petici\u00f3 devoluci\u00f3 amb ren\u00fancia a matr\u00edcula<\/span><\/a><\/span><\/p>\n<p style=\"text-align: justify;\"><span style=\"font-weight: 400; color: #000000;\">Documentaci\u00f3 que cal presentar:<\/span><\/p>\n<ul style=\"text-align: justify;\">\n<li style=\"font-weight: 400;\" aria-level=\"1\"><span style=\"font-weight: 400; color: #000000;\">Presentaci\u00f3 DNI o NIE i\/o passaport.<\/span><\/li>\n<li style=\"font-weight: 400;\" aria-level=\"1\"><span style=\"font-weight: 400; color: #000000;\">Impr\u00e8s de Sol\u00b7licitud de devoluci\u00f3 de taxes signada per l&#8217;alumne\/a.<\/span><\/li>\n<li style=\"font-weight: 400;\" aria-level=\"1\"><span style=\"font-weight: 400; color: #000000;\">C\u00f2pia del resguard de matr\u00edcula.<\/span><\/li>\n<li style=\"font-weight: 400;\" aria-level=\"1\"><span style=\"color: #000000;\"><span style=\"font-weight: 400;\">C\u00f2pia del resguard del pagament. <\/span><span style=\"font-weight: 400;\">\u00a0<\/span><\/span><\/li>\n<\/ul>\n<p style=\"text-align: justify;\"><span style=\"text-decoration: underline;\"><span style=\"font-weight: 400; color: #008080;\"><span style=\"color: #008080;\"><strong>2. Retorn d&#8217;ingressos indeguts<\/strong> <\/span><\/span><\/span><\/p>\n<p>Aquesta modalitat contempla la devoluci\u00f3 dels descomptes i bonificacions no aplicats en el moment de formalitzar la matr\u00edcula.<\/p>\n<p><span style=\"color: #008080;\"><b>Modalitat de presentaci\u00f3 telem\u00e0tica:<\/b><\/span><\/p>\n<p>Accedir a la p\u00e0gina web del <a href=\"https:\/\/educacio.gencat.cat\/ca\/tramits\/tramits-temes\/devolucio-ingressos-indeguts\" target=\"_blank\" rel=\"noopener\">Departament d&#8217;Educaci\u00f3.<\/a><\/p>\n<p>Documentaci\u00f3 que cal adjuntar:<\/p>\n<ul>\n<li aria-level=\"1\">C\u00f2pia del resguard de matr\u00edcula.<\/li>\n<li aria-level=\"1\">C\u00f2pia del resguard del pagament.<\/li>\n<\/ul>\n<p><span style=\"color: #008080;\"><b>Modalitat de presentaci\u00f3 presencial:<\/b><\/span><\/p>\n<p>La sol\u00b7licitud de devoluci\u00f3 de taxes i preus p\u00fablics s&#8217;ha de presentar amb el formulari oficial de <a href=\"https:\/\/documents.espai.educacio.gencat.cat\/FormularisModels\/GestioEconomica\/A677.pdf\" target=\"_blank\" rel=\"noopener\">Petici\u00f3 devoluci\u00f3<\/a><\/p>\n<p>Documentaci\u00f3 que cal presentar:<\/p>\n<ul>\n<li aria-level=\"1\">Presentaci\u00f3 DNI o NIE i\/o passaport.<\/li>\n<li aria-level=\"1\">Impr\u00e8s de Sol\u00b7licitud de devoluci\u00f3 de taxes signada per l&#8217;alumne\/a.<\/li>\n<li aria-level=\"1\">C\u00f2pia del resguard de matr\u00edcula.<\/li>\n<li aria-level=\"1\">C\u00f2pia del resguard del pagament.<\/li>\n<li>Si escau, la documentaci\u00f3 necess\u00e0ria per acreditar el dret a la bonificaci\u00f3 o exempci\u00f3 de la taxa o el preu p\u00fablic.<\/li>\n<\/ul>\n<p style=\"text-align: justify;\"><span style=\"text-decoration: underline;\"><span style=\"font-weight: 400; color: #008080;\"><span style=\"color: #008080;\"><strong>3. Alumnat oficial: ren\u00fancia al curs actual en el qual s&#8217;est\u00e0 matriculat\/da (no suposa devoluci\u00f3 import matr\u00edcula)<\/strong><\/span><\/span><\/span><\/p>\n<p style=\"text-align: justify;\"><span style=\"color: #000000;\"><span style=\"font-weight: 400;\">L&#8217;alumnat oficial pot presentar, al director de l\u2019escola, la ren\u00fancia a la matr\u00edcula en un idioma en un termini que finalitza, per als cursos extensius (de setembre a maig\/juny), el <strong>29 de novembre.<\/strong><br \/>\n<\/span><span style=\"font-weight: 400;\">Aquesta ren\u00fancia no suposa el c\u00f2mput del curs a l\u2019efecte de repetici\u00f3, ni el dret al retorn de l\u2019import de la matr\u00edcula.<br \/>\n<\/span><span style=\"font-weight: 400;\">Un cop passat el termini de ren\u00fancia establert, si un alumne o alumna oficial abandona el curs, aquest abandonament li computa a l\u2019efecte de repetici\u00f3 i t\u00e9, a tots els efectes, la consideraci\u00f3 de \u201cno presentat\/ada\u201d en la qualificaci\u00f3 final.<br \/>\n<\/span><span style=\"font-weight: 400;\">L\u2019alumnat nom\u00e9s pot fer una d\u2019aquestes ren\u00fancies per curs.<br \/>\n<\/span><span style=\"font-weight: 400;\">La ren\u00fancia suposa perdre el dret d\u2019assistir a classe, i la p\u00e8rdua del dret al retorn de l\u2019import de la matr\u00edcula, per\u00f2 permet matricular-se el seg\u00fcent curs acad\u00e8mic com a alumnat oficial, al mes de juliol.<\/span><\/span><\/p>\n<p style=\"text-align: justify;\"><span style=\"text-decoration: underline;\"><span style=\"color: #008080;\"><b>4. Alumnat oficial: Ren\u00fancia a un curs aprovat a una EOI (nom\u00e9s per a nivells A1, B2.1, C2.1)<\/b><\/span><\/span><\/p>\n<p style=\"text-align: justify;\"><span style=\"color: #000000;\"><span style=\"font-weight: 400;\">L&#8217;alumnat que tingui un expedient acad\u00e8mic obert en una escola oficial d\u2019idiomes pot sol\u00b7licitar al director de l\u2019escola la ren\u00fancia a un dels cursos acad\u00e8mics superats en aquell idioma, sempre que no siguin cursos que hagin comportat l\u2019obtenci\u00f3 d\u2019un certificat oficial.<br \/>\n<\/span><span style=\"font-weight: 400;\">L\u2019escola pot concedir la ren\u00fancia un cop obtinguts els informes oportuns del departament d\u2019aquell idioma.<br \/>\n<\/span><span style=\"font-weight: 400;\">El curs renunciat computa a l\u2019efecte de repetici\u00f3.<br \/>\n<\/span><span style=\"font-weight: 400;\">Data l\u00edmit de petici\u00f3: abans de la data de la matr\u00edcula.<\/span><\/span><\/p>\n<p style=\"text-align: justify;\"><span style=\"color: #008080;\"><b>IMPORTANT:<\/b><span style=\"font-weight: 400; color: #000000;\"> Les ren\u00fancies esmentades en els apartats 1, 2 i 3 es fan constar a l\u2019expedient acad\u00e8mic de l\u2019alumnat.<\/span><\/span><\/p>\n<p>&nbsp;<\/p>\n<p><span style=\"color: #008080;\"><strong>PER CONSULTAR L&#8217;ESTAT DELS TR\u00c0MITS<\/strong><\/span><br \/>\n<a href=\"https:\/\/ovt.gencat.cat\/carpetaciutadana360\/mfe-main-app\/#\/acces\" target=\"_blank\" rel=\"noopener\">Acc\u00e9s<\/a><br \/>\n<a href=\"https:\/\/web.gencat.cat\/ca\/tramits\/suport-tramitacio\/index.html\" target=\"_blank\" rel=\"noopener\">Suport a la tramitaci\u00f3<\/a><\/p>\n<p>&nbsp;<\/p>\n","protected":false},"excerpt":{"rendered":"<p>Ren\u00fancies i\/o devoluci\u00f3 de taxes o de preu p\u00fablic per a alumnat oficial i alumnat lliure<br \/>\nHi ha diferents tipus de ren\u00fancies:<br \/>\n1. Ren\u00fancia al curs actual en el qual s&#8217;est\u00e0 matriculat\/da, amb petici\u00f3 de retorn de devoluci\u00f3 de taxes o de preu p\u00fablic.<br \/>\nLes taxes o els&hellip;  <a href=\"https:\/\/agora-eoi.xtec.cat\/eoifigueres\/renuncies-i-devolucions\/\" title=\"Read Ren\u00fancies i devolucions\">Llegeix m\u00e9s\u00bb<\/a><\/p>\n","protected":false},"author":1,"featured_media":0,"parent":0,"menu_order":0,"comment_status":"closed","ping_status":"closed","template":"","meta":{"_bbp_topic_count":0,"_bbp_reply_count":0,"_bbp_total_topic_count":0,"_bbp_total_reply_count":0,"_bbp_voice_count":0,"_bbp_anonymous_reply_count":0,"_bbp_topic_count_hidden":0,"_bbp_reply_count_hidden":0,"_bbp_forum_subforum_count":0,"footnotes":""},"class_list":["post-11476","page","type-page","status-publish","hentry"],"post_mailing_queue_ids":[],"_links":{"self":[{"href":"https:\/\/agora-eoi.xtec.cat\/eoifigueres\/wp-json\/wp\/v2\/pages\/11476","targetHints":{"allow":["GET"]}}],"collection":[{"href":"https:\/\/agora-eoi.xtec.cat\/eoifigueres\/wp-json\/wp\/v2\/pages"}],"about":[{"href":"https:\/\/agora-eoi.xtec.cat\/eoifigueres\/wp-json\/wp\/v2\/types\/page"}],"author":[{"embeddable":true,"href":"https:\/\/agora-eoi.xtec.cat\/eoifigueres\/wp-json\/wp\/v2\/users\/1"}],"replies":[{"embeddable":true,"href":"https:\/\/agora-eoi.xtec.cat\/eoifigueres\/wp-json\/wp\/v2\/comments?post=11476"}],"version-history":[{"count":6,"href":"https:\/\/agora-eoi.xtec.cat\/eoifigueres\/wp-json\/wp\/v2\/pages\/11476\/revisions"}],"predecessor-version":[{"id":11929,"href":"https:\/\/agora-eoi.xtec.cat\/eoifigueres\/wp-json\/wp\/v2\/pages\/11476\/revisions\/11929"}],"wp:attachment":[{"href":"https:\/\/agora-eoi.xtec.cat\/eoifigueres\/wp-json\/wp\/v2\/media?parent=11476"}],"curies":[{"name":"wp","href":"https:\/\/api.w.org\/{rel}","templated":true}]}}