{"id":11439,"date":"2024-02-21T14:27:54","date_gmt":"2024-02-21T13:27:54","guid":{"rendered":"https:\/\/agora-eoi.xtec.cat\/eoifigueres\/?page_id=11439"},"modified":"2024-05-30T16:26:17","modified_gmt":"2024-05-30T14:26:17","slug":"adaptacio-de-proves-2","status":"publish","type":"page","link":"https:\/\/agora-eoi.xtec.cat\/eoifigueres\/adaptacio-de-proves-2\/","title":{"rendered":"Adaptaci\u00f3 de proves"},"content":{"rendered":"<h4><span style=\"color: #008080;\"><strong>Adaptacions de proves<\/strong><\/span><\/h4>\n<p>L&#8217;alumnat, ja sigui oficial o lliure amb necessitats espec\u00edfiques derivades de discapacitats f\u00edsiques, ps\u00edquiques, auditives o visuals podeu sol\u00b7licitar els recursos addicionals necessaris per desenvolupar la prova de certificaci\u00f3 i \/o altres tasques a l&#8217;aula.<\/p>\n<p><strong><em>Procediment<\/em><\/strong><\/p>\n<p>Cal omplir la sol\u00b7licitud d&#8217;adaptaci\u00f3 de proves i adjuntar els documents adients dels relacionats:<\/p>\n<ul>\n<li>Certificat de reconeixement de discapacitat del Departament de Drets socials que informi del grau de discapacitat reconegut i \/ o certificat m\u00e8dic oficial.<\/li>\n<li>Certificat em\u00e8s per l&#8217;organisme acreditat corresponent que informi de les caracter\u00edstiques de la discapacitat o trastorn, si escau.<\/li>\n<li>Documentaci\u00f3 justificativa de modificacions i adaptacions curriculars, autoritzades pel Departament d&#8217;Educaci\u00f3, durant els \u00faltims estudis cursats en el sistema educatiu, si escau.<\/li>\n<\/ul>\n<p>A la sol\u00b7licitud caldr\u00e0 que especifiqueu el tipus d&#8217;adaptaci\u00f3 requerida: m\u00e9s temps per realitzaci\u00f3 de la prova, ampliaci\u00f3 de la prova, ordinador, taula, auriculars &#8230;<\/p>\n<p><strong><em>Terminis<\/em><\/strong><\/p>\n<p>Per a tots els candidats, oficials i lliures (convocat\u00f2ria ordin\u00e0ria), cal entregar la sol\u00b7licitud i la documentaci\u00f3 acreditativa no m\u00e9s tard del 15 de mar\u00e7 de 2024.<\/p>\n<p>Per accedir a la sol\u00b7licitud, cliqueu <span style=\"color: #008080;\"><a style=\"color: #008080;\" href=\"https:\/\/docs.google.com\/document\/d\/1WTPS6Px-uMkvCdSIww-jyShOtH2z08Q2\/edit\" target=\"_blank\" rel=\"noopener\">aqu\u00ed<\/a><\/span><\/p>\n<p><strong>No s&#8217;admetran sol\u00b7licituds fora del termini establert<\/strong>.<\/p>\n<h4><span style=\"color: #008080;\"><strong>Altres situacions<\/strong><\/span><\/h4>\n<p>Els <strong>candidats oficials<\/strong> que per causa de for\u00e7a major degudament justificada no pugueu presentar-vos el dia de la convocat\u00f2ria oficial, podeu sol\u00b7licitar una nova convocat\u00f2ria especial.<\/p>\n<p>La data de la convocat\u00f2ria especial ve determinada per les instruccions del Departament d&#8217;Educaci\u00f3 i no es pot canviar (per a certificats oficials Nivell Intermedi B1, Nivell Intermedi B2, Nivell Avan\u00e7at C1 i Nivell Avan\u00e7at C2).<\/p>\n<p>Abans de comunicar una incid\u00e8ncia al vostre departament, cal tenir en compte la seg\u00fcent informaci\u00f3:<\/p>\n<ul>\n<li>L&#8217;Escola Oficial d&#8217;Idiomes de Figueres publica les dates de les proves oficials amb mesos d&#8217;antelaci\u00f3, i se n&#8217;informa degudament tots els candidats.<\/li>\n<li>Tots els treballadors tenen dret a un perm\u00eds d&#8217;abs\u00e8ncia per assistir a un examen oficial. L&#8217;Escola us expedir\u00e0 un certificat de convocat\u00f2ria a examen i d&#8217;assist\u00e8ncia a examen a l&#8217;alumnat que ho sol\u00b7liciteu.<\/li>\n<li>Nom\u00e9s s&#8217;autoritzaran convocat\u00f2ries excepcionals per incompatibilitat amb d&#8217;altres activitats laborals o d&#8217;estudis que siguin d&#8217;obligat compliment, o que no siguin programables en altres dates.<\/li>\n<li>En cas que l&#8217;escola autoritzi la convocat\u00f2ria especial, es podr\u00e0 requerir documentaci\u00f3 justificativa al fet que motiva la sol\u00b7licitud.<\/li>\n<\/ul>\n<p><strong><em>Procediment<\/em><\/strong><\/p>\n<ul style=\"list-style-type: disc;\">\n<li>L&#8217;alumnat haureu de presentar una sol\u00b7licitud per escrit, acompanyada de la documentaci\u00f3 acreditativa de circumst\u00e0ncies al\u00b7legades. En cas que s&#8217;accepti la sol\u00b7licitud, us comunicarem per escrit el dia i hora de la nova convocat\u00f2ria.<\/li>\n<li>Les sol\u00b7licituds s&#8217;hauran de presentar a la Secretaria del centre, no s&#8217;admetr\u00e0 cap sol\u00b7licitud que no aporti justificaci\u00f3 documental.<\/li>\n<\/ul>\n<p>Per accedir a la sol\u00b7licitud, cliqueu <span style=\"color: #008080;\"><a style=\"color: #008080;\" href=\"https:\/\/docs.google.com\/document\/d\/1_IjVMBzo8--xLersRILdh-dETk0DNwm7Cj3C3_-dtQ8\/edit\" target=\"_blank\" rel=\"noopener\">aqu\u00ed<\/a><\/span><\/p>\n<h4><span style=\"color: #008080;\"><strong>Normativa<\/strong><\/span><\/h4>\n<ul>\n<li><a href=\"https:\/\/dogc.gencat.cat\/ca\/document-del-dogc\/?documentId=965954\" target=\"_blank\" rel=\"noopener\"><strong>Resoluci\u00f3 EDU\/2660\/2023, de 18 de juliol<\/strong><\/a>, per la qual es convoquen les proves extraordin\u00e0ria i ordin\u00e0ria corresponents al curs 2023-2024, per la l&#8217;obtenci\u00f3 dels certificats dels nivells intermedi B1, intermedi B2, nivell avan\u00e7at C1 i nivell avan\u00e7at C2 dels ensenyaments d&#8217;idiomes de r\u00e8gim especial que imparteixen les escoles oficials d&#8217;Idiomes (DOGC. n\u00fam. 8966, de 26.7.2023).<\/li>\n<li><a href=\"https:\/\/educacio.gencat.cat\/web\/.content\/home\/serveis-tramits\/proves\/proves-lliures-obtencio-titols\/convocat-ordinaria-idiomes\/normativa\/reial-decret-1041-2017.pdf\" target=\"_blank\" rel=\"noopener\"><strong>Reial decret 1041\/2017, de 22 de desembre<\/strong><\/a>, pel qual es fixen les exig\u00e8ncies m\u00ednimes del nivell b\u00e0sic a l&#8217;efecte de certificaci\u00f3, s&#8217;estableix el curr\u00edculum b\u00e0sic dels nivells intermedi B1, intermedi B2, avan\u00e7at C1 i avan\u00e7at C2, dels ensenyaments d&#8217;idiomes de r\u00e8gim especial que regula la Llei org\u00e0nica 2\/2006, de 3 de maig, d&#8217;educaci\u00f3, i s&#8217;estableixen les equival\u00e8ncies entre els ensenyaments d&#8217;idiomes der r\u00e8gim especial regulats en diversos plans d&#8217;estudis i els d&#8217;aquest Reial decret (BOE n\u00fam. 311, de 23.12.2017)<\/li>\n<li><a href=\"https:\/\/www.boe.es\/boe\/dias\/2019\/01\/12\/pdfs\/BOE-A-2019-317.pdf\" target=\"_blank\" rel=\"noopener\"><strong>Reial decret 1\/2019, d&#8217;11 de gener<\/strong><\/a><strong>,<\/strong> pel qual s&#8217;estableixen els principis b\u00e0sics comuns d&#8217;avaluaci\u00f3 aplicables a les proves de certificaci\u00f3 oficials dels nivells intermedi B1, intermedi B2, avan\u00e7at C1 i avan\u00e7at C2 dels ensenyaments d&#8217;idiomes de r\u00e8gim especial (BOE n\u00fam. 11, de 12.1.2019)<\/li>\n<\/ul>\n<p>&nbsp;<\/p>\n","protected":false},"excerpt":{"rendered":"<p>Adaptacions de proves<br \/>\nL&#8217;alumnat, ja sigui oficial o lliure amb necessitats espec\u00edfiques derivades de discapacitats f\u00edsiques, ps\u00edquiques, auditives o visuals podeu sol\u00b7licitar els recursos addicionals necessaris per desenvolupar la prova de certificaci\u00f3 i \/o altres tasques a l&#8217;aula.<br \/>\nProcediment<br \/>\nCal omplir la sol\u00b7licitud d&#8217;adaptaci\u00f3 de proves i adjuntar&hellip;  <a href=\"https:\/\/agora-eoi.xtec.cat\/eoifigueres\/adaptacio-de-proves-2\/\" title=\"Read Adaptaci\u00f3 de proves\">Llegeix m\u00e9s\u00bb<\/a><\/p>\n","protected":false},"author":1,"featured_media":0,"parent":0,"menu_order":0,"comment_status":"closed","ping_status":"closed","template":"","meta":{"_bbp_topic_count":0,"_bbp_reply_count":0,"_bbp_total_topic_count":0,"_bbp_total_reply_count":0,"_bbp_voice_count":0,"_bbp_anonymous_reply_count":0,"_bbp_topic_count_hidden":0,"_bbp_reply_count_hidden":0,"_bbp_forum_subforum_count":0,"footnotes":""},"class_list":["post-11439","page","type-page","status-publish","hentry"],"post_mailing_queue_ids":[],"_links":{"self":[{"href":"https:\/\/agora-eoi.xtec.cat\/eoifigueres\/wp-json\/wp\/v2\/pages\/11439","targetHints":{"allow":["GET"]}}],"collection":[{"href":"https:\/\/agora-eoi.xtec.cat\/eoifigueres\/wp-json\/wp\/v2\/pages"}],"about":[{"href":"https:\/\/agora-eoi.xtec.cat\/eoifigueres\/wp-json\/wp\/v2\/types\/page"}],"author":[{"embeddable":true,"href":"https:\/\/agora-eoi.xtec.cat\/eoifigueres\/wp-json\/wp\/v2\/users\/1"}],"replies":[{"embeddable":true,"href":"https:\/\/agora-eoi.xtec.cat\/eoifigueres\/wp-json\/wp\/v2\/comments?post=11439"}],"version-history":[{"count":6,"href":"https:\/\/agora-eoi.xtec.cat\/eoifigueres\/wp-json\/wp\/v2\/pages\/11439\/revisions"}],"predecessor-version":[{"id":11458,"href":"https:\/\/agora-eoi.xtec.cat\/eoifigueres\/wp-json\/wp\/v2\/pages\/11439\/revisions\/11458"}],"wp:attachment":[{"href":"https:\/\/agora-eoi.xtec.cat\/eoifigueres\/wp-json\/wp\/v2\/media?parent=11439"}],"curies":[{"name":"wp","href":"https:\/\/api.w.org\/{rel}","templated":true}]}}