{"id":9224,"date":"2017-03-20T11:59:55","date_gmt":"2017-03-20T10:59:55","guid":{"rendered":"http:\/\/agora-eoi.xtec.cat\/eoiesplugues\/?page_id=9224"},"modified":"2025-02-12T19:26:13","modified_gmt":"2025-02-12T18:26:13","slug":"enllacos-dinteres","status":"publish","type":"page","link":"https:\/\/agora-eoi.xtec.cat\/eoiesplugues\/italia\/enllacos-dinteres\/","title":{"rendered":"Enlla\u00e7os d&#8217;inter\u00e8s"},"content":{"rendered":"<p>Date un&#8217;occhiata ai corsi ed eventi dell&#8217;<a href=\"http:\/\/www.iicbarcellona.esteri.it\/IIC_Barcellona\/it\/\" target=\"_blank\" rel=\"noopener\">Istituto di Cultura<\/a> di Barcellona: lettura e scrittura, gastronomia, &#8230; di tutto, di pi\u00f9.<\/p>\n<p>Libreria italiana <a href=\"https:\/\/www.facebook.com\/LibreriaLeNuvoleBcn\/\" target=\"_blank\" rel=\"noopener\">Le Nuvole<\/a>, a Gr\u00e0cia. Controllate sul suo Facebook gli eventi prossimi.<\/p>\n<p>Programma <a href=\"https:\/\/www.italiaes.org\/\" target=\"_blank\" rel=\"noopener\">concerti<\/a> a Barcellona.<\/p>\n<p>Programmi <a href=\"http:\/\/www.raiplay.it\/\" target=\"_blank\" rel=\"noopener\">Rai.<\/a><\/p>\n<p><a href=\"http:\/\/www.almaedizioni.it\/it\/almatv\/\" target=\"_blank\" rel=\"noopener\">ALMA TV<\/a> \u00e8 una web tv dedicata alla lingua e alla cultura italiana.<\/p>\n<p><a href=\"https:\/\/www.ub.edu\/portal\/web\/economia-empresa\/la-facultat-com-a-centre-examinador-oficial-italia\" target=\"_blank\" rel=\"noopener\">Certificazioni CELI<\/a> (Universit\u00e0 di Perugia).<\/p>\n<p><a href=\"https:\/\/www.instagram.com\/p\/DFQnNNaBS5a\/?igsh=dzlkaTV4bnpzMmY3\" target=\"_blank\" rel=\"noopener\">Aperitivo<\/a> italiano (vicino a Francesc Maci\u00e0).<\/p>\n<p>&nbsp;<\/p>\n<p><!--a=1--><\/p>\n","protected":false},"excerpt":{"rendered":"<p>Date un&#8217;occhiata ai corsi ed eventi dell&#8217;Istituto di Cultura di Barcellona: lettura e scrittura, gastronomia, &#8230; di tutto, di pi\u00f9. Libreria italiana Le Nuvole, a Gr\u00e0cia. Controllate sul suo Facebook gli eventi prossimi. Programma concerti a Barcellona. Programmi Rai. ALMA TV \u00e8 una web tv dedicata alla lingua e alla cultura italiana. Certificazioni CELI (Universit\u00e0 [&hellip;]<\/p>\n","protected":false},"author":1,"featured_media":0,"parent":8455,"menu_order":50,"comment_status":"closed","ping_status":"closed","template":"page-templates\/side-menu.php","meta":{"_bbp_topic_count":0,"_bbp_reply_count":0,"_bbp_total_topic_count":0,"_bbp_total_reply_count":0,"_bbp_voice_count":0,"_bbp_anonymous_reply_count":0,"_bbp_topic_count_hidden":0,"_bbp_reply_count_hidden":0,"_bbp_forum_subforum_count":0,"site-sidebar-layout":"default","site-content-layout":"","ast-site-content-layout":"","site-content-style":"default","site-sidebar-style":"default","ast-global-header-display":"","ast-banner-title-visibility":"","ast-main-header-display":"","ast-hfb-above-header-display":"","ast-hfb-below-header-display":"","ast-hfb-mobile-header-display":"","site-post-title":"","ast-breadcrumbs-content":"","ast-featured-img":"","footer-sml-layout":"","theme-transparent-header-meta":"","adv-header-id-meta":"","stick-header-meta":"","header-above-stick-meta":"","header-main-stick-meta":"","header-below-stick-meta":"","astra-migrate-meta-layouts":"default","ast-page-background-enabled":"default","ast-page-background-meta":{"desktop":{"background-color":"var(--ast-global-color-4)","background-image":"","background-repeat":"repeat","background-position":"center center","background-size":"auto","background-attachment":"scroll","background-type":"","background-media":"","overlay-type":"","overlay-color":"","overlay-opacity":"","overlay-gradient":""},"tablet":{"background-color":"","background-image":"","background-repeat":"repeat","background-position":"center center","background-size":"auto","background-attachment":"scroll","background-type":"","background-media":"","overlay-type":"","overlay-color":"","overlay-opacity":"","overlay-gradient":""},"mobile":{"background-color":"","background-image":"","background-repeat":"repeat","background-position":"center center","background-size":"auto","background-attachment":"scroll","background-type":"","background-media":"","overlay-type":"","overlay-color":"","overlay-opacity":"","overlay-gradient":""}},"ast-content-background-meta":{"desktop":{"background-color":"var(--ast-global-color-5)","background-image":"","background-repeat":"repeat","background-position":"center center","background-size":"auto","background-attachment":"scroll","background-type":"","background-media":"","overlay-type":"","overlay-color":"","overlay-opacity":"","overlay-gradient":""},"tablet":{"background-color":"var(--ast-global-color-5)","background-image":"","background-repeat":"repeat","background-position":"center center","background-size":"auto","background-attachment":"scroll","background-type":"","background-media":"","overlay-type":"","overlay-color":"","overlay-opacity":"","overlay-gradient":""},"mobile":{"background-color":"var(--ast-global-color-5)","background-image":"","background-repeat":"repeat","background-position":"center center","background-size":"auto","background-attachment":"scroll","background-type":"","background-media":"","overlay-type":"","overlay-color":"","overlay-opacity":"","overlay-gradient":""}},"footnotes":""},"class_list":["post-9224","page","type-page","status-publish","hentry"],"post_mailing_queue_ids":[],"_links":{"self":[{"href":"https:\/\/agora-eoi.xtec.cat\/eoiesplugues\/wp-json\/wp\/v2\/pages\/9224","targetHints":{"allow":["GET"]}}],"collection":[{"href":"https:\/\/agora-eoi.xtec.cat\/eoiesplugues\/wp-json\/wp\/v2\/pages"}],"about":[{"href":"https:\/\/agora-eoi.xtec.cat\/eoiesplugues\/wp-json\/wp\/v2\/types\/page"}],"author":[{"embeddable":true,"href":"https:\/\/agora-eoi.xtec.cat\/eoiesplugues\/wp-json\/wp\/v2\/users\/1"}],"replies":[{"embeddable":true,"href":"https:\/\/agora-eoi.xtec.cat\/eoiesplugues\/wp-json\/wp\/v2\/comments?post=9224"}],"version-history":[{"count":4,"href":"https:\/\/agora-eoi.xtec.cat\/eoiesplugues\/wp-json\/wp\/v2\/pages\/9224\/revisions"}],"predecessor-version":[{"id":13316,"href":"https:\/\/agora-eoi.xtec.cat\/eoiesplugues\/wp-json\/wp\/v2\/pages\/9224\/revisions\/13316"}],"up":[{"embeddable":true,"href":"https:\/\/agora-eoi.xtec.cat\/eoiesplugues\/wp-json\/wp\/v2\/pages\/8455"}],"wp:attachment":[{"href":"https:\/\/agora-eoi.xtec.cat\/eoiesplugues\/wp-json\/wp\/v2\/media?parent=9224"}],"curies":[{"name":"wp","href":"https:\/\/api.w.org\/{rel}","templated":true}]}}