{"id":9218,"date":"2017-03-17T20:46:00","date_gmt":"2017-03-17T19:46:00","guid":{"rendered":"http:\/\/agora-eoi.xtec.cat\/eoiesplugues\/?page_id=9218"},"modified":"2017-04-21T05:09:42","modified_gmt":"2017-04-21T03:09:42","slug":"enllacos-dinteres","status":"publish","type":"page","link":"https:\/\/agora-eoi.xtec.cat\/eoiesplugues\/frances\/enllacos-dinteres\/","title":{"rendered":"Enlla\u00e7os d&#8217;inter\u00e8s"},"content":{"rendered":"<h4><a href=\"http:\/\/agora-eoi.xtec.cat\/eoiesplugues\/wp-content\/uploads\/usu2243\/2017\/03\/Jaimes.png\" target=\"_blank\" rel=\"https:\/\/www.jaimes.cat\/\"><img loading=\"lazy\" decoding=\"async\" class=\"alignleft wp-image-9454 size-full\" src=\"http:\/\/agora-eoi.xtec.cat\/eoiesplugues\/wp-content\/uploads\/usu2243\/2017\/03\/Jaimes-e1492742781978.png\" alt=\"Jaimes\" width=\"600\" height=\"98\" \/><\/a><\/h4>\n<h4><\/h4>\n<h4><\/h4>\n<h4><\/h4>\n<p>&nbsp;<\/p>\n<p><a href=\"https:\/\/www.jaimes.cat\/\" target=\"_blank\">Librairie francophone de r\u00e9f\u00e9rence<\/a><\/p>\n<h4>S&#8217;informer<\/h4>\n<p><strong>1. Sites des principaux organes de presse (quotidiens et revues)<\/strong><\/p>\n<p>France<\/p>\n<ul>\n<li><a href=\"http:\/\/www.lemonde.fr\/\" target=\"_blank\">Le Monde<\/a><\/li>\n<li><a href=\"http:\/\/www.liberation.fr\/\" target=\"_blank\">Lib\u00e9ration<\/a><\/li>\n<li class=\"textLayer\"><a href=\"http:\/\/www.lexpress.fr\/\" target=\"_blank\">L\u2019Express<\/a><\/li>\n<li class=\"textLayer\"><a href=\"http:\/\/www.lepoint.fr\/\" target=\"_blank\">Le Point<\/a><\/li>\n<li class=\"textLayer\"><a href=\"http:\/\/tempsreel.nouvelobs.com\/\" target=\"_blank\">Le Nouvel Observateur<\/a><\/li>\n<li class=\"textLayer\"><a href=\"http:\/\/www.telerama.fr\/\" target=\"_blank\">T\u00e9l\u00e9rama<\/a><\/li>\n<\/ul>\n<div class=\"textLayer\"><\/div>\n<div class=\"textLayer\"><\/div>\n<div class=\"textLayer\">Canada<\/div>\n<div class=\"textLayer\"><\/div>\n<div class=\"textLayer\"><\/div>\n<ul>\n<li class=\"textLayer\"><a href=\"http:\/\/www.ledevoir.com\/\" target=\"_blank\">Le Devoir<\/a><\/li>\n<li class=\"textLayer\"><a href=\"http:\/\/www.ledevoir.com\/\" target=\"_blank\">Le Quotidien<\/a><\/li>\n<li class=\"textLayer\"><a href=\"http:\/\/www.journaldemontreal.com\/\" target=\"_blank\">Le Journal de Montr\u00e9al<\/a><\/li>\n<\/ul>\n<div class=\"textLayer\"><\/div>\n<div class=\"textLayer\"><\/div>\n<div class=\"textLayer\">Belgique<\/div>\n<div class=\"textLayer\"><\/div>\n<div class=\"textLayer\"><\/div>\n<ul>\n<li class=\"textLayer\"><a href=\"http:\/\/www.lesoir.be\/\" target=\"_blank\">Le Soir<\/a><\/li>\n<li class=\"textLayer\"><a href=\"http:\/\/www.lalibre.be\/\" target=\"_blank\">La Libre Belgique<\/a><\/li>\n<\/ul>\n<div class=\"textLayer\"><\/div>\n<div class=\"textLayer\"><\/div>\n<div class=\"textLayer\">Suisse<\/div>\n<div class=\"textLayer\"><\/div>\n<div class=\"textLayer\"><\/div>\n<ul>\n<li class=\"textLayer\"><a href=\"http:\/\/www.arcinfo.ch\" target=\"_blank\">L\u2019Express<\/a><\/li>\n<li class=\"textLayer\"><a href=\"https:\/\/www.letemps.ch\/\" target=\"_blank\">Le Temps<\/a><\/li>\n<\/ul>\n<div class=\"textLayer\"><\/div>\n<div class=\"textLayer\"><\/div>\n<div class=\"textLayer\">Maghreb et Moyen-Orient<\/div>\n<div class=\"textLayer\"><\/div>\n<div class=\"textLayer\"><\/div>\n<ul>\n<li class=\"textLayer\"><a href=\"http:\/\/www.elwatan.com\/\" target=\"_blank\">El Watan<\/a><\/li>\n<li class=\"textLayer\"><a href=\"http:\/\/www.lapresse.tn\/\" target=\"_blank\">La Presse<\/a><\/li>\n<li class=\"textLayer\"><a href=\"http:\/\/www.libe.ma\" target=\"_blank\">Lib\u00e9ration<\/a><\/li>\n<\/ul>\n<div class=\"textLayer\"><\/div>\n<div class=\"textLayer\"><\/div>\n<div class=\"textLayer\">\n<div><strong>2. Radios et t\u00e9l\u00e9visions<\/strong><\/div>\n<div><\/div>\n<\/div>\n<div><\/div>\n<ul style=\"list-style-type: square;\">\n<li><a href=\"http:\/\/www.tv5monde.com\/\" target=\"_blank\">TV5 <\/a>On ne pr\u00e9sente plus TV5, la cha\u00eene francophone ! Une section importante du site est consacr\u00e9e \u00e0 l\u2019enseignement et \u00e0 l\u2019apprentissage de la langue fran\u00e7aise (cf. rubriques : Langue fran\u00e7aise, Apprendre le fran\u00e7ais, Enseigner le fran\u00e7ais).<\/li>\n<\/ul>\n<div><\/div>\n<ul style=\"list-style-type: square;\">\n<li><a href=\"http:\/\/www.rfi.fr\/\" target=\"_blank\">Radio France Internationale <\/a>La radio fran\u00e7aise internationale propose le meilleur de l\u2019actualit\u00e9 francophone ainsi que des activit\u00e9s li\u00e9es \u00e0 l\u2019enseignement et \u00e0 l\u2019apprentissage du FLE dans sa rubrique Langue fran\u00e7aise. Particuli\u00e8rement int\u00e9ressant (en particulier pour les candidats au DELF B2), \u201cLe journal en fran\u00e7ais facile\u201d t\u00e9l\u00e9chargeable, qui permet de s\u2019entra\u00eener \u00e0 la compr\u00e9hension orale en se tenant inform\u00e9s de l\u2019actualit\u00e9.<\/li>\n<\/ul>\n<div><\/div>\n<ul style=\"list-style-type: square;\">\n<li><a href=\"http:\/\/www.francetvinfo.fr\/\" target=\"_blank\">France Infos <\/a>La radio propose des chroniques de dur\u00e9e variable, toutes t\u00e9l\u00e9chargeables.<\/li>\n<\/ul>\n<div><\/div>\n<ul style=\"list-style-type: square;\">\n<li><a href=\"https:\/\/www.franceinter.fr\/\" target=\"_blank\">France Inter <\/a>Un choix de podcasts.<\/li>\n<\/ul>\n<div><\/div>\n<ul style=\"list-style-type: square;\">\n<li><a href=\"http:\/\/www.franceculture.fr\" target=\"_blank\">France Culture <\/a>Toute l\u2019actualit\u00e9 culturelle fran\u00e7aise avec des \u00e9missions int\u00e9ressantes, mais le niveau de langue est plus souvent au niveau C1\/C2 que B2.<\/li>\n<\/ul>\n<ul style=\"list-style-type: square;\">\n<li><a href=\"http:\/\/ici.radio-canada.ca\/\" target=\"_blank\">Radio Canada <\/a>Pour \u00e9largir son horizon au continent am\u00e9ricain. Des chroniques, l\u2019actualit\u00e9 locale et internationale vue de l\u2019autre c\u00f4t\u00e9 de l\u2019Atlantique.<\/li>\n<\/ul>\n<div><\/div>\n<h4>Apprendre<\/h4>\n<ul>\n<li><a href=\"http:\/\/www.lepointdufle.net\/\" target=\"_blank\">Le Point du FLE<\/a><\/li>\n<li><a href=\"http:\/\/lexiquefle.free.fr\/\" target=\"_blank\">Lexique FLE<\/a><\/li>\n<li><a href=\"http:\/\/www.podcastfrancaisfacile.com\/\" target=\"_blank\">Podcast Fran\u00e7ais Facile<\/a><\/li>\n<li><a href=\"http:\/\/www.languageguide.org\/french\/\" target=\"_blank\">LanguageGuide.org<\/a><\/li>\n<\/ul>\n","protected":false},"excerpt":{"rendered":"<p>&nbsp; Librairie francophone de r\u00e9f\u00e9rence S&#8217;informer 1. Sites des principaux organes de presse (quotidiens et revues) France Le Monde Lib\u00e9ration L\u2019Express Le Point Le Nouvel Observateur T\u00e9l\u00e9rama Canada Le Devoir Le Quotidien Le Journal de Montr\u00e9al Belgique Le Soir La Libre Belgique Suisse L\u2019Express Le Temps Maghreb et Moyen-Orient El Watan La Presse Lib\u00e9ration 2. [&hellip;]<\/p>\n","protected":false},"author":1,"featured_media":0,"parent":8195,"menu_order":50,"comment_status":"closed","ping_status":"closed","template":"page-templates\/side-menu.php","meta":{"_bbp_topic_count":0,"_bbp_reply_count":0,"_bbp_total_topic_count":0,"_bbp_total_reply_count":0,"_bbp_voice_count":0,"_bbp_anonymous_reply_count":0,"_bbp_topic_count_hidden":0,"_bbp_reply_count_hidden":0,"_bbp_forum_subforum_count":0,"site-sidebar-layout":"default","site-content-layout":"","ast-site-content-layout":"","site-content-style":"default","site-sidebar-style":"default","ast-global-header-display":"","ast-banner-title-visibility":"","ast-main-header-display":"","ast-hfb-above-header-display":"","ast-hfb-below-header-display":"","ast-hfb-mobile-header-display":"","site-post-title":"","ast-breadcrumbs-content":"","ast-featured-img":"","footer-sml-layout":"","theme-transparent-header-meta":"","adv-header-id-meta":"","stick-header-meta":"","header-above-stick-meta":"","header-main-stick-meta":"","header-below-stick-meta":"","astra-migrate-meta-layouts":"default","ast-page-background-enabled":"default","ast-page-background-meta":{"desktop":{"background-color":"var(--ast-global-color-4)","background-image":"","background-repeat":"repeat","background-position":"center center","background-size":"auto","background-attachment":"scroll","background-type":"","background-media":"","overlay-type":"","overlay-color":"","overlay-opacity":"","overlay-gradient":""},"tablet":{"background-color":"","background-image":"","background-repeat":"repeat","background-position":"center center","background-size":"auto","background-attachment":"scroll","background-type":"","background-media":"","overlay-type":"","overlay-color":"","overlay-opacity":"","overlay-gradient":""},"mobile":{"background-color":"","background-image":"","background-repeat":"repeat","background-position":"center center","background-size":"auto","background-attachment":"scroll","background-type":"","background-media":"","overlay-type":"","overlay-color":"","overlay-opacity":"","overlay-gradient":""}},"ast-content-background-meta":{"desktop":{"background-color":"var(--ast-global-color-5)","background-image":"","background-repeat":"repeat","background-position":"center center","background-size":"auto","background-attachment":"scroll","background-type":"","background-media":"","overlay-type":"","overlay-color":"","overlay-opacity":"","overlay-gradient":""},"tablet":{"background-color":"var(--ast-global-color-5)","background-image":"","background-repeat":"repeat","background-position":"center center","background-size":"auto","background-attachment":"scroll","background-type":"","background-media":"","overlay-type":"","overlay-color":"","overlay-opacity":"","overlay-gradient":""},"mobile":{"background-color":"var(--ast-global-color-5)","background-image":"","background-repeat":"repeat","background-position":"center center","background-size":"auto","background-attachment":"scroll","background-type":"","background-media":"","overlay-type":"","overlay-color":"","overlay-opacity":"","overlay-gradient":""}},"footnotes":""},"class_list":["post-9218","page","type-page","status-publish","hentry"],"post_mailing_queue_ids":[],"_links":{"self":[{"href":"https:\/\/agora-eoi.xtec.cat\/eoiesplugues\/wp-json\/wp\/v2\/pages\/9218","targetHints":{"allow":["GET"]}}],"collection":[{"href":"https:\/\/agora-eoi.xtec.cat\/eoiesplugues\/wp-json\/wp\/v2\/pages"}],"about":[{"href":"https:\/\/agora-eoi.xtec.cat\/eoiesplugues\/wp-json\/wp\/v2\/types\/page"}],"author":[{"embeddable":true,"href":"https:\/\/agora-eoi.xtec.cat\/eoiesplugues\/wp-json\/wp\/v2\/users\/1"}],"replies":[{"embeddable":true,"href":"https:\/\/agora-eoi.xtec.cat\/eoiesplugues\/wp-json\/wp\/v2\/comments?post=9218"}],"version-history":[{"count":3,"href":"https:\/\/agora-eoi.xtec.cat\/eoiesplugues\/wp-json\/wp\/v2\/pages\/9218\/revisions"}],"predecessor-version":[{"id":9455,"href":"https:\/\/agora-eoi.xtec.cat\/eoiesplugues\/wp-json\/wp\/v2\/pages\/9218\/revisions\/9455"}],"up":[{"embeddable":true,"href":"https:\/\/agora-eoi.xtec.cat\/eoiesplugues\/wp-json\/wp\/v2\/pages\/8195"}],"wp:attachment":[{"href":"https:\/\/agora-eoi.xtec.cat\/eoiesplugues\/wp-json\/wp\/v2\/media?parent=9218"}],"curies":[{"name":"wp","href":"https:\/\/api.w.org\/{rel}","templated":true}]}}