{"id":9102,"date":"2017-03-12T22:18:44","date_gmt":"2017-03-12T21:18:44","guid":{"rendered":"http:\/\/agora-eoi.xtec.cat\/eoiesplugues\/?page_id=9102"},"modified":"2017-03-17T12:43:57","modified_gmt":"2017-03-17T11:43:57","slug":"italiano-primo-livello","status":"publish","type":"page","link":"https:\/\/agora-eoi.xtec.cat\/eoiesplugues\/italia\/recursos-dautoaprenentatge\/italiano-primo-livello\/","title":{"rendered":"Italiano: primo livello"},"content":{"rendered":"<p><a href=\"http:\/\/agora-eoi.xtec.cat\/eoiesplugues\/wp-content\/uploads\/usu2243\/2017\/03\/BanItalia92.jpg\"><img loading=\"lazy\" decoding=\"async\" class=\"alignnone size-full wp-image-9103\" src=\"http:\/\/agora-eoi.xtec.cat\/eoiesplugues\/wp-content\/uploads\/usu2243\/2017\/03\/BanItalia92.jpg\" alt=\"banitalia92\" width=\"92\" height=\"92\" \/><\/a><\/p>\n<p>&nbsp;<\/p>\n<table style=\"border-color: #b038e8; background-color: #b038e8;\">\n<tbody>\n<tr>\n<td><span style=\"font-family: Verdana,Arial,Helvetica,sans-serif; font-size: small;\"><b><span style=\"color: #ffffff; font-family: Verdana,Arial,Helvetica,sans-serif; font-size: small;\"><strong>LESSICO<\/strong><\/span><\/b><\/span><\/td>\n<\/tr>\n<tr>\n<td><span style=\"font-family: Verdana,Arial,Helvetica,sans-serif; font-size: small;\"><a href=\"http:\/\/it.wikipedia.org\/wiki\/Arti,_mestieri_e_professioni\">Mestieri<\/a>, professioni, una lista su Wikipedia<br \/>\n<\/span><span style=\"font-family: Verdana,Arial,Helvetica,sans-serif; font-size: small;\">Vuoi fare un piccolo<a href=\"http:\/\/www.magictheatre.com\/la-flash-quiz\/la-quiz-italian.html\" target=\"_blank\"> quiz?<\/a> Clicca!<\/span><span style=\"font-family: Verdana,Arial,Helvetica,sans-serif; font-size: small;\">Lessico dei capi d&#8217;<a href=\"http:\/\/www.onlyforweb.it\/\" target=\"_blank\">abbigliamento<\/a>. Con foto!<\/span><\/p>\n<p><span style=\"font-family: Verdana,Arial,Helvetica,sans-serif; font-size: small;\"><a href=\"http:\/\/www.iluss.it\/vocabolario\/stoviglie_online\/index.htm\" target=\"_blank\">A tavola!<\/a> Un esercizio di lessico per apparecchiare<\/span><\/p>\n<p><span style=\"font-family: Verdana,Arial,Helvetica,sans-serif; font-size: small;\">Lessico del <a href=\"http:\/\/www.bbc.co.uk\/education\/languages\/italian\/supplements\/ex2.shtml\" target=\"_blank\">cibo<\/a>. Misura la tua bravura!<\/span><\/p>\n<p><span style=\"font-family: Verdana,Arial,Helvetica,sans-serif; font-size: small;\">La<a href=\"http:\/\/www.scudit.net\/mdfamiglia.htm\" target=\"_blank\"> famiglia<\/a>: possessivi ed altro<\/span><\/p>\n<p><span style=\"font-family: Verdana,Arial,Helvetica,sans-serif; font-size: small;\">Ancora <a href=\"http:\/\/www.bbc.co.uk\/education\/languages\/italian\/supplements\/ex3.shtml\" target=\"_blank\">famiglia<\/a>: altri esercizi &#8230; divertenti! Misura la tua bravura!<\/span><\/p>\n<p><span style=\"font-family: Verdana,Arial,Helvetica,sans-serif; font-size: small;\">Misura la tua bravura: le <a href=\"http:\/\/www.bbc.co.uk\/education\/languages\/italian\/supplements\/ex4.shtml\" target=\"_blank\">ore<\/a><\/span><\/p>\n<p><span style=\"font-family: Verdana,Arial,Helvetica,sans-serif; font-size: small;\">Quanti <a href=\"http:\/\/www.locuta.com\/pasta.htm\" target=\"_blank\">tipi di pasta<\/a> conosci? <\/span><\/p>\n<p><span style=\"font-family: Verdana,Arial,Helvetica,sans-serif; font-size: small;\">Se t&#8217;interessano i pesci dal punto di vista gastronomico&#8230; ecco una pagina con <a href=\"http:\/\/www.benessere.com\/alimentazione\/pesce\/pesci_vedi.htm\" target=\"_blank\">pesci commestibili.<\/a> Se ci clicchi sopra li potrai anche vedere!<\/span><\/p>\n<p><span style=\"font-family: Verdana,Arial,Helvetica,sans-serif; font-size: small;\"><a href=\"http:\/\/www.bbc.co.uk\/education\/languages\/italian\/supplements\/ex1.shtml\" target=\"_blank\">Salutazioni <\/a>ecc. Un ripasso divertente<\/span><\/td>\n<\/tr>\n<\/tbody>\n<\/table>\n<table style=\"border-color: #b038e8; background-color: #b038e8;\">\n<tbody>\n<tr>\n<td><span style=\"font-family: Verdana,Arial,Helvetica,sans-serif; font-size: small;\"><b><span style=\"color: #ffffff; font-family: Verdana,Arial,Helvetica,sans-serif; font-size: small;\"><span style=\"font-family: Verdana,Arial,Helvetica,sans-serif; font-size: small;\"><span style=\"color: #ffffff; font-family: Verdana,Arial,Helvetica,sans-serif; font-size: small;\">GRAMMATICA<\/span><\/span><\/span><\/b><\/span><\/td>\n<\/tr>\n<tr>\n<td><span style=\"font-family: Verdana,Arial,Helvetica,sans-serif; font-size: small;\">Vuoi fare un <a href=\"http:\/\/www.iluss.it\/tests.html\" target=\"_blank\">test<\/a> di livello? (Anzi, quattro!)<\/span><\/p>\n<p><span style=\"font-family: Verdana,Arial,Helvetica,sans-serif; font-size: small;\">Vuoi fare un <a href=\"http:\/\/www.scudit.net\/mdtest131.htm\" target=\"_blank\">test di verbi<\/a>? Presente, Passato prossimo, Imperfetto<\/span><\/p>\n<p><span style=\"color: #808000;\"><span style=\"color: #000000; font-family: Verdana,Arial,Helvetica,sans-serif; font-size: small;\">(Disponibile in Aula Informatica) CD-Rom: <i>Grammatica Interattiva della lingua italiana con esercizi<\/i>, <\/span><\/span><span style=\"color: #000000; font-family: Verdana,Arial,Helvetica,sans-serif; font-size: small;\">Marco Mezzadri, Edizioni Guerra<\/span><\/p>\n<p><span style=\"font-family: Verdana,Arial,Helvetica,sans-serif; font-size: small;\"><a href=\"http:\/\/venus.unive.it\/italslab\/quattropassi\/f3es2.htm\" target=\"_blank\">Articoli determinativi<\/a><\/span><\/p>\n<p><span style=\"font-family: Verdana,Arial,Helvetica,sans-serif; font-size: small;\"><a href=\"http:\/\/www.itisff.it\/z_main\/serale\/italiano\/Morfologia\/nome.pdf\" target=\"_blank\">Il nome<br \/>\n<\/a><\/span><\/p>\n<p><span style=\"font-family: Verdana,Arial,Helvetica,sans-serif; font-size: small;\">Vuoi fare delle attivit\u00e0 combinate? Apri questo <a href=\"http:\/\/www.italica.rai.it\/lingua\/corso.htm\" target=\"_blank\">corso elementare<\/a> con dialoghi che puoi ascoltare e leggere, <\/span><span style=\"font-family: Verdana,Arial,Helvetica,sans-serif; font-size: small;\">Glossario da consultare, espressioni, Indice Grammaticale e, esercizi da svolgere<\/span><\/p>\n<p><a href=\"http:\/\/www.eoiesplugues.com\/undefined\" target=\"_blank\"><span style=\"font-family: Arial; font-size: small;\"><br \/>\n<\/span><\/a><span style=\"font-family: Verdana,Arial,Helvetica,sans-serif; font-size: small;\">Hai bisogno di un <a href=\"http:\/\/www.univ.trieste.it\/%7Enirital\/texel\/coni\/conihome.htm\" target=\"_blank\">coniugatore di verbi?<\/a> Eccolo!<\/span><\/p>\n<p><span style=\"font-family: Verdana,Arial,Helvetica,sans-serif; font-size: small;\"><a href=\"http:\/\/www.scudit.net\/mdconcordanze.htm\" target=\"_blank\">Concordanze<\/a> nome-aggettivo<\/span><\/p>\n<p><span style=\"font-family: Verdana,Arial,Helvetica,sans-serif; font-size: small;\"><a href=\"http:\/\/www.scuolapalazzomalvisi.com\/Italiano\/SOSFrameIT.htm\" target=\"_blank\">SOS Grammatica<\/a>. Archivio di domande e risposte di studenti di italiano (2000-2005)<br \/>\n<\/span><\/p>\n<p><span style=\"font-family: Verdana,Arial,Helvetica,sans-serif; font-size: small;\">Un link per il <a href=\"http:\/\/www.iluss.it\/grammatica_free\/prossimo_free_demo\/index.htm\">Passato Prossimo<\/a><\/span><\/p>\n<p><span style=\"font-family: Verdana,Arial,Helvetica,sans-serif; font-size: small;\"><span style=\"font-size: small;\">V<span style=\"font-size: small;\">erbi con l&#8217;ausiliare <a href=\"http:\/\/www.locuta.com\/verbi_essere.html\">essere<\/a><\/span><br \/>\n<\/span><\/span><\/p>\n<p><span style=\"font-family: Verdana,Arial,Helvetica,sans-serif; font-size: small;\">(1) Uso dei <a href=\"http:\/\/www.zanichellibenvenuti.it\/wordpress\/?p=3388\"><span style=\"font-size: small;\">p<\/span>ronomi diretti<\/a> con il passato prossimo<br \/>\n<\/span><\/p>\n<p><span style=\"font-family: Verdana,Arial,Helvetica,sans-serif; font-size: small;\">(2) Completa con i <a href=\"http:\/\/webs.racocatala.cat\/llengua\/it\/pronod06.htm\">pronomi diretti<\/a><\/span><\/p>\n<p><span style=\"font-family: Verdana,Arial,Helvetica,sans-serif; font-size: small;\"><span style=\"font-size: small;\">(3) <a href=\"http:\/\/telelinea.free.fr\/italien\/pronomi-dir.htm\">P<\/a><span style=\"font-size: small;\"><a href=\"http:\/\/telelinea.free.fr\/italien\/pronomi-dir.htm\">ronomi diretti<\/a> con diversi tempi\/modi verbali<\/span><\/span><\/span><\/p>\n<p><span style=\"font-family: Verdana,Arial,Helvetica,sans-serif; font-size: small;\"><span style=\"font-size: small;\"><span style=\"font-size: small;\"><span style=\"font-size: small;\">(4) <a href=\"http:\/\/www.iluss.it\/free_iluss\/elementary_free\/pron_dir_elem_08\/exe1.htm\">Pronomi diretti<\/a> <span style=\"font-size: small;\">livello elementare<\/span><\/span><\/span><\/span><\/span><\/p>\n<p><span style=\"font-family: Verdana,Arial,Helvetica,sans-serif; font-size: small;\"><span style=\"font-size: small;\"><span style=\"font-size: small;\"><span style=\"font-size: small;\"><span style=\"font-size: small;\"><span style=\"font-size: small;\">Per praticare il <a href=\"http:\/\/www.zanichellibenvenuti.it\/wordpress\/?p=4461\">ne<\/a><\/span><\/span><\/span><\/span><\/span><br \/>\n<\/span><\/p>\n<p><span style=\"font-family: Verdana,Arial,Helvetica,sans-serif; font-size: small;\">Ci facciamo due spaghetti? Un&#8217;attivit\u00e0 per praticare (ma non solo) la costruzione<a href=\"http:\/\/www.scudit.net\/mdspaghetti.htm\" target=\"_blank\"> impersonale <\/a><\/span><\/td>\n<\/tr>\n<\/tbody>\n<\/table>\n<table style=\"border-color: #b038e8; background-color: #b038e8;\">\n<tbody>\n<tr>\n<td><span style=\"font-family: Verdana,Arial,Helvetica,sans-serif; font-size: small;\"><b><span style=\"color: #ffffff; font-family: Verdana,Arial,Helvetica,sans-serif; font-size: small;\"><span style=\"font-family: Verdana,Arial,Helvetica,sans-serif; font-size: small;\"><span style=\"color: #ffffff;\">FONETICA E PRONUNCIA<\/span><\/span><\/span><\/b><\/span><\/td>\n<\/tr>\n<tr>\n<td><span style=\"color: #000000; font-family: Verdana,Arial,Helvetica,sans-serif; font-size: small;\">(Disponibile in Aula Informatica)<\/span><\/p>\n<p><span style=\"color: #000000; font-family: Verdana,Arial,Helvetica,sans-serif; font-size: small;\">CD Rom<\/span><span style=\"color: #000000; font-family: Verdana,Arial,Helvetica,sans-serif; font-size: small;\">:<\/span><span style=\"color: #000000; font-family: Verdana,Arial,Helvetica,sans-serif; font-size: small;\"> <i>Pronunciare l&#8217;italiano Corso di pronuncia italiana per stranieri<\/i>, Lidia Costamagna, Edizioni Guerra<\/span><\/p>\n<p><span style=\"color: #000000; font-family: Arial; font-size: small;\">Attivit\u00e0 diverse vengono proposte allo studente, che potr\u00e0 controllare la descrizione di un suono che fa fatica a riprodurre, ascoltare pi\u00f9 volte come viene prodotto, e correggere eventualmente i propri errori di pronuncia.<\/span><\/td>\n<\/tr>\n<\/tbody>\n<\/table>\n<table style=\"border-color: #b038e8; background-color: #b038e8;\">\n<tbody>\n<tr>\n<td><span style=\"font-family: Verdana,Arial,Helvetica,sans-serif; font-size: small;\"><b><span style=\"color: #ffffff; font-family: Verdana,Arial,Helvetica,sans-serif; font-size: small;\"><span style=\"color: #ffffff; font-family: Verdana,Arial,Helvetica,sans-serif; font-size: small;\">ASCOLTO<\/span><\/span><\/b><\/span><\/td>\n<\/tr>\n<tr>\n<td><span style=\"font-family: Verdana,Arial,Helvetica,sans-serif; font-size: small;\">Brevi <a href=\"http:\/\/www.bbc.co.uk\/languages\/italian\/lj\/language_notes\/index.shtml\" target=\"_blank\">ascolti<\/a> in situazione con foto fissa<\/span><\/p>\n<p><span style=\"font-family: Verdana,Arial,Helvetica,sans-serif; font-size: small;\"><a href=\"http:\/\/www.bbc.co.uk\/languages\/italian\/business\/impressions\/index.shtml\" target=\"_blank\">Italian for work<\/a>: Audio con piccoli dialoghi al lavoro: presentazioni, chiamate&#8230;<\/span><\/p>\n<p><a href=\"http:\/\/www.bbc.co.uk\/languages\/italian\/business\/directions\/index.shtml\" target=\"_blank\">It<span style=\"font-family: Verdana,Arial,Helvetica,sans-serif; font-size: small;\">alian for work<\/span><\/a><span style=\"font-family: Verdana,Arial,Helvetica,sans-serif; font-size: small;\">: spostamenti, viaggi, albergo,&#8230;<\/span><\/p>\n<p><span style=\"font-family: Verdana,Arial,Helvetica,sans-serif; font-size: small;\"><a href=\"http:\/\/www.bbc.co.uk\/languages\/italian\/business\/company\/index.shtml\" target=\"_blank\">Italian for work<\/a>: parlare del proprio posto di lavoro, della ditta dove si lavora,&#8230;<\/span><\/p>\n<p><span style=\"font-family: Verdana,Arial,Helvetica,sans-serif; font-size: small;\"><a href=\"http:\/\/www.bbc.co.uk\/languages\/italian\/business\/marketing\/index.shtml\" target=\"_blank\">Italian for works<\/a>: progetti, piani,&#8230;<\/span><\/p>\n<p><span style=\"font-family: Verdana,Arial,Helvetica,sans-serif; font-size: small;\">Ben cinque filmati al <a href=\"http:\/\/langmedia.fivecolleges.edu\/collection\/lm_italy\/it_restaurant.html\" target=\"_blank\">Ristorante<\/a>. Con trascrizione. Ed in pi\u00f9 immagini dal vero: scontrini, insegne, men\u00f9&#8230;<\/span><\/p>\n<p><span style=\"font-family: Verdana,Arial,Helvetica,sans-serif; font-size: small;\">Al<\/span> <span style=\"font-family: Verdana,Arial,Helvetica,sans-serif; font-size: small;\"><a href=\"http:\/\/langmedia.fivecolleges.edu\/collection\/lm_italy\/it_eatingout.html\" target=\"_blank\">Bar<\/a>. Quattro filmati con trascrizione<\/span><\/p>\n<p><span style=\"font-family: Verdana,Arial,Helvetica,sans-serif; font-size: small;\">Lo vuoi, un <a href=\"http:\/\/langmedia.fivecolleges.edu\/collection\/lm_italy\/it_gelato.html\" target=\"_blank\">gelato<\/a>?<\/span><\/p>\n<p><span style=\"font-family: Verdana,Arial,Helvetica,sans-serif; font-size: small;\">Un <a href=\"http:\/\/langmedia.fivecolleges.edu\/collection\/lm_italy\/it_eating.html\" target=\"_blank\">pranzo in famiglia.<\/a><\/span><\/p>\n<p><span style=\"font-family: Verdana,Arial,Helvetica,sans-serif; font-size: small;\"><a href=\"http:\/\/langmedia.fivecolleges.edu\/collection\/lm_italy\/it_greetings.html\" target=\"_blank\">Incontri, <\/a>saluti, notizie sul proprio lavoro&#8230; sei filmati a scelta<\/span><\/p>\n<p><span style=\"font-family: Verdana,Arial,Helvetica,sans-serif; font-size: small;\">Chiedere e dare l&#8217;ora:Che <a href=\"http:\/\/langmedia.fivecolleges.edu\/collection\/lm_italy\/it_time.html\" target=\"_blank\">ore sono?<\/a><\/span><\/p>\n<p><span style=\"font-family: Verdana,Arial,Helvetica,sans-serif; font-size: small;\">Cinque filmati sul <a href=\"http:\/\/langmedia.fivecolleges.edu\/collection\/lm_italy\/it_entertainment.html\" target=\"_blank\">tempo libero<\/a><\/span><\/p>\n<p><span style=\"font-family: Verdana,Arial,Helvetica,sans-serif; font-size: small;\">Ben dieci situazioni: <a href=\"http:\/\/langmedia.fivecolleges.edu\/collection\/lm_italy\/it_directions.html\" target=\"_blank\">Indicazioni stradali<\/a><\/span><\/p>\n<p><span style=\"font-family: Verdana,Arial,Helvetica,sans-serif; font-size: small;\">Fare la spesa al <a href=\"http:\/\/langmedia.fivecolleges.edu\/collection\/lm_italy\/it_foodshopping.html\" target=\"_blank\">Supermercato<\/a><\/span><\/p>\n<p><span style=\"font-family: Verdana,Arial,Helvetica,sans-serif; font-size: small;\">Ancora<a href=\"http:\/\/langmedia.fivecolleges.edu\/collection\/lm_italy\/it_shopping.html\" target=\"_blank\"> Alimentari<\/a>: in salumeria, dal pescivendolo, al forno&#8230;<\/span><\/p>\n<p><span style=\"font-family: Verdana,Arial,Helvetica,sans-serif; font-size: small;\">Ancora spese: <a href=\"http:\/\/langmedia.fivecolleges.edu\/collection\/lm_italy\/it_markets.html\" target=\"_blank\">Mercati all&#8217;aperto<\/a><\/span><\/p>\n<p><span style=\"font-family: Verdana,Arial,Helvetica,sans-serif; font-size: small;\">In<\/span> <span style=\"font-family: Verdana,Arial,Helvetica,sans-serif; font-size: small;\"><a href=\"http:\/\/langmedia.fivecolleges.edu\/collection\/lm_italy\/it_lodging.html\" target=\"_blank\">Albergo<\/a>: Otto dialoghi per prenotare una stanza<\/span><\/p>\n<p><span style=\"font-family: Verdana,Arial,Helvetica,sans-serif; font-size: small;\">Comprare scarpe, vestiti ed altri capi d<a href=\"http:\/\/langmedia.fivecolleges.edu\/collection\/lm_italy\/it_clothes.html\" target=\"_blank\">&#8216;Abbigliamento<\/a>. Quattro filmati<\/span><\/p>\n<p><span style=\"font-family: Verdana,Arial,Helvetica,sans-serif; font-size: small;\">Accompagna <a href=\"http:\/\/www.oneworlditaliano.com\/youtube-in-italiano\/esercizio-youtube-Amelie.aspx\">Am\u00e9lie<\/a> al mercato! (negozi, ecc.) Con domande da compilare.<\/span><\/p>\n<p><span style=\"font-family: Verdana,Arial,Helvetica,sans-serif; font-size: small;\">Vuoi ascoltare un mucchio di <a href=\"http:\/\/videoclipitalia.blogspot.com\/\">CANZONI<\/a> (con le parole)? <\/span><\/td>\n<\/tr>\n<\/tbody>\n<\/table>\n<table style=\"border-color: #b038e8; background-color: #b038e8;\">\n<tbody>\n<tr>\n<td><span style=\"font-family: Verdana,Arial,Helvetica,sans-serif; font-size: small;\"><b><span style=\"color: #ffffff; font-family: Verdana,Arial,Helvetica,sans-serif; font-size: small;\"><span style=\"font-family: Verdana,Arial,Helvetica,sans-serif; font-size: small;\"><span style=\"color: #ffffff;\">LETTURA<\/span><\/span><\/span><\/b><\/span><\/td>\n<\/tr>\n<tr>\n<td><span style=\"color: #000000; font-family: Verdana,Arial,Helvetica,sans-serif; font-size: small;\">NON SOLO LETTURA (video, audio, sorprese&#8230;) Sono gi\u00e0 diversi i <a href=\"http:\/\/italiaeoisagunt.blogspot.com\/\" target=\"_blank\">Blog per studenti d&#8217;italiano<\/a>.<\/span><\/p>\n<p><span style=\"color: #000000; font-family: Verdana,Arial,Helvetica,sans-serif; font-size: small;\">Da leggere tutti i giorni! Il primo, el blog dell&#8217;EOI di Sagunt. L\u00ec ne troverete ALTRI!<\/span><br \/>\n<span style=\"font-family: Verdana,Arial,Helvetica,sans-serif; font-size: small;\">Vuoi ridere un po&#8217;? Eccoti delle <a href=\"http:\/\/italian.about.com\/library\/fare\/blfareindex04.htm\" target=\"_blank\">barzellette<\/a><\/span><\/p>\n<p><span style=\"font-family: Verdana,Arial,Helvetica,sans-serif; font-size: small;\">Vuoi leggere ( e imparare a scrivere) delle <a href=\"http:\/\/www.cartoline.it\/compleanno_auguri1.htm\" target=\"_blank\">cartoline di auguri<\/a>?<\/span><\/p>\n<p><span style=\"font-family: Verdana,Arial,Helvetica,sans-serif; font-size: small;\">Ha<\/span><span style=\"font-family: Verdana,Arial,Helvetica,sans-serif; font-size: small;\">i mai pensato a stabilire un <a href=\"http:\/\/venus.unive.it\/italslab\/quattropassi\/lbanco.htm\" target=\"_blank\">dialogo<\/a> col Bancomat (Stefano Benni)<\/span><\/p>\n<p><span style=\"font-family: Verdana,Arial,Helvetica,sans-serif; font-size: small;\">Un link sul <a href=\"http:\/\/www.filastrocche.it\/auguridinatale\/natale\/natale.asp\" target=\"_blank\">Natale:<\/a> regali, cucina, canzoni&#8230;<\/span><\/p>\n<p><span style=\"font-family: Verdana,Arial,Helvetica,sans-serif; font-size: small;\">Ti va di leggere una<a href=\"http:\/\/venus.unive.it\/italslab\/quattropassi\/lfegato.htm\" target=\"_blank\"> ricetta<\/a>? Fegato alla veneziana<\/span><\/p>\n<p><span style=\"font-family: Verdana,Arial,Helvetica,sans-serif; font-size: small;\">Un&#8217;altra<a href=\"http:\/\/venus.unive.it\/italslab\/quattropassi\/risi.htm\" target=\"_blank\"> ricetta:<\/a> &#8220;riso e bisi&#8221;, risotto coi piselli stile veneto<\/span><\/p>\n<p><span style=\"font-family: Verdana,Arial,Helvetica,sans-serif; font-size: small;\">Ed ancora un&#8217;altra: spaghetti alla carbonara. Con il <a href=\"http:\/\/www.scudit.net\/mdspaghetti.htm\" target=\"_blank\">SI impersonale<\/a><\/span><\/p>\n<p><span style=\"font-family: Verdana,Arial,Helvetica,sans-serif; font-size: small;\">Vuoi sapere qualcosa in pi\u00f9 su <a href=\"http:\/\/www.bbc.co.uk\/languages\/italian\/journey\/2venice_laguna_it.rtf\" target=\"_blank\">Venezia<\/a>?<\/span><\/p>\n<p>&nbsp;<\/td>\n<\/tr>\n<\/tbody>\n<\/table>\n<table style=\"border-color: #b038e8; background-color: #b038e8;\">\n<tbody>\n<tr>\n<td><span style=\"font-family: Verdana,Arial,Helvetica,sans-serif; font-size: small;\"><b><span style=\"color: #ffffff; font-family: Verdana,Arial,Helvetica,sans-serif; font-size: small;\"><span style=\"font-family: Verdana,Arial,Helvetica,sans-serif; font-size: small;\"><span style=\"color: #ffffff;\">SCRITTURA<\/span><\/span><\/span><\/b><\/span><\/td>\n<\/tr>\n<tr>\n<td><br style=\"font-family: verdana,geneva; font-size: small;\" \/><span style=\"color: #000066; font-family: Comic Sans MS; font-size: medium;\"><a href=\"http:\/\/www.slf.ruhr-uni-bochum.de\/email\/stats-esp.html\" target=\"_blank\"><span style=\"color: #6d325e; font-family: Verdana,Arial,Helvetica,sans-serif; font-size: small;\">Interscambio linguistico tandem.<\/span><\/a><span style=\"font-family: Verdana,Arial,Helvetica,sans-serif; font-size: small;\"> <span style=\"color: #000000;\">Grazie all&#8217;interscambio potrai praticare <\/span><\/span><\/span><span style=\"color: #000000; font-family: Verdana,Arial,Helvetica,sans-serif; font-size: small;\">in una situazione di vita reale<\/span><br \/>\n<span style=\"font-family: Verdana,Arial,Helvetica,sans-serif; font-size: small;\"><a href=\"http:\/\/www.italian.ucla.edu\/activities\/attivita6pizzeria.html\" target=\"_blank\">In pizzeria:<\/a> un&#8217;attivit\u00e0 che devi fare partendo dalla web di una catena di pizzerie<\/span><\/p>\n<p><span style=\"font-family: Verdana,Arial,Helvetica,sans-serif; font-size: small;\">Una pagina che scrive per te: <a href=\"http:\/\/www.manuscritto.it\/\" target=\"_blank\">Manuscritto<\/a><\/span><\/td>\n<\/tr>\n<\/tbody>\n<\/table>\n<table style=\"border-color: #b038e8; background-color: #b038e8;\">\n<tbody>\n<tr>\n<td><span style=\"font-family: Verdana,Arial,Helvetica,sans-serif; font-size: small;\"><b><span style=\"color: #ffffff;\">CULTURA<\/span><\/b><\/span><\/td>\n<\/tr>\n<tr>\n<td><span style=\"font-family: Verdana,Arial,Helvetica,sans-serif; font-size: small;\"><a href=\"http:\/\/italian.about.com\/library\/handgestures\/blgesturesindex.htm\" target=\"_blank\">Gestualit\u00e0<\/a> italiana (Disegnini da guardare)<\/span><\/p>\n<p><span style=\"font-family: Verdana,Arial,Helvetica,sans-serif; font-size: small;\"><a href=\"http:\/\/www.scudit.net\/mdgesti.htm\"><span style=\"font-size: small;\">Gesti<\/span><\/a><\/span><\/td>\n<\/tr>\n<\/tbody>\n<\/table>\n<p>&nbsp;<\/p>\n","protected":false},"excerpt":{"rendered":"<p>&nbsp; LESSICO Mestieri, professioni, una lista su Wikipedia Vuoi fare un piccolo quiz? Clicca!Lessico dei capi d&#8217;abbigliamento. Con foto! A tavola! Un esercizio di lessico per apparecchiare Lessico del cibo. Misura la tua bravura! La famiglia: possessivi ed altro Ancora famiglia: altri esercizi &#8230; divertenti! Misura la tua bravura! Misura la tua bravura: le ore [&hellip;]<\/p>\n","protected":false},"author":1,"featured_media":0,"parent":8673,"menu_order":1,"comment_status":"closed","ping_status":"closed","template":"page-templates\/side-menu.php","meta":{"_bbp_topic_count":0,"_bbp_reply_count":0,"_bbp_total_topic_count":0,"_bbp_total_reply_count":0,"_bbp_voice_count":0,"_bbp_anonymous_reply_count":0,"_bbp_topic_count_hidden":0,"_bbp_reply_count_hidden":0,"_bbp_forum_subforum_count":0,"site-sidebar-layout":"default","site-content-layout":"","ast-site-content-layout":"","site-content-style":"default","site-sidebar-style":"default","ast-global-header-display":"","ast-banner-title-visibility":"","ast-main-header-display":"","ast-hfb-above-header-display":"","ast-hfb-below-header-display":"","ast-hfb-mobile-header-display":"","site-post-title":"","ast-breadcrumbs-content":"","ast-featured-img":"","footer-sml-layout":"","theme-transparent-header-meta":"","adv-header-id-meta":"","stick-header-meta":"","header-above-stick-meta":"","header-main-stick-meta":"","header-below-stick-meta":"","astra-migrate-meta-layouts":"default","ast-page-background-enabled":"default","ast-page-background-meta":{"desktop":{"background-color":"var(--ast-global-color-4)","background-image":"","background-repeat":"repeat","background-position":"center center","background-size":"auto","background-attachment":"scroll","background-type":"","background-media":"","overlay-type":"","overlay-color":"","overlay-opacity":"","overlay-gradient":""},"tablet":{"background-color":"","background-image":"","background-repeat":"repeat","background-position":"center center","background-size":"auto","background-attachment":"scroll","background-type":"","background-media":"","overlay-type":"","overlay-color":"","overlay-opacity":"","overlay-gradient":""},"mobile":{"background-color":"","background-image":"","background-repeat":"repeat","background-position":"center center","background-size":"auto","background-attachment":"scroll","background-type":"","background-media":"","overlay-type":"","overlay-color":"","overlay-opacity":"","overlay-gradient":""}},"ast-content-background-meta":{"desktop":{"background-color":"var(--ast-global-color-5)","background-image":"","background-repeat":"repeat","background-position":"center center","background-size":"auto","background-attachment":"scroll","background-type":"","background-media":"","overlay-type":"","overlay-color":"","overlay-opacity":"","overlay-gradient":""},"tablet":{"background-color":"var(--ast-global-color-5)","background-image":"","background-repeat":"repeat","background-position":"center center","background-size":"auto","background-attachment":"scroll","background-type":"","background-media":"","overlay-type":"","overlay-color":"","overlay-opacity":"","overlay-gradient":""},"mobile":{"background-color":"var(--ast-global-color-5)","background-image":"","background-repeat":"repeat","background-position":"center center","background-size":"auto","background-attachment":"scroll","background-type":"","background-media":"","overlay-type":"","overlay-color":"","overlay-opacity":"","overlay-gradient":""}},"footnotes":""},"class_list":["post-9102","page","type-page","status-publish","hentry"],"post_mailing_queue_ids":[],"_links":{"self":[{"href":"https:\/\/agora-eoi.xtec.cat\/eoiesplugues\/wp-json\/wp\/v2\/pages\/9102","targetHints":{"allow":["GET"]}}],"collection":[{"href":"https:\/\/agora-eoi.xtec.cat\/eoiesplugues\/wp-json\/wp\/v2\/pages"}],"about":[{"href":"https:\/\/agora-eoi.xtec.cat\/eoiesplugues\/wp-json\/wp\/v2\/types\/page"}],"author":[{"embeddable":true,"href":"https:\/\/agora-eoi.xtec.cat\/eoiesplugues\/wp-json\/wp\/v2\/users\/1"}],"replies":[{"embeddable":true,"href":"https:\/\/agora-eoi.xtec.cat\/eoiesplugues\/wp-json\/wp\/v2\/comments?post=9102"}],"version-history":[{"count":3,"href":"https:\/\/agora-eoi.xtec.cat\/eoiesplugues\/wp-json\/wp\/v2\/pages\/9102\/revisions"}],"predecessor-version":[{"id":9206,"href":"https:\/\/agora-eoi.xtec.cat\/eoiesplugues\/wp-json\/wp\/v2\/pages\/9102\/revisions\/9206"}],"up":[{"embeddable":true,"href":"https:\/\/agora-eoi.xtec.cat\/eoiesplugues\/wp-json\/wp\/v2\/pages\/8673"}],"wp:attachment":[{"href":"https:\/\/agora-eoi.xtec.cat\/eoiesplugues\/wp-json\/wp\/v2\/media?parent=9102"}],"curies":[{"name":"wp","href":"https:\/\/api.w.org\/{rel}","templated":true}]}}