{"id":9096,"date":"2017-03-12T22:05:56","date_gmt":"2017-03-12T21:05:56","guid":{"rendered":"http:\/\/agora-eoi.xtec.cat\/eoiesplugues\/?page_id=9096"},"modified":"2017-04-05T16:26:15","modified_gmt":"2017-04-05T14:26:15","slug":"francais-niveau-5","status":"publish","type":"page","link":"https:\/\/agora-eoi.xtec.cat\/eoiesplugues\/frances\/recursos-dautoaprenentatge\/francais-niveau-5\/","title":{"rendered":"Fran\u00e7ais: niveau 5"},"content":{"rendered":"<p><a href=\"http:\/\/agora-eoi.xtec.cat\/eoiesplugues\/wp-content\/uploads\/usu2243\/2017\/03\/BanFrancia92.jpg\"><img loading=\"lazy\" decoding=\"async\" class=\"alignnone size-full wp-image-9084\" src=\"http:\/\/agora-eoi.xtec.cat\/eoiesplugues\/wp-content\/uploads\/usu2243\/2017\/03\/BanFrancia92.jpg\" alt=\"banfrancia92\" width=\"92\" height=\"92\" \/><\/a><\/p>\n<table style=\"border-color: #b038e8; background-color: #b038e8;\">\n<tbody>\n<tr>\n<td><span style=\"font-family: Verdana,Arial,Helvetica,sans-serif; font-size: small;\"><b><span style=\"color: #ffffff; font-family: Verdana,Arial,Helvetica,sans-serif; font-size: small;\">GRAMMAIRE<\/span><\/b><\/span><\/td>\n<\/tr>\n<tr>\n<td><strong>Discours indirect <\/strong><\/p>\n<p><a href=\"http:\/\/www.polarfle.com\/exercice\/avindisrapp2.htm\">discours indirect 2, r\u00e8gles de concordances des temps et exercices<\/a><\/p>\n<p><a href=\"http:\/\/www.polarfle.com\/exercice\/avindisrapp.htm\">r\u00e8gles, verbes introducteur, exercices<\/a><\/p>\n<p><strong>Expression du temps<\/strong><\/p>\n<p><a href=\"http:\/\/www.lepointdufle.net\/p\/relationslogiques.htm#succ\">r\u00e9vison des connecteurs de temps et exercices<\/a><\/p>\n<p><strong>Futur ant\u00e9rieur <\/strong><\/p>\n<p><a href=\"http:\/\/www.polarfle.com\/exercice\/interfutant.htm\">r\u00e8gle et exercices<\/a><\/p>\n<p><a href=\"http:\/\/www.polarfle.com\/exercice\/avhypo2.htm\">Hypoth\u00e8se 2 y 3 <strong>: r\u00e8gle et exercices<\/strong><\/a><\/p>\n<p><strong>LIENS LOGIQUES <\/strong><\/p>\n<p><strong>cons\u00e9quence <\/strong><\/p>\n<p><a href=\"http:\/\/www.connectigramme.com\/connecteurs.html\/consequence.htm\">expression de la cons\u00e9quence et exercices<\/a><\/p>\n<p><strong>cause <\/strong><\/p>\n<p><a href=\"http:\/\/la-conjugaison.nouvelobs.com\/fle\/exprimer-la-cause-76.php\">expression de la cause et exercices<\/a><\/p>\n<p><strong>finalit\u00e9 <\/strong><\/p>\n<p><a href=\"http:\/\/www.bonjourdefrance.com\/exercices\/contenu\/consequence-ou-but.html\">expression de la finalit\u00e9 et exercices<\/a><\/p>\n<p><strong>opposition <\/strong><\/p>\n<p><a href=\"http:\/\/www.lefrancaispourtous.com\/concession1.htm\">expression de l&#8217;opposition et exercices<\/a><\/p>\n<p><strong>Participe pr\u00e9sent <\/strong><\/p>\n<p><a href=\"http:\/\/www.polarfle.com\/exercice\/avpartpres.htm\">r\u00e8gle et exercice <\/a><br \/>\n<strong>Subjonctif <\/strong><\/p>\n<p><a href=\"http:\/\/www.polarfle.com\/exercice\/avsubj.htm\">rappel formation et certains emplois , suivi d&#8217;exercices<\/a><\/p>\n<p><a href=\"http:\/\/www.polarfle.com\/exercice\/avsubjinf.htm\">subjonctif ou infinitif <\/a><\/p>\n<p><a href=\"http:\/\/www.polarfle.com\/exercice\/avsubjind.htm\">subjonctif ou indicatif : r\u00e8gle et exercices<\/a><\/td>\n<\/tr>\n<\/tbody>\n<\/table>\n<table style=\"border-color: #b038e8; background-color: #b038e8;\">\n<tbody>\n<tr>\n<td><span style=\"font-family: Verdana,Arial,Helvetica,sans-serif; font-size: small;\"><b><span style=\"color: #ffffff;\">LEXIQUE<\/span><\/b><\/span><\/td>\n<\/tr>\n<tr>\n<td><b><span style=\"font-family: Verdana,Arial,Helvetica,sans-serif; font-size: small;\">Expressions idiomatiques <\/span><\/b><\/p>\n<p><span style=\"font-family: Verdana,Arial,Helvetica,sans-serif; font-size: small;\"><a href=\"http:\/\/www.bonjourdefrance.com\/expressions-idiomatiques\/exercices-avance\" target=\"_blank\">explications de l&#8217;origine d&#8217;expressions francophones<\/a><\/span><\/p>\n<p><span style=\"font-family: Verdana,Arial,Helvetica,sans-serif; font-size: small;\"><b>Mots-phrases historiques <\/b><\/span><\/p>\n<p><a href=\"http:\/\/www.topito.com\/top-personnages-historiques-preferes-francais\">les personnages cl\u00e9 de l&#8217;histoire de France<\/a><\/p>\n<p><span style=\"font-family: Verdana,Arial,Helvetica,sans-serif; font-size: small;\"><a href=\"http:\/\/www.cndp.fr\/crdp-creteil\/telemaque\/comite\/mythologie-expressions.htm\" target=\"_blank\">expressions issues de la mythologie grecque<\/a><\/span><\/p>\n<p><span style=\"font-family: Verdana,Arial,Helvetica,sans-serif; font-size: small;\"><b>peinture <\/b><\/span><\/p>\n<p><span style=\"font-family: Verdana,Arial,Helvetica,sans-serif; font-size: small;\"><a href=\"http:\/\/www.bonjourdefrance.com\/vocabulaire-francais\/exercices-avance\" target=\"_blank\">lexique <\/a><\/span><\/p>\n<p><b><span style=\"font-family: Verdana,Arial,Helvetica,sans-serif; font-size: small;\">politique<\/span><\/b><\/p>\n<p><span style=\"font-family: Verdana,Arial,Helvetica,sans-serif; font-size: small;\"><a href=\"http:\/\/cr.middlebury.edu\/public\/french\/Lexique\/politique\/pol_mainpage.html\" target=\"_blank\">politique et soci\u00e9t\u00e9<\/a><\/span><\/p>\n<p><span style=\"font-family: Verdana,Arial,Helvetica,sans-serif; font-size: small;\"><b>Proverbes <\/b><\/span><\/p>\n<p><span style=\"font-family: Verdana,Arial,Helvetica,sans-serif; font-size: small;\"><a href=\"http:\/\/www.proverbes-citations.com\/accueil.htm\" target=\"_blank\">pages de proverbes et citations<\/a><\/span><\/p>\n<p><span style=\"font-family: Verdana,Arial,Helvetica,sans-serif; font-size: small;\"><b>Sport <\/b><\/span><\/p>\n<p><span style=\"font-family: Verdana,Arial,Helvetica,sans-serif; font-size: small;\"><a href=\"http:\/\/www.epsidoc.net\/eps.htm\" target=\"_blank\"><span style=\"font-family: Verdana,Arial,Helvetica,sans-serif; font-size: small;\">grande page de vocabulaire classifi\u00e9e par sports<\/span><\/a><\/span><\/p>\n<p><span style=\"font-family: Verdana,Arial,Helvetica,sans-serif; font-size: small;\"><b>Vin<\/b><\/span><\/p>\n<p><span style=\"font-family: Verdana,Arial,Helvetica,sans-serif; font-size: small;\"><a href=\"http:\/\/www.reussirmavie.net\/Faire-les-vendanges-ou-et-quand_a206.html\" target=\"_blank\">Coutumes en septembre : activit\u00e9s autour des vendanges<\/a><\/span><\/td>\n<\/tr>\n<\/tbody>\n<\/table>\n<table style=\"border-color: #b038e8; background-color: #b038e8;\">\n<tbody>\n<tr>\n<td><span style=\"font-family: Verdana,Arial,Helvetica,sans-serif; font-size: small;\"><b><span style=\"color: #ffffff;\"><span style=\"color: #ffffff; font-family: Verdana,Arial,Helvetica,sans-serif; font-size: small;\">PRONONCIATION<\/span><\/span><\/b><\/span><\/td>\n<\/tr>\n<tr>\n<td><b><span style=\"font-family: Verdana,Arial,Helvetica,sans-serif; font-size: small;\">Dict\u00e9es phon\u00e9tiques<\/span><\/b><\/p>\n<p><span style=\"font-family: Verdana,Arial,Helvetica,sans-serif; font-size: small;\"><a href=\"http:\/\/www3.unileon.es\/dp\/dfm\/flenet\/courstourdumonde\/phonActivites.html#dictees\" target=\"_blank\">dict\u00e9es autocorrectives sur diff\u00e9rents sons<\/a><\/span><\/p>\n<p><span style=\"font-family: Verdana,Arial,Helvetica,sans-serif; font-size: small;\"><a href=\"http:\/\/www3.unileon.es\/dp\/dfm\/flenet\/courstourdumonde\/phonActivites.html#exercicesphonemes\" target=\"_blank\">exercices autocorrectifs sur les sons<\/a><\/span><\/p>\n<p><span style=\"font-family: Verdana,Arial,Helvetica,sans-serif; font-size: small;\"><b>Jeux phon\u00e9tiques <\/b><\/span><\/p>\n<p><span style=\"font-family: Verdana,Arial,Helvetica,sans-serif; font-size: small;\"><a href=\"http:\/\/www3.unileon.es\/dp\/dfm\/flenet\/phon\/jeux\/virelangues.html\" target=\"_blank\">jeux de mots, virelangues, activit\u00e9s de correction phon\u00e9tique<\/a><\/span><\/p>\n<p><span style=\"font-family: Verdana,Arial,Helvetica,sans-serif; font-size: small;\"><b>Sons du fran\u00e7ais <\/b><\/span><\/p>\n<p><span style=\"font-family: Verdana,Arial,Helvetica,sans-serif; font-size: small;\"><a href=\"http:\/\/www3.unileon.es\/dp\/dfm\/flenet\/courstourdumonde\/phonetique.htm#sons\/graphies\" target=\"_blank\">sons et graphies <\/a><\/span><\/p>\n<p><span style=\"font-family: Verdana,Arial,Helvetica,sans-serif; font-size: small;\"><a href=\"http:\/\/www3.unileon.es\/dp\/dfm\/flenet\/phon\/indexphon.html\" target=\"_blank\">phon\u00e9tique fran\u00e7aise <\/a><\/span><\/p>\n<p><span style=\"font-family: Verdana,Arial,Helvetica,sans-serif; font-size: small;\"><a href=\"http:\/\/www.hku.hk\/french\/starters\/fonetik\/fiche02web.htm\" target=\"_blank\">Voyelles et semi-voyelles<\/a><\/span><\/td>\n<\/tr>\n<\/tbody>\n<\/table>\n<table style=\"border-color: #b038e8; background-color: #b038e8;\">\n<tbody>\n<tr>\n<td><span style=\"font-family: Verdana,Arial,Helvetica,sans-serif; font-size: small;\"><span style=\"color: #ffffff; font-family: Verdana,Arial,Helvetica,sans-serif; font-size: small;\"><b>COMPR\u00c9HENSION ORALE<br \/>\n<\/b><\/span><\/span><\/td>\n<\/tr>\n<tr>\n<td><b><span style=\"font-family: Verdana,Arial,Helvetica,sans-serif; font-size: small;\">Contes<\/span><\/b><\/p>\n<p><span style=\"font-family: Verdana,Arial,Helvetica,sans-serif; font-size: small;\"><a href=\"http:\/\/www.lepointdufle.net\/p\/contes.htm\" target=\"_blank\">\u00e9couter un conte et prise de notes pour le retransmettre<\/a><\/span><\/p>\n<p><span style=\"font-family: Verdana,Arial,Helvetica,sans-serif; font-size: small;\"><b>L<\/b><\/span><b><span style=\"font-family: Verdana,Arial,Helvetica,sans-serif; font-size: small;\">itt\u00e9rature <\/span><\/b><\/p>\n<p><span style=\"font-family: Verdana,Arial,Helvetica,sans-serif; font-size: small;\"><a href=\"http:\/\/www.audiocite.net\/livres-audio-gratuits-poesies\/\" target=\"_blank\">anthologie sonore de po\u00e9sies fran\u00e7aises<\/a><\/span><\/p>\n<p><span style=\"font-family: Verdana,Arial,Helvetica,sans-serif; font-size: small;\"><a href=\"http:\/\/www3.unileon.es\/dp\/dfm\/flenet\/docauteurs.html\" target=\"_blank\">auteurs, \u00e9crivains francophones en audio et vid\u00e9o, textes lus, critiques<\/a><\/span><\/p>\n<p><span style=\"font-family: Verdana,Arial,Helvetica,sans-serif; font-size: small;\"><a href=\"http:\/\/flenet.rediris.es\/videos\/textes2.html\" target=\"_blank\">extraits de textes litt\u00e9raires avec transcription \u00e9crite : association \u00e9crit-oral, prononciation.<\/a><\/span><\/p>\n<p><span style=\"font-family: Verdana,Arial,Helvetica,sans-serif; font-size: small;\"><a href=\"http:\/\/peinturefle.free.fr\/activite\/lafontaine.htm\" target=\"_blank\">fable du Corbeau et du renard<\/a><\/span><\/p>\n<p><span style=\"font-family: Verdana,Arial,Helvetica,sans-serif; font-size: small;\"><a href=\"http:\/\/www.audiocite.net\/livres-audio-gratuits-nouvelles\/\" target=\"_blank\">nouvelles audio <\/a><\/span><\/p>\n<p><span style=\"font-family: Verdana,Arial,Helvetica,sans-serif; font-size: small;\"><a href=\"http:\/\/www.bonnesnouvelles.net\/\" target=\"_blank\">nouvelles litt\u00e9raires lues pour voyants et non voyant<\/a><\/span><\/p>\n<p><span style=\"font-family: Verdana,Arial,Helvetica,sans-serif; font-size: small;\"><a href=\"http:\/\/www.poesie.net\/voix.htm\" target=\"_blank\">po\u00e8mes diverses <\/a><\/span><\/p>\n<p><span style=\"font-family: Verdana,Arial,Helvetica,sans-serif; font-size: small;\"><a href=\"http:\/\/savoirs.rfi.fr\/fr\/recherche\/rubrique\/apprendre\/editorial\/questionnaire\">RFI Soci\u00e9t\u00e9 radio on line<\/a><br \/>\n<\/span><\/p>\n<p><span style=\"font-family: Verdana,Arial,Helvetica,sans-serif; font-size: small;\"><b>Polars<\/b><\/span><\/p>\n<p><span style=\"font-family: Verdana,Arial,Helvetica,sans-serif; font-size: small;\"><a href=\"http:\/\/www.litteratureaudio.com\/livres-audio-gratuits-mp3\/categorie\/policiers\" target=\"_blank\">les enqu\u00eates de l&#8217;inspecteur Laval<\/a><\/span><\/td>\n<\/tr>\n<\/tbody>\n<\/table>\n<table style=\"border-color: #b038e8; background-color: #b038e8;\">\n<tbody>\n<tr>\n<td><span style=\"font-family: Verdana,Arial,Helvetica,sans-serif; font-size: small;\"><span style=\"color: #ffffff; font-family: Verdana,Arial,Helvetica,sans-serif; font-size: small;\"><b>COMPR\u00c9HENSION\u00a0\u00c9CRITE<br \/>\n<\/b><\/span><\/span><\/td>\n<\/tr>\n<tr>\n<td><span style=\"font-family: Verdana,Arial,Helvetica,sans-serif; font-size: small;\"><b>Astronomie <\/b><\/span><\/p>\n<p><span style=\"font-family: Verdana,Arial,Helvetica,sans-serif; font-size: small;\"><a href=\"http:\/\/www.ens-lyon.fr\/RELIE\/Cadrans\/activpedago\/TextesCours\/WebAstroAntique\/Astrogrecque.htm\" target=\"_blank\">astronomie dans l&#8217;antiquit\u00e9<\/a><\/span><\/p>\n<p><span style=\"font-family: Verdana,Arial,Helvetica,sans-serif; font-size: small;\"><a href=\"http:\/\/www.astropolis.fr\/articles\/articles.html\" target=\"_blank\">diff\u00e9rents articles sur l&#8217;astronomie<\/a><\/span><\/p>\n<p><b><span style=\"font-family: Verdana,Arial,Helvetica,sans-serif; font-size: small;\">Contes <\/span><\/b><\/p>\n<p><span style=\"font-family: Verdana,Arial,Helvetica,sans-serif; font-size: small;\"><a href=\"https:\/\/www.iletaitunehistoire.com\/genres\/contes-legendes\" target=\"_blank\">pages avec adresses web de contes de tous pays<\/a><\/span><\/p>\n<p><b><span style=\"font-family: Verdana,Arial,Helvetica,sans-serif; font-size: small;\">Divers<\/span><\/b><\/p>\n<p><span style=\"font-family: Verdana,Arial,Helvetica,sans-serif; font-size: small;\"><a href=\"http:\/\/www.bonjourdefrance.com\/index\/indexappav.htm\" target=\"_blank\">grandes pages de textes \u00e9crits sur tous th\u00e8mes avec exploitation de compr\u00e9hension \u00e9crite et discussion pour niveaux interm\u00e9diaires et avanc\u00e9s<\/a><\/span><\/p>\n<p><span style=\"font-family: Verdana,Arial,Helvetica,sans-serif; font-size: small;\"><b>\u00c9cologie<\/b><\/span><\/p>\n<p><span style=\"font-family: Verdana,Arial,Helvetica,sans-serif; font-size: small;\"><a href=\"http:\/\/prof-de-francais.forumactif.com\/t1852-textes-sur-l-environnement\">\u00e9mission de Co2 : danger<\/a><\/span><\/p>\n<p><span style=\"font-family: Verdana,Arial,Helvetica,sans-serif; font-size: small;\"><a href=\"http:\/\/raffa.grandmenage.info\/\" target=\"_blank\">Le blog de Rafa, : tout ce qu&#8217;on peut faire chez soi pour l&#8217;environnement<\/a><\/span><\/p>\n<p><span style=\"font-family: Verdana,Arial,Helvetica,sans-serif; font-size: small;\"><b>Histoire <\/b><\/span><\/p>\n<p><span style=\"font-family: Verdana,Arial,Helvetica,sans-serif; font-size: small;\"><a href=\"http:\/\/www.histoire-immigration.fr\/\" target=\"_blank\">histoire de l&#8217;immigration en France<\/a><\/span><\/p>\n<p><b><span style=\"font-family: Verdana,Arial,Helvetica,sans-serif; font-size: small;\">Litt\u00e9rature <\/span><\/b><\/p>\n<p><span style=\"font-family: Georgia,Times New Roman,Times,serif; font-size: small;\"><a href=\"http:\/\/www.litteratureaudio.com\/\" target=\"_blank\"><span style=\"font-family: Verdana,Arial,Helvetica,sans-serif;\">Transcription de nouvelles lues<\/span><\/a><\/span><\/p>\n<p><b><span style=\"font-family: Verdana,Arial,Helvetica,sans-serif; font-size: small;\">Monuments<\/span><\/b><\/p>\n<p><span style=\"font-family: Verdana,Arial,Helvetica,sans-serif; font-size: small;\"><a href=\"http:\/\/loire-chateaux.org\/\" target=\"_blank\">Ch\u00e2teaux de la Loire : exercices \u00e0 trous, histoires, situations, images.<\/a><\/span><\/p>\n<p><span style=\"font-family: Verdana,Arial,Helvetica,sans-serif; font-size: small;\"><b>R\u00e9cits<\/b><\/span><\/p>\n<p><span style=\"font-family: Verdana,Arial,Helvetica,sans-serif; font-size: small;\"><a href=\"http:\/\/lexiquefle.free.fr\/texte.html\" target=\"_blank\">exercices \u00e0 trous sur les temps du pass\u00e9 ( pass\u00e9 simple, imparfait, plus que parfait)<\/a><\/span><\/p>\n<p><b><span style=\"font-family: Verdana,Arial,Helvetica,sans-serif; font-size: small;\">Sociologie <\/span><\/b><\/p>\n<p><span style=\"font-family: Verdana,Arial,Helvetica,sans-serif; font-size: small;\"><a href=\"http:\/\/www.toupie.org\/Dictionnaire\/Parite.htm\" target=\"_blank\">la parit\u00e9 homme-femme<\/a><\/span><\/p>\n<p><span style=\"font-family: Verdana,Arial,Helvetica,sans-serif; font-size: small;\"><a href=\"https:\/\/www.actu-environnement.com\/ae\/news\/enquete_UNEP_2009_JARDINS_6778.php4\" target=\"_blank\">les Fran\u00e7ais et les jardins<\/a><\/span><\/td>\n<\/tr>\n<\/tbody>\n<\/table>\n<table style=\"border-color: #b038e8; background-color: #b038e8;\">\n<tbody>\n<tr>\n<td><span style=\"font-family: Verdana,Arial,Helvetica,sans-serif; font-size: small;\"><span style=\"color: #ffffff; font-family: Verdana,Arial,Helvetica,sans-serif; font-size: small;\"><b>EXPRESSION \u00c9CRITE<\/b><\/span><\/span><\/td>\n<\/tr>\n<tr>\n<td><span style=\"font-family: Verdana,Arial,Helvetica,sans-serif; font-size: small;\"><b>Ponctuation<\/b><\/span><\/p>\n<p><span style=\"font-family: Verdana,Arial,Helvetica,sans-serif; font-size: small;\"><a href=\"http:\/\/fr.tsedryk.ca\/grammaire\/redaction\/les_signes_de_ponctuation.htm\" target=\"_blank\">explication sur les diff\u00e9rents signes de ponctuation : virgules, point de suspension, point virgule, etc.<\/a><\/span><\/td>\n<\/tr>\n<\/tbody>\n<\/table>\n<table style=\"border-color: #b038e8; background-color: #b038e8;\">\n<tbody>\n<tr>\n<td style=\"width: 120.917px;\"><span style=\"font-family: Verdana,Arial,Helvetica,sans-serif; font-size: small;\"><span style=\"color: #ffffff; font-family: Verdana,Arial,Helvetica,sans-serif; font-size: small;\"><b><span style=\"color: #ffffff;\">RADIO \/ TELE<\/span><\/b><\/span><\/span><\/td>\n<\/tr>\n<tr>\n<td style=\"width: 120.917px;\"><a href=\"http:\/\/www.tv5monde.com\/\">\u00a0tv5<\/a><\/p>\n<p><a href=\"http:\/\/www.france2.fr\/\">France 2<\/a><\/p>\n<p><a href=\"http:\/\/www.arte.tv\/fr\">Arte<\/a><\/p>\n<p><a href=\"https:\/\/www.franceculture.fr\/\">France culture<\/a><\/p>\n<p><a href=\"http:\/\/www.francetvinfo.fr\/\">France infos<\/a><\/td>\n<\/tr>\n<\/tbody>\n<\/table>\n<table style=\"border-color: #b038e8; background-color: #b038e8;\">\n<tbody>\n<tr>\n<td><span style=\"font-family: Verdana,Arial,Helvetica,sans-serif; font-size: small;\"><span style=\"color: #ffffff; font-family: Verdana,Arial,Helvetica,sans-serif; font-size: small;\"><b><span style=\"color: #ffffff;\">CHANSONS<\/span><\/b><\/span><\/span><\/td>\n<\/tr>\n<tr>\n<td><span style=\"font-family: Verdana,Arial,Helvetica,sans-serif; font-size: small;\"><span lang=\"FR\"><a href=\"http:\/\/enseigner.tv5monde.com\/collection\/paroles-de-clips\">Chansons diverses tv5 avec clips et fiches<\/a><\/span><\/span><\/p>\n<p><a href=\"https:\/\/www.chantefrance.com\/top-titres\">Top 50 de la chanson<\/a><\/td>\n<\/tr>\n<\/tbody>\n<\/table>\n<table style=\"border-color: #b038e8; background-color: #b038e8; width: 81px;\">\n<tbody>\n<tr>\n<td style=\"width: 75px;\"><span style=\"font-family: Verdana,Arial,Helvetica,sans-serif; font-size: small;\"><span style=\"color: #ffffff; font-family: Verdana,Arial,Helvetica,sans-serif; font-size: small;\"><b><span style=\"color: #ffffff;\">PRESSE<\/span><\/b><\/span><\/span><\/td>\n<\/tr>\n<tr>\n<td style=\"width: 75px;\"><\/td>\n<\/tr>\n<\/tbody>\n<\/table>\n<table style=\"border-color: #b038e8; background-color: #b038e8;\">\n<tbody>\n<tr>\n<td><span style=\"font-family: Verdana,Arial,Helvetica,sans-serif; font-size: small;\"><span style=\"color: #ffffff; font-family: Verdana,Arial,Helvetica,sans-serif; font-size: small;\"><b><span style=\"color: #ffffff;\">DICTIONNAIRES<\/span><\/b><\/span><\/span><\/td>\n<\/tr>\n<tr>\n<td><\/td>\n<\/tr>\n<\/tbody>\n<\/table>\n<p>&nbsp;<\/p>\n","protected":false},"excerpt":{"rendered":"<p>GRAMMAIRE Discours indirect discours indirect 2, r\u00e8gles de concordances des temps et exercices r\u00e8gles, verbes introducteur, exercices Expression du temps r\u00e9vison des connecteurs de temps et exercices Futur ant\u00e9rieur r\u00e8gle et exercices Hypoth\u00e8se 2 y 3 : r\u00e8gle et exercices LIENS LOGIQUES cons\u00e9quence expression de la cons\u00e9quence et exercices cause expression de la cause et [&hellip;]<\/p>\n","protected":false},"author":1,"featured_media":0,"parent":8747,"menu_order":5,"comment_status":"closed","ping_status":"closed","template":"page-templates\/side-menu.php","meta":{"_bbp_topic_count":0,"_bbp_reply_count":0,"_bbp_total_topic_count":0,"_bbp_total_reply_count":0,"_bbp_voice_count":0,"_bbp_anonymous_reply_count":0,"_bbp_topic_count_hidden":0,"_bbp_reply_count_hidden":0,"_bbp_forum_subforum_count":0,"site-sidebar-layout":"default","site-content-layout":"","ast-site-content-layout":"","site-content-style":"default","site-sidebar-style":"default","ast-global-header-display":"","ast-banner-title-visibility":"","ast-main-header-display":"","ast-hfb-above-header-display":"","ast-hfb-below-header-display":"","ast-hfb-mobile-header-display":"","site-post-title":"","ast-breadcrumbs-content":"","ast-featured-img":"","footer-sml-layout":"","theme-transparent-header-meta":"","adv-header-id-meta":"","stick-header-meta":"","header-above-stick-meta":"","header-main-stick-meta":"","header-below-stick-meta":"","astra-migrate-meta-layouts":"default","ast-page-background-enabled":"default","ast-page-background-meta":{"desktop":{"background-color":"var(--ast-global-color-4)","background-image":"","background-repeat":"repeat","background-position":"center center","background-size":"auto","background-attachment":"scroll","background-type":"","background-media":"","overlay-type":"","overlay-color":"","overlay-opacity":"","overlay-gradient":""},"tablet":{"background-color":"","background-image":"","background-repeat":"repeat","background-position":"center center","background-size":"auto","background-attachment":"scroll","background-type":"","background-media":"","overlay-type":"","overlay-color":"","overlay-opacity":"","overlay-gradient":""},"mobile":{"background-color":"","background-image":"","background-repeat":"repeat","background-position":"center center","background-size":"auto","background-attachment":"scroll","background-type":"","background-media":"","overlay-type":"","overlay-color":"","overlay-opacity":"","overlay-gradient":""}},"ast-content-background-meta":{"desktop":{"background-color":"var(--ast-global-color-5)","background-image":"","background-repeat":"repeat","background-position":"center center","background-size":"auto","background-attachment":"scroll","background-type":"","background-media":"","overlay-type":"","overlay-color":"","overlay-opacity":"","overlay-gradient":""},"tablet":{"background-color":"var(--ast-global-color-5)","background-image":"","background-repeat":"repeat","background-position":"center center","background-size":"auto","background-attachment":"scroll","background-type":"","background-media":"","overlay-type":"","overlay-color":"","overlay-opacity":"","overlay-gradient":""},"mobile":{"background-color":"var(--ast-global-color-5)","background-image":"","background-repeat":"repeat","background-position":"center center","background-size":"auto","background-attachment":"scroll","background-type":"","background-media":"","overlay-type":"","overlay-color":"","overlay-opacity":"","overlay-gradient":""}},"footnotes":""},"class_list":["post-9096","page","type-page","status-publish","hentry"],"post_mailing_queue_ids":[],"_links":{"self":[{"href":"https:\/\/agora-eoi.xtec.cat\/eoiesplugues\/wp-json\/wp\/v2\/pages\/9096","targetHints":{"allow":["GET"]}}],"collection":[{"href":"https:\/\/agora-eoi.xtec.cat\/eoiesplugues\/wp-json\/wp\/v2\/pages"}],"about":[{"href":"https:\/\/agora-eoi.xtec.cat\/eoiesplugues\/wp-json\/wp\/v2\/types\/page"}],"author":[{"embeddable":true,"href":"https:\/\/agora-eoi.xtec.cat\/eoiesplugues\/wp-json\/wp\/v2\/users\/1"}],"replies":[{"embeddable":true,"href":"https:\/\/agora-eoi.xtec.cat\/eoiesplugues\/wp-json\/wp\/v2\/comments?post=9096"}],"version-history":[{"count":3,"href":"https:\/\/agora-eoi.xtec.cat\/eoiesplugues\/wp-json\/wp\/v2\/pages\/9096\/revisions"}],"predecessor-version":[{"id":9445,"href":"https:\/\/agora-eoi.xtec.cat\/eoiesplugues\/wp-json\/wp\/v2\/pages\/9096\/revisions\/9445"}],"up":[{"embeddable":true,"href":"https:\/\/agora-eoi.xtec.cat\/eoiesplugues\/wp-json\/wp\/v2\/pages\/8747"}],"wp:attachment":[{"href":"https:\/\/agora-eoi.xtec.cat\/eoiesplugues\/wp-json\/wp\/v2\/media?parent=9096"}],"curies":[{"name":"wp","href":"https:\/\/api.w.org\/{rel}","templated":true}]}}