{"id":9092,"date":"2017-03-12T21:41:56","date_gmt":"2017-03-12T20:41:56","guid":{"rendered":"http:\/\/agora-eoi.xtec.cat\/eoiesplugues\/?page_id=9092"},"modified":"2017-03-29T16:58:51","modified_gmt":"2017-03-29T14:58:51","slug":"francais-niveau-4","status":"publish","type":"page","link":"https:\/\/agora-eoi.xtec.cat\/eoiesplugues\/frances\/recursos-dautoaprenentatge\/francais-niveau-4\/","title":{"rendered":"Fran\u00e7ais: niveau 4"},"content":{"rendered":"<p><a href=\"http:\/\/agora-eoi.xtec.cat\/eoiesplugues\/wp-content\/uploads\/usu2243\/2017\/03\/BanFrancia92.jpg\"><img loading=\"lazy\" decoding=\"async\" class=\"alignnone size-full wp-image-9084\" src=\"http:\/\/agora-eoi.xtec.cat\/eoiesplugues\/wp-content\/uploads\/usu2243\/2017\/03\/BanFrancia92.jpg\" alt=\"banfrancia92\" width=\"92\" height=\"92\" \/><\/a><\/p>\n<table style=\"border-color: #b038e8; background-color: #b038e8;\">\n<tbody>\n<tr>\n<td><span style=\"font-family: Verdana,Arial,Helvetica,sans-serif; font-size: small;\"><b><span style=\"color: #ffffff; font-family: Verdana,Arial,Helvetica,sans-serif; font-size: small;\">GRAMMAIRE<\/span><\/b><\/span><\/td>\n<\/tr>\n<tr>\n<td><a href=\"http:\/\/www.leconjugueur.com\/\">Le conjugueur : pour trouver n&#8217;importe quelle forme verbale. <\/a><\/p>\n<p><strong>Conditionnels<\/strong><\/p>\n<p><a href=\"http:\/\/www.lepointdufle.net\/conditionnel.htm\">r\u00e8gles , formation et exercices<\/a><\/p>\n<p><strong>Discours indirect <\/strong><\/p>\n<p><a href=\"http:\/\/www.polarfle.com\/exercice\/avindisrapp.htm\">discours indirect : verbe introducteur et r\u00e8gles, exercices<\/a><\/p>\n<p><a href=\"http:\/\/www.polarfle.com\/exercice\/avindisrapp2.htm\">discours indirect 2 : concordance de temps, exercices<\/a><\/p>\n<p><strong>Futur ant\u00e9rieur<\/strong><\/p>\n<p><a href=\"http:\/\/www.francaisfacile.com\/exercices\/exercice-francais-2\/exercice-francais-55878.php\">r\u00e8gle et exercices<\/a><\/p>\n<p><a href=\"http:\/\/www.club-forum.com\/exercice08.asp?rub=6&amp;f=2&amp;idunite=39&amp;suiv=2&amp;prec=0&amp;nbexo=1&amp;idexo=376\">compl\u00e9tez la fin des phrases<\/a><\/p>\n<p><strong>Hypoth\u00e8se <\/strong><\/p>\n<p><a href=\"http:\/\/www.polarfle.com\/exercice\/avhypo2.htm\">Hypoth\u00e8se 2 y 3 : r\u00e8gle et exercice<\/a><\/p>\n<p><strong>LIENS LOGIQUES <\/strong><\/p>\n<p><strong>cons\u00e9quence <\/strong><\/p>\n<p><a href=\"http:\/\/www.bonjourdefrance.com\/exercices\/contenu\/la-cause-et-la-consequence.html\">Cause-cons\u00e9quence : explications, connecteurs et exercices<\/a><\/p>\n<p><strong>cause <\/strong><\/p>\n<p><a href=\"http:\/\/www.francaisfacile.com\/exercices\/exercice-francais-2\/exercice-francais-17457.php\">expression de la cause et exercices<\/a><\/p>\n<p><strong>finalit\u00e9 <\/strong><\/p>\n<p><a href=\"https:\/\/halshs.archives-ouvertes.fr\/halshs-00306461\">expression de la finalit\u00e9 et exercices<\/a><\/p>\n<p><strong>opposition <\/strong><\/p>\n<p><a href=\"http:\/\/www.francaisfacile.com\/exercices\/exercice-francais-2\/exercice-francais-20399.php\">expression de l&#8217;opposition et exercices<\/a><\/p>\n<p><strong>Participes pr\u00e9sents <\/strong><\/p>\n<p><a href=\"http:\/\/www.polarfle.com\/exercice\/avpartpres.htm\">r\u00e8gle et exercice<\/a><\/p>\n<p><a href=\"http:\/\/www.polarfle.com\/exercice\/avindef.htm\">r\u00e8gles et exercices <\/a><\/p>\n<p><strong>Pr<a href=\"http:\/\/www.polarfle.com\/exercice\/avindef.htm\">onoms ind\u00e9finis<\/a><\/strong><\/p>\n<p><strong>pronoms relatifs compos\u00e9s <\/strong><\/p>\n<p><a href=\"http:\/\/www.polarfle.com\/exercice\/avpronrelcomp.htm\">exercices et r\u00e8gles<\/a><\/p>\n<p><strong>Subjonctif <\/strong><\/p>\n<p><a href=\"http:\/\/www.bonjourdefrance.com\/exercices\/contenu\/indicatif-ou-subjonctif.html\">indicatif ou subjonctif ?<\/a><\/p>\n<p><a href=\"http:\/\/fog.ccsf.cc.ca.us\/%7Ecreitan\/q11subind.htm\">indicatif ou subjonctif ? 2<\/a><\/p>\n<p><a href=\"http:\/\/www.lepointdufle.net\/subjonctif.htm\">r\u00e8gles et formation, exercices.<\/a><\/p>\n<p><a href=\"http:\/\/www.polarfle.com\/exercice\/avsubj.htm\">rappel formation et certains emplois , suivis d&#8217;exercices<\/a><\/p>\n<p><a href=\"http:\/\/www.polarfle.com\/exercice\/avsubjinf.htm\">subjonctif ou infinitif<\/a><\/p>\n<p><a href=\"http:\/\/www.polarfle.com\/exercice\/avsubjind.htm\">subjonctif ou indicatif : r\u00e8gles et exercices<\/a><\/td>\n<\/tr>\n<\/tbody>\n<\/table>\n<table style=\"border-color: #b038e8; background-color: #b038e8;\">\n<tbody>\n<tr>\n<td><span style=\"font-family: Verdana,Arial,Helvetica,sans-serif; font-size: small;\"><b><span style=\"color: #ffffff;\">LEXIQUE<\/span><\/b><\/span><\/td>\n<\/tr>\n<tr>\n<td><span style=\"font-family: Verdana,Arial,Helvetica,sans-serif; font-size: small;\"><b> abr\u00e9viations <\/b><\/span><\/p>\n<p><span style=\"font-family: Verdana,Arial,Helvetica,sans-serif; font-size: small;\"><a href=\"http:\/\/www.dicofle.net\/index_exo.asp\" target=\"_blank\">Trouver la bonne abr\u00e9viation : exercice de lexique<\/a><\/span><\/p>\n<p><b><span style=\"font-family: Verdana,Arial,Helvetica,sans-serif; font-size: small;\">Expressions idiomatiques <\/span><\/b><\/p>\n<p><span style=\"font-family: Verdana,Arial,Helvetica,sans-serif; font-size: small;\"><a href=\"http:\/\/www.francparler.com\/lexique.php\" target=\"_blank\">explications de l&#8217;origine d&#8217;expressions francophones<\/a><\/span><\/p>\n<p><span style=\"font-family: Verdana,Arial,Helvetica,sans-serif; font-size: small;\"><a href=\"http:\/\/www.3ponts.edu\/quiz\/idiome.htm\" target=\"_blank\">questionnaire sur les expressions idiomatiques<\/a><\/span><\/p>\n<p><span style=\"font-family: Verdana,Arial,Helvetica,sans-serif; font-size: small;\"><a href=\"http:\/\/centrelinguistique.com\/exercices\/expressions\/index.html\" target=\"_blank\">exercices pour am\u00e9liorer votre vocabulaire sur les expressions idiomatiques<\/a><\/span><\/p>\n<p><span style=\"font-family: Verdana,Arial,Helvetica,sans-serif; font-size: small;\"><b>Mots-phrases historiques <\/b><\/span><\/p>\n<p><span style=\"font-family: Verdana,Arial,Helvetica,sans-serif; font-size: small;\"><a href=\"http:\/\/membres.lycos.fr\/astavros\/\" target=\"_blank\">expressions issues de la mythologie grecque<\/a><\/span><\/p>\n<p><span style=\"font-family: Verdana,Arial,Helvetica,sans-serif; font-size: small;\"><a href=\"http:\/\/perso.wanadoo.fr\/jean.levant\/histo\/history_words.htm\" target=\"_blank\">expressions de personnages qui ont marqu\u00e9 l&#8217;histoire<\/a><\/span><\/p>\n<p><span style=\"font-family: Verdana,Arial,Helvetica,sans-serif; font-size: small;\"><b>peinture <\/b><\/span><\/p>\n<p><span style=\"font-family: Verdana,Arial,Helvetica,sans-serif; font-size: small;\"><a href=\"http:\/\/netia59.ac-lille.fr\/arts\/Lexique\/Lexique.htm\" target=\"_blank\">lexique de la peinture<\/a><\/span><\/p>\n<p><span style=\"font-family: Verdana,Arial,Helvetica,sans-serif; font-size: small;\"><b>Proverbes <\/b><\/span><\/p>\n<p><span style=\"font-family: Verdana,Arial,Helvetica,sans-serif; font-size: small;\"><a href=\"http:\/\/www.proverbes-citations.com\/accueil.htm\" target=\"_blank\">pages de proverbes et citations<\/a><\/span><\/p>\n<p><span style=\"font-family: Verdana,Arial,Helvetica,sans-serif; font-size: small;\"><a href=\"http:\/\/www.3ponts.edu\/quiz\/dicton.htm\" target=\"_blank\">questionnaire \u00e0 choix multiple sur les proverbes<\/a><\/span><\/p>\n<p><span style=\"font-family: Verdana,Arial,Helvetica,sans-serif; font-size: small;\"><b>Sport <\/b><\/span><\/p>\n<p><span style=\"font-family: Verdana,Arial,Helvetica,sans-serif; font-size: small;\"><a href=\"http:\/\/www.epsidoc.net\/eps.htm\" target=\"_blank\"><span style=\"font-family: Verdana,Arial,Helvetica,sans-serif; font-size: small;\">grande page de vocabulaire classifi\u00e9e par sports<\/span><\/a><\/span><\/p>\n<p><b><span style=\"font-family: Verdana,Arial,Helvetica,sans-serif; font-size: small;\">Travail <\/span><\/b><\/p>\n<p><span style=\"font-family: Verdana,Arial,Helvetica,sans-serif; font-size: small;\"><a href=\"http:\/\/cr.middlebury.edu\/public\/french\/Lexique\/travail\/trav_mainpage.html\" target=\"_blank\">travail et argent <\/a><\/span><\/p>\n<p><span style=\"font-family: Verdana,Arial,Helvetica,sans-serif; font-size: small;\"><b>Vin<\/b><\/span><\/p>\n<p><span style=\"font-family: Verdana,Arial,Helvetica,sans-serif; font-size: small;\"><a href=\"http:\/\/centrelinguistique.com\/exercices\/vin\/page_vocabulaire.html\" target=\"_blank\">Coutumes en septembre : activit\u00e9s autour des vendanges<\/a><\/span><\/p>\n<p><span style=\"font-family: Verdana,Arial,Helvetica,sans-serif; font-size: small;\"><b>Vocabulaire familier <\/b><\/span><\/p>\n<p><span style=\"font-family: Verdana,Arial,Helvetica,sans-serif; font-size: small;\"><a href=\"http:\/\/lexiquefle.free.fr\/banlieue\/banlieue.html\" target=\"_blank\">reportage en banlieue, travail sur lexique familier \u00e0 partir d&#8217;une mise en situation <\/a><\/span><\/td>\n<\/tr>\n<\/tbody>\n<\/table>\n<table style=\"border-color: #b038e8; background-color: #b038e8;\">\n<tbody>\n<tr>\n<td><span style=\"font-family: Verdana,Arial,Helvetica,sans-serif; font-size: small;\"><b><span style=\"color: #ffffff; font-family: Verdana,Arial,Helvetica,sans-serif; font-size: small;\">PRONONCIATION<\/span><\/b><\/span><\/td>\n<\/tr>\n<tr>\n<td><b><span style=\"font-family: Verdana,Arial,Helvetica,sans-serif; font-size: small;\">Dict\u00e9es phon\u00e9tiques <\/span><\/b><\/p>\n<p><span style=\"font-family: Verdana,Arial,Helvetica,sans-serif; font-size: small;\"><a href=\"http:\/\/www3.unileon.es\/dp\/dfm\/flenet\/courstourdumonde\/phonActivites.html#dictees\" target=\"_blank\">dict\u00e9es autocorrectives sur diff\u00e9rents sons<\/a><\/span><\/p>\n<p><span style=\"font-family: Verdana,Arial,Helvetica,sans-serif; font-size: small;\"><a href=\"http:\/\/www3.unileon.es\/dp\/dfm\/flenet\/courstourdumonde\/phonActivites.html#exercicesphonemes\" target=\"_blank\">exercices autocorrectifs sur les sons<\/a><\/span><\/p>\n<p><span style=\"font-family: Verdana,Arial,Helvetica,sans-serif; font-size: small;\"><b>Jeux phon\u00e9tiques <\/b><\/span><\/p>\n<p><span style=\"font-family: Verdana,Arial,Helvetica,sans-serif; font-size: small;\"><a href=\"http:\/\/www3.unileon.es\/dp\/dfm\/flenet\/phon\/jeux\/virelangues.html\" target=\"_blank\">jeux de mots, virelangues, activit\u00e9s de correction phon\u00e9tique<\/a><\/span><\/p>\n<p><span style=\"font-family: Verdana,Arial,Helvetica,sans-serif; font-size: small;\"><b>Sons du fran\u00e7ais <\/b><\/span><\/p>\n<p><span style=\"font-family: Verdana,Arial,Helvetica,sans-serif; font-size: small;\"><a href=\"http:\/\/www.hku.hk\/french\/starters\/fonetik\/fiche03web.htm\" target=\"_blank\">graphies &#8220;\u00e9&#8221; &#8220;e&#8221; &#8220;\u00e8&#8221;<\/a><\/span><\/p>\n<p><span style=\"font-family: Verdana,Arial,Helvetica,sans-serif; font-size: small;\"><a href=\"http:\/\/www.hku.hk\/french\/starters\/fonetik\/fonetik_main.htm\" target=\"_blank\">les sons fran\u00e7ais en dix le\u00e7ons ( nasales, accents, encha\u00eenements, liaisons etc.)<\/a><\/span><\/p>\n<p><span style=\"font-family: Verdana,Arial,Helvetica,sans-serif; font-size: small;\"><a href=\"http:\/\/www3.unileon.es\/dp\/dfm\/flenet\/phon\/indexphon.html\" target=\"_blank\">phon\u00e9tique fran\u00e7aise <\/a><\/span><\/p>\n<p><span style=\"font-family: Verdana,Arial,Helvetica,sans-serif; font-size: small;\"><a href=\"http:\/\/www3.unileon.es\/dp\/dfm\/flenet\/courstourdumonde\/phonetique.htm#sons\/graphies\" target=\"_blank\">sons et graphies <\/a><\/span><\/p>\n<p><span style=\"font-family: Verdana,Arial,Helvetica,sans-serif; font-size: small;\"><a href=\"http:\/\/www.hku.hk\/french\/starters\/fonetik\/fiche02web.htm\" target=\"_blank\">Voyelles et semi-voyelles<\/a><\/span><\/td>\n<\/tr>\n<\/tbody>\n<\/table>\n<table style=\"border-color: #b038e8; background-color: #b038e8;\">\n<tbody>\n<tr>\n<td><span style=\"font-family: Verdana,Arial,Helvetica,sans-serif; font-size: small;\"><span style=\"color: #ffffff; font-family: Verdana,Arial,Helvetica,sans-serif; font-size: small;\"><b>COMPR\u00c9HENSION ORALE<br \/>\n<\/b><\/span><\/span><\/td>\n<\/tr>\n<tr>\n<td><span style=\"font-family: Verdana,Arial,Helvetica,sans-serif; font-size: small;\"><b>Chansons<\/b><\/span><\/p>\n<p><span style=\"font-family: Verdana,Arial,Helvetica,sans-serif; font-size: small;\"><a href=\"http:\/\/babelnet.sbg.ac.at\/canalreve\/chanson\/index.htm\" target=\"_blank\">travail sur la chanson le portable de P.de Falvard (vocabulaire familier, diff\u00e9rentes exploitations)<\/a><\/span><br \/>\n<b><span style=\"font-family: Verdana,Arial,Helvetica,sans-serif; font-size: small;\">Enqu\u00eate polici\u00e8re <\/span><\/b><\/p>\n<p><span style=\"font-family: Verdana,Arial,Helvetica,sans-serif; font-size: small;\"><a href=\"http:\/\/www.polarfle.com\/crime\/crimeavance.htm\" target=\"_blank\">\u00e9coutez les donn\u00e9es d&#8217;un crime et r\u00e9soudre l&#8217;enqu\u00eate<\/a><\/span><br \/>\n<b><span style=\"font-family: Verdana,Arial,Helvetica,sans-serif; font-size: small;\">Litt\u00e9rature <\/span> <\/b><\/p>\n<p><span style=\"font-family: Verdana,Arial,Helvetica,sans-serif; font-size: small;\"><a href=\"http:\/\/flenet.rediris.es\/videos\/textes2.html\" target=\"_blank\">extraits de textes litt\u00e9raires avec transcription \u00e9crite : association \u00e9crit-oral, prononciation.<\/a><\/span><\/p>\n<p><span style=\"font-family: Verdana,Arial,Helvetica,sans-serif; font-size: small;\"><a href=\"http:\/\/peinturefle.free.fr\/activite\/lafontaine.htm\" target=\"_blank\">fable du Corbeau et du renard<\/a><\/span><\/p>\n<p><span style=\"font-family: Georgia,Times New Roman,Times,serif; font-size: small;\"><a href=\"http:\/\/www.poesie.net\/voix.htm\" target=\"_blank\"><span style=\"font-family: Verdana,Arial,Helvetica,sans-serif;\">po\u00e8mes diverses<\/span><\/a><\/span><\/p>\n<p><span style=\"font-family: Verdana,Arial,Helvetica,sans-serif; font-size: small;\"><b>Polars<\/b><\/span><\/p>\n<p><span style=\"font-family: Verdana,Arial,Helvetica,sans-serif; font-size: small;\"><a href=\"https:\/\/blogfleturquie.wordpress.com\/2015\/03\/20\/d-d-interactive-les-enquetes-de-linspecteur-laval\/\" target=\"_blank\">les enqu\u00eates de l&#8217;inspecteur Laval<\/a><\/span><\/p>\n<p><b><span style=\"font-family: Verdana,Arial,Helvetica,sans-serif; font-size: small;\">R\u00e9cits<\/span><\/b><\/p>\n<p><span style=\"font-family: Verdana,Arial,Helvetica,sans-serif; font-size: small;\"><a href=\"http:\/\/babelnet.sbg.ac.at\/canalreve\/rencontres\/index.htm\" target=\"_blank\">histoire d&#8217;amour avec questionnaire de compr\u00e9hension<\/a><\/span><br \/>\n<span style=\"font-family: Verdana,Arial,Helvetica,sans-serif; font-size: small;\"><b>Soci\u00e9t\u00e9<\/b><\/span><\/p>\n<p><span style=\"font-family: Verdana,Arial,Helvetica,sans-serif; font-size: small;\"><a href=\"http:\/\/sauce.pntic.mec.es\/%7Eede00000\/mesexos.html#socie\" target=\"_blank\">probl\u00e8mes de soci\u00e9t\u00e9 : niveau avanc\u00e9s (choix de th\u00e8mes)<\/a><\/span><\/p>\n<p><span style=\"font-family: Verdana,Arial,Helvetica,sans-serif; font-size: small;\"><b>VIDEOS <\/b><\/span><\/p>\n<p><span style=\"font-family: Verdana,Arial,Helvetica,sans-serif; font-size: small;\"><a href=\"http:\/\/www3.unileon.es\/dp\/dfm\/flenet\/courstourdumonde\/textesaudio\/textes.html\" target=\"_blank\">textes de reflexions philosophiques et\/ou litt\u00e9raires avec transcriptions<\/a><\/span><\/td>\n<\/tr>\n<\/tbody>\n<\/table>\n<table style=\"border-color: #b038e8; background-color: #b038e8;\">\n<tbody>\n<tr>\n<td><span style=\"font-family: Verdana,Arial,Helvetica,sans-serif; font-size: small;\"><span style=\"color: #ffffff; font-family: Verdana,Arial,Helvetica,sans-serif; font-size: small;\"><b>COMPR\u00c9HENSION\u00a0\u00c9CRITE<br \/>\n<\/b><\/span><\/span><\/td>\n<\/tr>\n<tr>\n<td><span style=\"font-family: Verdana,Arial,Helvetica,sans-serif; font-size: small;\"><b>Astronomie <\/b><\/span><\/p>\n<p><span style=\"font-family: Verdana,Arial,Helvetica,sans-serif; font-size: small;\"><a href=\"http:\/\/www.ens-lyon.fr\/RELIE\/Cadrans\/activpedago\/TextesCours\/WebAstroAntique\/Astrogrecque.htm\" target=\"_blank\">astronomie dans l&#8217;antiquit\u00e9<\/a><\/span><\/p>\n<p><span style=\"font-family: Verdana,Arial,Helvetica,sans-serif; font-size: small;\"><b>Biographies <\/b><\/span><\/p>\n<p><span style=\"font-family: Verdana,Arial,Helvetica,sans-serif; font-size: small;\"><a href=\"http:\/\/www.monsieur-biographie.com\/\" target=\"_blank\">par ordre alphab\u00e9tique<\/a><\/span><\/p>\n<p><b><span style=\"font-family: Verdana,Arial,Helvetica,sans-serif; font-size: small;\">Contes <\/span><\/b><\/p>\n<p><span style=\"font-family: Verdana,Arial,Helvetica,sans-serif; font-size: small;\"><a href=\"http:\/\/www.instits.vivre-aujourdhui.fr\/contes.html\" target=\"_blank\">pages avec adresses web de contes de tous pays<\/a><\/span><\/p>\n<p><b><span style=\"font-family: Verdana,Arial,Helvetica,sans-serif; font-size: small;\">Divers<\/span><\/b><\/p>\n<p><span style=\"font-family: Verdana,Arial,Helvetica,sans-serif; font-size: small;\"><a href=\"http:\/\/platea.pntic.mec.es\/cvera\/ressources\/comprecrite.html\" target=\"_blank\">grandes pages de textes \u00e9crits sur tous th\u00e8mes avec exploitation de compr\u00e9hension \u00e9crite et discussion pour niveaux interm\u00e9diaires et avanc\u00e9s<\/a><\/span><br \/>\n<span style=\"font-family: Verdana,Arial,Helvetica,sans-serif; font-size: small;\"><b>Histoire <\/b><\/span><\/p>\n<p><span style=\"font-family: Verdana,Arial,Helvetica,sans-serif; font-size: small;\"><a href=\"http:\/\/www.histoire-immigration.fr\/\" target=\"_blank\">histoire de l&#8217;immigration en France<\/a><\/span><\/p>\n<p><b><span style=\"font-family: Verdana,Arial,Helvetica,sans-serif; font-size: small;\">Litt\u00e9rature <\/span><\/b><\/p>\n<p><span style=\"font-family: Georgia,Times New Roman,Times,serif; font-size: small;\"><a href=\"http:\/\/www.litteratureaudio.com\/\" target=\"_blank\"><span style=\"font-family: Verdana,Arial,Helvetica,sans-serif;\">Transcription de nouvelles lues.<\/span><\/a><\/span><\/p>\n<p><br style=\"font-family: Verdana,Arial,Helvetica,sans-serif; font-size: small;\" \/><br style=\"font-family: Verdana,Arial,Helvetica,sans-serif; font-size: small;\" \/><\/td>\n<\/tr>\n<\/tbody>\n<\/table>\n<table style=\"border-color: #b038e8; background-color: #b038e8;\">\n<tbody>\n<tr>\n<td><span style=\"font-family: Verdana,Arial,Helvetica,sans-serif; font-size: small;\"><span style=\"color: #ffffff; font-family: Verdana,Arial,Helvetica,sans-serif; font-size: small;\"><b>EXPRESSION \u00c9CRITE<\/b><\/span><\/span><\/td>\n<\/tr>\n<tr>\n<td><br style=\"font-family: Verdana,Arial,Helvetica,sans-serif; font-size: small;\" \/><span style=\"font-family: Verdana,Arial,Helvetica,sans-serif; font-size: small;\"><a href=\"http:\/\/fr.tsedryk.ca\/grammaire\/redaction\/les_signes_de_ponctuation.htm\" target=\"_blank\">explication sur les diff\u00e9rents signes de ponctuation : virgules, point de suspension, point virgule, etc.<\/a><\/span><\/p>\n<p><b><span style=\"font-family: Verdana,Arial,Helvetica,sans-serif; font-size: small;\">Probl\u00e8mes d&#8217;orthographes pointus<\/span><\/b><\/p>\n<p><span style=\"font-family: Verdana,Arial,Helvetica,sans-serif; font-size: small;\"><a href=\"http:\/\/www.francaisfacile.com\/exercices\/exercice-francais-2\/exercice-francais-35773.php\" target=\"_blank\">homophones grammaticaux , comme \u00e0, a \/c&#8217;est,s&#8217;est \/leur,leurs etc&#8230;<\/a><\/span><\/p>\n<p><b><span style=\"font-family: Verdana,Arial,Helvetica,sans-serif; font-size: small;\">R\u00e9cits<\/span><\/b><\/p>\n<p><span style=\"font-family: Verdana,Arial,Helvetica,sans-serif; font-size: small;\"><a href=\"http:\/\/lexiquefle.free.fr\/texte.html\" target=\"_blank\">conjuguer avec les diff\u00e9rents temps du pass\u00e9 (pass\u00e9 simple, imparfait, plus que parfait)<\/a><\/span><\/td>\n<\/tr>\n<\/tbody>\n<\/table>\n<table style=\"border-color: #b038e8; background-color: #b038e8;\">\n<tbody>\n<tr>\n<td style=\"width: 120.917px;\"><span style=\"font-family: Verdana,Arial,Helvetica,sans-serif; font-size: small;\"><span style=\"color: #ffffff; font-family: Verdana,Arial,Helvetica,sans-serif; font-size: small;\"><span style=\"font-family: Verdana,Arial,Helvetica,sans-serif; font-size: small;\"><b><span style=\"color: #ffffff;\">RADIO \/ TELE<\/span><\/b><\/span><\/span><\/span><\/td>\n<\/tr>\n<tr>\n<td style=\"width: 120.917px;\"><\/td>\n<\/tr>\n<\/tbody>\n<\/table>\n<table style=\"border-color: #b038e8; background-color: #b038e8;\">\n<tbody>\n<tr>\n<td><span style=\"font-family: Verdana,Arial,Helvetica,sans-serif; font-size: small;\"><span style=\"color: #ffffff; font-family: Verdana,Arial,Helvetica,sans-serif; font-size: small;\"><b><span style=\"color: #ffffff;\">CHANSONS<\/span><\/b><\/span><\/span><\/td>\n<\/tr>\n<tr>\n<td><span style=\"font-family: Verdana,Arial,Helvetica,sans-serif; font-size: small;\"><span lang=\"FR\"><a href=\"file:\/\/\/D:\/Dades\/Les_Wampas%5B1%5D.htm\">Manu chao: les wampas<\/a><\/span><\/span><\/td>\n<\/tr>\n<\/tbody>\n<\/table>\n<table style=\"border-color: #b038e8; background-color: #b038e8;\">\n<tbody>\n<tr style=\"height: 33px;\">\n<td style=\"height: 33px;\"><span style=\"font-family: Verdana,Arial,Helvetica,sans-serif; font-size: small;\"><span style=\"color: #ffffff; font-family: Verdana,Arial,Helvetica,sans-serif; font-size: small;\"><b><span style=\"color: #ffffff;\">PRESSE<\/span><\/b><\/span><\/span><\/td>\n<\/tr>\n<tr style=\"height: 32px;\">\n<td style=\"height: 32px;\"><\/td>\n<\/tr>\n<\/tbody>\n<\/table>\n<table style=\"border-color: #b038e8; background-color: #b038e8;\">\n<tbody>\n<tr>\n<td><span style=\"font-family: Verdana,Arial,Helvetica,sans-serif; font-size: small;\"><span style=\"color: #ffffff; font-family: Verdana,Arial,Helvetica,sans-serif; font-size: small;\"><b><span style=\"color: #ffffff;\">DICTIONNAIRES<\/span><\/b><\/span><\/span><\/td>\n<\/tr>\n<tr>\n<td><\/td>\n<\/tr>\n<\/tbody>\n<\/table>\n<p>&nbsp;<\/p>\n","protected":false},"excerpt":{"rendered":"<p>GRAMMAIRE Le conjugueur : pour trouver n&#8217;importe quelle forme verbale. Conditionnels r\u00e8gles , formation et exercices Discours indirect discours indirect : verbe introducteur et r\u00e8gles, exercices discours indirect 2 : concordance de temps, exercices Futur ant\u00e9rieur r\u00e8gle et exercices compl\u00e9tez la fin des phrases Hypoth\u00e8se Hypoth\u00e8se 2 y 3 : r\u00e8gle et exercice LIENS LOGIQUES [&hellip;]<\/p>\n","protected":false},"author":1,"featured_media":0,"parent":8747,"menu_order":4,"comment_status":"closed","ping_status":"closed","template":"page-templates\/side-menu.php","meta":{"_bbp_topic_count":0,"_bbp_reply_count":0,"_bbp_total_topic_count":0,"_bbp_total_reply_count":0,"_bbp_voice_count":0,"_bbp_anonymous_reply_count":0,"_bbp_topic_count_hidden":0,"_bbp_reply_count_hidden":0,"_bbp_forum_subforum_count":0,"site-sidebar-layout":"default","site-content-layout":"","ast-site-content-layout":"","site-content-style":"default","site-sidebar-style":"default","ast-global-header-display":"","ast-banner-title-visibility":"","ast-main-header-display":"","ast-hfb-above-header-display":"","ast-hfb-below-header-display":"","ast-hfb-mobile-header-display":"","site-post-title":"","ast-breadcrumbs-content":"","ast-featured-img":"","footer-sml-layout":"","theme-transparent-header-meta":"","adv-header-id-meta":"","stick-header-meta":"","header-above-stick-meta":"","header-main-stick-meta":"","header-below-stick-meta":"","astra-migrate-meta-layouts":"default","ast-page-background-enabled":"default","ast-page-background-meta":{"desktop":{"background-color":"var(--ast-global-color-4)","background-image":"","background-repeat":"repeat","background-position":"center center","background-size":"auto","background-attachment":"scroll","background-type":"","background-media":"","overlay-type":"","overlay-color":"","overlay-opacity":"","overlay-gradient":""},"tablet":{"background-color":"","background-image":"","background-repeat":"repeat","background-position":"center center","background-size":"auto","background-attachment":"scroll","background-type":"","background-media":"","overlay-type":"","overlay-color":"","overlay-opacity":"","overlay-gradient":""},"mobile":{"background-color":"","background-image":"","background-repeat":"repeat","background-position":"center center","background-size":"auto","background-attachment":"scroll","background-type":"","background-media":"","overlay-type":"","overlay-color":"","overlay-opacity":"","overlay-gradient":""}},"ast-content-background-meta":{"desktop":{"background-color":"var(--ast-global-color-5)","background-image":"","background-repeat":"repeat","background-position":"center center","background-size":"auto","background-attachment":"scroll","background-type":"","background-media":"","overlay-type":"","overlay-color":"","overlay-opacity":"","overlay-gradient":""},"tablet":{"background-color":"var(--ast-global-color-5)","background-image":"","background-repeat":"repeat","background-position":"center center","background-size":"auto","background-attachment":"scroll","background-type":"","background-media":"","overlay-type":"","overlay-color":"","overlay-opacity":"","overlay-gradient":""},"mobile":{"background-color":"var(--ast-global-color-5)","background-image":"","background-repeat":"repeat","background-position":"center center","background-size":"auto","background-attachment":"scroll","background-type":"","background-media":"","overlay-type":"","overlay-color":"","overlay-opacity":"","overlay-gradient":""}},"footnotes":""},"class_list":["post-9092","page","type-page","status-publish","hentry"],"post_mailing_queue_ids":[],"_links":{"self":[{"href":"https:\/\/agora-eoi.xtec.cat\/eoiesplugues\/wp-json\/wp\/v2\/pages\/9092","targetHints":{"allow":["GET"]}}],"collection":[{"href":"https:\/\/agora-eoi.xtec.cat\/eoiesplugues\/wp-json\/wp\/v2\/pages"}],"about":[{"href":"https:\/\/agora-eoi.xtec.cat\/eoiesplugues\/wp-json\/wp\/v2\/types\/page"}],"author":[{"embeddable":true,"href":"https:\/\/agora-eoi.xtec.cat\/eoiesplugues\/wp-json\/wp\/v2\/users\/1"}],"replies":[{"embeddable":true,"href":"https:\/\/agora-eoi.xtec.cat\/eoiesplugues\/wp-json\/wp\/v2\/comments?post=9092"}],"version-history":[{"count":3,"href":"https:\/\/agora-eoi.xtec.cat\/eoiesplugues\/wp-json\/wp\/v2\/pages\/9092\/revisions"}],"predecessor-version":[{"id":9390,"href":"https:\/\/agora-eoi.xtec.cat\/eoiesplugues\/wp-json\/wp\/v2\/pages\/9092\/revisions\/9390"}],"up":[{"embeddable":true,"href":"https:\/\/agora-eoi.xtec.cat\/eoiesplugues\/wp-json\/wp\/v2\/pages\/8747"}],"wp:attachment":[{"href":"https:\/\/agora-eoi.xtec.cat\/eoiesplugues\/wp-json\/wp\/v2\/media?parent=9092"}],"curies":[{"name":"wp","href":"https:\/\/api.w.org\/{rel}","templated":true}]}}