{"id":8621,"date":"2016-06-20T11:24:49","date_gmt":"2016-06-20T10:24:49","guid":{"rendered":"http:\/\/agora-eoi.xtec.cat\/eoiesplugues\/?page_id=8621"},"modified":"2025-12-03T10:47:34","modified_gmt":"2025-12-03T09:47:34","slug":"consell-escolar","status":"publish","type":"page","link":"https:\/\/agora-eoi.xtec.cat\/eoiesplugues\/el-servei-educatiu\/organigrama\/consell-escolar\/","title":{"rendered":"Consell escolar"},"content":{"rendered":"<p>El Consell Escolar \u00e9s l\u2019\u00f2rgan de participaci\u00f3 de la comunitat educativa que s\u2019encarrega del control i gesti\u00f3 de l\u2019escola, amb funcions de seguiment i avaluaci\u00f3 de la programaci\u00f3 i de les activitats que es duen a terme a L\u2019EOI Esplugues. \u00c9s per tant l&#8217;\u00f2rgan en qu\u00e8 es ratifiquen totes les decisions que afecten el funcionament del centre i en el qual estan representats tots el estaments de la comunitat educativa. Qualsevol alumne que vulgui posar-se en contacte amb els seus representants pot fer-ho deixant una nota a la b\u00fastia de l&#8217;alumnat que hi ha al costat de la porta de la biblioteca.<\/p>\n<p>El consell escolar de l\u2019EOI Esplugues est\u00e0 format per:<\/p>\n<p><strong>Representants de l\u2019equip directiu<\/strong><\/p>\n<p>Cap d&#8217;estudis: Marc Olmedo marcolmedo1<span class=\"\">@gmail.com<\/span><br \/>\nDirector: Herbert Wiedemann hwiedema@xtec.cat<br \/>\nSecret\u00e0ria: Francesca Aug\u00e9 fauge<span class=\"\">@xtec.cat<\/span><\/p>\n<p><strong>Representants del professorat<\/strong><\/p>\n<p>Catherine Flumian cflumian@xtec.cat, Francesca J\u00e1ndula fjandula<span class=\"\">@xtec.cat<\/span>, Cathrin Pagel pcathrin@xtec.cat, Milka Piccio tpiccio<span class=\"\">@<\/span>xtec.cat, Liz Lastra elastra@xtec.cat<\/p>\n<p><strong>Representants de l&#8217;alumnat<\/strong><\/p>\n<p>Rosa L\u00f3pez Bausa rosabausa@hotmail.com, Irene Torres torressantiagoirene@gmail.com, Zoila Herranz zoilamediation@gmail.com, Nikita Gindea gindeanikita@outlook.com, Noem\u00ed Le\u00f3n noe2446@gmail.com<\/p>\n<p><strong><span style=\"font-family: inherit; font-size: 1em;\">Representant del PAS<\/span><\/strong><\/p>\n<p><span style=\"font-family: inherit; font-size: 1em;\">Soraya Garcia sgarci54@xtec.cat<\/span><\/p>\n<p><strong>Representant de l\u2019Ajuntament<\/strong><\/p>\n<p>Roger Mart\u00ednez rogermartinez@esplugues.cat<\/p>\n","protected":false},"excerpt":{"rendered":"<p>El Consell Escolar \u00e9s l\u2019\u00f2rgan de participaci\u00f3 de la comunitat educativa que s\u2019encarrega del control i gesti\u00f3 de l\u2019escola, amb funcions de seguiment i avaluaci\u00f3 de la programaci\u00f3 i de les activitats que es duen a terme a L\u2019EOI Esplugues. \u00c9s per tant l&#8217;\u00f2rgan en qu\u00e8 es ratifiquen totes les decisions que afecten el funcionament [&hellip;]<\/p>\n","protected":false},"author":1,"featured_media":0,"parent":8141,"menu_order":20,"comment_status":"closed","ping_status":"closed","template":"","meta":{"_bbp_topic_count":0,"_bbp_reply_count":0,"_bbp_total_topic_count":0,"_bbp_total_reply_count":0,"_bbp_voice_count":0,"_bbp_anonymous_reply_count":0,"_bbp_topic_count_hidden":0,"_bbp_reply_count_hidden":0,"_bbp_forum_subforum_count":0,"site-sidebar-layout":"default","site-content-layout":"","ast-site-content-layout":"default","site-content-style":"default","site-sidebar-style":"default","ast-global-header-display":"","ast-banner-title-visibility":"","ast-main-header-display":"","ast-hfb-above-header-display":"","ast-hfb-below-header-display":"","ast-hfb-mobile-header-display":"","site-post-title":"","ast-breadcrumbs-content":"","ast-featured-img":"","footer-sml-layout":"","theme-transparent-header-meta":"","adv-header-id-meta":"","stick-header-meta":"","header-above-stick-meta":"","header-main-stick-meta":"","header-below-stick-meta":"","astra-migrate-meta-layouts":"set","ast-page-background-enabled":"default","ast-page-background-meta":{"desktop":{"background-color":"var(--ast-global-color-4)","background-image":"","background-repeat":"repeat","background-position":"center center","background-size":"auto","background-attachment":"scroll","background-type":"","background-media":"","overlay-type":"","overlay-color":"","overlay-opacity":"","overlay-gradient":""},"tablet":{"background-color":"","background-image":"","background-repeat":"repeat","background-position":"center center","background-size":"auto","background-attachment":"scroll","background-type":"","background-media":"","overlay-type":"","overlay-color":"","overlay-opacity":"","overlay-gradient":""},"mobile":{"background-color":"","background-image":"","background-repeat":"repeat","background-position":"center center","background-size":"auto","background-attachment":"scroll","background-type":"","background-media":"","overlay-type":"","overlay-color":"","overlay-opacity":"","overlay-gradient":""}},"ast-content-background-meta":{"desktop":{"background-color":"var(--ast-global-color-5)","background-image":"","background-repeat":"repeat","background-position":"center center","background-size":"auto","background-attachment":"scroll","background-type":"","background-media":"","overlay-type":"","overlay-color":"","overlay-opacity":"","overlay-gradient":""},"tablet":{"background-color":"var(--ast-global-color-5)","background-image":"","background-repeat":"repeat","background-position":"center center","background-size":"auto","background-attachment":"scroll","background-type":"","background-media":"","overlay-type":"","overlay-color":"","overlay-opacity":"","overlay-gradient":""},"mobile":{"background-color":"var(--ast-global-color-5)","background-image":"","background-repeat":"repeat","background-position":"center center","background-size":"auto","background-attachment":"scroll","background-type":"","background-media":"","overlay-type":"","overlay-color":"","overlay-opacity":"","overlay-gradient":""}},"footnotes":""},"class_list":["post-8621","page","type-page","status-publish","hentry"],"post_mailing_queue_ids":[],"_links":{"self":[{"href":"https:\/\/agora-eoi.xtec.cat\/eoiesplugues\/wp-json\/wp\/v2\/pages\/8621","targetHints":{"allow":["GET"]}}],"collection":[{"href":"https:\/\/agora-eoi.xtec.cat\/eoiesplugues\/wp-json\/wp\/v2\/pages"}],"about":[{"href":"https:\/\/agora-eoi.xtec.cat\/eoiesplugues\/wp-json\/wp\/v2\/types\/page"}],"author":[{"embeddable":true,"href":"https:\/\/agora-eoi.xtec.cat\/eoiesplugues\/wp-json\/wp\/v2\/users\/1"}],"replies":[{"embeddable":true,"href":"https:\/\/agora-eoi.xtec.cat\/eoiesplugues\/wp-json\/wp\/v2\/comments?post=8621"}],"version-history":[{"count":6,"href":"https:\/\/agora-eoi.xtec.cat\/eoiesplugues\/wp-json\/wp\/v2\/pages\/8621\/revisions"}],"predecessor-version":[{"id":13635,"href":"https:\/\/agora-eoi.xtec.cat\/eoiesplugues\/wp-json\/wp\/v2\/pages\/8621\/revisions\/13635"}],"up":[{"embeddable":true,"href":"https:\/\/agora-eoi.xtec.cat\/eoiesplugues\/wp-json\/wp\/v2\/pages\/8141"}],"wp:attachment":[{"href":"https:\/\/agora-eoi.xtec.cat\/eoiesplugues\/wp-json\/wp\/v2\/media?parent=8621"}],"curies":[{"name":"wp","href":"https:\/\/api.w.org\/{rel}","templated":true}]}}