{"id":8619,"date":"2023-09-01T11:24:25","date_gmt":"2023-09-01T09:24:25","guid":{"rendered":"http:\/\/agora-eoi.xtec.cat\/eoiesplugues\/?page_id=8619"},"modified":"2024-11-05T11:37:44","modified_gmt":"2024-11-05T10:37:44","slug":"equip-directiu","status":"publish","type":"page","link":"https:\/\/agora-eoi.xtec.cat\/eoiesplugues\/el-servei-educatiu\/organigrama\/equip-directiu\/","title":{"rendered":"Equip directiu"},"content":{"rendered":"<p><strong>Equip directiu<\/strong><\/p>\n<table style=\"width: 740px;\" border=\"0\">\n<tbody>\n<tr style=\"height: 58px;\">\n<td style=\"height: 58px; width: 371px;\">\n<p style=\"font-family: 'Helvetica Neue', Helvetica, Helvetica, Arial, sans-serif; font-size: 14px;\"><strong>Cap\u00a0d&#8217;estudis<\/strong>:<\/p>\n<p style=\"font-family: 'Helvetica Neue', Helvetica, Helvetica, Arial, sans-serif; font-size: 14px;\"><em>(Per a assumptes relacionats amb el funcionament de les classes, el professorat, l\u2019avaluaci\u00f3, les repeticions de curs, les ren\u00fancies i els canvis d\u2019horari)<\/em><\/p>\n<p>Horari d&#8217;atenci\u00f3:<strong> Dimecres de 15 a 16h<\/strong><\/td>\n<td style=\"height: 58px; width: 183px;\">\n<p style=\"font-family: 'Helvetica Neue', Helvetica, Helvetica, Arial, sans-serif; font-size: 14px;\"><strong>Marc Olmedo<\/strong><\/p>\n<\/td>\n<td style=\"height: 58px; width: 174px;\">molmedo3<span class=\"atwho-query\">@xtec.cat<\/span><\/td>\n<\/tr>\n<tr style=\"height: 97px;\">\n<td style=\"height: 97px; width: 371px;\">\n<p style=\"font-family: 'Helvetica Neue', Helvetica, Helvetica, Arial, sans-serif; font-size: 14px;\"><strong>Coordinadora Pedag\u00f2gica<\/strong>:<\/p>\n<p>Horari d&#8217;atenci\u00f3:<strong> Dimarts de 17 a 18h<\/strong><\/td>\n<td style=\"height: 97px; width: 183px;\">\n<p style=\"font-family: 'Helvetica Neue', Helvetica, Helvetica, Arial, sans-serif; font-size: 14px;\"><strong>Francesca J\u00e1ndula<\/strong><\/p>\n<\/td>\n<td style=\"height: 97px; width: 174px;\"><a href=\"mailto:fjandula@xtec.cat\">fjandula@xtec.cat<\/a><\/td>\n<\/tr>\n<tr style=\"height: 33px;\">\n<td style=\"height: 33px; width: 371px;\">\n<p style=\"font-family: 'Helvetica Neue', Helvetica, Helvetica, Arial, sans-serif; font-size: 14px;\"><strong>Director<\/strong>:<\/p>\n<p>Horari d&#8217;atenci\u00f3: <strong style=\"font-family: inherit; font-size: 1em;\"><span style=\"font-family: inherit; font-size: 0.875em;\">Dimecres de 15 a 16h<\/span><\/strong><\/td>\n<td style=\"height: 33px; width: 183px;\">\n<p style=\"font-family: 'Helvetica Neue', Helvetica, Helvetica, Arial, sans-serif; font-size: 14px;\"><strong>Herbert Wiedemann<\/strong><\/p>\n<\/td>\n<td style=\"height: 33px; width: 174px;\"><a href=\"mailto:hwiedema@xtec.cat\" target=\"_blank\" rel=\"noopener\">hwiedema@xtec.cat<\/a><\/td>\n<\/tr>\n<tr style=\"height: 33px;\">\n<td style=\"height: 33px; width: 371px;\">\n<p style=\"font-family: 'Helvetica Neue', Helvetica, Helvetica, Arial, sans-serif; font-size: 14px;\"><strong>Secret\u00e0ria<\/strong>:<\/p>\n<p style=\"font-family: 'Helvetica Neue', Helvetica, Helvetica, Arial, sans-serif; font-size: 14px;\"><em>(Per a assumptes relacionats amb la matr\u00edcula, les taxes i els certificats)<\/em><\/p>\n<p style=\"font-family: 'Helvetica Neue', Helvetica, Helvetica, Arial, sans-serif; font-size: 14px;\">Horari d&#8217;atenci\u00f3: <strong>Dimarts de 15 a 16h<\/strong><\/p>\n<p>&nbsp;<\/td>\n<td style=\"height: 33px; width: 183px;\">\n<p style=\"font-family: 'Helvetica Neue', Helvetica, Helvetica, Arial, sans-serif; font-size: 14px;\"><strong>Francesca Aug\u00e9<\/strong><\/p>\n<p>&nbsp;<\/td>\n<td style=\"height: 33px; width: 174px;\"><a href=\"mailto:fauge@xtec.cat\" target=\"_blank\" rel=\"noopener\">fauge@xtec.cat<\/a><\/td>\n<\/tr>\n<\/tbody>\n<\/table>\n<p>&nbsp;<\/p>\n","protected":false},"excerpt":{"rendered":"<p>Equip directiu Cap\u00a0d&#8217;estudis: (Per a assumptes relacionats amb el funcionament de les classes, el professorat, l\u2019avaluaci\u00f3, les repeticions de curs, les ren\u00fancies i els canvis d\u2019horari) Horari d&#8217;atenci\u00f3: Dimecres de 15 a 16h Marc Olmedo molmedo3@xtec.cat Coordinadora Pedag\u00f2gica: Horari d&#8217;atenci\u00f3: Dimarts de 17 a 18h Francesca J\u00e1ndula fjandula@xtec.cat Director: Horari d&#8217;atenci\u00f3: Dimecres de 15 a [&hellip;]<\/p>\n","protected":false},"author":1,"featured_media":0,"parent":8141,"menu_order":10,"comment_status":"closed","ping_status":"closed","template":"page-templates\/side-menu.php","meta":{"_bbp_topic_count":0,"_bbp_reply_count":0,"_bbp_total_topic_count":0,"_bbp_total_reply_count":0,"_bbp_voice_count":0,"_bbp_anonymous_reply_count":0,"_bbp_topic_count_hidden":0,"_bbp_reply_count_hidden":0,"_bbp_forum_subforum_count":0,"site-sidebar-layout":"default","site-content-layout":"","ast-site-content-layout":"","site-content-style":"default","site-sidebar-style":"default","ast-global-header-display":"","ast-banner-title-visibility":"","ast-main-header-display":"","ast-hfb-above-header-display":"","ast-hfb-below-header-display":"","ast-hfb-mobile-header-display":"","site-post-title":"","ast-breadcrumbs-content":"","ast-featured-img":"","footer-sml-layout":"","theme-transparent-header-meta":"","adv-header-id-meta":"","stick-header-meta":"","header-above-stick-meta":"","header-main-stick-meta":"","header-below-stick-meta":"","astra-migrate-meta-layouts":"default","ast-page-background-enabled":"default","ast-page-background-meta":{"desktop":{"background-color":"var(--ast-global-color-4)","background-image":"","background-repeat":"repeat","background-position":"center center","background-size":"auto","background-attachment":"scroll","background-type":"","background-media":"","overlay-type":"","overlay-color":"","overlay-opacity":"","overlay-gradient":""},"tablet":{"background-color":"","background-image":"","background-repeat":"repeat","background-position":"center center","background-size":"auto","background-attachment":"scroll","background-type":"","background-media":"","overlay-type":"","overlay-color":"","overlay-opacity":"","overlay-gradient":""},"mobile":{"background-color":"","background-image":"","background-repeat":"repeat","background-position":"center center","background-size":"auto","background-attachment":"scroll","background-type":"","background-media":"","overlay-type":"","overlay-color":"","overlay-opacity":"","overlay-gradient":""}},"ast-content-background-meta":{"desktop":{"background-color":"var(--ast-global-color-5)","background-image":"","background-repeat":"repeat","background-position":"center center","background-size":"auto","background-attachment":"scroll","background-type":"","background-media":"","overlay-type":"","overlay-color":"","overlay-opacity":"","overlay-gradient":""},"tablet":{"background-color":"var(--ast-global-color-5)","background-image":"","background-repeat":"repeat","background-position":"center center","background-size":"auto","background-attachment":"scroll","background-type":"","background-media":"","overlay-type":"","overlay-color":"","overlay-opacity":"","overlay-gradient":""},"mobile":{"background-color":"var(--ast-global-color-5)","background-image":"","background-repeat":"repeat","background-position":"center center","background-size":"auto","background-attachment":"scroll","background-type":"","background-media":"","overlay-type":"","overlay-color":"","overlay-opacity":"","overlay-gradient":""}},"footnotes":""},"class_list":["post-8619","page","type-page","status-publish","hentry"],"post_mailing_queue_ids":[],"_links":{"self":[{"href":"https:\/\/agora-eoi.xtec.cat\/eoiesplugues\/wp-json\/wp\/v2\/pages\/8619","targetHints":{"allow":["GET"]}}],"collection":[{"href":"https:\/\/agora-eoi.xtec.cat\/eoiesplugues\/wp-json\/wp\/v2\/pages"}],"about":[{"href":"https:\/\/agora-eoi.xtec.cat\/eoiesplugues\/wp-json\/wp\/v2\/types\/page"}],"author":[{"embeddable":true,"href":"https:\/\/agora-eoi.xtec.cat\/eoiesplugues\/wp-json\/wp\/v2\/users\/1"}],"replies":[{"embeddable":true,"href":"https:\/\/agora-eoi.xtec.cat\/eoiesplugues\/wp-json\/wp\/v2\/comments?post=8619"}],"version-history":[{"count":6,"href":"https:\/\/agora-eoi.xtec.cat\/eoiesplugues\/wp-json\/wp\/v2\/pages\/8619\/revisions"}],"predecessor-version":[{"id":13242,"href":"https:\/\/agora-eoi.xtec.cat\/eoiesplugues\/wp-json\/wp\/v2\/pages\/8619\/revisions\/13242"}],"up":[{"embeddable":true,"href":"https:\/\/agora-eoi.xtec.cat\/eoiesplugues\/wp-json\/wp\/v2\/pages\/8141"}],"wp:attachment":[{"href":"https:\/\/agora-eoi.xtec.cat\/eoiesplugues\/wp-json\/wp\/v2\/media?parent=8619"}],"curies":[{"name":"wp","href":"https:\/\/api.w.org\/{rel}","templated":true}]}}