{"id":8610,"date":"2016-06-20T11:15:09","date_gmt":"2016-06-20T10:15:09","guid":{"rendered":"http:\/\/agora-eoi.xtec.cat\/eoiesplugues\/?page_id=8610"},"modified":"2024-09-11T14:10:12","modified_gmt":"2024-09-11T12:10:12","slug":"pla-destudis","status":"publish","type":"page","link":"https:\/\/agora-eoi.xtec.cat\/eoiesplugues\/el-servei-educatiu\/pla-destudis\/","title":{"rendered":"Pla d&#8217;estudis"},"content":{"rendered":"<p>&nbsp;<\/p>\n<p>Les escoles oficials d&#8217;idiomes (EOI) s\u00f3n centres p\u00fablics, no universitaris, d&#8217;ensenyament d&#8217;idiomes moderns, que imparteixen els ensenyaments especialitzats que regula la Llei org\u00e0nica d&#8217;educaci\u00f3 (LOE).<\/p>\n<p>El Reial Decret 1041\/2017, de 22 de desembre, estableix el curr\u00edculum b\u00e0sic dels nivells Intermedi B1, Intermedi B2, Avan\u00e7at C1 i Avan\u00e7at C2 dels ensenyaments d&#8217;idiomes de r\u00e8gim especial regulats per la Llei Org\u00e0nica 2\/2006, de 3 de maig, d&#8217;educaci\u00f3.<\/p>\n<p>Tant el curr\u00edculum LOE com el curr\u00edculum LOMCE segueixen les recomanacions del <a href=\"https:\/\/llengua.gencat.cat\/ca\/serveis\/informacio_i_difusio\/publicacions_en_linia\/classific_temes\/temes_materials_didactics\/marc_europeu_de_referencia_per_a_les_llengues\" target=\"_blank\" rel=\"noopener\">Consell d\u2019Europa tal com es concreten en el Marc Europeu Com\u00fa de Refer\u00e8ncia per a les Lleng\u00fces (MECR).<\/a><\/p>\n<p>Les escoles oficials d&#8217;idiomes tamb\u00e9 gestionen les certificacions acad\u00e8miques corresponents a aquests ensenyaments especialitzats. Aquestes certificacions, que s\u00f3n reconegudes arreu de l&#8217;Estat espanyol, s\u00f3n les \u00faniques oficials. El certificat de nivell intermedi B1, el certificat de nivell intermedi B2 i el certificat de nivell avan\u00e7at C1 es poden obtenir tant en convocat\u00f2ria oficial com en convocat\u00f2ria lliure.<\/p>\n<p>Aquests ensenyaments s&#8217;estructuren en diversos nivells, segons l&#8217;idioma.<\/p>\n<p>Cada curs t\u00e9 una durada m\u00ednima de 130 hores.<\/p>\n<p>D\u2019acord amb la disposici\u00f3 addicional primera del Decret 4\/2009, de 13 de gener, pel qual s\u2019estableix l\u2019ordenaci\u00f3 i el curr\u00edculum dels ensenyaments de r\u00e8gim especial, les escoles oficials d\u2019idiomes imparteixen cursos de perfeccionament de compet\u00e8ncies equivalents al nivell avan\u00e7at C1 per a alemany, angl\u00e8s, catal\u00e0, franc\u00e8s i itali\u00e0 i al nivell avan\u00e7at C2 per a angl\u00e8s i catal\u00e0.<\/p>\n<p>Els ensenyaments d&#8217;idiomes que s&#8217;imparteixen a les EOI tenen com a finalitat capacitar l&#8217;alumnat en l&#8217;\u00fas efectiu de l&#8217;idioma com a vehicle de comunicaci\u00f3 general.<\/p>\n<p><strong>NIVELLS I NOMBRE DE GRUPS QUE S&#8217;OFEREIXEN A L&#8217;EOI ESPLUGUES<\/strong><\/p>\n<table style=\"width: 37.6453%;\" border=\"1\" cellspacing=\"1\" cellpadding=\"1\">\n<tbody>\n<tr>\n<td style=\"width: 15.0763%;\"><\/td>\n<td style=\"width: 21.7557%;\" colspan=\"2\"><strong>NIVELL B\u00c0SIC<\/strong><\/td>\n<td style=\"width: 28.2443%;\"><strong>NIVELL INTERMEDI B1<\/strong><\/td>\n<td style=\"width: 25.9542%;\" colspan=\"2\"><strong>NIVELL INTERMEDI B2<\/strong><\/td>\n<td style=\"width: 7.06107%;\"><strong>NIVELL AVAN\u00c7AT C1<\/strong><\/td>\n<\/tr>\n<tr>\n<td style=\"width: 15.0763%;\"><strong>CURSOS<\/strong><\/td>\n<td style=\"width: 10.8779%;\"><strong>A1<\/strong><\/td>\n<td style=\"width: 10.8779%;\"><strong>A2<\/strong><\/td>\n<td style=\"width: 28.2443%;\"><strong>B1<\/strong><\/td>\n<td style=\"width: 12.9771%;\"><strong>B2.1<\/strong><\/td>\n<td style=\"width: 12.9771%;\"><strong>B2.2<\/strong><\/td>\n<td style=\"width: 7.06107%;\"><strong>C1<\/strong><\/td>\n<\/tr>\n<tr>\n<td style=\"width: 15.0763%;\"><strong>Idioma<\/strong><\/td>\n<td style=\"width: 83.0153%;\" colspan=\"6\"><strong>Grups per nivells<\/strong><\/td>\n<\/tr>\n<tr>\n<td style=\"width: 15.0763%;\">Alemany<\/td>\n<td style=\"width: 10.8779%; text-align: center;\">3<\/td>\n<td style=\"width: 10.8779%; text-align: center;\">2<\/td>\n<td style=\"width: 28.2443%; text-align: center;\">2<\/td>\n<td style=\"width: 12.9771%; text-align: center;\">1<\/td>\n<td style=\"width: 12.9771%; text-align: center;\">1<\/td>\n<td style=\"width: 7.06107%; text-align: center;\">&#8211;<\/td>\n<\/tr>\n<tr>\n<td style=\"width: 15.0763%;\">Angl\u00e8s<\/td>\n<td style=\"width: 10.8779%; text-align: center;\">3<\/td>\n<td style=\"width: 10.8779%; text-align: center;\">4<\/td>\n<td style=\"width: 28.2443%; text-align: center;\">4<\/td>\n<td style=\"width: 12.9771%; text-align: center;\">4<\/td>\n<td style=\"width: 12.9771%; text-align: center;\">3<\/td>\n<td style=\"width: 7.06107%; text-align: center;\">2<\/td>\n<\/tr>\n<tr>\n<td style=\"width: 15.0763%;\">Franc\u00e8s<\/td>\n<td style=\"width: 10.8779%; text-align: center;\">3<\/td>\n<td style=\"width: 10.8779%; text-align: center;\">3<\/td>\n<td style=\"width: 28.2443%; text-align: center;\">2<\/td>\n<td style=\"width: 12.9771%; text-align: center;\">1<\/td>\n<td style=\"width: 12.9771%; text-align: center;\">1<\/td>\n<td style=\"width: 7.06107%; text-align: center;\">&#8211;<\/td>\n<\/tr>\n<tr>\n<td style=\"width: 15.0763%;\">\u00a0Itali\u00e0<\/td>\n<td style=\"width: 10.8779%; text-align: center;\">2<\/td>\n<td style=\"width: 10.8779%; text-align: center;\">2<\/td>\n<td style=\"width: 28.2443%; text-align: center;\">2<\/td>\n<td style=\"width: 12.9771%; text-align: center;\">(1)<\/td>\n<td style=\"width: 12.9771%; text-align: center;\">(1)<\/td>\n<td style=\"width: 7.06107%; text-align: center;\">\u00a0&#8211;<\/td>\n<\/tr>\n<\/tbody>\n<\/table>\n<p>&nbsp;<\/p>\n","protected":false},"excerpt":{"rendered":"<p>&nbsp; Les escoles oficials d&#8217;idiomes (EOI) s\u00f3n centres p\u00fablics, no universitaris, d&#8217;ensenyament d&#8217;idiomes moderns, que imparteixen els ensenyaments especialitzats que regula la Llei org\u00e0nica d&#8217;educaci\u00f3 (LOE). El Reial Decret 1041\/2017, de 22 de desembre, estableix el curr\u00edculum b\u00e0sic dels nivells Intermedi B1, Intermedi B2, Avan\u00e7at C1 i Avan\u00e7at C2 dels ensenyaments d&#8217;idiomes de r\u00e8gim especial [&hellip;]<\/p>\n","protected":false},"author":1,"featured_media":0,"parent":806,"menu_order":40,"comment_status":"closed","ping_status":"closed","template":"page-templates\/side-menu.php","meta":{"_bbp_topic_count":0,"_bbp_reply_count":0,"_bbp_total_topic_count":0,"_bbp_total_reply_count":0,"_bbp_voice_count":0,"_bbp_anonymous_reply_count":0,"_bbp_topic_count_hidden":0,"_bbp_reply_count_hidden":0,"_bbp_forum_subforum_count":0,"site-sidebar-layout":"default","site-content-layout":"","ast-site-content-layout":"","site-content-style":"default","site-sidebar-style":"default","ast-global-header-display":"","ast-banner-title-visibility":"","ast-main-header-display":"","ast-hfb-above-header-display":"","ast-hfb-below-header-display":"","ast-hfb-mobile-header-display":"","site-post-title":"","ast-breadcrumbs-content":"","ast-featured-img":"","footer-sml-layout":"","theme-transparent-header-meta":"","adv-header-id-meta":"","stick-header-meta":"","header-above-stick-meta":"","header-main-stick-meta":"","header-below-stick-meta":"","astra-migrate-meta-layouts":"default","ast-page-background-enabled":"default","ast-page-background-meta":{"desktop":{"background-color":"var(--ast-global-color-4)","background-image":"","background-repeat":"repeat","background-position":"center center","background-size":"auto","background-attachment":"scroll","background-type":"","background-media":"","overlay-type":"","overlay-color":"","overlay-opacity":"","overlay-gradient":""},"tablet":{"background-color":"","background-image":"","background-repeat":"repeat","background-position":"center center","background-size":"auto","background-attachment":"scroll","background-type":"","background-media":"","overlay-type":"","overlay-color":"","overlay-opacity":"","overlay-gradient":""},"mobile":{"background-color":"","background-image":"","background-repeat":"repeat","background-position":"center center","background-size":"auto","background-attachment":"scroll","background-type":"","background-media":"","overlay-type":"","overlay-color":"","overlay-opacity":"","overlay-gradient":""}},"ast-content-background-meta":{"desktop":{"background-color":"var(--ast-global-color-5)","background-image":"","background-repeat":"repeat","background-position":"center center","background-size":"auto","background-attachment":"scroll","background-type":"","background-media":"","overlay-type":"","overlay-color":"","overlay-opacity":"","overlay-gradient":""},"tablet":{"background-color":"var(--ast-global-color-5)","background-image":"","background-repeat":"repeat","background-position":"center center","background-size":"auto","background-attachment":"scroll","background-type":"","background-media":"","overlay-type":"","overlay-color":"","overlay-opacity":"","overlay-gradient":""},"mobile":{"background-color":"var(--ast-global-color-5)","background-image":"","background-repeat":"repeat","background-position":"center center","background-size":"auto","background-attachment":"scroll","background-type":"","background-media":"","overlay-type":"","overlay-color":"","overlay-opacity":"","overlay-gradient":""}},"footnotes":""},"class_list":["post-8610","page","type-page","status-publish","hentry"],"post_mailing_queue_ids":[],"_links":{"self":[{"href":"https:\/\/agora-eoi.xtec.cat\/eoiesplugues\/wp-json\/wp\/v2\/pages\/8610","targetHints":{"allow":["GET"]}}],"collection":[{"href":"https:\/\/agora-eoi.xtec.cat\/eoiesplugues\/wp-json\/wp\/v2\/pages"}],"about":[{"href":"https:\/\/agora-eoi.xtec.cat\/eoiesplugues\/wp-json\/wp\/v2\/types\/page"}],"author":[{"embeddable":true,"href":"https:\/\/agora-eoi.xtec.cat\/eoiesplugues\/wp-json\/wp\/v2\/users\/1"}],"replies":[{"embeddable":true,"href":"https:\/\/agora-eoi.xtec.cat\/eoiesplugues\/wp-json\/wp\/v2\/comments?post=8610"}],"version-history":[{"count":5,"href":"https:\/\/agora-eoi.xtec.cat\/eoiesplugues\/wp-json\/wp\/v2\/pages\/8610\/revisions"}],"predecessor-version":[{"id":13112,"href":"https:\/\/agora-eoi.xtec.cat\/eoiesplugues\/wp-json\/wp\/v2\/pages\/8610\/revisions\/13112"}],"up":[{"embeddable":true,"href":"https:\/\/agora-eoi.xtec.cat\/eoiesplugues\/wp-json\/wp\/v2\/pages\/806"}],"wp:attachment":[{"href":"https:\/\/agora-eoi.xtec.cat\/eoiesplugues\/wp-json\/wp\/v2\/media?parent=8610"}],"curies":[{"name":"wp","href":"https:\/\/api.w.org\/{rel}","templated":true}]}}