{"id":8444,"date":"2016-06-14T16:06:08","date_gmt":"2016-06-14T15:06:08","guid":{"rendered":"http:\/\/agora-eoi.xtec.cat\/eoiesplugues\/?page_id=8444"},"modified":"2021-11-02T13:33:57","modified_gmt":"2021-11-02T12:33:57","slug":"certificats-i-proves","status":"publish","type":"page","link":"https:\/\/agora-eoi.xtec.cat\/eoiesplugues\/el-servei-educatiu\/pla-destudis\/certificats-i-proves\/","title":{"rendered":"Certificats i proves"},"content":{"rendered":"<p><a href=\"https:\/\/agora-eoi.xtec.cat\/eoiesplugues\/wp-content\/uploads\/usu2243\/2016\/06\/Diploma-1-96.png\" rel=\"attachment wp-att-8687\"><img loading=\"lazy\" decoding=\"async\" class=\"alignleft wp-image-8687 size-full\" src=\"https:\/\/agora-eoi.xtec.cat\/eoiesplugues\/wp-content\/uploads\/usu2243\/2016\/06\/Diploma-1-96.png\" alt=\"Diploma 1-96\" width=\"96\" height=\"96\" \/><\/a><\/p>\n<p><strong>CERTIFICATS<\/strong><\/p>\n<p>Els ensenyaments a les Escoles Oficials d&#8217;Idiomes es divideixen en quatre nivells que, un cop superats, donen dret als<strong> certificats<\/strong> corresponents.<\/p>\n<p><strong>Certificat de Nivell B\u00e0sic <\/strong><\/p>\n<p>El certificat de Nivell B\u00e0sic s\u2019obt\u00e9 en aprovar 2n. No cal sol\u00b7licitar-ne l\u2019expedici\u00f3. L\u2019escola l\u2019expedeix de manera autom\u00e0tica a totes les persones aprovades. En la p\u00e0gina web de l\u2019escola s\u2019anuncia quan es pot passar a recollir el certificat (generalment a partir del mes d&#8217;octubre o novembre de l\u2019any que s\u2019ha aprovat).<\/p>\n<p><strong>Certificat de Nivell Intermedi B1<\/strong><\/p>\n<p>El certificat de Nivell Intermedi s\u2019obt\u00e9 en aprovar el 3er curs. No cal sol\u00b7licitar-ne l\u2019expedici\u00f3. L\u2019escola l\u2019expedeix de manera autom\u00e0tica a totes les persones aprovades, tant per a l\u2019ensenyament oficial presencial com per als candidats lliures. Al web de l\u2019escola s\u2019anuncia quan es pot passar a recollir el certificat (generalment a partir del mes octubre o novembre de l\u2019any que s\u2019ha aprovat).<\/p>\n<p><strong>Certificat de Nivell Intermedi B2<\/strong><\/p>\n<p>El certificat de Nivell Avan\u00e7at l\u2019expedeix el Departament d\u2019Educaci\u00f3, despr\u00e9s que la persona interessada hagi fet la sol\u00b7licitud i l\u2019abonament de les taxes corresponents. La tramitaci\u00f3 s\u2019ha de fer a Secretaria a partir del 15 d\u2019octubre. Cal consultar a Secretaria l\u2019import de les taxes.<\/p>\n<p>Documentaci\u00f3:<\/p>\n<ul>\n<li>Fotoc\u00f2pia del DNI, NIE o passaport.<\/li>\n<li>Carnet de fam\u00edlia nombrosa o monoparental vigent (si escau)<\/li>\n<\/ul>\n<p><strong>Certificat de Nivell C1 <\/strong><\/p>\n<p>El certificat de NIvell C1 s\u2019obt\u00e9 en aprovar el 6\u00e8 curs i l\u2019expedeix el Departament d\u2019Educaci\u00f3, despr\u00e9s que la persona interessada hagi fet la sol\u00b7licitud i l\u2019abonament de les taxes corresponents. La tramitaci\u00f3 s\u2019ha de fer a Secretaria a partir del 15 d\u2019octubre. Cal consultar a Secretaria l\u2019import de les taxes.<\/p>\n<p>Documentaci\u00f3:<\/p>\n<ul>\n<li>Fotoc\u00f2pia del DNI, NIE o passaport.<\/li>\n<li>Carnet de fam\u00edlia nombrosa o monoparental vigent (si escau)<\/li>\n<\/ul>\n<p><strong>PROVES<\/strong><\/p>\n<p>Trobareu la informaci\u00f3 relativa a la <strong>descripci\u00f3\u00a0i qualificaci\u00f3<\/strong> de les proves <a href=\"http:\/\/ensenyament.gencat.cat\/ca\/serveis-tramits\/proves\/proves-lliures-obtencio-titols\/convocat-ordinaria-idiomes\/descripcio\/\" target=\"_blank\" rel=\"noopener noreferrer\">aqu\u00ed.\u00a0<\/a><\/p>\n<p>Tamb\u00e9 podeu consultar\u00a0<strong>mostres de proves<\/strong> dels diferents certificats <a href=\"http:\/\/ensenyament.gencat.cat\/ca\/serveis-tramits\/proves\/proves-lliures-obtencio-titols\/convocat-ordinaria-idiomes\/mostres-proves\/\" target=\"_blank\" rel=\"noopener noreferrer\">aqu\u00ed.\u00a0 <\/a><\/p>\n<div class=\"art-postcontent\">\n<div class=\"field field-name-body field-type-text-with-summary field-label-hidden\">\n<div class=\"field-items\">\n<div class=\"field-item even\">\n<p>Podeu accedir a la informaci\u00f3 relativa a les <strong>convocat\u00f2ries per a l&#8217;obtenci\u00f3 dels certificats <\/strong>en els enlla\u00e7os seg\u00fcents:<strong><br \/>\n<\/strong><\/p>\n<ul>\n<li>Convocat\u00f2ria <strong>extraordin\u00e0ria<\/strong> (febrer) <a href=\"http:\/\/ensenyament.gencat.cat\/ca\/serveis-tramits\/proves\/proves-lliures-obtencio-titols\/convocat-extraord-idiomes\/\" target=\"_blank\" rel=\"noopener noreferrer\">aqu\u00ed.<\/a><\/li>\n<li>Convocat\u00f2ria <strong>ordin\u00e0ria<\/strong> (maig-juny) <a href=\"http:\/\/ensenyament.gencat.cat\/ca\/serveis-tramits\/proves\/proves-lliures-obtencio-titols\/convocat-ordinaria-idiomes\/\" target=\"_blank\" rel=\"noopener noreferrer\">aqu\u00ed<\/a>.<\/li>\n<\/ul>\n<\/div>\n<\/div>\n<\/div>\n<\/div>\n<p>&nbsp;<\/p>\n","protected":false},"excerpt":{"rendered":"<p>CERTIFICATS Els ensenyaments a les Escoles Oficials d&#8217;Idiomes es divideixen en quatre nivells que, un cop superats, donen dret als certificats corresponents. Certificat de Nivell B\u00e0sic El certificat de Nivell B\u00e0sic s\u2019obt\u00e9 en aprovar 2n. No cal sol\u00b7licitar-ne l\u2019expedici\u00f3. L\u2019escola l\u2019expedeix de manera autom\u00e0tica a totes les persones aprovades. En la p\u00e0gina web de l\u2019escola [&hellip;]<\/p>\n","protected":false},"author":1,"featured_media":0,"parent":8610,"menu_order":20,"comment_status":"closed","ping_status":"closed","template":"page-templates\/side-menu.php","meta":{"_bbp_topic_count":0,"_bbp_reply_count":0,"_bbp_total_topic_count":0,"_bbp_total_reply_count":0,"_bbp_voice_count":0,"_bbp_anonymous_reply_count":0,"_bbp_topic_count_hidden":0,"_bbp_reply_count_hidden":0,"_bbp_forum_subforum_count":0,"site-sidebar-layout":"default","site-content-layout":"","ast-site-content-layout":"","site-content-style":"default","site-sidebar-style":"default","ast-global-header-display":"","ast-banner-title-visibility":"","ast-main-header-display":"","ast-hfb-above-header-display":"","ast-hfb-below-header-display":"","ast-hfb-mobile-header-display":"","site-post-title":"","ast-breadcrumbs-content":"","ast-featured-img":"","footer-sml-layout":"","theme-transparent-header-meta":"","adv-header-id-meta":"","stick-header-meta":"","header-above-stick-meta":"","header-main-stick-meta":"","header-below-stick-meta":"","astra-migrate-meta-layouts":"default","ast-page-background-enabled":"default","ast-page-background-meta":{"desktop":{"background-color":"var(--ast-global-color-4)","background-image":"","background-repeat":"repeat","background-position":"center center","background-size":"auto","background-attachment":"scroll","background-type":"","background-media":"","overlay-type":"","overlay-color":"","overlay-opacity":"","overlay-gradient":""},"tablet":{"background-color":"","background-image":"","background-repeat":"repeat","background-position":"center center","background-size":"auto","background-attachment":"scroll","background-type":"","background-media":"","overlay-type":"","overlay-color":"","overlay-opacity":"","overlay-gradient":""},"mobile":{"background-color":"","background-image":"","background-repeat":"repeat","background-position":"center center","background-size":"auto","background-attachment":"scroll","background-type":"","background-media":"","overlay-type":"","overlay-color":"","overlay-opacity":"","overlay-gradient":""}},"ast-content-background-meta":{"desktop":{"background-color":"var(--ast-global-color-5)","background-image":"","background-repeat":"repeat","background-position":"center center","background-size":"auto","background-attachment":"scroll","background-type":"","background-media":"","overlay-type":"","overlay-color":"","overlay-opacity":"","overlay-gradient":""},"tablet":{"background-color":"var(--ast-global-color-5)","background-image":"","background-repeat":"repeat","background-position":"center center","background-size":"auto","background-attachment":"scroll","background-type":"","background-media":"","overlay-type":"","overlay-color":"","overlay-opacity":"","overlay-gradient":""},"mobile":{"background-color":"var(--ast-global-color-5)","background-image":"","background-repeat":"repeat","background-position":"center center","background-size":"auto","background-attachment":"scroll","background-type":"","background-media":"","overlay-type":"","overlay-color":"","overlay-opacity":"","overlay-gradient":""}},"footnotes":""},"class_list":["post-8444","page","type-page","status-publish","hentry"],"post_mailing_queue_ids":[],"_links":{"self":[{"href":"https:\/\/agora-eoi.xtec.cat\/eoiesplugues\/wp-json\/wp\/v2\/pages\/8444","targetHints":{"allow":["GET"]}}],"collection":[{"href":"https:\/\/agora-eoi.xtec.cat\/eoiesplugues\/wp-json\/wp\/v2\/pages"}],"about":[{"href":"https:\/\/agora-eoi.xtec.cat\/eoiesplugues\/wp-json\/wp\/v2\/types\/page"}],"author":[{"embeddable":true,"href":"https:\/\/agora-eoi.xtec.cat\/eoiesplugues\/wp-json\/wp\/v2\/users\/1"}],"replies":[{"embeddable":true,"href":"https:\/\/agora-eoi.xtec.cat\/eoiesplugues\/wp-json\/wp\/v2\/comments?post=8444"}],"version-history":[{"count":3,"href":"https:\/\/agora-eoi.xtec.cat\/eoiesplugues\/wp-json\/wp\/v2\/pages\/8444\/revisions"}],"predecessor-version":[{"id":11720,"href":"https:\/\/agora-eoi.xtec.cat\/eoiesplugues\/wp-json\/wp\/v2\/pages\/8444\/revisions\/11720"}],"up":[{"embeddable":true,"href":"https:\/\/agora-eoi.xtec.cat\/eoiesplugues\/wp-json\/wp\/v2\/pages\/8610"}],"wp:attachment":[{"href":"https:\/\/agora-eoi.xtec.cat\/eoiesplugues\/wp-json\/wp\/v2\/media?parent=8444"}],"curies":[{"name":"wp","href":"https:\/\/api.w.org\/{rel}","templated":true}]}}