{"id":8414,"date":"2016-06-14T14:55:48","date_gmt":"2016-06-14T13:55:48","guid":{"rendered":"http:\/\/agora-eoi.xtec.cat\/eoiesplugues\/?page_id=8414"},"modified":"2023-01-25T14:04:57","modified_gmt":"2023-01-25T13:04:57","slug":"biblioteca","status":"publish","type":"page","link":"https:\/\/agora-eoi.xtec.cat\/eoiesplugues\/serveis\/biblioteca\/","title":{"rendered":"Biblioteca"},"content":{"rendered":"\r\n\t<div class=\"slideshow_container slideshow_container_style-light\" style=\"height: 200px; \" data-slideshow-id=\"31\" data-style-name=\"style-light\" data-style-version=\"2.3.1\" >\r\n\r\n\t\t\t\t\t<div class=\"slideshow_loading_icon\"><\/div>\r\n\t\t\r\n\t\t<div class=\"slideshow_content\" style=\"display: none;\">\r\n\r\n\t\t\t<div class=\"slideshow_view\">\r\n\t\t\t\t<div class=\"slideshow_slide slideshow_slide_image\">\r\n\t\t\t\t\t\t\t\t\t\t\t<img src=\"https:\/\/agora-eoi.xtec.cat\/eoiesplugues\/wp-content\/uploads\/usu2243\/2016\/06\/biblioteca-fons-nova.jpg\" alt=\"biblioteca-fons-nova\" width=\"694\" height=\"422\" \/>\r\n\t\t\t\t\t\t\t\t\t\t<div class=\"slideshow_description_box slideshow_transparent\">\r\n\t\t\t\t\t\t<div class=\"slideshow_title\">biblioteca-fons-nova<\/div>\t\t\t\t\t\t\t\t\t\t\t<\/div>\r\n\t\t\t\t<\/div>\r\n\r\n\t\t\t\t\t\t<div style=\"clear: both;\"><\/div><\/div><div class=\"slideshow_view\">\r\n\t\t\t\t<div class=\"slideshow_slide slideshow_slide_image\">\r\n\t\t\t\t\t\t\t\t\t\t\t<img src=\"https:\/\/agora-eoi.xtec.cat\/eoiesplugues\/wp-content\/uploads\/usu2243\/2016\/06\/biblioteca-fons-antiga.jpg\" alt=\"biblioteca-fons-antiga\" width=\"694\" height=\"422\" \/>\r\n\t\t\t\t\t\t\t\t\t\t<div class=\"slideshow_description_box slideshow_transparent\">\r\n\t\t\t\t\t\t<div class=\"slideshow_title\">biblioteca-fons-antiga<\/div>\t\t\t\t\t\t\t\t\t\t\t<\/div>\r\n\t\t\t\t<\/div>\r\n\r\n\t\t\t\t\t\t<div style=\"clear: both;\"><\/div><\/div>\r\n\t\t<\/div>\r\n\r\n\t\t<div class=\"slideshow_controlPanel slideshow_transparent\" style=\"display: none;\"><ul><li class=\"slideshow_togglePlay\" data-play-text=\"Visualitza\" data-pause-text=\"Pausa\"><\/li><\/ul><\/div>\r\n\r\n\t\t<div class=\"slideshow_button slideshow_previous slideshow_transparent\" role=\"button\" data-previous-text=\"Anterior\" style=\"display: none;\"><\/div>\r\n\t\t<div class=\"slideshow_button slideshow_next slideshow_transparent\" role=\"button\" data-next-text=\"Seg\u00fcent\" style=\"display: none;\"><\/div>\r\n\r\n\t\t<div class=\"slideshow_pagination\" style=\"display: none;\" data-go-to-text=\"V\u00e9s a la diapositiva\"><div class=\"slideshow_pagination_center\"><\/div><\/div>\r\n\r\n\t\t<!-- WordPress Slideshow Version 2.3.1 -->\r\n\r\n\t\t\t<\/div>\r\n\r\n\n<h3><\/h3>\n<p>&nbsp;<\/p>\n<p><strong>Horari de la sala<br \/>\n<\/strong><\/p>\n<p>De 9.30h a 21.00h de dilluns a dijous. Aquest horari es pot veure afectat per la realitzaci\u00f3 d\u2019activitats culturals.<\/p>\n<p><strong>Normativa<\/strong><\/p>\n<p>Per tal de respectar la resta d\u2019usuaris i els equipaments i materials de la <strong>Biblioteca<\/strong>, els usuaris que hi accedeixin hauran de complir amb les seg\u00fcents obligacions:<\/p>\n<ul>\n<li>Mantenir el silenci<\/li>\n<li>No menjar ni beure<\/li>\n<li>Silenciar els tel\u00e8fons m\u00f2bils i no parlar-hi<\/li>\n<li>No reservar llocs de treball a tercers<\/li>\n<li>Utilitzar amb cura el fons documental i els equipaments del centre<\/li>\n<li>Deixar les cadires al seu lloc<\/li>\n<li>Retornar els materials de consulta al seu prestatge<\/li>\n<\/ul>\n<p><strong>Pr\u00e9stec<br \/>\n<\/strong><\/p>\n<p>Es far\u00e0 a trav\u00e9s del professorat.<\/p>\n<p>El servei de pr\u00e9stec de documents permet emportar-se conjuntament: <strong>4 documents <\/strong>a la vegada, entre els quals no poden haver-hi m\u00e9s de<strong> 2 <\/strong><strong>DVD<\/strong><strong>. <\/strong><\/p>\n<p>Podeu consultar en <a href=\"https:\/\/aplicacions.gestioeducativa.gencat.cat\/epergam\/web\/biblioteca.jsp?codi=08054344\" target=\"_blank\" rel=\"noopener noreferrer\">aquest enlla\u00e7<\/a> si tenim el document que us interessa a la biblioteca.<\/p>\n<ul>\n<li>El termini de pr\u00e9stec varia segons el tipus de material:\n<ul>\n<li>Material audiovisual (DVD i CD): <strong>1 setmana <\/strong>(prorrogable).<\/li>\n<li>M\u00e8todes, algunes gram\u00e0tiques amb exercicis: <strong>3 setmanes <\/strong>(prorrogables una vegada, excepte en el cas dels llibres de lectura obligat\u00f2ria).<\/li>\n<li>Documents en general: <strong>3 setmanes<\/strong> (prorrogables dues vegades, excepte en el cas dels llibres de lectura obligat\u00f2ria).<\/li>\n<li>Obres de refer\u00e8ncia (diccionaris, atles i alguns llibres de consulta freq\u00fcent, incloent-hi algunes gram\u00e0tiques), n\u00famero vigent de les publicacions peri\u00f2diques i m\u00e8todes obligatoris durant l\u2019any acad\u00e8mic vigent: <strong>excloses de pr\u00e9stec<\/strong>.<\/li>\n<\/ul>\n<\/li>\n<li>Es podr\u00e0 <strong>renovar<\/strong> el pr\u00e9stec dels documents, sempre que no siguin els de lectura obligat\u00f2ria corresponents al curs que s&#8217;est\u00e0 fent.<\/li>\n<li>Es podran fer pr\u00f2rrogues de documents enviant un correu electr\u00f2nic a <strong>biblioeoiesplugues@gmail.com.<\/strong><\/li>\n<li>Per cada setmana de retard en el retorn hi haur\u00e0 una setmana de suspensi\u00f3 de pr\u00e9stec.<\/li>\n<li>En cas de deteriorament o p\u00e8rdua dels materials prestats, l\u2019usuari estar\u00e0 obligat a adquirir un nou exemplar (exceptuant el cas de robatori si l\u2019usuari presenta la den\u00fancia corresponent). En cas que la restituci\u00f3 sigui impossible, s\u2019abonar\u00e0 l\u2019import del material perdut o malm\u00e8s. Si no es produeix la devoluci\u00f3 d\u2019algun document, es denegar\u00e0 el pr\u00e9stec el curs seg\u00fcent.<\/li>\n<li>S\u2019haur\u00e0 de respectar la normativa vigent en mat\u00e8ria de propietat intel\u2022lectual dels documents en pr\u00e9stec.<\/li>\n<\/ul>\n","protected":false},"excerpt":{"rendered":"<p>&nbsp; Horari de la sala De 9.30h a 21.00h de dilluns a dijous. Aquest horari es pot veure afectat per la realitzaci\u00f3 d\u2019activitats culturals. Normativa Per tal de respectar la resta d\u2019usuaris i els equipaments i materials de la Biblioteca, els usuaris que hi accedeixin hauran de complir amb les seg\u00fcents obligacions: Mantenir el silenci [&hellip;]<\/p>\n","protected":false},"author":1,"featured_media":0,"parent":8411,"menu_order":20,"comment_status":"closed","ping_status":"closed","template":"page-templates\/side-menu.php","meta":{"_bbp_topic_count":0,"_bbp_reply_count":0,"_bbp_total_topic_count":0,"_bbp_total_reply_count":0,"_bbp_voice_count":0,"_bbp_anonymous_reply_count":0,"_bbp_topic_count_hidden":0,"_bbp_reply_count_hidden":0,"_bbp_forum_subforum_count":0,"site-sidebar-layout":"default","site-content-layout":"","ast-site-content-layout":"","site-content-style":"default","site-sidebar-style":"default","ast-global-header-display":"","ast-banner-title-visibility":"","ast-main-header-display":"","ast-hfb-above-header-display":"","ast-hfb-below-header-display":"","ast-hfb-mobile-header-display":"","site-post-title":"","ast-breadcrumbs-content":"","ast-featured-img":"","footer-sml-layout":"","theme-transparent-header-meta":"","adv-header-id-meta":"","stick-header-meta":"","header-above-stick-meta":"","header-main-stick-meta":"","header-below-stick-meta":"","astra-migrate-meta-layouts":"default","ast-page-background-enabled":"default","ast-page-background-meta":{"desktop":{"background-color":"var(--ast-global-color-4)","background-image":"","background-repeat":"repeat","background-position":"center center","background-size":"auto","background-attachment":"scroll","background-type":"","background-media":"","overlay-type":"","overlay-color":"","overlay-opacity":"","overlay-gradient":""},"tablet":{"background-color":"","background-image":"","background-repeat":"repeat","background-position":"center center","background-size":"auto","background-attachment":"scroll","background-type":"","background-media":"","overlay-type":"","overlay-color":"","overlay-opacity":"","overlay-gradient":""},"mobile":{"background-color":"","background-image":"","background-repeat":"repeat","background-position":"center center","background-size":"auto","background-attachment":"scroll","background-type":"","background-media":"","overlay-type":"","overlay-color":"","overlay-opacity":"","overlay-gradient":""}},"ast-content-background-meta":{"desktop":{"background-color":"var(--ast-global-color-5)","background-image":"","background-repeat":"repeat","background-position":"center center","background-size":"auto","background-attachment":"scroll","background-type":"","background-media":"","overlay-type":"","overlay-color":"","overlay-opacity":"","overlay-gradient":""},"tablet":{"background-color":"var(--ast-global-color-5)","background-image":"","background-repeat":"repeat","background-position":"center center","background-size":"auto","background-attachment":"scroll","background-type":"","background-media":"","overlay-type":"","overlay-color":"","overlay-opacity":"","overlay-gradient":""},"mobile":{"background-color":"var(--ast-global-color-5)","background-image":"","background-repeat":"repeat","background-position":"center center","background-size":"auto","background-attachment":"scroll","background-type":"","background-media":"","overlay-type":"","overlay-color":"","overlay-opacity":"","overlay-gradient":""}},"footnotes":""},"class_list":["post-8414","page","type-page","status-publish","hentry"],"post_mailing_queue_ids":[],"_links":{"self":[{"href":"https:\/\/agora-eoi.xtec.cat\/eoiesplugues\/wp-json\/wp\/v2\/pages\/8414","targetHints":{"allow":["GET"]}}],"collection":[{"href":"https:\/\/agora-eoi.xtec.cat\/eoiesplugues\/wp-json\/wp\/v2\/pages"}],"about":[{"href":"https:\/\/agora-eoi.xtec.cat\/eoiesplugues\/wp-json\/wp\/v2\/types\/page"}],"author":[{"embeddable":true,"href":"https:\/\/agora-eoi.xtec.cat\/eoiesplugues\/wp-json\/wp\/v2\/users\/1"}],"replies":[{"embeddable":true,"href":"https:\/\/agora-eoi.xtec.cat\/eoiesplugues\/wp-json\/wp\/v2\/comments?post=8414"}],"version-history":[{"count":4,"href":"https:\/\/agora-eoi.xtec.cat\/eoiesplugues\/wp-json\/wp\/v2\/pages\/8414\/revisions"}],"predecessor-version":[{"id":12349,"href":"https:\/\/agora-eoi.xtec.cat\/eoiesplugues\/wp-json\/wp\/v2\/pages\/8414\/revisions\/12349"}],"up":[{"embeddable":true,"href":"https:\/\/agora-eoi.xtec.cat\/eoiesplugues\/wp-json\/wp\/v2\/pages\/8411"}],"wp:attachment":[{"href":"https:\/\/agora-eoi.xtec.cat\/eoiesplugues\/wp-json\/wp\/v2\/media?parent=8414"}],"curies":[{"name":"wp","href":"https:\/\/api.w.org\/{rel}","templated":true}]}}