{"id":8377,"date":"2016-06-13T13:50:10","date_gmt":"2016-06-13T12:50:10","guid":{"rendered":"http:\/\/agora-eoi.xtec.cat\/eoiesplugues\/?page_id=8377"},"modified":"2026-02-23T18:42:27","modified_gmt":"2026-02-23T17:42:27","slug":"expedicio-de-titols","status":"publish","type":"page","link":"https:\/\/agora-eoi.xtec.cat\/eoiesplugues\/secretaria\/expedicio-de-titols\/","title":{"rendered":"Expedici\u00f3 de t\u00edtols"},"content":{"rendered":"<h3><strong>Nivells b\u00e0sic A2 i intermedi B1<\/strong><\/h3>\n<p style=\"text-align: justify;\">L\u2019alumnat que hagi superat el curs A2 obt\u00e9 el Certificat de nivell b\u00e0sic, equivalent al nivell A2 del Marc europeu com\u00fa de refer\u00e8ncia per a les lleng\u00fces (MECR).<br \/>\nL\u2019alumnat oficial de B1 o els candidats o candidates lliures que hagin superat les proves corresponents, obtenen el Certificat de nivell intermedi B1, equivalent al nivell B1 del MECR.<\/p>\n<p><strong>Procediment:<\/strong><\/p>\n<ul>\n<li>L\u2019escola expedeix els certificats de manera autom\u00e0tica sense que calgui sol\u00b7licitud pr\u00e8via ni pagament de taxes.<\/li>\n<li>Es pot recollir personalment a partir de mitjan octubre a la secretaria del centre presentant el DNI, passaport o NIE de la persona interessada.<\/li>\n<\/ul>\n<h3><strong>Nivells intermedi B2 i avan\u00e7at C1<\/strong><\/h3>\n<ul>\n<li>L\u2019alumnat oficial de B2.2 o els candidats o candidates lliures que hagin superat les proves corresponents obtenen el Certificat de nivell intermedi B2, equivalent al nivell B2 del Marc europeu com\u00fa de refer\u00e8ncia per a les lleng\u00fces (MECR).<\/li>\n<li>L\u2019alumnat oficial de C1 que superi la prova corresponent obt\u00e9 el Certificat de nivell avan\u00e7at C1, equivalent al nivell C1 del Marc europeu com\u00fa de refer\u00e8ncia per a les lleng\u00fces.<\/li>\n<\/ul>\n<p><strong>Procediment:<\/strong><br \/>\nEls Certificats dels nivells intermedi B2 i avan\u00e7at C1 els expedeix el Departament d\u2019Ensenyament pr\u00e8via sol\u00b7licitud i abonament de les taxes corresponents.<\/p>\n<p>Passos a seguir:<\/p>\n<ol>\n<li>Accediu al seg\u00fcent enlla\u00e7 fent clic <a href=\"https:\/\/accesvalidat.gestioeducativa.gencat.cat\/ords\/pls\/apex\/f?p=20210059072543618\" target=\"_blank\" rel=\"noopener\">aqu\u00ed<\/a> . A continuaci\u00f3 disposeu de les seg\u00fcents instruccions: 1)<a href=\"https:\/\/agora-eoi.xtec.cat\/eoiesplugues\/wp-content\/uploads\/usu2243\/2026\/02\/20260203_sollicitud-primera-expedicio_ALUMNES.pdf\" target=\"_blank\" rel=\"noopener\">\u00a0Sol\u00b7licitud primera expedici\u00f3 d&#8217;un t\u00edtol B2 o C1<\/a> o b\u00e9 2) <a href=\"https:\/\/agora-eoi.xtec.cat\/eoiesplugues\/wp-content\/uploads\/usu2243\/2026\/02\/duplicat-actualitzacio.pdf\" target=\"_blank\" rel=\"noopener\">Sol\u00b7licitud duplicat t\u00edtol<\/a><\/li>\n<li><strong>Un cop pagada la taxa<\/strong>, heu de donar av\u00eds a l&#8217;escola, al correu electr\u00f2nic<a href=\"mailto:eoiesplugues@xtec.cat\" target=\"_blank\" rel=\"noopener\"> eoiesplugues@xtec.cat<\/a>, per tal que validi la vostra sol\u00b7licitud.<\/li>\n<li>Podeu descarregar el resguard del teu t\u00edtol des de la pantalla principal. Podeu passar en horari d&#8217;atenci\u00f3 de secretaria per tenir el document signat i segellat per l&#8217;escola.\u00a0 <strong>IMPORTANT:<\/strong> Aquest resguard de t\u00edtol tindr\u00e0 validesa legal un cop estigui signat i segellat pel centre.<\/li>\n<li>Rebr\u00e0s un av\u00eds del teu centre quan puguis passar a recollir el nou t\u00edtol.<\/li>\n<li>Els t\u00edtols s\u2019han de recollir personalment a la secretaria del centre presentant el DNI, NIE o passaport i el resguard de pagament de les taxes. <span lang=\"CA\">En el cas que <strong>no <ins cite=\"mailto:E.O.I\" datetime=\"2008-02-14T14:08\"><\/ins>es pugui recollir personalment<\/strong>,\u00a0 es pot autoritzar una altra persona, la qual, a m\u00e9s del seu DNI, ha de presentar la documentaci\u00f3 seg\u00fcent:<\/span>\n<p style=\"text-align: justify;\" align=\"left\"><span lang=\"CA\">&#8211; Document acreditatiu de l&#8217;autoritzaci\u00f3.<\/span><\/p>\n<p align=\"left\"><span lang=\"CA\">&#8211; Fotoc\u00f2pia simple del DNI de la persona sol\u00b7licitant del certificat.<\/span><\/p>\n<p style=\"text-align: justify;\" align=\"left\"><span lang=\"CA\">El document acreditatiu de l&#8217;autoritzaci\u00f3 ha d&#8217;identificar el nom, cognoms i n\u00fam. de DNI tant de\u00a0 la persona interessada com de l\u2019autoritzada, les quals signaran el document, que expressar\u00e0 que l&#8217;objecte de l&#8217;autoritzaci\u00f3 \u00e9s recollir a la secretaria d&#8217;aquest centre el certificat esmentat.<\/span><\/p>\n<\/li>\n<\/ol>\n<p><a href=\"https:\/\/educacio.gencat.cat\/ca\/departament\/normativa\/taxes-preus-publics\/taxes\/index.html#taxa-per-l-expedicio-de-titols-academics-i-professionals\" target=\"_blank\" rel=\"noopener\"><strong>TIPUS DE TAXES<\/strong>\u00a0<\/a><\/p>\n","protected":false},"excerpt":{"rendered":"<p>Nivells b\u00e0sic A2 i intermedi B1 L\u2019alumnat que hagi superat el curs A2 obt\u00e9 el Certificat de nivell b\u00e0sic, equivalent al nivell A2 del Marc europeu com\u00fa de refer\u00e8ncia per a les lleng\u00fces (MECR). L\u2019alumnat oficial de B1 o els candidats o candidates lliures que hagin superat les proves corresponents, obtenen el Certificat de nivell [&hellip;]<\/p>\n","protected":false},"author":1,"featured_media":0,"parent":8358,"menu_order":80,"comment_status":"closed","ping_status":"closed","template":"","meta":{"_bbp_topic_count":0,"_bbp_reply_count":0,"_bbp_total_topic_count":0,"_bbp_total_reply_count":0,"_bbp_voice_count":0,"_bbp_anonymous_reply_count":0,"_bbp_topic_count_hidden":0,"_bbp_reply_count_hidden":0,"_bbp_forum_subforum_count":0,"site-sidebar-layout":"default","site-content-layout":"","ast-site-content-layout":"default","site-content-style":"default","site-sidebar-style":"default","ast-global-header-display":"","ast-banner-title-visibility":"","ast-main-header-display":"","ast-hfb-above-header-display":"","ast-hfb-below-header-display":"","ast-hfb-mobile-header-display":"","site-post-title":"","ast-breadcrumbs-content":"","ast-featured-img":"","footer-sml-layout":"","theme-transparent-header-meta":"","adv-header-id-meta":"","stick-header-meta":"","header-above-stick-meta":"","header-main-stick-meta":"","header-below-stick-meta":"","astra-migrate-meta-layouts":"set","ast-page-background-enabled":"default","ast-page-background-meta":{"desktop":{"background-color":"var(--ast-global-color-4)","background-image":"","background-repeat":"repeat","background-position":"center center","background-size":"auto","background-attachment":"scroll","background-type":"","background-media":"","overlay-type":"","overlay-color":"","overlay-opacity":"","overlay-gradient":""},"tablet":{"background-color":"","background-image":"","background-repeat":"repeat","background-position":"center center","background-size":"auto","background-attachment":"scroll","background-type":"","background-media":"","overlay-type":"","overlay-color":"","overlay-opacity":"","overlay-gradient":""},"mobile":{"background-color":"","background-image":"","background-repeat":"repeat","background-position":"center center","background-size":"auto","background-attachment":"scroll","background-type":"","background-media":"","overlay-type":"","overlay-color":"","overlay-opacity":"","overlay-gradient":""}},"ast-content-background-meta":{"desktop":{"background-color":"var(--ast-global-color-5)","background-image":"","background-repeat":"repeat","background-position":"center center","background-size":"auto","background-attachment":"scroll","background-type":"","background-media":"","overlay-type":"","overlay-color":"","overlay-opacity":"","overlay-gradient":""},"tablet":{"background-color":"var(--ast-global-color-5)","background-image":"","background-repeat":"repeat","background-position":"center center","background-size":"auto","background-attachment":"scroll","background-type":"","background-media":"","overlay-type":"","overlay-color":"","overlay-opacity":"","overlay-gradient":""},"mobile":{"background-color":"var(--ast-global-color-5)","background-image":"","background-repeat":"repeat","background-position":"center center","background-size":"auto","background-attachment":"scroll","background-type":"","background-media":"","overlay-type":"","overlay-color":"","overlay-opacity":"","overlay-gradient":""}},"footnotes":""},"class_list":["post-8377","page","type-page","status-publish","hentry"],"post_mailing_queue_ids":[],"_links":{"self":[{"href":"https:\/\/agora-eoi.xtec.cat\/eoiesplugues\/wp-json\/wp\/v2\/pages\/8377","targetHints":{"allow":["GET"]}}],"collection":[{"href":"https:\/\/agora-eoi.xtec.cat\/eoiesplugues\/wp-json\/wp\/v2\/pages"}],"about":[{"href":"https:\/\/agora-eoi.xtec.cat\/eoiesplugues\/wp-json\/wp\/v2\/types\/page"}],"author":[{"embeddable":true,"href":"https:\/\/agora-eoi.xtec.cat\/eoiesplugues\/wp-json\/wp\/v2\/users\/1"}],"replies":[{"embeddable":true,"href":"https:\/\/agora-eoi.xtec.cat\/eoiesplugues\/wp-json\/wp\/v2\/comments?post=8377"}],"version-history":[{"count":6,"href":"https:\/\/agora-eoi.xtec.cat\/eoiesplugues\/wp-json\/wp\/v2\/pages\/8377\/revisions"}],"predecessor-version":[{"id":13713,"href":"https:\/\/agora-eoi.xtec.cat\/eoiesplugues\/wp-json\/wp\/v2\/pages\/8377\/revisions\/13713"}],"up":[{"embeddable":true,"href":"https:\/\/agora-eoi.xtec.cat\/eoiesplugues\/wp-json\/wp\/v2\/pages\/8358"}],"wp:attachment":[{"href":"https:\/\/agora-eoi.xtec.cat\/eoiesplugues\/wp-json\/wp\/v2\/media?parent=8377"}],"curies":[{"name":"wp","href":"https:\/\/api.w.org\/{rel}","templated":true}]}}