{"id":8372,"date":"2016-06-13T13:41:51","date_gmt":"2016-06-13T12:41:51","guid":{"rendered":"http:\/\/agora-eoi.xtec.cat\/eoiesplugues\/?page_id=8372"},"modified":"2025-09-17T11:07:30","modified_gmt":"2025-09-17T09:07:30","slug":"normes-i-funcionament","status":"publish","type":"page","link":"https:\/\/agora-eoi.xtec.cat\/eoiesplugues\/el-servei-educatiu\/normes-i-funcionament\/","title":{"rendered":"Normes i funcionament &#8211; gestions administratives"},"content":{"rendered":"<p><strong>ASSIST\u00c8NCIA A CLASSE<\/strong><\/p>\n<ul>\n<li>L&#8217;assist\u00e8ncia es considera necess\u00e0ria per al bon aprofitament individual i del grup i per a una adequada avaluaci\u00f3 de l&#8217;alumne.<\/li>\n<li>En cas d&#8217;abs\u00e8ncies no justificades superiors al 20% del temps lectiu, l&#8217;alumne no podr\u00e0 ser avaluat de manera cont\u00ednua, i nom\u00e9s podr\u00e0 presentar-se a una prova de final de curs.<\/li>\n<li>Si, per alguna ra\u00f3, un alumne no pot assistir a classe durant un temps o definitivament, cal fer-ho saber al professor al m\u00e9s aviat possible.<\/li>\n<\/ul>\n<p><strong>AVALUACI\u00d3<\/strong><\/p>\n<ul>\n<li>L&#8217;avaluaci\u00f3 del proc\u00e9s d&#8217;aprenentatge dels alumnes oficials presencials ser\u00e0 cont\u00ednua i sistem\u00e0tica, globalitzada, integradora i personalitzada a fi de valorar el progr\u00e9s dels alumnes.<\/li>\n<li>Es fomenta l&#8217;intercanvi d&#8217;informaci\u00f3 sobre el proc\u00e9s d&#8217;aprenentatge i ensenyament entre professorat i alumnat. Es valora l&#8217;assist\u00e8ncia a classe, la participaci\u00f3 en les activitats proposades, la realitzaci\u00f3 de les tasques encomanades per fer a casa, el resultat de les proves peri\u00f2diques que es programin. Tanmateix, a banda de l&#8217;avaluaci\u00f3 formativa, hi ha una prova d&#8217;assoliment estandaritzada per constatar que s&#8217;han complert els objectius establerts per als casos en qu\u00e8 el professor no tingui prou elements de judici.<\/li>\n<li>L&#8217;avaluaci\u00f3 est\u00e0 elaborada amb criteris objectius de fiabilitat i validesa.<\/li>\n<\/ul>\n<p><strong>CANVIS D&#8217;HORARI<\/strong><\/p>\n<p>Els alumnes que vulguin un canvi d\u2019horari de classe podran presentar una inst\u00e0ncia a Secretaria durant l\u2019horari d\u2019atenci\u00f3 al p\u00fablic, o b\u00e9 fer-la arribar telem\u00e0ticament a l\u2019adre\u00e7a electr\u00f2nica de l\u2019escola (eoiesplugues@xtec.cat).<\/p>\n<p>Si un alumne troba alg\u00fa en el centre amb qui poder fer una <strong>permuta<\/strong> d\u2019horari (\u00e9s a dir, un intercanvi de pla\u00e7a dins d\u2019un mateix idioma i curs per\u00f2 en horari diferent), tots dos hauran de presentar la seva documentaci\u00f3 de manera conjunta i omplir la sol\u00b7licitud de permuta. La permuta assegura el canvi autom\u00e0tic (veure enlla\u00e7 a la sol\u00b7licitud de permuta m\u00e9s avall) .<\/p>\n<p>El termini de presentaci\u00f3 de la sol\u00b7licitud de canvi d\u2019horari \u00e9s des del moment que finalitzi el proc\u00e9s de matr\u00edcula fins a l&#8217; <strong>16<\/strong>\u00a0<strong>d\u2019octubre<\/strong> <strong>de 2025.<\/strong><\/p>\n<p>La inst\u00e0ncia s\u2019haur\u00e0 de presentar amb les causes degudament justificades i d\u2019acord amb les seg\u00fcents condicions:<\/p>\n<ul>\n<li>En tots els casos nom\u00e9s es podran concedir canvis en els horaris sol\u00b7licitats en qu\u00e8 hi hagi places vacants.<\/li>\n<li>Podran demanar canvi els alumnes que un cop feta la matr\u00edcula a l&#8217;EOI, s&#8217;hagin matriculat en un altre centre docent oficial (universitat, institut, escola, etc.) i tinguin un horari incompatible, o b\u00e9 alumnes als quals se&#8217;ls hagi canviat l&#8217;horari laboral, tamb\u00e9 amb posterioritat a la matriculaci\u00f3 en aquesta EOI.<\/li>\n<li>El canvi ser\u00e0 irrenunciable, oficial i definitiu per a\u00a0la resta del curs.<\/li>\n<li>No es tindr\u00e0 en compte cap sol\u00b7licitud que no vagi acompanyada de justificant acreditatiu (fotoc\u00f2pia de matr\u00edcula, certificat de l&#8217;empresa, etc).<\/li>\n<li>El Cap d&#8217;estudis classificar\u00e0 les sol\u00b7licituds rebudes per idioma i horari demanat en primera opci\u00f3 i es procedir\u00e0 a concedir o denegar els canvis d&#8217;acord amb la disponibilitat de places.<\/li>\n<li>Un cop\u00a0concedides o denegades les sol\u00b7licituds els\/les alumnes podran incorporar-se immediatament al grup sol\u00b7licitat si els ha estat concedit el canvi. En cas contrari hauran de romandre al grup d&#8217;origen.<\/li>\n<\/ul>\n<p>La resoluci\u00f3 relativa a la concessi\u00f3 o denegaci\u00f3 de les sol\u00b7licituds de canvi d\u2019horari sortir\u00e0 publicada al tauler d\u2019anuncis de Secretaria el dia <strong>17 d\u2019octubre de 2025.<\/strong><\/p>\n<p>Podeu accedir als fulls de sol\u00b7licitud de canvi d&#8217;horari i de permuta en els\u00a0enlla\u00e7os seg\u00fcents:<\/p>\n<ul>\n<li><a href=\"http:\/\/agora-eoi.xtec.cat\/eoiesplugues\/docs\/solicitud-canvi-dhorari\/\" target=\"_blank\" rel=\"noopener noreferrer\">Sol\u00b7licitud de canvi d&#8217;horari<\/a><\/li>\n<li><a href=\"http:\/\/agora-eoi.xtec.cat\/eoiesplugues\/docs\/sol\u00b7licitud-de-permuta\/\" target=\"_blank\" rel=\"noopener noreferrer\">Sol\u00b7licitud de permuta<\/a><\/li>\n<\/ul>\n<p><strong>DEVOLUCI\u00d3 DE TAXES O PREUS P\u00daBLICS<\/strong><\/p>\n<p><span style=\"font-family: inherit; font-size: 1em;\">Les taxes i preus p\u00fablics de la matr\u00edcula a les EOI nom\u00e9s es poden retornar en els sup\u00f2sits que s&#8217;indiquen a continuaci\u00f3 i en els terminis que, quan escau, s&#8217;assenyalen:<\/span><\/p>\n<ul>\n<li>Ren\u00fancia amb dret a devoluci\u00f3 de taxes per la matr\u00edcula fins al <strong>10 d\u2019octubre de 2025.<\/strong><\/li>\n<li>Ren\u00fancia a la inscripci\u00f3 a les proves lliures per a l&#8217;obtenci\u00f3 del certificat de nivell intermedi B1, del certificat de nivell intermedi B2 o del certificat de nivell avan\u00e7at C1 quan la ren\u00fancia i la sol\u00b7licitud de retorn de taxes o de preus p\u00fablics es produeixen abans de la data de publicaci\u00f3 de les llistes definitives d&#8217;admesos.<\/li>\n<li>Pagaments duplicats o per import superior.<\/li>\n<li>No aplicaci\u00f3 de bonificacions o exempcions a les quals l&#8217;alumne o alumna t\u00e9 dret en el moment de la matricula, per l&#8217;import corresponent.<\/li>\n<li>No prestaci\u00f3 del servei per causes no imputables a l&#8217;alumne o alumna. No es consideren sup\u00f2sits de for\u00e7a major els canvis en l&#8217;horari laboral ni els canvis de domicili o similars.<\/li>\n<li>En cas de trasllat a una altra comunitat aut\u00f2noma, l&#8217;alumne o alumna pot sol\u00b7licitar el retorn de taxes o preus p\u00fablics abans del darrer dia h\u00e0bil de novembre.<\/li>\n<\/ul>\n<p>Hi ha tres vies de formular aquestes sol\u00b7licituds:<\/p>\n<ol>\n<li>Telem\u00e0ticament, mitjan\u00e7ant aquest enlla\u00e7: https:\/\/web.gencat.cat\/ca\/tramits\/tramits-temes\/devolucio-ingressos-indeguts<\/li>\n<li>A trav\u00e9s de les Oficines de Registre dels serveis centrals d&#8217;Educaci\u00f3 i dels serveis territorials, utiltzant el servei de &#8220;tramitaci\u00f3 atesa&#8221;<\/li>\n<li>Presencialment, a trav\u00e9s de la vostra EOI (o de l&#8217;IOC, si en sou alumnes)<\/li>\n<\/ol>\n<p>En qualsevol cas, a m\u00e9s a m\u00e9s d&#8217;omplir i lliurar el model\u00a0 de <a href=\"https:\/\/agora-eoi.xtec.cat\/eoiesplugues\/wp-content\/uploads\/usu2243\/2022\/09\/soldevoltaxes.pdf\" target=\"_blank\" rel=\"noopener\">&#8220;Sol\u00b7licitud de devoluci\u00f3 de taxa per la prestaci\u00f3 dels serveis docents de les escoles oficials d\u2019idiomes (EOI) o per la inscripci\u00f3 en les proves lliures&#8221;<\/a>, tamb\u00e9 caldr\u00e0 lliurar\u00a0 el <a href=\"https:\/\/agora-eoi.xtec.cat\/eoiesplugues\/wp-content\/uploads\/usu2243\/2022\/09\/Renuncia-sense-reserva-placa.docx\" target=\"_blank\" rel=\"noopener\">full de ren\u00fancia sense reserva de pla\u00e7a<\/a>\u00a0signat per l&#8217;alumne o alumna i registrat (amb data i segell) per l&#8217;EOI.<\/p>\n<p>La ren\u00fancia de la matr\u00edcula sense reserva de pla\u00e7a suposa l\u2019anul\u00b7laci\u00f3 del curs a tots els efectes (assist\u00e8ncia i drets d\u2019examen). Si l\u2019alumne\/a que ha renunciat vol tornar a matricular-se, haur\u00e0 de tornar a fer el proc\u00e9s de preinscripci\u00f3 com a nou\/va alumne\/a al mes de setembre. El retorn efectiu de les taxes queda a disposici\u00f3 de la resoluci\u00f3 que dicti el Servei de Pressupostos i Gesti\u00f3 Financera del Departament d\u2019Educaci\u00f3.<\/p>\n<p><strong>EX\u00c0MENS CURS OFICIAL<\/strong><\/p>\n<ul>\n<li>Els alumnes disposaran, a banda de l&#8217;avaluaci\u00f3 cont\u00ednua, d&#8217;una \u00fanica convocat\u00f2ria d&#8217;examen final durant el curs acad\u00e8mic.<\/li>\n<li>Tota persona que estigui convocada i no es presenti a aquesta prova, rebr\u00e0 un No Presentat\u00a0(NP) com a nota final i perdr\u00e0 una convocat\u00f2ria.<\/li>\n<\/ul>\n<p><strong>MENORS<\/strong><\/p>\n<p><strong>Els ensenyaments que es duen a terme a les EOI s\u00f3n de car\u00e0cter NO REGLAT, \u00e9s a dir, no obligatoris.<\/strong><\/p>\n<p>L&#8217;Escola es compromet a fer un seguiment de l&#8217;assist\u00e8ncia dels alumnes menors d&#8217;edat, i en cas que faltin a classe, es trucar\u00e0 als pares o tutors. Aix\u00ed mateix, es demanar\u00e0 justificant d&#8217;abs\u00e8ncia o retard degudament emplenat i signat pel pare\/mare o tutor\/s.<\/p>\n<p>Trobareu el justificant d&#8217;abs\u00e8ncia a l&#8217;apartat de secretaria (inst\u00e0ncies i sol\u00b7licituds).<\/p>\n<p><strong>REN\u00daNCIA A LA MATR\u00cdCULA OFICIAL<\/strong><\/p>\n<p>Un alumne o alumna oficial pot presentar a la directora de l&#8217;escola la <a href=\"https:\/\/agora-eoi.xtec.cat\/eoiesplugues\/wp-content\/uploads\/usu2243\/bp-attachments\/9341\/solrenuncia.docx\" target=\"_blank\" rel=\"noopener\">ren\u00fancia a la matr\u00edcula en un idioma<\/a> en un termini que <strong>finalitza el darrer dia h\u00e0bil de novembre. <\/strong>Nom\u00e9s es pot demanar una ren\u00fancia per curs i idioma, i no computa a efectes de repetici\u00f3. Despr\u00e9s de fer el tr\u00e0mit de la ren\u00fancia, ja no es pot assistir a classe. La matr\u00edcula per al curs seg\u00fcent es fa al juliol en el per\u00edode de matr\u00edculaci\u00f3 de l&#8217;antic alumnat.<\/p>\n<p>Un cop passat el termini de ren\u00fancia establert, si un alumne o alumna oficial abandona el curs, aquest abandonament li computa a l&#8217;efecte de repetici\u00f3 i l&#8217;alumne o alumna t\u00e9, a tots els efectes, la consideraci\u00f3 de &#8220;no presentat\/ada&#8221; en la qualificaci\u00f3 final.<\/p>\n<p>Aquesta tipus de ren\u00fania no s&#8217;ha de confondre amb la ren\u00fancia que cal presentar quan se sol\u00b7licita un retorn de taxes, la qual implica la p\u00e8rdua de la condici\u00f3 d&#8217;antic alumne\/a (vegeu l&#8217;apartat &#8220;retorn de taxes i preus p\u00fablics&#8221;).<\/p>\n<p><strong>REN\u00daNCIA A UN CURS OFICIAL APROVAT<\/strong><\/p>\n<p>Qualsevol persona que tingui un expedient acad\u00e8mic obert en una escola oficial d&#8217;idiomes pot sol\u00b7licitar al director o directora de l&#8217;escola la ren\u00fancia a un dels cursos acad\u00e8mics superats en aquell idioma, sempre que no siguin cursos que hagin comportat l&#8217;obtenci\u00f3 d&#8217;un certificat. L&#8217;escola pot concedir la ren\u00fancia un cop obtinguts els informes oportuns del departament d&#8217;aquell idioma.<br \/>\nEl curs a qu\u00e8 s\u2019ha renunciat computa a l&#8217;efecte de repetici\u00f3. Les ren\u00fancies esmentades en els apartats anteriors s&#8217;han de fer constar en l&#8217;expedient acad\u00e8mic de l&#8217;alumne.<\/p>\n<p><strong>PERMAN\u00c8NCIA EN ELS ESTUDIS<\/strong><\/p>\n<ul>\n<li>En cada un dels nivells b\u00e0sic, intermedi B1, intermedi B2, avan\u00e7at C1 i avan\u00e7at C2, l&#8217;alumne o alumna t\u00e9 dret a romandre matriculat en r\u00e8gim d&#8217;ensenyament oficial, modalitat presencial, durant un m\u00e0xim de cursos acad\u00e8mics equivalents al doble dels cursos de qu\u00e8 consta el nivell per a l&#8217;idioma corresponent.<\/li>\n<li>L&#8217;alumne o alumna que cursa per tercera vegada el primer curs del nivell b\u00e0sic, del nivell intermedi B2 i o del nivell avan\u00e7at C2 (nom\u00e9s en el cas de l&#8217;angl\u00e8s), i no el supera, no pot cursar-lo una altra vegada.<\/li>\n<li>Per cursar per tercera vegada el primer curs del nivell b\u00e0sic, del nivell intermedi B2 o del nivell avan\u00e7at C2 (nom\u00e9s en el cas de l&#8217;angl\u00e8s), l&#8217;alumne o alumna ha de demanar-ho al director o directora de l&#8217;escola, que ha de valorar les circumst\u00e0ncies al\u00b7legades per l&#8217;alumne en la sol\u00b7licitud i el proc\u00e9s d&#8217;aprenentatge seguit per l&#8217;alumne al llarg dels dos cursos realitzats.<\/li>\n<li>L&#8217;alumne o alumna que accedeix directament al segon curs del nivell b\u00e0sic o al segon curs del nivell intermedi B2, el pot cursar un m\u00e0xim de dues vegades.<\/li>\n<li>En casos excepcionals, que ha de valorar el director o directora de l&#8217;escola i sempre que no representi fer el mateix curs per quarta vegada, el director o directora pot autoritzar la repetici\u00f3 o perman\u00e8ncia d&#8217;un curs m\u00e9s en r\u00e8gim oficial presencial a l&#8217;alumne que ho sol\u00b7liciti, quan ja hagi superat el nombre m\u00e0xim de cursos de perman\u00e8ncia autoritzats amb car\u00e0cter general per al nivell corresponent. Es pot concedir una \u00fanica convocat\u00f2ria addicional per nivell.<\/li>\n<\/ul>\n<p><strong>TRASLLAT DE MATR\u00cdCULA<\/strong><\/p>\n<ul>\n<li>Trasllat de l&#8217;alumne durant el curs acad\u00e8mic<\/li>\n<\/ul>\n<p>Si despr\u00e9s de formalitzar la matr\u00edcula en un centre, un alumne o alumna demana poder continuar el curs en un altre centre, el trasllat s&#8217;anomena &#8220;trasllat de <strong>matr\u00edcula viva&#8221;<\/strong>. El termini per efectuar trasllats de matr\u00edcula viva finalitza el <strong>darrer dia h\u00e0bil del mes d&#8217;abril.<\/strong><br \/>\nLa sol\u00b7licitud de trasllat de matr\u00edcula s&#8217;ha de fer al centre de destinaci\u00f3 mitjan\u00e7ant el model &#8220;<a href=\"http:\/\/agora-eoi.xtec.cat\/eoiesplugues\/docs\/sol\u00b7licitud-de-trasllat-de-matricula-viva\/\" target=\"_blank\" rel=\"noopener noreferrer\">Sol.licitud de trasllat de matr\u00edcula viva<\/a>&#8221; i queda condicionada a la disponibilitat de places del centre. La documentaci\u00f3 que cal aportar \u00e9s el full de pagament de la matr\u00edcula efectuada en el centre d&#8217;origen. En el moment de produir-se una vacant, l&#8217;EOI de destinaci\u00f3 ho ha de comunicar al sol\u00b7licitant. L&#8217;EOI de destinaci\u00f3 ha de tramitar d&#8217;ofici el trasllat d&#8217;expedient de l&#8217;alumne. En cas de no haver-hi vacants en l&#8217;EOI de destinaci\u00f3, s&#8217;obrir\u00e0 una llista d&#8217;espera on els sol\u00b7licitants han de poder indicar els grups i horaris desitjats.<\/p>\n<ul>\n<li>Trasllat de l&#8217;alumne o alumna en per\u00edode no lectiu<\/li>\n<\/ul>\n<p>Els alumnes oficials, un cop hagin formalitzat la matr\u00edcula al seu centre d&#8217;origen durant el mes de juliol de 2025, poden sol\u00b7licitar un trasllat de matr\u00edcula a una altra escola durant els tres dies h\u00e0bils posteriors<strong> a la finalitzaci\u00f3 del per\u00edode de matr\u00edcula<\/strong>. La sol\u00b7licitud de matr\u00edcula es fa presencialment a l&#8217;escola de destinaci\u00f3, i queda condicionada a la disponibilitat de places. L&#8217;escola de destinaci\u00f3 es posar\u00e0 en contacte amb l&#8217;alumnat a trav\u00e9s dels mitjans que estableixi, per notificar l&#8217;acceptaci\u00f3 o la denegaci\u00f3 del trasllat. En cas d&#8217;acceptaci\u00f3, el proc\u00e9s de trasllat ha d&#8217;haver acabat abans <strong>del 31 de juliol de 2026<\/strong>. La documentaci\u00f3 que l&#8217;alumne ha d&#8217;aportar en el moment de sol\u00b7licitar el trasllat \u00e9s el full de pagament de la matr\u00edcula. En cas que hi hagi places vacants, l&#8217;escola de destinaci\u00f3 sol\u00b7licitar\u00e0 el trasllat de l&#8217;expedient acad\u00e8mic de l&#8217;alumne a l&#8217;escola d&#8217;origen.<\/p>\n<p>&#8211; L\u2019alumne no pagar\u00e0 taxa de matr\u00edcula si procedeix d\u2019una EOI de Catalunya per\u00f2 s\u00ed que pagar\u00e0 la taxa de matr\u00edcula si procedeix d\u2019una EOI d\u2019una altra comunitat aut\u00f2noma.<\/p>\n<p><strong>MATR\u00cdCULA D&#8217;ACTUALITZACI\u00d3<\/strong><\/p>\n<p>L&#8217;alumnat pot tornar a fer un curs realitzat i aprovat. Aquesta tipus de matr\u00edcula s&#8217;anomena <strong>matr\u00edcula d&#8217;actualitzaci\u00f3<\/strong>. Cal tenir en compte els requisits seg\u00fcents:<\/p>\n<ul>\n<li>La matr\u00edcula s&#8217;ha de fer al final del proc\u00e9s de preinscripci\u00f3 i matr\u00edcula del nou alumnat.<\/li>\n<li>Les places que s&#8217;ofereixen s\u00f3n les vacants.<\/li>\n<li>La sol\u00b7licitud nom\u00e9s t\u00e9 validesa per a un curs acad\u00e8mic i, per tant, s&#8217;ha de fer cada any.<\/li>\n<li>La matr\u00edcula no t\u00e9 efectes acad\u00e8mics ni dona lloc a cap certificat oficial.<\/li>\n<li>No es pot sol\u00b7licitar una nova expedici\u00f3 del certificat obtingut anteriorment.<\/li>\n<li>Cal pagar la taxa o preu p\u00fablic corresponent.<\/li>\n<li>Dins un mateix curs acad\u00e8mic, no es poden tenir una matr\u00edcula ordin\u00e0ria i una matr\u00edcula d&#8217;actualitzaci\u00f3 per al mateix idioma.<\/li>\n<\/ul>\n<p>La sol\u00b7licitud s&#8217;ha de fer\u00a0<strong>presencialment\u00a0<\/strong>a la secretaria de l&#8217;escola un cop finalitzat el proc\u00e9s de preinscripci\u00f3 i matr\u00edcula del nou alumnat.<\/p>\n","protected":false},"excerpt":{"rendered":"<p>ASSIST\u00c8NCIA A CLASSE L&#8217;assist\u00e8ncia es considera necess\u00e0ria per al bon aprofitament individual i del grup i per a una adequada avaluaci\u00f3 de l&#8217;alumne. En cas d&#8217;abs\u00e8ncies no justificades superiors al 20% del temps lectiu, l&#8217;alumne no podr\u00e0 ser avaluat de manera cont\u00ednua, i nom\u00e9s podr\u00e0 presentar-se a una prova de final de curs. Si, per [&hellip;]<\/p>\n","protected":false},"author":1,"featured_media":0,"parent":806,"menu_order":35,"comment_status":"closed","ping_status":"closed","template":"","meta":{"_bbp_topic_count":0,"_bbp_reply_count":0,"_bbp_total_topic_count":0,"_bbp_total_reply_count":0,"_bbp_voice_count":0,"_bbp_anonymous_reply_count":0,"_bbp_topic_count_hidden":0,"_bbp_reply_count_hidden":0,"_bbp_forum_subforum_count":0,"site-sidebar-layout":"default","site-content-layout":"","ast-site-content-layout":"default","site-content-style":"default","site-sidebar-style":"default","ast-global-header-display":"","ast-banner-title-visibility":"","ast-main-header-display":"","ast-hfb-above-header-display":"","ast-hfb-below-header-display":"","ast-hfb-mobile-header-display":"","site-post-title":"","ast-breadcrumbs-content":"","ast-featured-img":"","footer-sml-layout":"","theme-transparent-header-meta":"","adv-header-id-meta":"","stick-header-meta":"","header-above-stick-meta":"","header-main-stick-meta":"","header-below-stick-meta":"","astra-migrate-meta-layouts":"set","ast-page-background-enabled":"default","ast-page-background-meta":{"desktop":{"background-color":"var(--ast-global-color-4)","background-image":"","background-repeat":"repeat","background-position":"center center","background-size":"auto","background-attachment":"scroll","background-type":"","background-media":"","overlay-type":"","overlay-color":"","overlay-opacity":"","overlay-gradient":""},"tablet":{"background-color":"","background-image":"","background-repeat":"repeat","background-position":"center center","background-size":"auto","background-attachment":"scroll","background-type":"","background-media":"","overlay-type":"","overlay-color":"","overlay-opacity":"","overlay-gradient":""},"mobile":{"background-color":"","background-image":"","background-repeat":"repeat","background-position":"center center","background-size":"auto","background-attachment":"scroll","background-type":"","background-media":"","overlay-type":"","overlay-color":"","overlay-opacity":"","overlay-gradient":""}},"ast-content-background-meta":{"desktop":{"background-color":"var(--ast-global-color-5)","background-image":"","background-repeat":"repeat","background-position":"center center","background-size":"auto","background-attachment":"scroll","background-type":"","background-media":"","overlay-type":"","overlay-color":"","overlay-opacity":"","overlay-gradient":""},"tablet":{"background-color":"var(--ast-global-color-5)","background-image":"","background-repeat":"repeat","background-position":"center center","background-size":"auto","background-attachment":"scroll","background-type":"","background-media":"","overlay-type":"","overlay-color":"","overlay-opacity":"","overlay-gradient":""},"mobile":{"background-color":"var(--ast-global-color-5)","background-image":"","background-repeat":"repeat","background-position":"center center","background-size":"auto","background-attachment":"scroll","background-type":"","background-media":"","overlay-type":"","overlay-color":"","overlay-opacity":"","overlay-gradient":""}},"footnotes":""},"class_list":["post-8372","page","type-page","status-publish","hentry"],"post_mailing_queue_ids":[],"_links":{"self":[{"href":"https:\/\/agora-eoi.xtec.cat\/eoiesplugues\/wp-json\/wp\/v2\/pages\/8372","targetHints":{"allow":["GET"]}}],"collection":[{"href":"https:\/\/agora-eoi.xtec.cat\/eoiesplugues\/wp-json\/wp\/v2\/pages"}],"about":[{"href":"https:\/\/agora-eoi.xtec.cat\/eoiesplugues\/wp-json\/wp\/v2\/types\/page"}],"author":[{"embeddable":true,"href":"https:\/\/agora-eoi.xtec.cat\/eoiesplugues\/wp-json\/wp\/v2\/users\/1"}],"replies":[{"embeddable":true,"href":"https:\/\/agora-eoi.xtec.cat\/eoiesplugues\/wp-json\/wp\/v2\/comments?post=8372"}],"version-history":[{"count":6,"href":"https:\/\/agora-eoi.xtec.cat\/eoiesplugues\/wp-json\/wp\/v2\/pages\/8372\/revisions"}],"predecessor-version":[{"id":13563,"href":"https:\/\/agora-eoi.xtec.cat\/eoiesplugues\/wp-json\/wp\/v2\/pages\/8372\/revisions\/13563"}],"up":[{"embeddable":true,"href":"https:\/\/agora-eoi.xtec.cat\/eoiesplugues\/wp-json\/wp\/v2\/pages\/806"}],"wp:attachment":[{"href":"https:\/\/agora-eoi.xtec.cat\/eoiesplugues\/wp-json\/wp\/v2\/media?parent=8372"}],"curies":[{"name":"wp","href":"https:\/\/api.w.org\/{rel}","templated":true}]}}