{"id":8295,"date":"2016-06-13T11:34:05","date_gmt":"2016-06-13T10:34:05","guid":{"rendered":"http:\/\/agora-eoi.xtec.cat\/eoiesplugues\/?page_id=8295"},"modified":"2025-09-03T10:48:32","modified_gmt":"2025-09-03T08:48:32","slug":"llibres-i-lectura","status":"publish","type":"page","link":"https:\/\/agora-eoi.xtec.cat\/eoiesplugues\/frances\/llibres-i-lectura\/","title":{"rendered":"Llibres i lectura"},"content":{"rendered":"<p><a href=\"http:\/\/agora-eoi.xtec.cat\/eoiesplugues\/wp-content\/uploads\/usu2243\/2016\/06\/Literature-96.png\" rel=\"attachment wp-att-8680\"><img loading=\"lazy\" decoding=\"async\" class=\"size-full wp-image-8680 alignleft\" src=\"http:\/\/agora-eoi.xtec.cat\/eoiesplugues\/wp-content\/uploads\/usu2243\/2016\/06\/Literature-96.png\" alt=\"Literature-96\" width=\"96\" height=\"96\" \/><\/a><strong>Llibres de text i lectura del Departament de franc\u00e8s<\/strong><\/p>\n<p><strong>Curs 2025-2026<br \/>\n<\/strong><\/p>\n<p>&nbsp;<\/p>\n<p>Consulteu en el seg\u00fcent enlla\u00e7 els llibres de text i de lectura del departament de franc\u00e8s per al curs 2025-26:<\/p>\n<p><a href=\"https:\/\/www.alibri.es\/escuelas\/eoi-esplugues\/frances\" target=\"_blank\" rel=\"noopener\">https:\/\/www.alibri.es\/escuelas\/eoi-esplugues\/frances<\/a><\/p>\n<p><a href=\"https:\/\/agora-eoi.xtec.cat\/eoiesplugues\/portada\/llibres-de-text-i-de-lectura-curs-2024-25\/\" target=\"_blank\" rel=\"noopener\">Cliqueu aqu\u00ed<\/a> per saber com adquirir els llibres.<\/p>\n","protected":false},"excerpt":{"rendered":"<p>Llibres de text i lectura del Departament de franc\u00e8s Curs 2025-2026 &nbsp; Consulteu en el seg\u00fcent enlla\u00e7 els llibres de text i de lectura del departament de franc\u00e8s per al curs 2025-26: https:\/\/www.alibri.es\/escuelas\/eoi-esplugues\/frances Cliqueu aqu\u00ed per saber com adquirir els llibres.<\/p>\n","protected":false},"author":1,"featured_media":0,"parent":8195,"menu_order":30,"comment_status":"closed","ping_status":"closed","template":"page-templates\/side-menu.php","meta":{"_bbp_topic_count":0,"_bbp_reply_count":0,"_bbp_total_topic_count":0,"_bbp_total_reply_count":0,"_bbp_voice_count":0,"_bbp_anonymous_reply_count":0,"_bbp_topic_count_hidden":0,"_bbp_reply_count_hidden":0,"_bbp_forum_subforum_count":0,"site-sidebar-layout":"default","site-content-layout":"","ast-site-content-layout":"","site-content-style":"default","site-sidebar-style":"default","ast-global-header-display":"","ast-banner-title-visibility":"","ast-main-header-display":"","ast-hfb-above-header-display":"","ast-hfb-below-header-display":"","ast-hfb-mobile-header-display":"","site-post-title":"","ast-breadcrumbs-content":"","ast-featured-img":"","footer-sml-layout":"","theme-transparent-header-meta":"","adv-header-id-meta":"","stick-header-meta":"","header-above-stick-meta":"","header-main-stick-meta":"","header-below-stick-meta":"","astra-migrate-meta-layouts":"default","ast-page-background-enabled":"default","ast-page-background-meta":{"desktop":{"background-color":"var(--ast-global-color-4)","background-image":"","background-repeat":"repeat","background-position":"center center","background-size":"auto","background-attachment":"scroll","background-type":"","background-media":"","overlay-type":"","overlay-color":"","overlay-opacity":"","overlay-gradient":""},"tablet":{"background-color":"","background-image":"","background-repeat":"repeat","background-position":"center center","background-size":"auto","background-attachment":"scroll","background-type":"","background-media":"","overlay-type":"","overlay-color":"","overlay-opacity":"","overlay-gradient":""},"mobile":{"background-color":"","background-image":"","background-repeat":"repeat","background-position":"center center","background-size":"auto","background-attachment":"scroll","background-type":"","background-media":"","overlay-type":"","overlay-color":"","overlay-opacity":"","overlay-gradient":""}},"ast-content-background-meta":{"desktop":{"background-color":"var(--ast-global-color-5)","background-image":"","background-repeat":"repeat","background-position":"center center","background-size":"auto","background-attachment":"scroll","background-type":"","background-media":"","overlay-type":"","overlay-color":"","overlay-opacity":"","overlay-gradient":""},"tablet":{"background-color":"var(--ast-global-color-5)","background-image":"","background-repeat":"repeat","background-position":"center center","background-size":"auto","background-attachment":"scroll","background-type":"","background-media":"","overlay-type":"","overlay-color":"","overlay-opacity":"","overlay-gradient":""},"mobile":{"background-color":"var(--ast-global-color-5)","background-image":"","background-repeat":"repeat","background-position":"center center","background-size":"auto","background-attachment":"scroll","background-type":"","background-media":"","overlay-type":"","overlay-color":"","overlay-opacity":"","overlay-gradient":""}},"footnotes":""},"class_list":["post-8295","page","type-page","status-publish","hentry"],"post_mailing_queue_ids":[],"_links":{"self":[{"href":"https:\/\/agora-eoi.xtec.cat\/eoiesplugues\/wp-json\/wp\/v2\/pages\/8295","targetHints":{"allow":["GET"]}}],"collection":[{"href":"https:\/\/agora-eoi.xtec.cat\/eoiesplugues\/wp-json\/wp\/v2\/pages"}],"about":[{"href":"https:\/\/agora-eoi.xtec.cat\/eoiesplugues\/wp-json\/wp\/v2\/types\/page"}],"author":[{"embeddable":true,"href":"https:\/\/agora-eoi.xtec.cat\/eoiesplugues\/wp-json\/wp\/v2\/users\/1"}],"replies":[{"embeddable":true,"href":"https:\/\/agora-eoi.xtec.cat\/eoiesplugues\/wp-json\/wp\/v2\/comments?post=8295"}],"version-history":[{"count":7,"href":"https:\/\/agora-eoi.xtec.cat\/eoiesplugues\/wp-json\/wp\/v2\/pages\/8295\/revisions"}],"predecessor-version":[{"id":13461,"href":"https:\/\/agora-eoi.xtec.cat\/eoiesplugues\/wp-json\/wp\/v2\/pages\/8295\/revisions\/13461"}],"up":[{"embeddable":true,"href":"https:\/\/agora-eoi.xtec.cat\/eoiesplugues\/wp-json\/wp\/v2\/pages\/8195"}],"wp:attachment":[{"href":"https:\/\/agora-eoi.xtec.cat\/eoiesplugues\/wp-json\/wp\/v2\/media?parent=8295"}],"curies":[{"name":"wp","href":"https:\/\/api.w.org\/{rel}","templated":true}]}}