{"id":8291,"date":"2016-06-13T11:31:56","date_gmt":"2016-06-13T10:31:56","guid":{"rendered":"http:\/\/agora-eoi.xtec.cat\/eoiesplugues\/?page_id=8291"},"modified":"2025-09-19T11:08:06","modified_gmt":"2025-09-19T09:08:06","slug":"horaris","status":"publish","type":"page","link":"https:\/\/agora-eoi.xtec.cat\/eoiesplugues\/frances\/horaris\/","title":{"rendered":"Horaris i professorat"},"content":{"rendered":"<p><a href=\"http:\/\/agora-eoi.xtec.cat\/eoiesplugues\/wp-content\/uploads\/usu2243\/2016\/06\/Clock-96.png\" rel=\"attachment wp-att-8695\"><img loading=\"lazy\" decoding=\"async\" class=\"wp-image-8695 alignleft\" src=\"http:\/\/agora-eoi.xtec.cat\/eoiesplugues\/wp-content\/uploads\/usu2243\/2016\/06\/Clock-96.png\" alt=\"Clock-96\" width=\"68\" height=\"68\" \/><\/a><\/p>\n<p><strong>Relaci\u00f3 de professorat i hores d\u2019atenci\u00f3 al p\u00fablic del Departament de franc\u00e8s curs 2025-2026<\/strong><\/p>\n<table style=\"width: 52.2524%; height: 560px;\" width=\"515\">\n<tbody>\n<tr style=\"height: 33px;\">\n<td style=\"text-align: center; height: 33px; width: 14.2857%;\" width=\"74\"><strong>NIVELL<\/strong><\/td>\n<td style=\"text-align: center; height: 33px; width: 24.2718%;\" width=\"74\"><strong>DIA<\/strong><\/td>\n<td style=\"text-align: center; height: 33px; width: 16.3662%;\" width=\"74\"><strong>HORA<\/strong><\/td>\n<td style=\"text-align: center; height: 33px; width: 28.7101%;\" width=\"74\"><strong>PROFESSOR\/A<\/strong><\/td>\n<td style=\"text-align: center; height: 33px; width: 14.2857%;\" width=\"74\"><strong>AULA<\/strong><\/td>\n<\/tr>\n<tr>\n<td style=\"text-align: center; width: 14.2857%;\"><strong>A1<\/strong><\/td>\n<td style=\"text-align: center; height: 49px; width: 24.2718%;\" width=\"87\"><strong>dl\/dc<\/strong><\/td>\n<td style=\"text-align: center; height: 49px; width: 16.3662%;\" width=\"123\"><strong>9.30 &#8211; 11.45<\/strong><\/td>\n<td style=\"text-align: center; height: 49px; width: 28.7101%;\" width=\"148\"><strong>Catherine Flumian<\/strong><\/td>\n<td style=\"text-align: center; height: 49px; width: 14.2857%;\" width=\"69\"><strong>29<\/strong><\/td>\n<\/tr>\n<tr style=\"height: 49px;\">\n<td style=\"text-align: center; height: 49px; width: 14.2857%;\" width=\"74\"><strong>A1<\/strong><\/td>\n<td style=\"text-align: center; height: 49px; width: 24.2718%;\" width=\"87\"><strong>dt\/dj\u00a0<\/strong><\/td>\n<td style=\"text-align: center; height: 49px; width: 16.3662%;\" width=\"123\"><strong>16.30 &#8211; 18.45<\/strong><\/td>\n<td style=\"text-align: center; height: 49px; width: 28.7101%;\" width=\"148\"><strong>Catherine Flumian<\/strong><\/td>\n<td style=\"text-align: center; height: 49px; width: 14.2857%;\" width=\"69\"><strong>25<\/strong><\/td>\n<\/tr>\n<tr style=\"height: 49px;\">\n<td style=\"text-align: center; height: 49px; width: 14.2857%;\" width=\"74\"><strong>A1<\/strong><\/td>\n<td style=\"text-align: center; height: 49px; width: 24.2718%;\" width=\"87\"><strong>dilluns (semi)*<\/strong><\/td>\n<td style=\"text-align: center; height: 49px; width: 16.3662%;\" width=\"123\"><strong>18.45 &#8211; 21.00<\/strong><\/td>\n<td style=\"text-align: center; height: 49px; width: 28.7101%;\" width=\"148\"><strong>Francesca J\u00e1ndula<\/strong><\/td>\n<td style=\"text-align: center; height: 49px; width: 14.2857%;\" width=\"69\"><strong>13<\/strong><\/td>\n<\/tr>\n<tr style=\"height: 36px;\">\n<td style=\"text-align: center; width: 97.9195%; height: 36px;\" colspan=\"5\"><\/td>\n<\/tr>\n<tr style=\"height: 50px;\">\n<td style=\"text-align: center; height: 50px; width: 14.2857%;\"><strong>A2<\/strong><\/td>\n<td style=\"text-align: center; height: 50px; width: 24.2718%;\"><strong>dl\/dc<\/strong><\/td>\n<td style=\"text-align: center; height: 50px; width: 16.3662%;\"><strong>16.30 &#8211; 18.45<\/strong><\/td>\n<td style=\"text-align: center; height: 50px; width: 28.7101%;\"><strong>Ana Gonz\u00e1lez<\/strong><\/td>\n<td style=\"text-align: center; height: 50px; width: 14.2857%;\"><b>28<\/b><\/td>\n<\/tr>\n<tr style=\"height: 33px;\">\n<td style=\"text-align: center; height: 48px; width: 14.2857%;\" width=\"74\"><strong>A2<\/strong><\/td>\n<td style=\"text-align: center; height: 48px; width: 24.2718%;\" width=\"87\"><strong>dilluns (semi)*<\/strong><\/td>\n<td style=\"text-align: center; height: 48px; width: 16.3662%;\" width=\"123\"><strong>18.45 &#8211; 21.00<\/strong><\/td>\n<td style=\"text-align: center; height: 48px; width: 28.7101%;\" width=\"148\"><strong>Ana Gonz\u00e1lez<\/strong><\/td>\n<td style=\"text-align: center; height: 48px; width: 14.2857%;\" width=\"69\"><b>28<\/b><\/td>\n<\/tr>\n<tr>\n<td style=\"text-align: center; width: 97.9195%;\" colspan=\"5\"><b>\u00a0<\/b><\/td>\n<\/tr>\n<tr style=\"height: 49px;\">\n<td style=\"text-align: center; height: 49px; width: 14.2857%;\" width=\"74\"><strong>B1<\/strong><\/td>\n<td style=\"text-align: center; height: 49px; width: 24.2718%;\" width=\"87\"><strong>dt\/dj<\/strong><\/td>\n<td style=\"text-align: center; height: 49px; width: 16.3662%;\" width=\"123\"><strong>16.30 &#8211; 18.45<\/strong><\/td>\n<td style=\"text-align: center; height: 49px; width: 28.7101%;\" width=\"148\"><strong>Ana Gonz\u00e1lez<\/strong><\/td>\n<td style=\"text-align: center; height: 49px; width: 14.2857%;\" width=\"69\"><b>28<\/b><\/td>\n<\/tr>\n<tr style=\"height: 49px;\">\n<td style=\"text-align: center; height: 49px; width: 14.2857%;\" width=\"74\"><strong>B1<\/strong><\/td>\n<td style=\"text-align: center; height: 49px; width: 24.2718%;\" width=\"87\"><strong>dt\/dj (semi)*<\/strong><\/td>\n<td style=\"text-align: center; height: 49px; width: 16.3662%;\" width=\"123\"><strong>18.45 &#8211; 21.00<\/strong><\/td>\n<td style=\"text-align: center; height: 49px; width: 28.7101%;\" width=\"148\"><strong>Ana Gonz\u00e1lez<\/strong><\/td>\n<td style=\"text-align: center; height: 49px; width: 14.2857%;\" width=\"69\"><b>28<\/b><\/td>\n<\/tr>\n<tr style=\"height: 33px;\">\n<td style=\"text-align: center; height: 33px; width: 97.9195%;\" colspan=\"5\" width=\"501\"><\/td>\n<\/tr>\n<tr style=\"height: 33px;\">\n<td style=\"text-align: center; height: 33px; width: 14.2857%;\" width=\"74\"><strong>B2.1<\/strong><\/td>\n<td style=\"text-align: center; height: 33px; width: 24.2718%;\" width=\"87\"><strong>dimarts (semi)*<\/strong><\/td>\n<td style=\"text-align: center; height: 33px; width: 16.3662%;\" width=\"123\"><strong>18.45 &#8211; 21.00<\/strong><\/td>\n<td style=\"text-align: center; height: 33px; width: 28.7101%;\" width=\"148\"><strong>Francesca J\u00e1ndula<\/strong><\/td>\n<td style=\"text-align: center; height: 33px; width: 14.2857%;\" width=\"69\"><b>29<\/b><\/td>\n<\/tr>\n<tr style=\"height: 33px;\">\n<td style=\"text-align: center; height: 33px; width: 97.9195%;\" colspan=\"5\" width=\"501\"><\/td>\n<\/tr>\n<tr style=\"height: 49px;\">\n<td style=\"text-align: center; height: 49px; width: 14.2857%;\" width=\"74\"><strong>B2.2\u00a0<\/strong><\/td>\n<td style=\"text-align: center; height: 49px; width: 24.2718%;\" width=\"87\"><strong>dimarts (semi)*<\/strong><\/td>\n<td style=\"text-align: center; height: 49px; width: 16.3662%;\" width=\"123\"><strong>18.45 &#8211; 21.00<\/strong><\/td>\n<td style=\"text-align: center; height: 49px; width: 28.7101%;\" width=\"148\"><strong>Catherine Flumian<\/strong><\/td>\n<td style=\"text-align: center; height: 49px; width: 14.2857%;\" width=\"69\"><b>25<\/b><\/td>\n<\/tr>\n<\/tbody>\n<\/table>\n<p><strong>\u00a0<\/strong> <strong><br \/>\n<\/strong><\/p>\n<p>*<strong>Grup semipresencial<\/strong>: Tindr\u00e0 el mateix nombre d&#8217;hores de classe que la resta de grups. Els alumnes hauran de venir a l\u2019escola el dia indicat. La resta d\u2019hores lectives correspondran a tasques a fer seguint les directrius del seu professorat.<\/p>\n<p><strong>Horari d&#8217;atenci\u00f3 (provisional):<\/strong><\/p>\n<table style=\"width: 566px;\">\n<tbody>\n<tr>\n<td style=\"width: 181.65px; text-align: center;\"><strong>Professora<\/strong><\/td>\n<td style=\"width: 188.683px; text-align: center;\"><strong>Horari d&#8217;atenci\u00f3<\/strong><\/td>\n<td style=\"width: 185.667px; text-align: center;\"><strong>Correu electr\u00f2nic<\/strong><\/td>\n<\/tr>\n<tr>\n<td style=\"width: 181.65px;\">Catherine Flumian<\/td>\n<td style=\"width: 188.683px;\">Dimarts de 16h a 16.30h<\/td>\n<td style=\"width: 185.667px;\"><a href=\"mailto:cflumian@xtec.cat\" target=\"_blank\" rel=\"noopener noreferrer\">cflumian<span class=\"\"><span class=\"\">@xtec.cat<\/span><\/span><\/a><\/td>\n<\/tr>\n<tr>\n<td style=\"width: 181.65px;\">Francesca J\u00e1ndula<\/td>\n<td style=\"width: 188.683px;\">Dimarts de 17 a 18h<\/td>\n<td style=\"width: 185.667px;\"><a href=\"mailto:fjandula@eoiesplugues.org\" target=\"_blank\" rel=\"noopener noreferrer\">fjandula@eoiesplugues.org<\/a><\/td>\n<\/tr>\n<tr>\n<td style=\"width: 181.65px;\">Ana Gonz\u00e1lez<\/td>\n<td style=\"width: 188.683px; text-align: center;\">Dimecres de 15.30 a 16.30<\/td>\n<td style=\"width: 185.667px; text-align: center;\">agonz348@xtec.cat<\/td>\n<\/tr>\n<\/tbody>\n<\/table>\n","protected":false},"excerpt":{"rendered":"<p>Relaci\u00f3 de professorat i hores d\u2019atenci\u00f3 al p\u00fablic del Departament de franc\u00e8s curs 2025-2026 NIVELL DIA HORA PROFESSOR\/A AULA A1 dl\/dc 9.30 &#8211; 11.45 Catherine Flumian 29 A1 dt\/dj\u00a0 16.30 &#8211; 18.45 Catherine Flumian 25 A1 dilluns (semi)* 18.45 &#8211; 21.00 Francesca J\u00e1ndula 13 A2 dl\/dc 16.30 &#8211; 18.45 Ana Gonz\u00e1lez 28 A2 dilluns (semi)* [&hellip;]<\/p>\n","protected":false},"author":1,"featured_media":0,"parent":8195,"menu_order":10,"comment_status":"closed","ping_status":"closed","template":"","meta":{"_bbp_topic_count":0,"_bbp_reply_count":0,"_bbp_total_topic_count":0,"_bbp_total_reply_count":0,"_bbp_voice_count":0,"_bbp_anonymous_reply_count":0,"_bbp_topic_count_hidden":0,"_bbp_reply_count_hidden":0,"_bbp_forum_subforum_count":0,"site-sidebar-layout":"default","site-content-layout":"","ast-site-content-layout":"default","site-content-style":"default","site-sidebar-style":"default","ast-global-header-display":"","ast-banner-title-visibility":"","ast-main-header-display":"","ast-hfb-above-header-display":"","ast-hfb-below-header-display":"","ast-hfb-mobile-header-display":"","site-post-title":"","ast-breadcrumbs-content":"","ast-featured-img":"","footer-sml-layout":"","theme-transparent-header-meta":"","adv-header-id-meta":"","stick-header-meta":"","header-above-stick-meta":"","header-main-stick-meta":"","header-below-stick-meta":"","astra-migrate-meta-layouts":"set","ast-page-background-enabled":"default","ast-page-background-meta":{"desktop":{"background-color":"var(--ast-global-color-4)","background-image":"","background-repeat":"repeat","background-position":"center center","background-size":"auto","background-attachment":"scroll","background-type":"","background-media":"","overlay-type":"","overlay-color":"","overlay-opacity":"","overlay-gradient":""},"tablet":{"background-color":"","background-image":"","background-repeat":"repeat","background-position":"center center","background-size":"auto","background-attachment":"scroll","background-type":"","background-media":"","overlay-type":"","overlay-color":"","overlay-opacity":"","overlay-gradient":""},"mobile":{"background-color":"","background-image":"","background-repeat":"repeat","background-position":"center center","background-size":"auto","background-attachment":"scroll","background-type":"","background-media":"","overlay-type":"","overlay-color":"","overlay-opacity":"","overlay-gradient":""}},"ast-content-background-meta":{"desktop":{"background-color":"var(--ast-global-color-5)","background-image":"","background-repeat":"repeat","background-position":"center center","background-size":"auto","background-attachment":"scroll","background-type":"","background-media":"","overlay-type":"","overlay-color":"","overlay-opacity":"","overlay-gradient":""},"tablet":{"background-color":"var(--ast-global-color-5)","background-image":"","background-repeat":"repeat","background-position":"center center","background-size":"auto","background-attachment":"scroll","background-type":"","background-media":"","overlay-type":"","overlay-color":"","overlay-opacity":"","overlay-gradient":""},"mobile":{"background-color":"var(--ast-global-color-5)","background-image":"","background-repeat":"repeat","background-position":"center center","background-size":"auto","background-attachment":"scroll","background-type":"","background-media":"","overlay-type":"","overlay-color":"","overlay-opacity":"","overlay-gradient":""}},"footnotes":""},"class_list":["post-8291","page","type-page","status-publish","hentry"],"post_mailing_queue_ids":[],"_links":{"self":[{"href":"https:\/\/agora-eoi.xtec.cat\/eoiesplugues\/wp-json\/wp\/v2\/pages\/8291","targetHints":{"allow":["GET"]}}],"collection":[{"href":"https:\/\/agora-eoi.xtec.cat\/eoiesplugues\/wp-json\/wp\/v2\/pages"}],"about":[{"href":"https:\/\/agora-eoi.xtec.cat\/eoiesplugues\/wp-json\/wp\/v2\/types\/page"}],"author":[{"embeddable":true,"href":"https:\/\/agora-eoi.xtec.cat\/eoiesplugues\/wp-json\/wp\/v2\/users\/1"}],"replies":[{"embeddable":true,"href":"https:\/\/agora-eoi.xtec.cat\/eoiesplugues\/wp-json\/wp\/v2\/comments?post=8291"}],"version-history":[{"count":6,"href":"https:\/\/agora-eoi.xtec.cat\/eoiesplugues\/wp-json\/wp\/v2\/pages\/8291\/revisions"}],"predecessor-version":[{"id":13580,"href":"https:\/\/agora-eoi.xtec.cat\/eoiesplugues\/wp-json\/wp\/v2\/pages\/8291\/revisions\/13580"}],"up":[{"embeddable":true,"href":"https:\/\/agora-eoi.xtec.cat\/eoiesplugues\/wp-json\/wp\/v2\/pages\/8195"}],"wp:attachment":[{"href":"https:\/\/agora-eoi.xtec.cat\/eoiesplugues\/wp-json\/wp\/v2\/media?parent=8291"}],"curies":[{"name":"wp","href":"https:\/\/api.w.org\/{rel}","templated":true}]}}