{"id":8166,"date":"2016-06-08T17:01:17","date_gmt":"2016-06-08T16:01:17","guid":{"rendered":"http:\/\/agora-eoi.xtec.cat\/eoiesplugues\/?page_id=8166"},"modified":"2022-07-06T13:14:22","modified_gmt":"2022-07-06T11:14:22","slug":"alumnes-nous","status":"publish","type":"page","link":"https:\/\/agora-eoi.xtec.cat\/eoiesplugues\/secretaria\/matricula\/alumnes-nous\/","title":{"rendered":"Nous alumnes"},"content":{"rendered":"<p>Qualsevol persona no matriculada en un curs oficial d\u2019un idioma en aquesta escola l\u2019any acad\u00e8mic immediatament anterior es considera nou alumnat d\u2019aquell idioma.<\/p>\n<p><span class=\"arial text12 gris3\"><b>PREINSCRIPCI\u00d3<br \/>\n<\/b><\/span><\/p>\n<p>La preinscripci\u00f3 \u00e9s un tr\u00e0mit obligatori per entrar com alumne\/a nou\/va a l&#8217;EOI Esplugues. Es fa telem\u00e0ticament a trav\u00e9s del web: http:\/\/www.eoidigital.com\/preinscripcio\/alumnes\/. La preinscripci\u00f3 es fa els primers dies del mes de setembre.<\/p>\n<div class=\"editora\">\n<p>Es considera alumnat nou:<\/p>\n<ul>\n<li>Aquells que accedeixen per primera vegada a l\u2019EOI Esplugues.<\/li>\n<li>Els que comencen un altre idioma.<\/li>\n<li>Els que han perdut l\u2019oficialitat.<\/li>\n<li>Els que provenen d\u2019una altra EOI.<\/li>\n<li>Alumnes que han fet la prova de certificat com a candidats lliures i que volen ser oficials.<\/li>\n<li>Alumnes que han fet un curs d&#8217;estiu i que volen ser oficials.<\/li>\n<\/ul>\n<p>La preinscripci\u00f3 pot ser a:<\/p>\n<ul>\n<li><strong>Primer:<\/strong>\u00a0Si NO es tenen coneixements de l\u2019idioma o es vol comen\u00e7ar des de zero.<\/li>\n<li><strong>Test de nivell:<\/strong> Si es tenen coneixements de l\u2019idioma i es vol comen\u00e7ar des d\u2019un nivell superior a l&#8217;A1 i NO es disposa d\u2019un CERTIFICAT de l\u2019idioma reconegut pel Departament d&#8217;Educaci\u00f3.<\/li>\n<li><strong>A2, B1, B2.1, B2.2 o C1:<\/strong> NOM\u00c9S si es t\u00e9 aprovat el curs anterior en qualsevol EOI o si es t\u00e9 un CERTIFICAT de l\u2019idioma reconegut pel Departament d&#8217;Educaci\u00f3.<\/li>\n<\/ul>\n<p>La preinscripci\u00f3 s&#8217;ha de fer:<\/p>\n<ul>\n<li>Per via telem\u00e0tica els dies estipulats durant els dies estipulats durant la primera setmana de setembre<strong>.<\/strong><\/li>\n<\/ul>\n<p><strong>Normes i procediment abreujat<\/strong><\/p>\n<ol>\n<li>Hi ha una\u00a0<a href=\"https:\/\/www.eoidigital.com\/preinscripcio\/alumnes\/index.php\" target=\"_blank\" rel=\"noopener noreferrer\">preinscripci\u00f3 obligat\u00f2ria<\/a> (el candidat o candidata es pot preinscriure de l&#8217;A1 o d\u2019un nivell superior).<\/li>\n<li>Per accedir a un curs superior a l&#8217;A1 cal:\n<ul>\n<li>preinscriure\u2019s al test de nivell (angl\u00e8s: test en l\u00ednia; resta d&#8217;idiomes: presencialment a l&#8217;escola).<\/li>\n<\/ul>\n<ul>\n<li>o preinscriure\u2019s a un nivell determinat perqu\u00e8\n<ul>\n<li>es t\u00e9 un curs o certificat d\u2019una EOI aprovat<\/li>\n<li>es t\u00e9 una equival\u00e8ncia reconeguda pel Departament d&#8217;Educaci\u00f3.<\/li>\n<li>es t\u00e9 el t\u00edtol de batxillerat (aprovat l&#8217;any en curs o l&#8217;anterior i nom\u00e9s per a la llengua que s\u2019hagi cursat com a 1a llengua estrangera), que habilita per accedir al curs B1.<\/li>\n<\/ul>\n<\/li>\n<\/ul>\n<\/li>\n<li>L\u2019ordre de matr\u00edcula ve determinat per un sorteig d\u2019adjudicaci\u00f3 de places.<\/li>\n<\/ol>\n<p>No est\u00e0 perm\u00e8s matricular-se simult\u00e0niament com a alumnat oficial i lliure del mateix idioma, dintre del mateix any acad\u00e8mic.<\/p>\n<p>Els candidats s\u2019han de matricular en un horari que els vagi b\u00e9, ja que els canvis d\u2019horari nom\u00e9s s\u2019acceptaran, segons la disponibilitat de places, en casos especials i justificats documentalment, per un canvi de circumst\u00e0ncies vitals posteriors a la data de matr\u00edcula.<\/p>\n<p><b>Proves de nivell<\/b><\/p>\n<p><strong>Alemany, angl\u00e8s i franc\u00e8s:<\/strong> En l\u00ednia.<\/p>\n<p><strong>Itali\u00e0:<\/strong> Presencial.<\/p>\n<\/div>\n<div class=\"editora\">\n<ol>\n<li>El test de nivell nom\u00e9s t\u00e9 valor per a la formalitzaci\u00f3 de la matr\u00edcula i validesa per a un sol any acad\u00e8mic.<\/li>\n<li>Una vegada feta la preinscripci\u00f3 cal consultar al web el dia i hora que es realitzar\u00e0 la prova.<\/li>\n<li>Un cop finalitzat el per\u00edode de preinscripci\u00f3 s&#8217;haur\u00e0 de consultar a l&#8217;aplicatiu de preinscripci\u00f3 (accedint amb les dades de l&#8217;alumne) per tal de confirmar si s&#8217;ha estat adm\u00e8s per fer el test de nivell i, en cas afirmatiu, caldr\u00e0 consultar quin dia i hora es fa el test tant online com a l&#8217;escola de manera presencial (nom\u00e9s per a l&#8217;itali\u00e0).<\/li>\n<li>La NO presentaci\u00f3 al test de nivell suposa l&#8217;anul\u00b7laci\u00f3 de la preinscripci\u00f3.<\/li>\n<li>El test de nivell consisteix en una prova escrita i oral.<\/li>\n<li>Posteriorment es publicaran a l&#8217;aplicatiu de preinscripci\u00f3 (accedint amb les dades de l&#8217;alumne) els\u00a0resultats del test de nivell i la informaci\u00f3 relativa a si s&#8217;ha obtingut pla\u00e7a.<\/li>\n<\/ol>\n<\/div>\n<div class=\"separacio10\"><\/div>\n<p><span class=\"arial text12 gris3\"><b>MATR\u00cdCULA<\/b><\/span><\/p>\n<p>Cap a mitjan setembre es publicar\u00e0 al web:<\/p>\n<div class=\"editora\">\n<ul>\n<li>El resultat del test de nivell, accedint a l&#8217;aplicatiu de preinscripci\u00f3 amb les dades de l&#8217;alumne.<\/li>\n<li>El resultat del sorteig de places, accedint a l&#8217;aplicatiu de preinscripci\u00f3 amb les dades de l&#8217;alumne.<\/li>\n<\/ul>\n<p>La matr\u00edcula \u00e9s fa telem\u00e0ticament a l&#8217;aplicatiu de preinscripci\u00f3.<\/p>\n<\/div>\n<p style=\"padding-left: 40px;\"><strong>Matr\u00edcula places vacants<\/strong><\/p>\n<p style=\"padding-left: 40px;\"><span style=\"font-family: inherit; font-size: 1em;\">Despr\u00e9s del per\u00edode de matr\u00edcula de les persones admeses i de la llista d&#8217;espera, s&#8217;obra el per\u00edode de <\/span>matr\u00edcula per optar a les places vacants que es publicaran a la <span style=\"font-family: inherit; font-size: 1em;\">p\u00e0gina web de l&#8217;escola. Per sol\u00b7licitar una d&#8217;aquestes places heu d&#8217;aportar la documentaci\u00f3 seg\u00fcent:<\/span><\/p>\n<div class=\"editora\" style=\"padding-left: 40px;\">\n<ul>\n<li style=\"list-style-type: none;\">\n<ul>\n<li>DNI, NIE o passaport, original i fotoc\u00f2pia<\/li>\n<li><a href=\"https:\/\/agora-eoi.xtec.cat\/eoiesplugues\/wp-content\/uploads\/usu2243\/2022\/07\/impresmatnous_22-23.docx\" target=\"_blank\" rel=\"noopener\">Impr\u00e8s de matr\u00edcula<\/a><\/li>\n<li>Resguard de preinscripci\u00f3 (si en teniu)<\/li>\n<li>Carnet de fam\u00edlia nombrosa, fam\u00edlia monoparental o discapacitat igual o superior 33% en vig\u00e8ncia, original i fotoc\u00f2pia (si escau)<\/li>\n<li>Documentaci\u00f3 acreditativa de nivell, en cas que la vostra preinscripci\u00f3 fos a A2, B1, B2.1 o B2.2 (si escau)<\/li>\n<\/ul>\n<\/li>\n<\/ul>\n<p>&nbsp;<\/p>\n<\/div>\n","protected":false},"excerpt":{"rendered":"<p>Qualsevol persona no matriculada en un curs oficial d\u2019un idioma en aquesta escola l\u2019any acad\u00e8mic immediatament anterior es considera nou alumnat d\u2019aquell idioma. PREINSCRIPCI\u00d3 La preinscripci\u00f3 \u00e9s un tr\u00e0mit obligatori per entrar com alumne\/a nou\/va a l&#8217;EOI Esplugues. Es fa telem\u00e0ticament a trav\u00e9s del web: http:\/\/www.eoidigital.com\/preinscripcio\/alumnes\/. La preinscripci\u00f3 es fa els primers dies del mes [&hellip;]<\/p>\n","protected":false},"author":1,"featured_media":0,"parent":8161,"menu_order":20,"comment_status":"closed","ping_status":"closed","template":"page-templates\/side-menu.php","meta":{"_bbp_topic_count":0,"_bbp_reply_count":0,"_bbp_total_topic_count":0,"_bbp_total_reply_count":0,"_bbp_voice_count":0,"_bbp_anonymous_reply_count":0,"_bbp_topic_count_hidden":0,"_bbp_reply_count_hidden":0,"_bbp_forum_subforum_count":0,"site-sidebar-layout":"default","site-content-layout":"","ast-site-content-layout":"","site-content-style":"default","site-sidebar-style":"default","ast-global-header-display":"","ast-banner-title-visibility":"","ast-main-header-display":"","ast-hfb-above-header-display":"","ast-hfb-below-header-display":"","ast-hfb-mobile-header-display":"","site-post-title":"","ast-breadcrumbs-content":"","ast-featured-img":"","footer-sml-layout":"","theme-transparent-header-meta":"","adv-header-id-meta":"","stick-header-meta":"","header-above-stick-meta":"","header-main-stick-meta":"","header-below-stick-meta":"","astra-migrate-meta-layouts":"default","ast-page-background-enabled":"default","ast-page-background-meta":{"desktop":{"background-color":"var(--ast-global-color-4)","background-image":"","background-repeat":"repeat","background-position":"center center","background-size":"auto","background-attachment":"scroll","background-type":"","background-media":"","overlay-type":"","overlay-color":"","overlay-opacity":"","overlay-gradient":""},"tablet":{"background-color":"","background-image":"","background-repeat":"repeat","background-position":"center center","background-size":"auto","background-attachment":"scroll","background-type":"","background-media":"","overlay-type":"","overlay-color":"","overlay-opacity":"","overlay-gradient":""},"mobile":{"background-color":"","background-image":"","background-repeat":"repeat","background-position":"center center","background-size":"auto","background-attachment":"scroll","background-type":"","background-media":"","overlay-type":"","overlay-color":"","overlay-opacity":"","overlay-gradient":""}},"ast-content-background-meta":{"desktop":{"background-color":"var(--ast-global-color-5)","background-image":"","background-repeat":"repeat","background-position":"center center","background-size":"auto","background-attachment":"scroll","background-type":"","background-media":"","overlay-type":"","overlay-color":"","overlay-opacity":"","overlay-gradient":""},"tablet":{"background-color":"var(--ast-global-color-5)","background-image":"","background-repeat":"repeat","background-position":"center center","background-size":"auto","background-attachment":"scroll","background-type":"","background-media":"","overlay-type":"","overlay-color":"","overlay-opacity":"","overlay-gradient":""},"mobile":{"background-color":"var(--ast-global-color-5)","background-image":"","background-repeat":"repeat","background-position":"center center","background-size":"auto","background-attachment":"scroll","background-type":"","background-media":"","overlay-type":"","overlay-color":"","overlay-opacity":"","overlay-gradient":""}},"footnotes":""},"class_list":["post-8166","page","type-page","status-publish","hentry"],"post_mailing_queue_ids":[],"_links":{"self":[{"href":"https:\/\/agora-eoi.xtec.cat\/eoiesplugues\/wp-json\/wp\/v2\/pages\/8166","targetHints":{"allow":["GET"]}}],"collection":[{"href":"https:\/\/agora-eoi.xtec.cat\/eoiesplugues\/wp-json\/wp\/v2\/pages"}],"about":[{"href":"https:\/\/agora-eoi.xtec.cat\/eoiesplugues\/wp-json\/wp\/v2\/types\/page"}],"author":[{"embeddable":true,"href":"https:\/\/agora-eoi.xtec.cat\/eoiesplugues\/wp-json\/wp\/v2\/users\/1"}],"replies":[{"embeddable":true,"href":"https:\/\/agora-eoi.xtec.cat\/eoiesplugues\/wp-json\/wp\/v2\/comments?post=8166"}],"version-history":[{"count":3,"href":"https:\/\/agora-eoi.xtec.cat\/eoiesplugues\/wp-json\/wp\/v2\/pages\/8166\/revisions"}],"predecessor-version":[{"id":11980,"href":"https:\/\/agora-eoi.xtec.cat\/eoiesplugues\/wp-json\/wp\/v2\/pages\/8166\/revisions\/11980"}],"up":[{"embeddable":true,"href":"https:\/\/agora-eoi.xtec.cat\/eoiesplugues\/wp-json\/wp\/v2\/pages\/8161"}],"wp:attachment":[{"href":"https:\/\/agora-eoi.xtec.cat\/eoiesplugues\/wp-json\/wp\/v2\/media?parent=8166"}],"curies":[{"name":"wp","href":"https:\/\/api.w.org\/{rel}","templated":true}]}}