{"id":8158,"date":"2022-06-24T16:30:01","date_gmt":"2022-06-24T14:30:01","guid":{"rendered":"http:\/\/agora-eoi.xtec.cat\/eoiesplugues\/?page_id=8158"},"modified":"2026-03-05T13:33:57","modified_gmt":"2026-03-05T12:33:57","slug":"cursos-especials","status":"publish","type":"page","link":"https:\/\/agora-eoi.xtec.cat\/eoiesplugues\/cursos\/cursos-especials\/","title":{"rendered":"Oferta espec\u00edfica formativa"},"content":{"rendered":"<p>Les Escoles Oficials d\u2019Idiomes ofereixen <strong>cursos monogr\u00e0fics<\/strong> per al perfeccionament de compet\u00e8ncies en idiomes i <strong>cursos de llengua instrumental<\/strong>.<\/p>\n<p class=\"rtejustify\">Es consideren cursos monogr\u00e0fics els cursos de llengua d\u2019especialitat (negocis, llenguatge jur\u00eddic, m\u00e8dic, etc.), d\u2019aprofundiment en el coneixement de la realitat sociocultural dels pa\u00efsos on es parla la llengua objecte d\u2019estudi (literatura, hist\u00f2ria, civilitzaci\u00f3, costums, institucions, etc.), o b\u00e9 de treball d\u2019actualitzaci\u00f3 ling\u00fc\u00edstica o de treball espec\u00edfic per destreses.<br \/>\nAquests cursos es poden impartir al llarg de l\u2019any o b\u00e9 a l\u2019estiu, amb una durada m\u00ednima de 30 hores.<\/p>\n<p><strong>Matr\u00edcula:<\/strong>\u00a0Escriviu un correu a\u00a0<strong>eoiesplugues@xtec.cat<\/strong><\/p>\n<h2><span style=\"color: #008000;\"><strong>Oferta general<\/strong><\/span><\/h2>\n<h3><span style=\"color: #ff0000;\"><strong>Franc\u00e8s\u00a0<\/strong><\/span><\/h3>\n<h4><strong>B2+ \u201cJuste pour le plaisir\u201d \u2013 Curs de conversa de nivell B2+\u00a0<\/strong><\/h4>\n<p style=\"font-weight: 400;\"><strong>\u00a0Horari:\u00a0<\/strong>dimarts de 18.45h a 20.45h<\/p>\n<p style=\"font-weight: 400;\"><strong>Durada: <\/strong>30 hores (15 sessions de 120 minuts per quadrimestre)<\/p>\n<p style=\"font-weight: 400;\"><strong>Modalitat: <\/strong>presencial<\/p>\n<p style=\"font-weight: 400;\"><strong>Preu:<\/strong> 175 \u20ac\u00a0 (30 hores)<\/p>\n<p style=\"font-weight: 400;\"><strong>Informaci\u00f3:\u00a0<\/strong>Cours de conversation et actualisation linguistique pour les \u00e9tudiants qui ont termin\u00e9 le cursus de l\u2019EOI jusqu\u2019au B2 (\u201cnivell avan\u00e7at\u201d) et souhaitent\u00a0 continuer \u00e0 perfectionner leur fran\u00e7ais oral. Le professeur construit les cours en fonction des besoins et int\u00e9r\u00eats du groupe.<\/p>\n<h4><strong>B1+ \u201cJuste pour le plaisir&#8221; \u2013 Curs de conversa de nivell B1+<\/strong><\/h4>\n<p><strong>Horari:\u00a0<\/strong>dijous de 18.45h a 20.45h<\/p>\n<p><strong>Durada: <\/strong>30 hores (15 sessions de 2 hores) durant el segon quadrimestre<\/p>\n<p><strong>Modalitat: <\/strong>presencial<\/p>\n<p><strong>Preu:<\/strong> 175 \u20ac (30 hores)<\/p>\n<p><strong>Informaci\u00f3: <\/strong>Curs de conversa adre\u00e7at a alumnes de nivell B1 o superior que busquen mantenir o millorar la seva compet\u00e8ncia oral. No es tracta d\u2019un curs de preparaci\u00f3 per a cap prova de certificaci\u00f3 espec\u00edfica.<\/p>\n<h3><span style=\"color: #333399;\"><strong>Angl\u00e8s<\/strong><\/span><\/h3>\n<h4><strong>B2+ \u201cKeep on practicing and learning\u201d \u2013 Curs de conversa de nivell B2+<\/strong><\/h4>\n<p><strong>Horari:\u00a0<\/strong>dimecres de 10.00h a 12.00h<\/p>\n<p><strong>Durada: <\/strong>30 hores (15 sessions de 2 hores per quadrimestre) durant el primer i segon quadrimestre<\/p>\n<p><strong>Modalitat: <\/strong>presencial<\/p>\n<p><strong>Preu:<\/strong> 175 \u20ac (30 hores)<\/p>\n<p><strong>Informaci\u00f3: <\/strong>Curs de conversa adre\u00e7at a alumnes de nivell B2.2 o superior que busquen mantenir o millorar la seva compet\u00e8ncia oral. No es tracta d\u2019un curs de preparaci\u00f3 per a cap prova de certificaci\u00f3 espec\u00edfica.<\/p>\n<h4><strong>B1+ <\/strong><strong>\u201cKeep on practicing and learning\u201d<\/strong><strong>\u2013 Curs de conversa de nivell B1+<\/strong><\/h4>\n<p><strong>Horari:\u00a0<\/strong>dimecres de 18.45h a 20.45h<\/p>\n<p><strong>Durada: <\/strong>30 hores (15 sessions de 2 hores per quadrimestre) durant el primer i segon quadrimestre<\/p>\n<p><strong>Modalitat: <\/strong>presencial<\/p>\n<p><strong>Preu:<\/strong> 175 \u20ac (30 hores)<\/p>\n<p><strong>Informaci\u00f3: <\/strong>Curs de conversa adre\u00e7at a alumnes de nivell B1 o superior que busquen mantenir o millorar la seva compet\u00e8ncia oral. No es tracta d\u2019un curs de preparaci\u00f3 per a cap prova de certificaci\u00f3 espec\u00edfica.<\/p>\n<h4><strong>C1+ <\/strong><strong>\u201cKeep on practicing and learning\u201d<\/strong><strong>\u2013 Curs de conversa de nivell C1+<\/strong><\/h4>\n<p><strong>Horari:\u00a0<\/strong>dimecres de 16.30 h a 18.30h<\/p>\n<p><strong>Durada: <\/strong>30 hores (15 sessions de 2 hores per quadrimestre) durant el primer i segon quadrimestre<\/p>\n<p><strong>Modalitat: <\/strong>presencial<\/p>\n<p><strong>Preu:<\/strong> 175 \u20ac (30 hores)<\/p>\n<p><strong>Informaci\u00f3: <\/strong>Curs de conversa adre\u00e7at a alumnes de nivell C1 (amb B2.2 superat) o superior que busquen mantenir o millorar la seva compet\u00e8ncia oral. No es tracta d\u2019un curs de preparaci\u00f3 per a cap prova de certificaci\u00f3 espec\u00edfica.<\/p>\n<p>Aquelles persones interessades que no puguin acreditar el seu nivell d\u2019angl\u00e8s mitjan\u00e7ant cap certificat, hauran de fer un test de nivell. Per tal de rebre l&#8217;enlla\u00e7 al test de nivell, hauran de posar-se en contacte amb l&#8217;escola tots escrivint un correu a <strong>eoiesplugues<span class=\"\">@xtec.cat<\/span><\/strong><\/p>\n<h3><span style=\"color: #ff6600;\"><strong>Itali\u00e0<\/strong><\/span><\/h3>\n<h4><strong>B2+ <\/strong><strong>\u201cOltre il B2\u201d<\/strong><strong>\u2013 Curs de conversa de nivell B2+<\/strong><\/h4>\n<p><strong>Horari:\u00a0<\/strong>dimarts de 17h a 19h<\/p>\n<p><strong>Durada: <\/strong>30 hores (15 sessions de 2 hores) durant el primer i segon quadrimestre<\/p>\n<p><strong>Modalitat: <\/strong>presencial<\/p>\n<p><strong>Preu:<\/strong> 175 \u20ac (30 hores)<\/p>\n<p><strong>Informaci\u00f3: <\/strong>Curs de conversa adre\u00e7at a alumnes de nivell B2 o superior que busquen mantenir o millorar la seva compet\u00e8ncia oral. No es tracta d\u2019un curs de preparaci\u00f3 per a cap prova de certificaci\u00f3 espec\u00edfica.<\/p>\n<p>Aquelles persones interessades que no puguin acreditar el seu nivell d\u2019itali\u00e0 mitjan\u00e7ant cap certificat, hauran de fer un test de nivell. Per tal de rebre l&#8217;enlla\u00e7 al test de nivell, hauran de posar-se en contacte amb l&#8217;escola tots escrivint un correu a <strong>eoiesplugues<span class=\"\">@xtec.cat<\/span><\/strong><\/p>\n<h3><span style=\"color: #ffcc00;\"><strong>Alemany<\/strong><\/span><\/h3>\n<h4><strong>B1+ Alemany <\/strong><strong>\u2013 Curs de conversa de nivell B1+<\/strong><\/h4>\n<p><strong>Horari:\u00a0<\/strong>dijous de 18.45h a 20.45h<\/p>\n<p><strong>Durada: <\/strong>30 hores (15 sessions de 2 hores) durant el segon quadrimestre<\/p>\n<p><strong>Modalitat: <\/strong>presencial<\/p>\n<p><strong>Preu:<\/strong> 175 \u20ac (30 hores)<\/p>\n<p><strong>Informaci\u00f3: <\/strong>Curs de conversa adre\u00e7at a alumnes de nivell B1 o superior que busquen mantenir o millorar la seva compet\u00e8ncia oral. No es tracta d\u2019un curs de preparaci\u00f3 per a cap prova de certificaci\u00f3 espec\u00edfica.<\/p>\n<p>Aquelles persones interessades que no puguin acreditar el seu nivell d\u2019alemany mitjan\u00e7ant cap certificat, hauran de fer un test de nivell. Per tal de rebre l&#8217;enlla\u00e7 al test de nivell, hauran de posar-se en contacte amb l&#8217;escola tots escrivint un correu a <strong>eoiesplugues<span class=\"\">@xtec.cat<\/span><\/strong><\/p>\n<p><strong>Aquesta oferta formativa pot variar segons el curs escolar.<\/strong><\/p>\n","protected":false},"excerpt":{"rendered":"<p>Les Escoles Oficials d\u2019Idiomes ofereixen cursos monogr\u00e0fics per al perfeccionament de compet\u00e8ncies en idiomes i cursos de llengua instrumental. Es consideren cursos monogr\u00e0fics els cursos de llengua d\u2019especialitat (negocis, llenguatge jur\u00eddic, m\u00e8dic, etc.), d\u2019aprofundiment en el coneixement de la realitat sociocultural dels pa\u00efsos on es parla la llengua objecte d\u2019estudi (literatura, hist\u00f2ria, civilitzaci\u00f3, costums, institucions, [&hellip;]<\/p>\n","protected":false},"author":1,"featured_media":0,"parent":8149,"menu_order":30,"comment_status":"closed","ping_status":"closed","template":"","meta":{"_bbp_topic_count":0,"_bbp_reply_count":0,"_bbp_total_topic_count":0,"_bbp_total_reply_count":0,"_bbp_voice_count":0,"_bbp_anonymous_reply_count":0,"_bbp_topic_count_hidden":0,"_bbp_reply_count_hidden":0,"_bbp_forum_subforum_count":0,"site-sidebar-layout":"default","site-content-layout":"","ast-site-content-layout":"default","site-content-style":"default","site-sidebar-style":"default","ast-global-header-display":"","ast-banner-title-visibility":"","ast-main-header-display":"","ast-hfb-above-header-display":"","ast-hfb-below-header-display":"","ast-hfb-mobile-header-display":"","site-post-title":"","ast-breadcrumbs-content":"","ast-featured-img":"","footer-sml-layout":"","theme-transparent-header-meta":"","adv-header-id-meta":"","stick-header-meta":"","header-above-stick-meta":"","header-main-stick-meta":"","header-below-stick-meta":"","astra-migrate-meta-layouts":"set","ast-page-background-enabled":"default","ast-page-background-meta":{"desktop":{"background-color":"var(--ast-global-color-4)","background-image":"","background-repeat":"repeat","background-position":"center center","background-size":"auto","background-attachment":"scroll","background-type":"","background-media":"","overlay-type":"","overlay-color":"","overlay-opacity":"","overlay-gradient":""},"tablet":{"background-color":"","background-image":"","background-repeat":"repeat","background-position":"center center","background-size":"auto","background-attachment":"scroll","background-type":"","background-media":"","overlay-type":"","overlay-color":"","overlay-opacity":"","overlay-gradient":""},"mobile":{"background-color":"","background-image":"","background-repeat":"repeat","background-position":"center center","background-size":"auto","background-attachment":"scroll","background-type":"","background-media":"","overlay-type":"","overlay-color":"","overlay-opacity":"","overlay-gradient":""}},"ast-content-background-meta":{"desktop":{"background-color":"var(--ast-global-color-5)","background-image":"","background-repeat":"repeat","background-position":"center center","background-size":"auto","background-attachment":"scroll","background-type":"","background-media":"","overlay-type":"","overlay-color":"","overlay-opacity":"","overlay-gradient":""},"tablet":{"background-color":"var(--ast-global-color-5)","background-image":"","background-repeat":"repeat","background-position":"center center","background-size":"auto","background-attachment":"scroll","background-type":"","background-media":"","overlay-type":"","overlay-color":"","overlay-opacity":"","overlay-gradient":""},"mobile":{"background-color":"var(--ast-global-color-5)","background-image":"","background-repeat":"repeat","background-position":"center center","background-size":"auto","background-attachment":"scroll","background-type":"","background-media":"","overlay-type":"","overlay-color":"","overlay-opacity":"","overlay-gradient":""}},"footnotes":""},"class_list":["post-8158","page","type-page","status-publish","hentry"],"post_mailing_queue_ids":[],"_links":{"self":[{"href":"https:\/\/agora-eoi.xtec.cat\/eoiesplugues\/wp-json\/wp\/v2\/pages\/8158","targetHints":{"allow":["GET"]}}],"collection":[{"href":"https:\/\/agora-eoi.xtec.cat\/eoiesplugues\/wp-json\/wp\/v2\/pages"}],"about":[{"href":"https:\/\/agora-eoi.xtec.cat\/eoiesplugues\/wp-json\/wp\/v2\/types\/page"}],"author":[{"embeddable":true,"href":"https:\/\/agora-eoi.xtec.cat\/eoiesplugues\/wp-json\/wp\/v2\/users\/1"}],"replies":[{"embeddable":true,"href":"https:\/\/agora-eoi.xtec.cat\/eoiesplugues\/wp-json\/wp\/v2\/comments?post=8158"}],"version-history":[{"count":6,"href":"https:\/\/agora-eoi.xtec.cat\/eoiesplugues\/wp-json\/wp\/v2\/pages\/8158\/revisions"}],"predecessor-version":[{"id":13719,"href":"https:\/\/agora-eoi.xtec.cat\/eoiesplugues\/wp-json\/wp\/v2\/pages\/8158\/revisions\/13719"}],"up":[{"embeddable":true,"href":"https:\/\/agora-eoi.xtec.cat\/eoiesplugues\/wp-json\/wp\/v2\/pages\/8149"}],"wp:attachment":[{"href":"https:\/\/agora-eoi.xtec.cat\/eoiesplugues\/wp-json\/wp\/v2\/media?parent=8158"}],"curies":[{"name":"wp","href":"https:\/\/api.w.org\/{rel}","templated":true}]}}