{"id":8151,"date":"2016-06-08T16:42:13","date_gmt":"2016-06-08T15:42:13","guid":{"rendered":"http:\/\/agora-eoi.xtec.cat\/eoiesplugues\/?page_id=8151"},"modified":"2024-10-16T19:04:40","modified_gmt":"2024-10-16T17:04:40","slug":"cursos-oficials","status":"publish","type":"page","link":"https:\/\/agora-eoi.xtec.cat\/eoiesplugues\/cursos\/cursos-oficials\/","title":{"rendered":"Cursos oficials"},"content":{"rendered":"<p><strong>DURADA DEL CURS<\/strong><\/p>\n<p>En aquesta EOI s&#8217;imparteixen els idiomes d&#8217;<strong>alemany,<\/strong> <strong>angl\u00e8s<\/strong>,<strong> franc\u00e8s i itali\u00e0<\/strong> en cursos anuals de 4 hores i 30 minuts setmanals de finals de setembre a finals de maig.<\/p>\n<p>L&#8217;EOI Esplugues imparteix <strong>el curs oficial <\/strong>en modalitat d&#8217;horari<strong> extensiu<\/strong> i en<strong> horari altern<\/strong>, en classes de dues hores i mitja en dies alterns (dilluns i dimecres o dimarts i dijous).<\/p>\n<ul>\n<li><strong>GRUPS A: <\/strong>dilluns i dimecres<\/li>\n<li><strong>GRUPS B:<\/strong> dimarts i dijous<\/li>\n<\/ul>\n<p><strong>La matr\u00edcula oficial<\/strong> d\u00f3na dret a assistir com a m\u00ednim a <strong>130 hores de classe<\/strong> per curs i als ex\u00e0mens corresponents. Els alumnes tenen el deure d\u2019assistir regularment a classe. L\u2019assist\u00e8ncia es considera absolutament necess\u00e0ria per al bon aprofitament individual i de grup i per una adequada avaluaci\u00f3 de l\u2019alumne. Una assist\u00e8ncia superior al 80% \u00e9s imprescindible per poder ser avaluat de forma cont\u00ednua.<\/p>\n<p><strong>HORARI DE CLASSE<\/strong><\/p>\n<p>Les classes es fan en horari de mat\u00ed-tarda-vespre.<br \/>\nLa franja hor\u00e0ria de classe \u00e9s de 9.00 a 21 hores.<br \/>\nLa tria de l\u2019horari de classe es fa en el moment de formalitzar la matr\u00edcula, segons el torn d\u2019horari establert en el sorteig.<\/p>\n<p><strong>MODALITAT<\/strong><\/p>\n<ul>\n<li>Presencial: dos dies setmanes d&#8217;assist\u00e8ncia a classe de setembre a maig.<\/li>\n<li>Semipresencial: Tindr\u00e0 les mateixes hores de classe que la resta de grups (130 hores anuals). Els alumnes hauran de venir a l\u2019escola el dia indicat. La resta d\u2019hores lectives correspondran a tasques a fer seguint les directrius del seu docent.<\/li>\n<\/ul>\n<p><strong>PROGRAMA D&#8217;ESTUDIS<\/strong><\/p>\n<p>La LOMCE estableix una nova ordenaci\u00f3 del programa d\u2019estudis de les escoles oficials d\u2019idiomes, que queda dividit en diferents nivells corresponents als nivells definits en el MECR (Marc europeu com\u00fa de refer\u00e8ncia per a les lleng\u00fces).<\/p>\n<p>Els ensenyaments especialitzats d&#8217;idiomes s&#8217;imparteixen en 6 cursos distribu\u00efts en quatre nivells:<\/p>\n<ul>\n<li><strong>Nivell B\u00e0sic:<\/strong> de 2 cursos (1r i 2n nivell)<\/li>\n<li><strong>Nivell Intermedi B1<\/strong><strong>:<\/strong>\u00a0d&#8217;1 curs (3r nivell)<\/li>\n<li><strong>Nivell Intermedi B2<\/strong><strong>:<\/strong> de 2 cursos: 4t (o B2.1),\u00a0 i\u00a0 5\u00e8 (o B2.2)<\/li>\n<li><strong>Nivell Avan\u00e7at C1:<\/strong> d&#8217;1 curs<\/li>\n<\/ul>\n<table style=\"height: 217px;\" border=\"1\" cellspacing=\"1\" cellpadding=\"1\">\n<tbody>\n<tr style=\"height: 31px;\">\n<td style=\"height: 31px; width: 80px;\"><strong>CURSOS<\/strong><\/td>\n<td style=\"height: 31px; width: 170px;\"><strong>NIVELL<\/strong><\/td>\n<td style=\"height: 31px; width: 170px;\"><strong>EQUIVAL\u00c8NCIA MECR<\/strong><\/td>\n<\/tr>\n<tr style=\"height: 31px;\">\n<td style=\"height: 31px; width: 80px;\">1r<\/td>\n<td style=\"height: 62px; width: 170px;\" rowspan=\"2\">NIVELL B\u00c0SIC<\/td>\n<td style=\"height: 31px; width: 170px;\">A1<\/td>\n<\/tr>\n<tr style=\"height: 31px;\">\n<td style=\"height: 31px; width: 80px;\">2n<\/td>\n<td style=\"height: 31px; width: 170px;\">A2<\/td>\n<\/tr>\n<tr style=\"height: 31px;\">\n<td style=\"height: 31px; width: 80px;\">3r<\/td>\n<td style=\"height: 31px; width: 170px;\">NIVELL INTERMEDI B1<\/td>\n<td style=\"height: 31px; width: 170px;\">B1<\/td>\n<\/tr>\n<tr style=\"height: 31px;\">\n<td style=\"height: 31px; width: 80px;\">4t<\/td>\n<td style=\"height: 62px; width: 170px;\" rowspan=\"2\">NIVELL INTERMEDI B2<\/td>\n<td style=\"height: 62px; width: 170px;\" colspan=\"1\" rowspan=\"2\">B2<\/td>\n<\/tr>\n<tr style=\"height: 31px;\">\n<td style=\"height: 31px; width: 80px;\">5\u00e8<\/td>\n<\/tr>\n<tr style=\"height: 31px;\">\n<td style=\"height: 31px; width: 80px;\">C1<\/td>\n<td style=\"height: 31px; width: 170px;\">NIVELL AVAN\u00c7AT C1<\/td>\n<td style=\"height: 31px; width: 170px;\">C1<\/td>\n<\/tr>\n<\/tbody>\n<\/table>\n<p>Els nivells dels tres <a href=\"http:\/\/ensenyament.gencat.cat\/ca\/serveis-tramits\/proves\/proves-lliures-obtencio-titols\/convocat-ordinaria-idiomes\/descripcio\/\" target=\"_blank\" rel=\"noopener noreferrer\">certificats d&#8217;escola oficial d&#8217;idiomes<\/a> poden comparar-se als nivells descrits en els documents publicats pel Consell d&#8217;Europa, en especial el Marc europeu de refer\u00e8ncia. Al final del nivell intermedi B1, del nivell intermedi B2 i del nivell avan\u00e7at C1 els alumnes han de superar una prova de certificat, dissenyada des del Centre de Recursos de Lleng\u00fces Estrangeres del Departament d&#8217;Ensenyament de la Generalitat (\u00c0rea de Certificacions), amb uns criteris unificats per a tota Catalunya.<\/p>\n<p>Els alumnes que obtenen al <a href=\"http:\/\/www.xtec.cat\/eoi\/an_cni_main.html\" target=\"_blank\" rel=\"noopener noreferrer\">certificat de N<strong>ivell Intermedi B1 <\/strong><\/a> es poden considerar dins la franja B1 del Consell d&#8217;Europa &#8211; usuari independent. Per a l\u2019obtenci\u00f3 del <strong>certificat de nivell intermedi<\/strong> \u00e9s necessari superar una prova espec\u00edfica de certificaci\u00f3 al final del nivell. La qualificaci\u00f3 global del certificat de nivell intermedi B1 \u00e9s d\u2019apte\/apta, seguida de la puntuaci\u00f3 num\u00e8rica, total i per destreses<\/p>\n<p>Els alumnes que obtenen al <a href=\"http:\/\/www.xtec.cat\/eoi\/an_cna_main.html\" target=\"_blank\" rel=\"noopener noreferrer\">certificat de <strong>Nivell Intermedi B2<\/strong> <strong>\u00a0<\/strong><\/a>es poden situar dins la part alta de la franja B2 del Consell d&#8217;Europa, el nivell considerat avan\u00e7at dins de la definici\u00f3 d&#8217;usuari independent. Per a l&#8217;obtenci\u00f3 del certificat de nivell intermedi B2 i del certificat de nivell avan\u00e7at C1 \u00e9s necessari superar na prova espec\u00edfica de certificaci\u00f3 al final de nivell. la qualificaci\u00f3 global del certificat d&#8217;aquests nivells ser\u00e0 d&#8217;apte\/apta, seguida de la puntuaci\u00f3 num\u00e8rica, total i per destreses. Els certificats de nivell avan\u00e7at i de nivell C1 els expedeix el Departament d&#8217;Ensenyament, previ el pagament de les taxes d&#8217;expedici\u00f3, per la qual cosa cal adre\u00e7ar-se en persona a la secretaria del centre per sol\u00b7licitar-ne l&#8217;expedici\u00f3 i generar el full de pagament.<\/p>\n<p><strong>PLA D&#8217;ESTUDIS<\/strong><\/p>\n<p>El pla d&#8217;estudis de les EOI desenvolupa la finalitat dels ensenyaments d&#8217;idiomes que s&#8217;hi imparteixen, que \u00e9s la capacitat de l&#8217;alumnat en l&#8217;\u00fas efectiu de l&#8217;idioma com a vehicle de comunicaci\u00f3 general.<\/p>\n<p>Per assolir aquesta finalitat, a les EOI es treballa per tal que l&#8217;alumnat:<\/p>\n<ul>\n<li>Adquireixi les habilitats b\u00e0siques receptives i productives, tant del llenguatge oral com de l&#8217;escrit.<\/li>\n<li>Desenvolupi estrat\u00e8gies comunicatives en diferents \u00e0rees de comunicaci\u00f3.<\/li>\n<li>Desenvolupi estrat\u00e8gies per a l&#8217;aprenentatge aut\u00f2nom i continu de lleng\u00fces, que puguin facilitar l&#8217;\u00fas de l&#8217;idioma en l&#8217;exercici d&#8217;activitats professionals i en altres \u00e0mbits de la cultura o d&#8217;inter\u00e8s personal.<\/li>\n<li>Desenvolupi actituds positives envers la diversitat ling\u00fc\u00edstica i el pluralisme cultural del m\u00f3n actual.<\/li>\n<\/ul>\n<p><strong>CURSOS I GRUPS PER IDIOMA I NIVELL<\/strong><\/p>\n<table border=\"1\" cellspacing=\"1\" cellpadding=\"1\">\n<tbody>\n<tr>\n<td><\/td>\n<td colspan=\"2\"><strong>NIVELL B\u00c0SIC<\/strong><\/td>\n<td><strong>NIVELL INTERMEDI B1<\/strong><\/td>\n<td colspan=\"2\"><strong>NIVELL INTERMEDI B2<\/strong><\/td>\n<td><strong>NIVELL AVAN\u00c7AT C1<\/strong><\/td>\n<\/tr>\n<tr>\n<td><strong>CURSOS<\/strong><\/td>\n<td style=\"text-align: center;\"><strong>A1<\/strong><\/td>\n<td style=\"text-align: center;\"><strong>A2<\/strong><\/td>\n<td style=\"text-align: center;\"><strong>B1<\/strong><\/td>\n<td style=\"text-align: center;\"><strong>B2.1<\/strong><\/td>\n<td style=\"text-align: center;\"><strong>B2.2<\/strong><\/td>\n<td style=\"text-align: center;\"><strong>C1<\/strong><\/td>\n<\/tr>\n<tr>\n<td><strong>Idioma<\/strong><\/td>\n<td colspan=\"6\"><strong>Grups per nivells<\/strong><\/td>\n<\/tr>\n<tr>\n<td>Alemany<\/td>\n<td>3*<\/td>\n<td>2<\/td>\n<td>2*<\/td>\n<td>1<\/td>\n<td>1<\/td>\n<td>&#8211;<\/td>\n<\/tr>\n<tr>\n<td>Angl\u00e8s<\/td>\n<td>3<\/td>\n<td>4<\/td>\n<td>4<\/td>\n<td>4*<\/td>\n<td>2*<\/td>\n<td>2<\/td>\n<\/tr>\n<tr>\n<td>Franc\u00e8s<\/td>\n<td>3*<\/td>\n<td>3*<\/td>\n<td>2*<\/td>\n<td>1*<\/td>\n<td>1*<\/td>\n<td>&#8211;<\/td>\n<\/tr>\n<tr>\n<td>\u00a0Itali\u00e0<\/td>\n<td>2*<\/td>\n<td>2*<\/td>\n<td>1<\/td>\n<td>1<\/td>\n<td>1<\/td>\n<td>\u00a0&#8211;<\/td>\n<\/tr>\n<\/tbody>\n<\/table>\n<p>*Un dels grups \u00e9s de modalitat semipresencial<\/p>\n","protected":false},"excerpt":{"rendered":"<p>DURADA DEL CURS En aquesta EOI s&#8217;imparteixen els idiomes d&#8217;alemany, angl\u00e8s, franc\u00e8s i itali\u00e0 en cursos anuals de 4 hores i 30 minuts setmanals de finals de setembre a finals de maig. L&#8217;EOI Esplugues imparteix el curs oficial en modalitat d&#8217;horari extensiu i en horari altern, en classes de dues hores i mitja en dies [&hellip;]<\/p>\n","protected":false},"author":1,"featured_media":0,"parent":8149,"menu_order":10,"comment_status":"closed","ping_status":"closed","template":"page-templates\/side-menu.php","meta":{"_bbp_topic_count":0,"_bbp_reply_count":0,"_bbp_total_topic_count":0,"_bbp_total_reply_count":0,"_bbp_voice_count":0,"_bbp_anonymous_reply_count":0,"_bbp_topic_count_hidden":0,"_bbp_reply_count_hidden":0,"_bbp_forum_subforum_count":0,"site-sidebar-layout":"default","site-content-layout":"","ast-site-content-layout":"","site-content-style":"default","site-sidebar-style":"default","ast-global-header-display":"","ast-banner-title-visibility":"","ast-main-header-display":"","ast-hfb-above-header-display":"","ast-hfb-below-header-display":"","ast-hfb-mobile-header-display":"","site-post-title":"","ast-breadcrumbs-content":"","ast-featured-img":"","footer-sml-layout":"","theme-transparent-header-meta":"","adv-header-id-meta":"","stick-header-meta":"","header-above-stick-meta":"","header-main-stick-meta":"","header-below-stick-meta":"","astra-migrate-meta-layouts":"default","ast-page-background-enabled":"default","ast-page-background-meta":{"desktop":{"background-color":"var(--ast-global-color-4)","background-image":"","background-repeat":"repeat","background-position":"center center","background-size":"auto","background-attachment":"scroll","background-type":"","background-media":"","overlay-type":"","overlay-color":"","overlay-opacity":"","overlay-gradient":""},"tablet":{"background-color":"","background-image":"","background-repeat":"repeat","background-position":"center center","background-size":"auto","background-attachment":"scroll","background-type":"","background-media":"","overlay-type":"","overlay-color":"","overlay-opacity":"","overlay-gradient":""},"mobile":{"background-color":"","background-image":"","background-repeat":"repeat","background-position":"center center","background-size":"auto","background-attachment":"scroll","background-type":"","background-media":"","overlay-type":"","overlay-color":"","overlay-opacity":"","overlay-gradient":""}},"ast-content-background-meta":{"desktop":{"background-color":"var(--ast-global-color-5)","background-image":"","background-repeat":"repeat","background-position":"center center","background-size":"auto","background-attachment":"scroll","background-type":"","background-media":"","overlay-type":"","overlay-color":"","overlay-opacity":"","overlay-gradient":""},"tablet":{"background-color":"var(--ast-global-color-5)","background-image":"","background-repeat":"repeat","background-position":"center center","background-size":"auto","background-attachment":"scroll","background-type":"","background-media":"","overlay-type":"","overlay-color":"","overlay-opacity":"","overlay-gradient":""},"mobile":{"background-color":"var(--ast-global-color-5)","background-image":"","background-repeat":"repeat","background-position":"center center","background-size":"auto","background-attachment":"scroll","background-type":"","background-media":"","overlay-type":"","overlay-color":"","overlay-opacity":"","overlay-gradient":""}},"footnotes":""},"class_list":["post-8151","page","type-page","status-publish","hentry"],"post_mailing_queue_ids":[],"_links":{"self":[{"href":"https:\/\/agora-eoi.xtec.cat\/eoiesplugues\/wp-json\/wp\/v2\/pages\/8151","targetHints":{"allow":["GET"]}}],"collection":[{"href":"https:\/\/agora-eoi.xtec.cat\/eoiesplugues\/wp-json\/wp\/v2\/pages"}],"about":[{"href":"https:\/\/agora-eoi.xtec.cat\/eoiesplugues\/wp-json\/wp\/v2\/types\/page"}],"author":[{"embeddable":true,"href":"https:\/\/agora-eoi.xtec.cat\/eoiesplugues\/wp-json\/wp\/v2\/users\/1"}],"replies":[{"embeddable":true,"href":"https:\/\/agora-eoi.xtec.cat\/eoiesplugues\/wp-json\/wp\/v2\/comments?post=8151"}],"version-history":[{"count":5,"href":"https:\/\/agora-eoi.xtec.cat\/eoiesplugues\/wp-json\/wp\/v2\/pages\/8151\/revisions"}],"predecessor-version":[{"id":13202,"href":"https:\/\/agora-eoi.xtec.cat\/eoiesplugues\/wp-json\/wp\/v2\/pages\/8151\/revisions\/13202"}],"up":[{"embeddable":true,"href":"https:\/\/agora-eoi.xtec.cat\/eoiesplugues\/wp-json\/wp\/v2\/pages\/8149"}],"wp:attachment":[{"href":"https:\/\/agora-eoi.xtec.cat\/eoiesplugues\/wp-json\/wp\/v2\/media?parent=8151"}],"curies":[{"name":"wp","href":"https:\/\/api.w.org\/{rel}","templated":true}]}}