{"id":11813,"date":"2022-03-01T20:19:09","date_gmt":"2022-03-01T19:19:09","guid":{"rendered":"https:\/\/agora-eoi.xtec.cat\/eoiesplugues\/?page_id=11813"},"modified":"2022-03-01T20:19:09","modified_gmt":"2022-03-01T19:19:09","slug":"competencia-professorat","status":"publish","type":"page","link":"https:\/\/agora-eoi.xtec.cat\/eoiesplugues\/edc\/cultura-digital\/competencia-professorat\/","title":{"rendered":"Compet\u00e8ncia professorat"},"content":{"rendered":"<p>ACOLLIDA<\/p>\n<p>El centre est\u00e0 desenvolupant un pla d\u2019acollida del nou professorat pel que fa a temes digitals.<\/p>\n<p>FORMACI\u00d3<\/p>\n<p>Tal com indiquen les NOFC, la formaci\u00f3 en cultura digital \u00e9s un aspecte clau del centre. Aquesta formaci\u00f3 s\u2019articula, b\u00e0sicament, de tres maneres:<\/p>\n<ul>\n<li>Formaci\u00f3 dins el pla d\u2019acolliment del professorat.<\/li>\n<li>FIC: de manera peri\u00f2dica, la formaci\u00f3 interna del centre va incorporant aspectes de cultura digital. Els materials d\u2019aquesta formaci\u00f3 es troben dins la carpeta Formaci\u00f3 de l\u2019estructura de centre per tal que qualsevol membre del professorat pugui consultar-la.<\/li>\n<li>A trav\u00e9s de la Zona de professorat, quan apareixen novetats digitals es pengen articles explicant la utilitat pedag\u00f2gica que poden tenir.<\/li>\n<\/ul>\n<p>TRASP\u00c0S DE DADES<\/p>\n<p>Quan un\/a professor\/a deixa el centre, \u00e9s important que pugui tenir c\u00f2pia del material que ha desenvolupat. En l&#8217;actualitat estem preparant els documents que expliquen com fer aquest trasp\u00e0s des de G Suite for Education a un altre compte de correu XTEC i des del nostre\u00a0 Moodle al d&#8217;un altre centre.<\/p>\n","protected":false},"excerpt":{"rendered":"<p>ACOLLIDA El centre est\u00e0 desenvolupant un pla d\u2019acollida del nou professorat pel que fa a temes digitals. FORMACI\u00d3 Tal com indiquen les NOFC, la formaci\u00f3 en cultura digital \u00e9s un aspecte clau del centre. Aquesta formaci\u00f3 s\u2019articula, b\u00e0sicament, de tres maneres: Formaci\u00f3 dins el pla d\u2019acolliment del professorat. FIC: de manera peri\u00f2dica, la formaci\u00f3 interna [&hellip;]<\/p>\n","protected":false},"author":1,"featured_media":0,"parent":11789,"menu_order":55,"comment_status":"closed","ping_status":"closed","template":"page-templates\/side-menu.php","meta":{"_bbp_topic_count":0,"_bbp_reply_count":0,"_bbp_total_topic_count":0,"_bbp_total_reply_count":0,"_bbp_voice_count":0,"_bbp_anonymous_reply_count":0,"_bbp_topic_count_hidden":0,"_bbp_reply_count_hidden":0,"_bbp_forum_subforum_count":0,"site-sidebar-layout":"default","site-content-layout":"","ast-site-content-layout":"","site-content-style":"default","site-sidebar-style":"default","ast-global-header-display":"","ast-banner-title-visibility":"","ast-main-header-display":"","ast-hfb-above-header-display":"","ast-hfb-below-header-display":"","ast-hfb-mobile-header-display":"","site-post-title":"","ast-breadcrumbs-content":"","ast-featured-img":"","footer-sml-layout":"","theme-transparent-header-meta":"","adv-header-id-meta":"","stick-header-meta":"","header-above-stick-meta":"","header-main-stick-meta":"","header-below-stick-meta":"","astra-migrate-meta-layouts":"default","ast-page-background-enabled":"default","ast-page-background-meta":{"desktop":{"background-color":"var(--ast-global-color-4)","background-image":"","background-repeat":"repeat","background-position":"center center","background-size":"auto","background-attachment":"scroll","background-type":"","background-media":"","overlay-type":"","overlay-color":"","overlay-opacity":"","overlay-gradient":""},"tablet":{"background-color":"","background-image":"","background-repeat":"repeat","background-position":"center center","background-size":"auto","background-attachment":"scroll","background-type":"","background-media":"","overlay-type":"","overlay-color":"","overlay-opacity":"","overlay-gradient":""},"mobile":{"background-color":"","background-image":"","background-repeat":"repeat","background-position":"center center","background-size":"auto","background-attachment":"scroll","background-type":"","background-media":"","overlay-type":"","overlay-color":"","overlay-opacity":"","overlay-gradient":""}},"ast-content-background-meta":{"desktop":{"background-color":"var(--ast-global-color-5)","background-image":"","background-repeat":"repeat","background-position":"center center","background-size":"auto","background-attachment":"scroll","background-type":"","background-media":"","overlay-type":"","overlay-color":"","overlay-opacity":"","overlay-gradient":""},"tablet":{"background-color":"var(--ast-global-color-5)","background-image":"","background-repeat":"repeat","background-position":"center center","background-size":"auto","background-attachment":"scroll","background-type":"","background-media":"","overlay-type":"","overlay-color":"","overlay-opacity":"","overlay-gradient":""},"mobile":{"background-color":"var(--ast-global-color-5)","background-image":"","background-repeat":"repeat","background-position":"center center","background-size":"auto","background-attachment":"scroll","background-type":"","background-media":"","overlay-type":"","overlay-color":"","overlay-opacity":"","overlay-gradient":""}},"footnotes":""},"class_list":["post-11813","page","type-page","status-publish","hentry"],"post_mailing_queue_ids":[],"_links":{"self":[{"href":"https:\/\/agora-eoi.xtec.cat\/eoiesplugues\/wp-json\/wp\/v2\/pages\/11813","targetHints":{"allow":["GET"]}}],"collection":[{"href":"https:\/\/agora-eoi.xtec.cat\/eoiesplugues\/wp-json\/wp\/v2\/pages"}],"about":[{"href":"https:\/\/agora-eoi.xtec.cat\/eoiesplugues\/wp-json\/wp\/v2\/types\/page"}],"author":[{"embeddable":true,"href":"https:\/\/agora-eoi.xtec.cat\/eoiesplugues\/wp-json\/wp\/v2\/users\/1"}],"replies":[{"embeddable":true,"href":"https:\/\/agora-eoi.xtec.cat\/eoiesplugues\/wp-json\/wp\/v2\/comments?post=11813"}],"version-history":[{"count":1,"href":"https:\/\/agora-eoi.xtec.cat\/eoiesplugues\/wp-json\/wp\/v2\/pages\/11813\/revisions"}],"predecessor-version":[{"id":11814,"href":"https:\/\/agora-eoi.xtec.cat\/eoiesplugues\/wp-json\/wp\/v2\/pages\/11813\/revisions\/11814"}],"up":[{"embeddable":true,"href":"https:\/\/agora-eoi.xtec.cat\/eoiesplugues\/wp-json\/wp\/v2\/pages\/11789"}],"wp:attachment":[{"href":"https:\/\/agora-eoi.xtec.cat\/eoiesplugues\/wp-json\/wp\/v2\/media?parent=11813"}],"curies":[{"name":"wp","href":"https:\/\/api.w.org\/{rel}","templated":true}]}}