{"id":11765,"date":"2022-03-01T00:18:46","date_gmt":"2022-02-28T23:18:46","guid":{"rendered":"https:\/\/agora-eoi.xtec.cat\/eoiesplugues\/?page_id=11765"},"modified":"2023-11-10T23:07:53","modified_gmt":"2023-11-10T22:07:53","slug":"diagnosi","status":"publish","type":"page","link":"https:\/\/agora-eoi.xtec.cat\/eoiesplugues\/edc\/part-estrategica\/diagnosi\/","title":{"rendered":"Diagnosi"},"content":{"rendered":"<p>Com a primer pas per crear la nostra Estrat\u00e8gia Digital de Centre hem portat a terme una <strong>Diagnosi <\/strong>utilitzant dos recursos:<\/p>\n<p>L&#8217;eina diagn\u00f2stica\u00a0<a href=\"https:\/\/education.ec.europa.eu\/news\/new-online-tool-to-support-teacher-digital-skills\" target=\"_blank\" rel=\"noopener noreferrer\">SELFIE<\/a> per tal d&#8217;avaluar la compet\u00e8ncia digital del centre. Aquests q\u00fcestionaris, adre\u00e7ats al professorat, a l&#8217;alumnat i a l&#8217;equip directiu, ens han perm\u00e8s avaluar els punts forts i febles del nostre \u00fas de les tecnologies digitals.<\/p>\n<p>El professorat tamb\u00e9 va omplir una segona enquesta digital per valorar la seva Compet\u00e8ncia Digital.<\/p>\n<p>A m\u00e9s a m\u00e9s, per a poder aprofundir en algun dels \u00e0mbits predeterminats, elaborem\u00a0<strong>formularis<\/strong>\u00a0m\u00e9s concrets peri\u00f2dicament i en recollim els resultats.<\/p>\n<p class=\"CDt4Ke zfr3Q\" dir=\"ltr\">A partir de l\u2019an\u00e0lisi d\u2019aquestes eines, es detecten punts forts i punts febles segons diferents aspectes, dels quals els m\u00e9s destacables s\u00f3n:<\/p>\n<p dir=\"ltr\" style=\"padding-left: 40px;\"><strong>Punts forts:<\/strong> La totalitat del professorat utilitza entorns virtuals d&#8217;aprenentatge habitualment i recursos educatius digitals per desenvolupar les tasques pedag\u00f2giques i est\u00e0 molt implicat en el desenvolupament de la digitalitzaci\u00f3.<\/p>\n<p dir=\"ltr\" style=\"padding-left: 40px;\"><strong>Punts febles<\/strong>: Les infraestructures i la xarxa limiten l&#8217;\u00fas extensiu dels recursos digitals. L&#8217;avaluaci\u00f3 i la retroalimentaci\u00f3 amb recursos digitals no \u00e9s la m\u00e9s utilitzada.<\/p>\n<div style=\"width: 100%;\">\n<div style=\"position: relative; padding-bottom: 56.25%; padding-top: 0; height: 0;\"><iframe loading=\"lazy\" style=\"position: absolute; top: 0; left: 0; width: 100%; height: 100%;\" title=\"Resultats\" src=\"https:\/\/view.genial.ly\/62a8af87c55d6c0018072842\" width=\"1200\" height=\"675\" frameborder=\"0\" scrolling=\"yes\" allowfullscreen=\"allowfullscreen\"><\/iframe><\/div>\n<\/div>\n<p dir=\"ltr\">Hem elaborat la nostra diagnosi a partir dels seg\u00fcents documents de refer\u00e8ncia:<\/p>\n<p dir=\"ltr\"><a href=\"https:\/\/educacio.gencat.cat\/web\/.content\/home\/departament\/publicacions\/colleccions\/pla-educacio-digital\/pla-educacio-digital-catalunya\/pla-educacio-digital.pdf\" target=\"_blank\" rel=\"noopener\"><img loading=\"lazy\" decoding=\"async\" class=\"alignleft size-full wp-image-11948\" src=\"https:\/\/agora-eoi.xtec.cat\/eoiesplugues\/wp-content\/uploads\/usu2243\/2022\/06\/EDCportadapla20-23.png\" alt=\"\" width=\"456\" height=\"316\" srcset=\"https:\/\/agora-eoi.xtec.cat\/eoiesplugues\/wp-content\/uploads\/usu2243\/2022\/06\/EDCportadapla20-23.png 456w, https:\/\/agora-eoi.xtec.cat\/eoiesplugues\/wp-content\/uploads\/usu2243\/2022\/06\/EDCportadapla20-23-300x208.png 300w\" sizes=\"auto, (max-width: 456px) 100vw, 456px\" \/><\/a><\/p>\n<p dir=\"ltr\"><a href=\"https:\/\/educacio.gencat.cat\/web\/.content\/home\/departament\/publicacions\/colleccions\/pla-educacio-digital\/estrategia-digital-centre\/estrategia-digital-centre.pdf\" target=\"_blank\" rel=\"noopener\"><img loading=\"lazy\" decoding=\"async\" class=\"alignleft size-full wp-image-11947\" src=\"https:\/\/agora-eoi.xtec.cat\/eoiesplugues\/wp-content\/uploads\/usu2243\/2022\/06\/EDCportadadoc.png\" alt=\"\" width=\"314\" height=\"442\" srcset=\"https:\/\/agora-eoi.xtec.cat\/eoiesplugues\/wp-content\/uploads\/usu2243\/2022\/06\/EDCportadadoc.png 314w, https:\/\/agora-eoi.xtec.cat\/eoiesplugues\/wp-content\/uploads\/usu2243\/2022\/06\/EDCportadadoc-213x300.png 213w\" sizes=\"auto, (max-width: 314px) 100vw, 314px\" \/><\/a><\/p>\n","protected":false},"excerpt":{"rendered":"<p>Com a primer pas per crear la nostra Estrat\u00e8gia Digital de Centre hem portat a terme una Diagnosi utilitzant dos recursos: L&#8217;eina diagn\u00f2stica\u00a0SELFIE per tal d&#8217;avaluar la compet\u00e8ncia digital del centre. Aquests q\u00fcestionaris, adre\u00e7ats al professorat, a l&#8217;alumnat i a l&#8217;equip directiu, ens han perm\u00e8s avaluar els punts forts i febles del nostre \u00fas de [&hellip;]<\/p>\n","protected":false},"author":1,"featured_media":0,"parent":11763,"menu_order":0,"comment_status":"closed","ping_status":"closed","template":"page-templates\/side-menu.php","meta":{"_bbp_topic_count":0,"_bbp_reply_count":0,"_bbp_total_topic_count":0,"_bbp_total_reply_count":0,"_bbp_voice_count":0,"_bbp_anonymous_reply_count":0,"_bbp_topic_count_hidden":0,"_bbp_reply_count_hidden":0,"_bbp_forum_subforum_count":0,"site-sidebar-layout":"default","site-content-layout":"","ast-site-content-layout":"","site-content-style":"default","site-sidebar-style":"default","ast-global-header-display":"","ast-banner-title-visibility":"","ast-main-header-display":"","ast-hfb-above-header-display":"","ast-hfb-below-header-display":"","ast-hfb-mobile-header-display":"","site-post-title":"","ast-breadcrumbs-content":"","ast-featured-img":"","footer-sml-layout":"","theme-transparent-header-meta":"","adv-header-id-meta":"","stick-header-meta":"","header-above-stick-meta":"","header-main-stick-meta":"","header-below-stick-meta":"","astra-migrate-meta-layouts":"default","ast-page-background-enabled":"default","ast-page-background-meta":{"desktop":{"background-color":"var(--ast-global-color-4)","background-image":"","background-repeat":"repeat","background-position":"center center","background-size":"auto","background-attachment":"scroll","background-type":"","background-media":"","overlay-type":"","overlay-color":"","overlay-opacity":"","overlay-gradient":""},"tablet":{"background-color":"","background-image":"","background-repeat":"repeat","background-position":"center center","background-size":"auto","background-attachment":"scroll","background-type":"","background-media":"","overlay-type":"","overlay-color":"","overlay-opacity":"","overlay-gradient":""},"mobile":{"background-color":"","background-image":"","background-repeat":"repeat","background-position":"center center","background-size":"auto","background-attachment":"scroll","background-type":"","background-media":"","overlay-type":"","overlay-color":"","overlay-opacity":"","overlay-gradient":""}},"ast-content-background-meta":{"desktop":{"background-color":"var(--ast-global-color-5)","background-image":"","background-repeat":"repeat","background-position":"center center","background-size":"auto","background-attachment":"scroll","background-type":"","background-media":"","overlay-type":"","overlay-color":"","overlay-opacity":"","overlay-gradient":""},"tablet":{"background-color":"var(--ast-global-color-5)","background-image":"","background-repeat":"repeat","background-position":"center center","background-size":"auto","background-attachment":"scroll","background-type":"","background-media":"","overlay-type":"","overlay-color":"","overlay-opacity":"","overlay-gradient":""},"mobile":{"background-color":"var(--ast-global-color-5)","background-image":"","background-repeat":"repeat","background-position":"center center","background-size":"auto","background-attachment":"scroll","background-type":"","background-media":"","overlay-type":"","overlay-color":"","overlay-opacity":"","overlay-gradient":""}},"footnotes":""},"class_list":["post-11765","page","type-page","status-publish","hentry"],"post_mailing_queue_ids":[],"_links":{"self":[{"href":"https:\/\/agora-eoi.xtec.cat\/eoiesplugues\/wp-json\/wp\/v2\/pages\/11765","targetHints":{"allow":["GET"]}}],"collection":[{"href":"https:\/\/agora-eoi.xtec.cat\/eoiesplugues\/wp-json\/wp\/v2\/pages"}],"about":[{"href":"https:\/\/agora-eoi.xtec.cat\/eoiesplugues\/wp-json\/wp\/v2\/types\/page"}],"author":[{"embeddable":true,"href":"https:\/\/agora-eoi.xtec.cat\/eoiesplugues\/wp-json\/wp\/v2\/users\/1"}],"replies":[{"embeddable":true,"href":"https:\/\/agora-eoi.xtec.cat\/eoiesplugues\/wp-json\/wp\/v2\/comments?post=11765"}],"version-history":[{"count":4,"href":"https:\/\/agora-eoi.xtec.cat\/eoiesplugues\/wp-json\/wp\/v2\/pages\/11765\/revisions"}],"predecessor-version":[{"id":12837,"href":"https:\/\/agora-eoi.xtec.cat\/eoiesplugues\/wp-json\/wp\/v2\/pages\/11765\/revisions\/12837"}],"up":[{"embeddable":true,"href":"https:\/\/agora-eoi.xtec.cat\/eoiesplugues\/wp-json\/wp\/v2\/pages\/11763"}],"wp:attachment":[{"href":"https:\/\/agora-eoi.xtec.cat\/eoiesplugues\/wp-json\/wp\/v2\/media?parent=11765"}],"curies":[{"name":"wp","href":"https:\/\/api.w.org\/{rel}","templated":true}]}}