{"id":10320,"date":"2018-09-20T15:43:14","date_gmt":"2018-09-20T13:43:14","guid":{"rendered":"http:\/\/agora-eoi.xtec.cat\/eoiesplugues\/?page_id=10320"},"modified":"2025-07-15T14:09:25","modified_gmt":"2025-07-15T12:09:25","slug":"normes-i-funcionament-normes-de-convivencia","status":"publish","type":"page","link":"https:\/\/agora-eoi.xtec.cat\/eoiesplugues\/el-servei-educatiu\/normes-i-funcionament-normes-de-convivencia\/","title":{"rendered":"Normes i funcionament (NOFC) &#8211; normes de conviv\u00e8ncia"},"content":{"rendered":"<p><strong>ELS ALUMNES<\/strong><\/p>\n<p>Tots els alumnes de l\u2019EOI Esplugues tenen els mateixos drets i deures b\u00e0sics.<\/p>\n<p>Els \u00f2rgans de govern del centre vetllaran pel correcte exercici dels drets i deures dels alumnes i adoptaran les mesures de prevenci\u00f3 necess\u00e0ries per garantir-los i per impedir la comissi\u00f3 de fets contraris a les normes de conviv\u00e8ncia d\u2019aquest centre. (Concreci\u00f3 dels drets de l\u2019alumnat expressats en la Llei d\u2019Educaci\u00f3 de Catalunya, de 17 de juliol de 2009 article 21)<strong>.<\/strong><\/p>\n<p>&nbsp;<\/p>\n<p>\u00c9s compet\u00e8ncia de la direcci\u00f3 garantir la mediaci\u00f3 en la resoluci\u00f3 de conflictes i imposar les mesures disciplin\u00e0ries que corresponguin als alumnes. De la resoluci\u00f3 de conflictes disciplinaris seran informats el Consell escolar i el Claustre i, si escau, els Serveis Territorials del Baix Llobregat, que vetllaran perqu\u00e8 s\u2019atenguin a la normativa vigent.<\/p>\n<p>&nbsp;<\/p>\n<p><strong>DRETS DELS ALUMNES<\/strong><\/p>\n<p>L&#8217;exercici dels drets per part de l&#8217;alumnat implicar\u00e0 el reconeixement i respecte dels drets de tots els membres de la comunitat educativa.<\/p>\n<ol>\n<li>Els alumnes tenen dret que es respecti la seva llibertat de consci\u00e8ncia, les seves conviccions religioses, morals i ideol\u00f2giques, aix\u00ed com la seva intimitat quant a creences i conviccions.<\/li>\n<li>En el marc de la normativa legal establerta, el dret al qual es refereix l\u2019apartat anterior es garantir\u00e0 mitjan\u00e7ant la informaci\u00f3 relativa al Projecte educatiu d\u2019aquest centre, que es proporcionar\u00e0 als alumnes abans de formalitzar la matr\u00edcula.<\/li>\n<li>Tots els alumnes tenen dret al respecte de la seva integritat f\u00edsica i moral i de la seva dignitat personal.<\/li>\n<li>Els alumnes tenen dret que el centre guardi reserva de tota informaci\u00f3 sobre les seves circumst\u00e0ncies personals i familiars.<\/li>\n<li>Tots els alumnes tenen dret a la llibertat d\u2019expressi\u00f3 sense perjudici dels drets de tots els membres de la comunitat educativa.<\/li>\n<li>Els alumnes tenen dret a una valoraci\u00f3 objectiva del seu rendiment escolar i han de ser informats dels objectius, criteris i procediments d&#8217;avaluaci\u00f3.<\/li>\n<li>Els alumnes rebran al llarg del curs informaci\u00f3 sobre l\u2019evoluci\u00f3 del seu proc\u00e9s educatiu i al final de curs una valoraci\u00f3 en cadascuna de les destreses avaluades i una nota final.<\/li>\n<li>Els alumnes poden sol\u00b7licitar els aclariments que considerin necessaris sobre la seva avaluaci\u00f3.<\/li>\n<li>Els alumnes tenen a la seva disposici\u00f3 un full de reclamaci\u00f3 que poden demanar a consergeria en el qual poden exposar les seves queixes sobre el funcionament del centre.<\/li>\n<li>Els alumnes tenen a la seva disposici\u00f3 una b\u00fastia per fer arribar suggeriments o propostes de millora als seus representants al Consell escolar.<\/li>\n<li>Els alumnes tenen dret a participar en la vida i el funcionament del centre mitjan\u00e7ant l\u2019elecci\u00f3 dels seus representants al Consell escolar.<\/li>\n<li>Els alumnes tenen dret a associar-se i reunir-se en el centre, respectant el normal desplegament de les activitats acad\u00e8miques i els horaris d&#8217;obertura del centre, sempre que sigui per a activitats relacionades amb el seu proc\u00e9s educatiu i amb la comunicaci\u00f3 pr\u00e8via a l\u2019Equip directiu del centre.<\/li>\n<li>L\u2019alumne t\u00e9 el dret d\u2019expressar-se en qualsevol de les dues lleng\u00fces oficials i rebre l\u2019ensenyament en la llengua en qu\u00e8 est\u00e0 matriculat.<\/li>\n<li>Tots els alumnes tenen dret que la seva activitat acad\u00e8mica es desenvolupi en les degudes condicions de seguretat i higiene.<\/li>\n<li>L\u2019alumne t\u00e9 dret a avaluar la tasca docent del seu professor (la metodologia emprada, les activitats fetes a classe, etc.)<\/li>\n<\/ol>\n<p>&nbsp;<\/p>\n<p><strong>DEURES DELS ALUMNES<\/strong><\/p>\n<p>L&#8217;estudi i l\u2019esfor\u00e7 constitueixen un deure b\u00e0sic dels alumnes i queden reflectits en les obligacions seg\u00fcents:<\/p>\n<ol>\n<li>Assistir a classe amb puntualitat i participar en les activitats orientades a desenvolupar els plans d&#8217;estudi.<\/li>\n<li>Adquirir i portar els materials que el professor consideri imprescindibles per al correcte seguiment de la classe.<\/li>\n<li>Complir i respectar els horaris.<\/li>\n<li>Seguir les orientacions del professorat pel que fa al seu aprenentatge i mostrar-li respecte.<\/li>\n<li>Respectar l\u2019exercici del dret a l&#8217;estudi dels companys.<\/li>\n<li>Comunicar al professor la causa de la seva abs\u00e8ncia.<\/li>\n<\/ol>\n<p>&nbsp;<\/p>\n<p>Els alumnes tenen el deure de respectar l&#8217;exercici dels drets i de les llibertats de tots els membres de la comunitat educativa:<\/p>\n<ol>\n<li>Respectar la llibertat de consci\u00e8ncia i les conviccions, aix\u00ed com la dignitat, integritat i intimitat de tots.<\/li>\n<li>No discriminar ning\u00fa.<\/li>\n<li>Respectar el car\u00e0cter propi del centre, el seu Projecte educatiu, el reglament d\u2019organitzaci\u00f3 i funcionament i el projecte ling\u00fc\u00edstic.<\/li>\n<li>Respectar i utilitzar correctament els b\u00e9ns mobles i les instal\u00b7lacions, i respectar les pertinences dels altres membres de la comunitat educativa.<\/li>\n<li>Constitueix un deure dels alumnes participar i col\u00b7laborar activament en la vida i funcionament del centre.<\/li>\n<li>L\u2019alumnat t\u00e9 el deure de col\u00b7laborar amb l\u2019Equip directiu del centre en el compliment de les normes que s&#8217;estableixin per a la seguretat col\u00b7lectiva en cas d&#8217;accident, sinistre o d&#8217;altres semblants, segons les orientacions del Pla d\u2019emerg\u00e8ncia i evacuaci\u00f3.<\/li>\n<li>L\u2019alumne t\u00e9 el deure de comunicar al professorat qualsevol anomalia o incident que observi o del qual tingui coneixement.<\/li>\n<\/ol>\n<p>&nbsp;<\/p>\n<p><strong>NORMES DE CONVIV\u00c8NCIA<\/strong><\/p>\n<p>Saber conviure \u00e9s tenir la capacitat de posar-se en el lloc de l\u2019altre, de compartir, cooperar, respectar, autoregular-se i de saber comunicar-se de manera positiva amb l\u2019entorn.<\/p>\n<p>La conviv\u00e8ncia ha de servir per:<\/p>\n<ul>\n<li>Educar per la pau i pel respecte als drets humans.<\/li>\n<li>Prevenir la viol\u00e8ncia.<\/li>\n<li>Propiciar la integraci\u00f3 de tot l\u2019alumnat.<\/li>\n<li>Afavorir els aprenentatges<\/li>\n<\/ul>\n<p>&nbsp;<\/p>\n<p>Per tot aix\u00f2, s\u2019hauran de con\u00e8ixer i seguir els seg\u00fcents preceptes:<\/p>\n<ol>\n<li>Respectar la integritat f\u00edsica i moral de tots els membres de la comunitat educativa, aix\u00ed com les seves pertinences.<\/li>\n<li>Tenir un tracte respectu\u00f3s amb tots els membres de la comunitat educativa.<\/li>\n<li>Mantenir un esperit de bona conviv\u00e8ncia, participaci\u00f3 activa i cooperaci\u00f3 en totes les activitats que es duen a terme al centre.<\/li>\n<li>Respectar les instal\u00b7lacions, el mobiliari i el material.<\/li>\n<li>Mantenir netes i ordenades totes les depend\u00e8ncies que cada membre de la comunitat escolar usi.<\/li>\n<li>Abstenir-se de menjar o beure a les aules, biblioteca i sala d\u2019ordinadors.<\/li>\n<li>No fumar dins l\u2019edifici ni al recinte de l\u2019escola.<\/li>\n<li>Respectar les indicacions i instruccions.<\/li>\n<li>Abstenir-se d\u2019usar el m\u00f2bil dins l\u2019aula si no \u00e9s per finalitats pedag\u00f2giques.<\/li>\n<li>Fer \u00fas nom\u00e9s dels espais seg\u00fcents (a no ser que estigui acompanyat pel personal del centre): hall, aula, biblioteca, bar, lavabos i els passadissos que porten a aquests llocs.<\/li>\n<\/ol>\n<p>&nbsp;<\/p>\n<p>Es consideraran <strong>conductes contr\u00e0ries a les normes de conviv\u00e8ncia<\/strong> les seg\u00fcents actuacions:<\/p>\n<ol>\n<li>Expressar el desconeixement de les normes de conviv\u00e8ncia o no complir amb els seus preceptes.<\/li>\n<li>No respectar el car\u00e0cter propi del centre, expressat en el Projecte Educatiu de Centre.<\/li>\n<li>No respectar la integritat f\u00edsica o moral de tots els membres de la comunitat educativa o les seves pertinences.<\/li>\n<li>Mostrar un llenguatge o conductes irrespectuoses envers algun membre de la comunitat educativa.<\/li>\n<li>Demostrar una actitud manifestament negativa envers l&#8217;aprenentatge.<\/li>\n<li>Mostrar comportaments que distorsionin la bona conviv\u00e8ncia.<\/li>\n<li>Usar les instal\u00b7lacions, el mobiliari i el material del centre de manera indeguda.<\/li>\n<li>Embrutar.<\/li>\n<li>Menjar o beure a les aules, biblioteca o sala d\u2019ordinadors.<\/li>\n<li>Fumar dins el centre o en el recinte.<\/li>\n<li>No respectar les indicacions i instruccions.<\/li>\n<li>Actuar de manera fraudulenta en la realitzaci\u00f3 d\u2019ex\u00e0mens.<\/li>\n<\/ol>\n<p>&nbsp;<\/p>\n<p>Es consideraran <strong>conductes greument perjudicials per a la conviv\u00e8ncia <\/strong>\u00a0les seg\u00fcents:<\/p>\n<ol>\n<li>Els actes d\u2019indisciplina, agressi\u00f3, inj\u00faria o ofenses greus contra qualsevol membre de la comunitat educativa.<\/li>\n<li>La discriminaci\u00f3 cap a algun membre de la comunitat educativa per raons de ra\u00e7a, sexe, nacionalitat, religi\u00f3, situaci\u00f3 econ\u00f2mica o social o discapacitat f\u00edsica, sensorial o ps\u00edquica.<\/li>\n<li>La suplantaci\u00f3 de personalitat en actes de la vida docent.<\/li>\n<li>El robatori de pertinences d&#8217;altres alumnes, del personal del centre o objectes del centre.<\/li>\n<li>La falsificaci\u00f3 o sostracci\u00f3 de documents acad\u00e8mics.<\/li>\n<li>L&#8217; incompliment de les sancions imposades.<\/li>\n<li>Els danys greus causats per \u00fas indegut o intencionat en el recinte escolar, en els materials o documents del centre o en els bens d\u2019altres membres de la comunitat educativa.<\/li>\n<li>La reiteraci\u00f3 en un mateix curs escolar de conductes contr\u00e0ries a les normes de conviv\u00e8ncia.<\/li>\n<li>Els actes injustificats que pertorbin greument les activitats del centre.<\/li>\n<li>Les actuacions perjudicials per a la salut i la integritat personal dels membres de la comunitat educativa.<\/li>\n<\/ol>\n<p>&nbsp;<\/p>\n<p><strong>Correccions i sancions<\/strong><\/p>\n<p>Els professors tenen el dret i el deure de fer respectar les normes de conviv\u00e8ncia per part dels alumnes i corregiran aquells comportaments que hi siguin contraris. Aix\u00ed mateix, informaran la direcci\u00f3 sobre qualsevol incid\u00e8ncia que es produeixi. L\u2019alumnat est\u00e0 obligat a seguir les instruccions del professorat i del personal no docent tant dins com fora de l\u2019aula.<\/p>\n<p>Les conductes contr\u00e0ries a les normes de conviv\u00e8ncia es corregiran mitjan\u00e7ant una amonestaci\u00f3 verbal per part del professorat, excepte en el cas d\u2019actuacions fraudulentes en la realitzaci\u00f3 d\u2019ex\u00e0mens, que hauran de ser comunicades a la direcci\u00f3, qui aplicar\u00e0 la sanci\u00f3 pertinent. Si l\u2019alumne es reiter\u00e9s en aquestes conductes, el professor far\u00e0 compar\u00e8ixer l\u2019alumne davant la direcci\u00f3, qui decidir\u00e0 la correcci\u00f3 a aplicar segons la gravetat i la reiteraci\u00f3 de la falta.<\/p>\n<p>Les conductes contr\u00e0ries a les normes de conviv\u00e8ncia i les greument perjudicials per a la conviv\u00e8ncia seran corregides segons els articles de la LEC (34-37).<\/p>\n<p>Qualsevol correcci\u00f3 o sanci\u00f3 a un alumne menor d\u2019edat ser\u00e0 tamb\u00e9 comunicada als seus pares o tutors pel Cap d\u2019estudis.<\/p>\n<p>&nbsp;<\/p>\n<p><strong>R\u00c8GIM DISCIPLINARI.\u00a0 APLICACI\u00d3 DE MESURES CORRECTORES I SANCIONS<\/strong><\/p>\n<p><strong>Aplicaci\u00f3 de mesures correctores i sancions<\/strong><\/p>\n<p>Es poden corregir, d\u2019acord amb el que es disposa en aquest document, els actes contraris a les normes de conviv\u00e8ncia del centre, aix\u00ed com les conductes greument perjudicials per a la conviv\u00e8ncia en el centre realitzades pels alumnes dins del recinte escolar o durant la realitzaci\u00f3 d\u2019activitats culturals.\u00a0 Igualment, poden corregir-se les actuacions de l\u2019alumne, que encara que dutes a terme fora del recinte escolar, siguin motivades o directament relacionades amb la vida escolar i afectin els seus companys o altres membres de la comunitat educativa.<\/p>\n<p>La imposici\u00f3 als alumnes de mesures correctores i de les sancions ha de ser proporcionada a la conducta i ha de tenir en compte les seves circumst\u00e0ncies personals, familiars i socials, i contribuir, en la mesura que aix\u00f2 sigui possible, al manteniment i la millora del seu proc\u00e9s educatiu.<\/p>\n<p>&nbsp;<\/p>\n<p><strong>Gradaci\u00f3 de les mesures correctores i de les sancions<\/strong><\/p>\n<p>Als efectes de graduar les mesures correctores i les sancions, s\u2019han de tenir en compte les seg\u00fcents circumst\u00e0ncies:<\/p>\n<ol>\n<li><strong> Circumst\u00e0ncies que poden disminuir la gravetat de l\u2019actuaci\u00f3 de l\u2019alumnat:<\/strong>\n<ul>\n<li>El reconeixement espontani per part de l\u2019alumne de la seva conducta incorrecta.<\/li>\n<li>No haver com\u00e8s amb anterioritat faltes ni haver tingut conductes contr\u00e0ries a la conviv\u00e8ncia en el centre.<\/li>\n<li>La presentaci\u00f3 d\u2019excuses en els casos d\u2019inj\u00faries, ofenses i alteraci\u00f3 del desenvolupament de les activitats del centre.<\/li>\n<li>L\u2019oferiment d\u2019actuacions compensadores del dany causat.<\/li>\n<\/ul>\n<\/li>\n<\/ol>\n<p>&nbsp;<\/p>\n<ol>\n<li><strong> Circumst\u00e0ncies que poden augmentar la gravetat de l\u2019actuaci\u00f3 de l\u2019alumne:<\/strong><\/li>\n<\/ol>\n<ul>\n<li>Qualsevol acte que atempti contra el deure de no discriminar cap membre de la comunitat educativa per ra\u00f3 de naixement, sexe o qualsevol altra circumst\u00e0ncia personal o social.<\/li>\n<li>Causar danys, inj\u00faries o ofenses als companys d\u2019edat inferior o als incorporats recentment al centre.<\/li>\n<li>La premeditaci\u00f3 i la reiteraci\u00f3.<\/li>\n<li>La publicitat manifesta.<\/li>\n<\/ul>\n<p>&nbsp;<\/p>\n<p><strong>Mesures correctores<\/strong><\/p>\n<ul style=\"list-style-type: square;\">\n<li><strong>Mesures correctores previstes per a les conductes contr\u00e0ries a les normes de\u00a0 conviv\u00e8ncia del centre (irregularitats)<\/strong><\/li>\n<\/ul>\n<ol>\n<li>Amonestaci\u00f3 oral.<\/li>\n<li>Compareixen\u00e7a immediata davant del cap d\u2019estudis o de la direcci\u00f3 del centre.<\/li>\n<li>Amonestaci\u00f3 escrita.<\/li>\n<li>Expulsi\u00f3 de l\u2019aula.<\/li>\n<li>P\u00e8rdua del dret d\u2019utilitzaci\u00f3 dels recursos tecnol\u00f2gics del centre tant f\u00edsics com virtuals.<\/li>\n<li>Inhabilitaci\u00f3 temporal per cursar estudis al centre durant el qual tindr\u00e0 prohibit l&#8217;acc\u00e9s a l&#8217;escola i qualsevol comunicaci\u00f3 amb el centre.<\/li>\n<\/ol>\n<p>La imposici\u00f3 d\u2019aquestes mesures correctores (menys en el cas de l\u2019apartat a.) ha de ser comunicada de forma que en quedi const\u00e0ncia per l\u2019interessat o als pares o representants legals de l\u2019alumne en cas d\u2019alumnes menors d\u2019edat.<\/p>\n<p>L\u2019aplicaci\u00f3 d\u2019aquestes mesures correspon a:<\/p>\n<ul>\n<li>Qualsevol professor del centre, escoltat l\u2019alumne, en el sup\u00f2sit de les mesures correctores previstes a les lletres a. b. c.<\/li>\n<li>El cap d\u2019estudis o la direcci\u00f3 del centre, escoltat l\u2019alumne, en la resta de mesures.<\/li>\n<\/ul>\n<p>&nbsp;<\/p>\n<ul style=\"list-style-type: square;\">\n<li><strong>Sancions (mesures correctores per a les conductes greument perjudicials per a\u00a0 la conviv\u00e8ncia en el centre &#8211; o faltes)<\/strong><\/li>\n<\/ul>\n<p>Les sancions que poden imposar-se per la comissi\u00f3 de les faltes previstes s\u00f3n les seg\u00fcents:<\/p>\n<ol>\n<li>La reparaci\u00f3 econ\u00f2mica dels danys causats al material del centre o b\u00e9 al d\u2019altres membres de la comunitat educativa.<\/li>\n<li>Suspensi\u00f3 del dret d\u2019assist\u00e8ncia al centre o a determinades classes per un per\u00edode m\u00e0xim de tres mesos, durant el qual tindr\u00e0 prohibit l&#8217;acc\u00e9s al centre i qualsevol comunicaci\u00f3 amb el centre.<\/li>\n<li>Inhabilitaci\u00f3 per cursar estudis al centre per un per\u00edode de tres mesos o el que resti per a la finalitzaci\u00f3 del curs acad\u00e8mic, si el per\u00edode \u00e9s inferior, durant el qual tindr\u00e0 prohibit l&#8217;acc\u00e9s al centre i qualsevol comunicaci\u00f3 amb el centre.<\/li>\n<li>Inhabilitaci\u00f3 definitiva per cursar estudis al centre, la qual implica tenir prohibit l&#8217;acc\u00e9s al centre i qualsevol comunicaci\u00f3 amb el centre.<\/li>\n<\/ol>\n<p>&nbsp;<\/p>\n<p>A partir del curs 2018-19 es far\u00e0 signar una carta de comprom\u00eds, on l&#8217;alumnat deixar\u00e0 const\u00e0ncia d&#8217;estar assabentat d&#8217;aquestes normes i de la seva disposici\u00f3 a respectar-les. Es comen\u00e7ar\u00e0 amb els alumnes de primer.<\/p>\n<p>&nbsp;<\/p>\n<p>Tamb\u00e9 est\u00e0 a la vostra disposici\u00f3 el <a href=\"https:\/\/agora-eoi.xtec.cat\/eoiesplugues\/wp-content\/uploads\/usu2243\/2025\/07\/Pla-de-Convivencia-EOI-Esplugues.pdf\" target=\"_blank\" rel=\"noopener\">Pla de Conviv\u00e8ncia<\/a>, aprovat pel Consell Escolar del 7 de febrer de 2025.<\/p>\n","protected":false},"excerpt":{"rendered":"<p>ELS ALUMNES Tots els alumnes de l\u2019EOI Esplugues tenen els mateixos drets i deures b\u00e0sics. Els \u00f2rgans de govern del centre vetllaran pel correcte exercici dels drets i deures dels alumnes i adoptaran les mesures de prevenci\u00f3 necess\u00e0ries per garantir-los i per impedir la comissi\u00f3 de fets contraris a les normes de conviv\u00e8ncia d\u2019aquest centre. [&hellip;]<\/p>\n","protected":false},"author":1,"featured_media":0,"parent":806,"menu_order":38,"comment_status":"closed","ping_status":"closed","template":"page-templates\/side-menu.php","meta":{"_bbp_topic_count":0,"_bbp_reply_count":0,"_bbp_total_topic_count":0,"_bbp_total_reply_count":0,"_bbp_voice_count":0,"_bbp_anonymous_reply_count":0,"_bbp_topic_count_hidden":0,"_bbp_reply_count_hidden":0,"_bbp_forum_subforum_count":0,"site-sidebar-layout":"default","site-content-layout":"","ast-site-content-layout":"","site-content-style":"default","site-sidebar-style":"default","ast-global-header-display":"","ast-banner-title-visibility":"","ast-main-header-display":"","ast-hfb-above-header-display":"","ast-hfb-below-header-display":"","ast-hfb-mobile-header-display":"","site-post-title":"","ast-breadcrumbs-content":"","ast-featured-img":"","footer-sml-layout":"","theme-transparent-header-meta":"","adv-header-id-meta":"","stick-header-meta":"","header-above-stick-meta":"","header-main-stick-meta":"","header-below-stick-meta":"","astra-migrate-meta-layouts":"default","ast-page-background-enabled":"default","ast-page-background-meta":{"desktop":{"background-color":"var(--ast-global-color-4)","background-image":"","background-repeat":"repeat","background-position":"center center","background-size":"auto","background-attachment":"scroll","background-type":"","background-media":"","overlay-type":"","overlay-color":"","overlay-opacity":"","overlay-gradient":""},"tablet":{"background-color":"","background-image":"","background-repeat":"repeat","background-position":"center center","background-size":"auto","background-attachment":"scroll","background-type":"","background-media":"","overlay-type":"","overlay-color":"","overlay-opacity":"","overlay-gradient":""},"mobile":{"background-color":"","background-image":"","background-repeat":"repeat","background-position":"center center","background-size":"auto","background-attachment":"scroll","background-type":"","background-media":"","overlay-type":"","overlay-color":"","overlay-opacity":"","overlay-gradient":""}},"ast-content-background-meta":{"desktop":{"background-color":"var(--ast-global-color-5)","background-image":"","background-repeat":"repeat","background-position":"center center","background-size":"auto","background-attachment":"scroll","background-type":"","background-media":"","overlay-type":"","overlay-color":"","overlay-opacity":"","overlay-gradient":""},"tablet":{"background-color":"var(--ast-global-color-5)","background-image":"","background-repeat":"repeat","background-position":"center center","background-size":"auto","background-attachment":"scroll","background-type":"","background-media":"","overlay-type":"","overlay-color":"","overlay-opacity":"","overlay-gradient":""},"mobile":{"background-color":"var(--ast-global-color-5)","background-image":"","background-repeat":"repeat","background-position":"center center","background-size":"auto","background-attachment":"scroll","background-type":"","background-media":"","overlay-type":"","overlay-color":"","overlay-opacity":"","overlay-gradient":""}},"footnotes":""},"class_list":["post-10320","page","type-page","status-publish","hentry"],"post_mailing_queue_ids":[],"_links":{"self":[{"href":"https:\/\/agora-eoi.xtec.cat\/eoiesplugues\/wp-json\/wp\/v2\/pages\/10320","targetHints":{"allow":["GET"]}}],"collection":[{"href":"https:\/\/agora-eoi.xtec.cat\/eoiesplugues\/wp-json\/wp\/v2\/pages"}],"about":[{"href":"https:\/\/agora-eoi.xtec.cat\/eoiesplugues\/wp-json\/wp\/v2\/types\/page"}],"author":[{"embeddable":true,"href":"https:\/\/agora-eoi.xtec.cat\/eoiesplugues\/wp-json\/wp\/v2\/users\/1"}],"replies":[{"embeddable":true,"href":"https:\/\/agora-eoi.xtec.cat\/eoiesplugues\/wp-json\/wp\/v2\/comments?post=10320"}],"version-history":[{"count":5,"href":"https:\/\/agora-eoi.xtec.cat\/eoiesplugues\/wp-json\/wp\/v2\/pages\/10320\/revisions"}],"predecessor-version":[{"id":13440,"href":"https:\/\/agora-eoi.xtec.cat\/eoiesplugues\/wp-json\/wp\/v2\/pages\/10320\/revisions\/13440"}],"up":[{"embeddable":true,"href":"https:\/\/agora-eoi.xtec.cat\/eoiesplugues\/wp-json\/wp\/v2\/pages\/806"}],"wp:attachment":[{"href":"https:\/\/agora-eoi.xtec.cat\/eoiesplugues\/wp-json\/wp\/v2\/media?parent=10320"}],"curies":[{"name":"wp","href":"https:\/\/api.w.org\/{rel}","templated":true}]}}