{"id":8745,"date":"2016-06-20T16:15:33","date_gmt":"2016-06-20T15:15:33","guid":{"rendered":"http:\/\/agora-eoi.xtec.cat\/eoielprat\/?page_id=8745"},"modified":"2021-09-16T19:42:07","modified_gmt":"2021-09-16T17:42:07","slug":"recursos-dautoaprenentatge","status":"publish","type":"page","link":"https:\/\/agora-eoi.xtec.cat\/eoielprat\/recursos-dautoaprenentatge\/","title":{"rendered":"Recursos d&#8217;autoaprenentatge"},"content":{"rendered":"<p><a href=\"http:\/\/agora-eoi.xtec.cat\/eoielprat\/wp-content\/uploads\/usu2244\/2016\/06\/Box-Filled-96.png\" rel=\"attachment wp-att-8684\"><img loading=\"lazy\" decoding=\"async\" class=\" wp-image-8684 alignleft\" src=\"http:\/\/agora-eoi.xtec.cat\/eoielprat\/wp-content\/uploads\/usu2244\/2016\/06\/Box-Filled-96.png\" alt=\"Box Filled-96\" width=\"81\" height=\"81\" \/><\/a><\/p>\n<p>&nbsp;<\/p>\n<p>Us deixem aquest recull de recursos d\u2019autoaprenentatge que us poden ser \u00fatils per continuar practicant m\u00e9s enll\u00e0 de la classe.<\/p>\n<p><a href=\"https:\/\/padlet.com\/eoielprat\/shwz84lhl1r2\" target=\"_blank\" rel=\"noopener noreferrer\" data-saferedirecturl=\"https:\/\/www.google.com\/url?q=https:\/\/padlet.com\/eoidelpratpadlet\/shwz84lhl1r2&amp;source=gmail&amp;ust=1586251763559000&amp;usg=AFQjCNEPTGq0Adx8YLn9WK4iwx8-fFMbeQ\">Recursos autoaprenentatge alemany<\/a><\/p>\n<p><a href=\"https:\/\/padlet.com\/eoielprat\/ybl1elklelwp\" target=\"_blank\" rel=\"noopener noreferrer\" data-saferedirecturl=\"https:\/\/www.google.com\/url?q=https:\/\/padlet.com\/eoidelpratpadlet\/ybl1elklelwp&amp;source=gmail&amp;ust=1586251763560000&amp;usg=AFQjCNFmzMUXsGcqDULThKbagLPWg1DMEQ\">Recursos autoaprenentatge angl\u00e8s<\/a><\/p>\n<div><\/div>\n<div><a href=\"https:\/\/padlet.com\/eoielprat\/ny90ndp3pebt\" target=\"_blank\" rel=\"noopener noreferrer\" data-saferedirecturl=\"https:\/\/www.google.com\/url?q=https:\/\/padlet.com\/eoidelpratpadlet\/ny90ndp3pebt&amp;source=gmail&amp;ust=1586251763560000&amp;usg=AFQjCNEgn-3RoiKmGA6qBd_UjJIx2kZO3g\"><span class=\"il\">Recursos autoaprenentatge<\/span>\u00a0franc\u00e8s<\/a><\/div>\n","protected":false},"excerpt":{"rendered":"<p><a href=\"http:\/\/agora-eoi.xtec.cat\/eoielprat\/wp-content\/uploads\/usu2244\/2016\/06\/Box-Filled-96.png\" rel=\"attachment wp-att-8684\"><\/a><br \/>\n&nbsp;<br \/>\nUs deixem aquest recull de recursos d\u2019autoaprenentatge que us poden ser \u00fatils per continuar practicant m\u00e9s enll\u00e0 de la classe.<br \/>\n<a href=\"https:\/\/padlet.com\/eoielprat\/shwz84lhl1r2\" target=\"_blank\" rel=\"noopener noreferrer\" data-saferedirecturl=\"https:\/\/www.google.com\/url?q=https:\/\/padlet.com\/eoidelpratpadlet\/shwz84lhl1r2&amp;source=gmail&amp;ust=1586251763559000&amp;usg=AFQjCNEPTGq0Adx8YLn9WK4iwx8-fFMbeQ\">Recursos autoaprenentatge alemany<\/a><br \/>\n<a href=\"https:\/\/padlet.com\/eoielprat\/ybl1elklelwp\" target=\"_blank\" rel=\"noopener noreferrer\" data-saferedirecturl=\"https:\/\/www.google.com\/url?q=https:\/\/padlet.com\/eoidelpratpadlet\/ybl1elklelwp&amp;source=gmail&amp;ust=1586251763560000&amp;usg=AFQjCNFmzMUXsGcqDULThKbagLPWg1DMEQ\">Recursos autoaprenentatge angl\u00e8s<\/a><\/p>\n<p><a href=\"https:\/\/padlet.com\/eoielprat\/ny90ndp3pebt\" target=\"_blank\" rel=\"noopener noreferrer\" data-saferedirecturl=\"https:\/\/www.google.com\/url?q=https:\/\/padlet.com\/eoidelpratpadlet\/ny90ndp3pebt&amp;source=gmail&amp;ust=1586251763560000&amp;usg=AFQjCNEgn-3RoiKmGA6qBd_UjJIx2kZO3g\">Recursos autoaprenentatge\u00a0franc\u00e8s<\/a><\/p>\n","protected":false},"author":1,"featured_media":0,"parent":0,"menu_order":80,"comment_status":"closed","ping_status":"closed","template":"page-templates\/side-menu.php","meta":{"_bbp_topic_count":0,"_bbp_reply_count":0,"_bbp_total_topic_count":0,"_bbp_total_reply_count":0,"_bbp_voice_count":0,"_bbp_anonymous_reply_count":0,"_bbp_topic_count_hidden":0,"_bbp_reply_count_hidden":0,"_bbp_forum_subforum_count":0,"footnotes":""},"class_list":["post-8745","page","type-page","status-publish","hentry"],"post_mailing_queue_ids":[],"_links":{"self":[{"href":"https:\/\/agora-eoi.xtec.cat\/eoielprat\/wp-json\/wp\/v2\/pages\/8745","targetHints":{"allow":["GET"]}}],"collection":[{"href":"https:\/\/agora-eoi.xtec.cat\/eoielprat\/wp-json\/wp\/v2\/pages"}],"about":[{"href":"https:\/\/agora-eoi.xtec.cat\/eoielprat\/wp-json\/wp\/v2\/types\/page"}],"author":[{"embeddable":true,"href":"https:\/\/agora-eoi.xtec.cat\/eoielprat\/wp-json\/wp\/v2\/users\/1"}],"replies":[{"embeddable":true,"href":"https:\/\/agora-eoi.xtec.cat\/eoielprat\/wp-json\/wp\/v2\/comments?post=8745"}],"version-history":[{"count":3,"href":"https:\/\/agora-eoi.xtec.cat\/eoielprat\/wp-json\/wp\/v2\/pages\/8745\/revisions"}],"predecessor-version":[{"id":10607,"href":"https:\/\/agora-eoi.xtec.cat\/eoielprat\/wp-json\/wp\/v2\/pages\/8745\/revisions\/10607"}],"wp:attachment":[{"href":"https:\/\/agora-eoi.xtec.cat\/eoielprat\/wp-json\/wp\/v2\/media?parent=8745"}],"curies":[{"name":"wp","href":"https:\/\/api.w.org\/{rel}","templated":true}]}}