{"id":8621,"date":"2016-06-20T11:24:49","date_gmt":"2016-06-20T10:24:49","guid":{"rendered":"http:\/\/agora-eoi.xtec.cat\/eoielprat\/?page_id=8621"},"modified":"2025-07-05T08:25:42","modified_gmt":"2025-07-05T06:25:42","slug":"consell-escolar","status":"publish","type":"page","link":"https:\/\/agora-eoi.xtec.cat\/eoielprat\/el-servei-educatiu\/organigrama\/consell-escolar\/","title":{"rendered":"Consell escolar"},"content":{"rendered":"<table style=\"border-collapse: collapse; width: 40.0452%; height: 528px;\">\n<tbody>\n<tr style=\"height: 20px;\">\n<td style=\"width: 48.9051%; height: 32px;\">Presidenta<\/td>\n<td style=\"width: 85.1582%; height: 32px;\">S\u00edlvia Milian<\/td>\n<\/tr>\n<tr style=\"height: 20px;\">\n<td style=\"width: 48.9051%; height: 47px;\">Secret\u00e0ria<\/td>\n<td style=\"width: 85.1582%; height: 47px;\">Mar Rey<\/td>\n<\/tr>\n<tr style=\"height: 20px;\">\n<td style=\"width: 48.9051%; height: 47px;\">Representants professorat<\/td>\n<td style=\"width: 85.1582%; height: 47px;\">Joaquim Andr\u00e9s<\/td>\n<\/tr>\n<tr style=\"height: 20px;\">\n<td style=\"width: 48.9051%; height: 47px;\"><\/td>\n<td style=\"width: 85.1582%; height: 47px;\">S\u00f2nia Viaplana<\/td>\n<\/tr>\n<tr style=\"height: 20px;\">\n<td style=\"width: 48.9051%; height: 32px;\"><\/td>\n<td style=\"width: 85.1582%; height: 32px;\">Carles Vallhonrat<\/td>\n<\/tr>\n<tr style=\"height: 32px;\">\n<td style=\"width: 48.9051%; height: 32px;\"><\/td>\n<td style=\"width: 85.1582%; height: 32px;\">Maude Lambert<\/td>\n<\/tr>\n<tr style=\"height: 47px;\">\n<td style=\"width: 48.9051%; height: 47px;\">Representant del PAS<\/td>\n<td style=\"width: 85.1582%; height: 47px;\">Mari \u00c1ngeles Contreras<\/td>\n<\/tr>\n<tr style=\"height: 20px;\">\n<td style=\"width: 48.9051%; height: 47px;\">Representants alumnat<\/td>\n<td style=\"width: 85.1582%; height: 47px;\">Esther Abon<\/td>\n<\/tr>\n<tr style=\"height: 20px;\">\n<td style=\"width: 48.9051%; height: 47px;\"><\/td>\n<td style=\"width: 85.1582%; height: 47px;\">\u00d3scar Gonz\u00e1lez<\/td>\n<\/tr>\n<tr style=\"height: 56px;\">\n<td style=\"width: 48.9051%; height: 56px;\"><\/td>\n<td style=\"width: 85.1582%; height: 56px;\"><span style=\"font-weight: 400;\">Carmen Mateos<\/span><\/td>\n<\/tr>\n<tr>\n<td style=\"width: 48.9051%;\"><\/td>\n<td style=\"width: 85.1582%;\">Lucia Y\u00e1\u00f1ez<\/td>\n<\/tr>\n<tr style=\"height: 20px;\">\n<td style=\"width: 48.9051%; height: 47px;\">Representant Ajuntament<\/td>\n<td style=\"width: 85.1582%; height: 47px;\">Let\u00edcia Marfil<\/td>\n<\/tr>\n<\/tbody>\n<\/table>\n<h5><strong><span style=\"text-decoration: underline;\">Acords presos curs 2024- 2025<\/span><\/strong><\/h5>\n<p><strong>Acta 5_25 de juny de 2025<\/strong><\/p>\n<p>S&#8217;aprova el calendari per al curs 25\/26<\/p>\n<p>S&#8217;aproven les noves versions del Projecte Educatiu de Centre, del Projecte Ling\u00fc\u00edstic i de les Normes d&#8217;Organitzaci\u00f3 i Funcionament de Centre<\/p>\n<p><strong>Acta 3_29 de gener de 2025<\/strong><\/p>\n<p>S&#8217;aprova el pressupost 2025<\/p>\n<p><strong>Acta 2_9 d&#8217;octubre de 2024<\/strong><\/p>\n<p>S&#8217;aprova la Programaci\u00f3 General Anual del curs 24\/25<\/p>\n<p><strong>Acta 1_18 de setembre de 2024<\/strong><\/p>\n<p>S&#8217;aprova la mem\u00f2ria del curs 23\/24<\/p>\n<h5><strong><span style=\"text-decoration: underline;\">Acords presos curs 2023- 2024<\/span><\/strong><\/h5>\n<p><strong>Acta 5_6 de mar\u00e7 de 2024<\/strong><\/p>\n<p>S&#8217;aprova la liquidaci\u00f3 de l&#8217;any 2023<\/p>\n<p><strong>Acta 4_29 de gener de 2024<\/strong><\/p>\n<p>S&#8217;aprova el pressupost 2024<\/p>\n<p><b>Acta 2_15 de novembre de 2023<\/b><\/p>\n<p>S&#8217;aprova la modificaci\u00f3 del pressupost 2023<\/p>\n<p>S&#8217;aprova la sol\u00b7licitud de l&#8217;escola com a centre formador de professorat<\/p>\n<p><b>Acta 1 _ 6 d&#8217;octubre de 2023<\/b><\/p>\n<p>S&#8217;aprova la PGA del curs 23\/24<\/p>\n<h5><strong><span style=\"text-decoration: underline;\">Acords presos curs 2022- 2023<\/span><\/strong><\/h5>\n<p><strong>Acta 4_1 de febrer de 2023<\/strong><\/p>\n<p><span style=\"font-weight: 400;\">S\u2019aprova el pressupost de l\u2019exercici de l\u2019any 2023<\/span><\/p>\n<p><strong>Acta 5_26 d&#8217;abril de 2023<\/strong><\/p>\n<p><span style=\"font-weight: 400;\">S\u2019aprova l&#8217;oferta de cursos d&#8217;estiu de juliol<\/span><\/p>\n<p><strong>Acta 6_31 de maig de 2023<\/strong><\/p>\n<p dir=\"ltr\" role=\"presentation\">S&#8217;aproven les noves franges hor\u00e0ries 23-24<\/p>\n<p dir=\"ltr\" role=\"presentation\">S&#8217;aprova la modificaci\u00f3 de partides pressupost\u00e0ries de l&#8217;exercici 2023<\/p>\n<h5><strong><span style=\"text-decoration: underline;\">Acords presos curs 2021- 2022<\/span><\/strong><\/h5>\n<p>(Pendent d&#8217;actualitzar)<\/p>\n<h5><span style=\"text-decoration: underline;\"><strong>Acords presos curs 2020-2021<\/strong><\/span><\/h5>\n<p><b>Acta 1 _ 15 de setembre de 2020<\/b><\/p>\n<p><span style=\"font-weight: 400;\">S\u2019acorda l\u2019aprovaci\u00f3 <\/span><span style=\"font-weight: 400;\">de Pla de Conting\u00e8ncia (d\u2019obertura) curs 2020-21<\/span><\/p>\n<p><b>Acta 2 _ 16 d\u2019octubre de 2020<\/b><\/p>\n<p><span style=\"font-weight: 400;\">Aprovaci\u00f3 Programaci\u00f3 General Anual<\/span><\/p>\n<p><span style=\"font-weight: 400;\">Aprovaci\u00f3 modificaci\u00f3 calendari escolar: el divendres lectiu 30 d\u2019octubre passa a 4 de desembre<\/span><\/p>\n<p><b>Acta 3 _ 2 de novembre 2020 extraordinari<\/b><\/p>\n<p><span style=\"font-weight: 400;\">Noves\u00a0mesures\u00a0organitzatives per contenir el rebrot de la covid-19<\/span><\/p>\n<p><b>Acta 4_ 21 de desembre de 2020<\/b><\/p>\n<p><span style=\"font-weight: 400;\">Es continua amb els mateixos models d\u2019ensenyament-aprenentatge<\/span><\/p>\n<p><b>Acta 5 _\u00a0 29\u00a0 de gener de 2021<\/b><\/p>\n<p><span style=\"font-weight: 400;\">S\u2019aprova la liquidaci\u00f3 de l\u2019exercici de l\u2019any 2020<\/span><\/p>\n<p><span style=\"font-weight: 400;\">S\u2019aprova el pressupost de l\u2019exercici de l\u2019any 2021<\/span><\/p>\n<p><b>Acta 6 _29 d\u2019abril de 2021<\/b><\/p>\n<p><span style=\"font-weight: 400;\">S\u2019aprova l\u2019oferta de cursos d\u2019estiu durant el mes de juliol de 2021\u00a0<\/span><\/p>\n<p><b>Acta 7 _29 de juny de 2021<\/b><\/p>\n<p><span style=\"font-weight: 400;\">S\u2019aprova el Pla de l\u2019Atenci\u00f3 a la Diversitat<\/span><\/p>\n<p><span style=\"font-weight: 400;\">S\u2019aprova la Mem\u00f2ria del curs acad\u00e8mic 2020-2021<\/span><\/p>\n<p>&nbsp;<\/p>\n<p>&nbsp;<\/p>\n","protected":false},"excerpt":{"rendered":"<p>Presidenta<br \/>\nS\u00edlvia Milian<\/p>\n<p>Secret\u00e0ria<br \/>\nMar Rey<\/p>\n<p>Representants professorat<br \/>\nJoaquim Andr\u00e9s<\/p>\n<p>S\u00f2nia Viaplana<\/p>\n<p>Carles Vallhonrat<\/p>\n<p>Maude Lambert<\/p>\n<p>Representant del PAS<br \/>\nMari \u00c1ngeles Contreras<\/p>\n<p>Representants alumnat<br \/>\nEsther Abon<\/p>\n<p>\u00d3scar Gonz\u00e1lez<\/p>\n<p>Carmen Mateos<\/p>\n<p>Lucia Y\u00e1\u00f1ez<\/p>\n<p>Representant Ajuntament<br \/>\nLet\u00edcia Marfil<\/p>\n<p>Acords presos curs 2024- 2025<br \/>\nActa 5_25 de juny de 2025<br \/>\nS&#8217;aprova el calendari per al curs 25\/26<br \/>\nS&#8217;aproven les noves versions del Projecte Educatiu de Centre, del Projecte Ling\u00fc\u00edstic&hellip;  <a href=\"https:\/\/agora-eoi.xtec.cat\/eoielprat\/el-servei-educatiu\/organigrama\/consell-escolar\/\" title=\"Read Consell escolar\">Llegeix m\u00e9s\u00bb<\/a><\/p>\n","protected":false},"author":1,"featured_media":0,"parent":8141,"menu_order":20,"comment_status":"closed","ping_status":"closed","template":"page-templates\/side-menu.php","meta":{"_bbp_topic_count":0,"_bbp_reply_count":0,"_bbp_total_topic_count":0,"_bbp_total_reply_count":0,"_bbp_voice_count":0,"_bbp_anonymous_reply_count":0,"_bbp_topic_count_hidden":0,"_bbp_reply_count_hidden":0,"_bbp_forum_subforum_count":0,"footnotes":""},"class_list":["post-8621","page","type-page","status-publish","hentry"],"post_mailing_queue_ids":[],"_links":{"self":[{"href":"https:\/\/agora-eoi.xtec.cat\/eoielprat\/wp-json\/wp\/v2\/pages\/8621","targetHints":{"allow":["GET"]}}],"collection":[{"href":"https:\/\/agora-eoi.xtec.cat\/eoielprat\/wp-json\/wp\/v2\/pages"}],"about":[{"href":"https:\/\/agora-eoi.xtec.cat\/eoielprat\/wp-json\/wp\/v2\/types\/page"}],"author":[{"embeddable":true,"href":"https:\/\/agora-eoi.xtec.cat\/eoielprat\/wp-json\/wp\/v2\/users\/1"}],"replies":[{"embeddable":true,"href":"https:\/\/agora-eoi.xtec.cat\/eoielprat\/wp-json\/wp\/v2\/comments?post=8621"}],"version-history":[{"count":6,"href":"https:\/\/agora-eoi.xtec.cat\/eoielprat\/wp-json\/wp\/v2\/pages\/8621\/revisions"}],"predecessor-version":[{"id":12159,"href":"https:\/\/agora-eoi.xtec.cat\/eoielprat\/wp-json\/wp\/v2\/pages\/8621\/revisions\/12159"}],"up":[{"embeddable":true,"href":"https:\/\/agora-eoi.xtec.cat\/eoielprat\/wp-json\/wp\/v2\/pages\/8141"}],"wp:attachment":[{"href":"https:\/\/agora-eoi.xtec.cat\/eoielprat\/wp-json\/wp\/v2\/media?parent=8621"}],"curies":[{"name":"wp","href":"https:\/\/api.w.org\/{rel}","templated":true}]}}