{"id":8444,"date":"2016-06-14T16:06:08","date_gmt":"2016-06-14T15:06:08","guid":{"rendered":"http:\/\/agora-eoi.xtec.cat\/eoielprat\/?page_id=8444"},"modified":"2023-10-03T10:59:04","modified_gmt":"2023-10-03T08:59:04","slug":"certificats-i-proves","status":"publish","type":"page","link":"https:\/\/agora-eoi.xtec.cat\/eoielprat\/el-servei-educatiu\/pla-destudis\/certificats-i-proves\/","title":{"rendered":"Certificats i proves"},"content":{"rendered":"<p><a href=\"http:\/\/agora-eoi.xtec.cat\/eoielprat\/wp-content\/uploads\/usu2244\/2016\/06\/Diploma-1-96.png\" rel=\"attachment wp-att-8687\"><img loading=\"lazy\" decoding=\"async\" class=\"size-full wp-image-8687 alignleft\" src=\"http:\/\/agora-eoi.xtec.cat\/eoielprat\/wp-content\/uploads\/usu2244\/2016\/06\/Diploma-1-96.png\" alt=\"Diploma 1-96\" width=\"96\" height=\"96\" \/><\/a><\/p>\n<h1 class=\"art-postheader\"><\/h1>\n<h1 class=\"art-postheader\">CERTIFICATS OFICIALS<\/h1>\n<div class=\"art-postcontent\">\n<div class=\"field field-name-body field-type-text-with-summary field-label-hidden\">\n<div class=\"field-items\">\n<div class=\"field-item even\">\n<p>Els ensenyaments a les <a href=\"https:\/\/triaeducativa.gencat.cat\/ca\/idiomes-eoi\/\" target=\"_blank\" rel=\"noopener noreferrer\">Escoles Oficials d\u2019Idiomes<\/a> es divideixen en tres nivells que, un cop superats, donen dret als<strong> certificats<\/strong> corresponents.<\/p>\n<ul>\n<li><strong>Certificat de Nivell B\u00e0sic <\/strong>(1r i 2n curs ): equivalent al nivell A2+ del Marc Europeu Com\u00fa de Refer\u00e8ncia\u00a0 (per a alumnes oficials i alumnat del <a href=\"https:\/\/ioc.xtec.cat\/doku.php\" target=\"_blank\" rel=\"noopener noreferrer\">IOC<\/a>)<\/li>\n<li><a href=\"http:\/\/xtec.gencat.cat\/ca\/curriculum\/idiomes-a-les-eoi\/certificats\/\"><strong>Certificat de Nivell Intermedi B1<\/strong><\/a>\u00a0(3r curs) : equivalent al nivell B1 del Marc Europeu Com\u00fa de Refer\u00e8ncia (per a alumnes oficials, candidats lliures i alumnat del <a href=\"https:\/\/ioc.xtec.cat\/doku.php\" target=\"_blank\" rel=\"noopener noreferrer\">IOC<\/a> )<\/li>\n<li><a href=\"http:\/\/xtec.gencat.cat\/ca\/curriculum\/idiomes-a-les-eoi\/certificats\/\"><strong>Certificat de Nivell Intermedi B2\u00a0<\/strong><\/a> (4t i 5\u00e8 curs): equivalent al nivell B2 del Marc Europeu Com\u00fa de Refer\u00e8ncia (per a alumnes oficials i candidats lliures)<\/li>\n<li><a href=\"http:\/\/xtec.gencat.cat\/ca\/curriculum\/idiomes-a-les-eoi\/certificats\/\"><strong>Certificat de Nivell Avan\u00e7at C1<\/strong><\/a>: equivalent al nivell C1 del Marc Europeu Com\u00fa de Refer\u00e8ncia (<a href=\"http:\/\/www.eoibadalona.cat\/sites\/default\/files\/material-subido\/full%20informatiu_alummat_C1_curs%202015-16.pdf\" target=\"_blank\" rel=\"noopener noreferrer\">Acc\u00e9s al nivell C1<\/a>)<\/li>\n<li><strong>Certificat de Nivell Avan\u00e7at C2.<\/strong>: equivalent al nivell C2 del Marc Europeu Com\u00fa de Refer\u00e8ncia.<\/li>\n<\/ul>\n<p><a href=\"http:\/\/ensenyament.gencat.cat\/ca\/serveis-tramits\/proves\/proves-lliures-obtencio-titols\/convocat-ordinaria-idiomes\/descripcio\/\" target=\"_blank\" rel=\"noopener noreferrer\">Descripci\u00f3 i qualificaci\u00f3 de les proves<\/a><\/p>\n<p><a href=\"http:\/\/ensenyament.gencat.cat\/ca\/serveis-tramits\/proves\/proves-lliures-obtencio-titols\/convocat-ordinaria-idiomes\/mostres-proves\/\" target=\"_blank\" rel=\"noopener noreferrer\">Mostres de les proves<\/a><\/p>\n<p><a href=\"http:\/\/ensenyament.gencat.cat\/ca\/serveis-tramits\/proves\/proves-lliures-obtencio-titols\/convocat-ordinaria-idiomes\/calendari\/\" target=\"_blank\" rel=\"noopener noreferrer\">Convocat\u00f2ries per a l&#8217;obtenci\u00f3 dels certificats (ordin\u00e0ria i extraordin\u00e0ria)<\/a><\/p>\n<p><a href=\"http:\/\/xtec.gencat.cat\/ca\/curriculum\/idiomes-a-les-eoi\/certificats\/\">Taules de correspond\u00e8ncies entre certificats<\/a><\/p>\n<p>&nbsp;<\/p>\n<\/div>\n<\/div>\n<\/div>\n<\/div>\n","protected":false},"excerpt":{"rendered":"<p><a href=\"http:\/\/agora-eoi.xtec.cat\/eoielprat\/wp-content\/uploads\/usu2244\/2016\/06\/Diploma-1-96.png\" rel=\"attachment wp-att-8687\"><\/a><\/p>\n<p>CERTIFICATS OFICIALS<\/p>\n<p>Els ensenyaments a les <a href=\"https:\/\/triaeducativa.gencat.cat\/ca\/idiomes-eoi\/\" target=\"_blank\" rel=\"noopener noreferrer\">Escoles Oficials d\u2019Idiomes<\/a> es divideixen en tres nivells que, un cop superats, donen dret als certificats corresponents.<\/p>\n<ul>\n<li>Certificat de Nivell B\u00e0sic (1r i 2n curs ): equivalent al nivell A2+ del Marc Europeu Com\u00fa&hellip;  <a href=\"https:\/\/agora-eoi.xtec.cat\/eoielprat\/el-servei-educatiu\/pla-destudis\/certificats-i-proves\/\" title=\"Read Certificats i proves\">Llegeix m\u00e9s\u00bb<\/a><br \/>\n","protected":false},"author":1,"featured_media":0,"parent":8610,"menu_order":20,"comment_status":"closed","ping_status":"closed","template":"page-templates\/side-menu.php","meta":{"_bbp_topic_count":0,"_bbp_reply_count":0,"_bbp_total_topic_count":0,"_bbp_total_reply_count":0,"_bbp_voice_count":0,"_bbp_anonymous_reply_count":0,"_bbp_topic_count_hidden":0,"_bbp_reply_count_hidden":0,"_bbp_forum_subforum_count":0,"footnotes":""},"class_list":["post-8444","page","type-page","status-publish","hentry"],"post_mailing_queue_ids":[],"_links":{"self":[{"href":"https:\/\/agora-eoi.xtec.cat\/eoielprat\/wp-json\/wp\/v2\/pages\/8444","targetHints":{"allow":["GET"]}}],"collection":[{"href":"https:\/\/agora-eoi.xtec.cat\/eoielprat\/wp-json\/wp\/v2\/pages"}],"about":[{"href":"https:\/\/agora-eoi.xtec.cat\/eoielprat\/wp-json\/wp\/v2\/types\/page"}],"author":[{"embeddable":true,"href":"https:\/\/agora-eoi.xtec.cat\/eoielprat\/wp-json\/wp\/v2\/users\/1"}],"replies":[{"embeddable":true,"href":"https:\/\/agora-eoi.xtec.cat\/eoielprat\/wp-json\/wp\/v2\/comments?post=8444"}],"version-history":[{"count":4,"href":"https:\/\/agora-eoi.xtec.cat\/eoielprat\/wp-json\/wp\/v2\/pages\/8444\/revisions"}],"predecessor-version":[{"id":11453,"href":"https:\/\/agora-eoi.xtec.cat\/eoielprat\/wp-json\/wp\/v2\/pages\/8444\/revisions\/11453"}],"up":[{"embeddable":true,"href":"https:\/\/agora-eoi.xtec.cat\/eoielprat\/wp-json\/wp\/v2\/pages\/8610"}],"wp:attachment":[{"href":"https:\/\/agora-eoi.xtec.cat\/eoielprat\/wp-json\/wp\/v2\/media?parent=8444"}],"curies":[{"name":"wp","href":"https:\/\/api.w.org\/{rel}","templated":true}]}}