{"id":8434,"date":"2016-06-14T15:41:55","date_gmt":"2016-06-14T14:41:55","guid":{"rendered":"http:\/\/agora-eoi.xtec.cat\/eoielprat\/?page_id=8434"},"modified":"2021-11-23T18:48:37","modified_gmt":"2021-11-23T17:48:37","slug":"beques","status":"publish","type":"page","link":"https:\/\/agora-eoi.xtec.cat\/eoielprat\/secretaria\/beques\/","title":{"rendered":"Beques"},"content":{"rendered":"<p>Podeu trobar tota la informaci\u00f3 sobre beques, ajuts i subvencions convocades pel Ministerio de Educaci\u00f3n <a href=\"http:\/\/web.gencat.cat\/ca\/tramits\/tramits-temes\/Beques-de-caracter-general-per-a-estudis-postobligatoris?category=7449fd1c-a82c-11e3-a972-000c29052e2c\" target=\"_blank\" rel=\"noopener noreferrer\">aqu\u00ed<\/a>.<\/p>\n<p>Tamb\u00e9 teniu la possibilitat de demanar una beca a l&#8217;Ajuntament del Prat. Per a m\u00e9s informaci\u00f3, consulteu <a href=\"https:\/\/seu.elprat.cat\/siac\/Tablon.aspx?t=S&amp;viewall=Y\" target=\"_blank\" rel=\"noopener\">aqu\u00ed.<\/a><\/p>\n<p><strong>Important: <\/strong>L&#8217;alumnat que vulgui beneficiar-se de beques <strong>haur\u00e0 d&#8217;indicar-ho en el moment de matricular-se<\/strong> del curs regular al mes de setembre i presentar els impresos de sol\u00b7licitud de beca.<\/p>\n","protected":false},"excerpt":{"rendered":"<p>Podeu trobar tota la informaci\u00f3 sobre beques, ajuts i subvencions convocades pel Ministerio de Educaci\u00f3n <a href=\"http:\/\/web.gencat.cat\/ca\/tramits\/tramits-temes\/Beques-de-caracter-general-per-a-estudis-postobligatoris?category=7449fd1c-a82c-11e3-a972-000c29052e2c\" target=\"_blank\" rel=\"noopener noreferrer\">aqu\u00ed<\/a>.<br \/>\nTamb\u00e9 teniu la possibilitat de demanar una beca a l&#8217;Ajuntament del Prat. Per a m\u00e9s informaci\u00f3, consulteu <a href=\"https:\/\/seu.elprat.cat\/siac\/Tablon.aspx?t=S&amp;viewall=Y\" target=\"_blank\" rel=\"noopener\">aqu\u00ed.<\/a><br \/>\nImportant: L&#8217;alumnat que vulgui beneficiar-se de&hellip;  <a href=\"https:\/\/agora-eoi.xtec.cat\/eoielprat\/secretaria\/beques\/\" title=\"Read Beques\">Llegeix m\u00e9s\u00bb<\/a><\/p>\n","protected":false},"author":1,"featured_media":0,"parent":8358,"menu_order":27,"comment_status":"closed","ping_status":"closed","template":"page-templates\/side-menu.php","meta":{"_bbp_topic_count":0,"_bbp_reply_count":0,"_bbp_total_topic_count":0,"_bbp_total_reply_count":0,"_bbp_voice_count":0,"_bbp_anonymous_reply_count":0,"_bbp_topic_count_hidden":0,"_bbp_reply_count_hidden":0,"_bbp_forum_subforum_count":0,"footnotes":""},"class_list":["post-8434","page","type-page","status-publish","hentry"],"post_mailing_queue_ids":[],"_links":{"self":[{"href":"https:\/\/agora-eoi.xtec.cat\/eoielprat\/wp-json\/wp\/v2\/pages\/8434","targetHints":{"allow":["GET"]}}],"collection":[{"href":"https:\/\/agora-eoi.xtec.cat\/eoielprat\/wp-json\/wp\/v2\/pages"}],"about":[{"href":"https:\/\/agora-eoi.xtec.cat\/eoielprat\/wp-json\/wp\/v2\/types\/page"}],"author":[{"embeddable":true,"href":"https:\/\/agora-eoi.xtec.cat\/eoielprat\/wp-json\/wp\/v2\/users\/1"}],"replies":[{"embeddable":true,"href":"https:\/\/agora-eoi.xtec.cat\/eoielprat\/wp-json\/wp\/v2\/comments?post=8434"}],"version-history":[{"count":4,"href":"https:\/\/agora-eoi.xtec.cat\/eoielprat\/wp-json\/wp\/v2\/pages\/8434\/revisions"}],"predecessor-version":[{"id":10786,"href":"https:\/\/agora-eoi.xtec.cat\/eoielprat\/wp-json\/wp\/v2\/pages\/8434\/revisions\/10786"}],"up":[{"embeddable":true,"href":"https:\/\/agora-eoi.xtec.cat\/eoielprat\/wp-json\/wp\/v2\/pages\/8358"}],"wp:attachment":[{"href":"https:\/\/agora-eoi.xtec.cat\/eoielprat\/wp-json\/wp\/v2\/media?parent=8434"}],"curies":[{"name":"wp","href":"https:\/\/api.w.org\/{rel}","templated":true}]}}