{"id":8414,"date":"2016-06-14T14:55:48","date_gmt":"2016-06-14T13:55:48","guid":{"rendered":"http:\/\/agora-eoi.xtec.cat\/eoielprat\/?page_id=8414"},"modified":"2025-10-09T18:23:55","modified_gmt":"2025-10-09T16:23:55","slug":"biblioteca","status":"publish","type":"page","link":"https:\/\/agora-eoi.xtec.cat\/eoielprat\/serveis\/biblioteca\/","title":{"rendered":"Biblioteca"},"content":{"rendered":"<p><img loading=\"lazy\" decoding=\"async\" class=\"wp-image-12214 aligncenter\" src=\"https:\/\/agora-eoi.xtec.cat\/eoielprat\/wp-content\/uploads\/usu2244\/2025\/09\/library-with-books-scaled.jpg\" alt=\"\" width=\"502\" height=\"335\" srcset=\"https:\/\/agora-eoi.xtec.cat\/eoielprat\/wp-content\/uploads\/usu2244\/2025\/09\/library-with-books-scaled.jpg 2560w, https:\/\/agora-eoi.xtec.cat\/eoielprat\/wp-content\/uploads\/usu2244\/2025\/09\/library-with-books-300x200.jpg 300w, https:\/\/agora-eoi.xtec.cat\/eoielprat\/wp-content\/uploads\/usu2244\/2025\/09\/library-with-books-1024x683.jpg 1024w, https:\/\/agora-eoi.xtec.cat\/eoielprat\/wp-content\/uploads\/usu2244\/2025\/09\/library-with-books-768x512.jpg 768w, https:\/\/agora-eoi.xtec.cat\/eoielprat\/wp-content\/uploads\/usu2244\/2025\/09\/library-with-books-1536x1024.jpg 1536w, https:\/\/agora-eoi.xtec.cat\/eoielprat\/wp-content\/uploads\/usu2244\/2025\/09\/library-with-books-2048x1365.jpg 2048w\" sizes=\"auto, (max-width: 502px) 100vw, 502px\" \/><\/p>\n<p><strong style=\"font-family: inherit; font-size: 1em;\">HORARI BIBLIOTECA 2025-2026<\/strong><\/p>\n<p>*Per poder accedir a la Biblioteca de l&#8217;escola, \u00e9s imprescindible presentar el carnet d&#8217;estudiant o el DNI a Consergeria.<\/p>\n<p><span style=\"font-weight: 400;\">dilluns: de les 11:00 a les 16:45 i de 19:00 a 21:00<\/span><\/p>\n<p><span style=\"font-weight: 400;\">dimarts: 12:15 a 16:45<\/span><\/p>\n<p><span style=\"font-weight: 400;\">dimecres: de les 11:00 a les 16:45<\/span><\/p>\n<p><span style=\"font-weight: 400;\">dijous: de 12:15 a 16:45\u00a0<\/span><\/p>\n<p><strong style=\"font-family: inherit; font-size: 1em;\">PR\u00c9STEC:<\/strong><\/p>\n<p><a href=\"https:\/\/drive.google.com\/drive\/folders\/1E31QdSSvl_bCH8E6Vcapq8E8Nq7IFU3e?usp=sharing\">Aqu\u00ed <\/a>trobareu el llistat general dels materials de la biblioteca. Per fer una cerca nom\u00e9s cal que seleccioneu el document, i Control F per fer una cerca (t\u00edtol, autor, etc.).<\/p>\n<ul>\n<li>Es podran agafar com a m\u00e0xim:\n<ul>\n<li><strong>Dos llibres <\/strong>durant dues setmanes amb opci\u00f3 de pr\u00f2rroga<\/li>\n<li><strong>Dos DVD <\/strong>per setmana<\/li>\n<li><strong>Una<\/strong> revista per setmana<\/li>\n<li><strong>Una<\/strong> gram\u00e0tica per setmana<\/li>\n<\/ul>\n<\/li>\n<li>Cal que retorneu els materials en pr\u00e9stec en el termini indicat<\/li>\n<li><span style=\"font-weight: 400;\">Les reserves de materials es poden fer presencialment o mitjan\u00e7ant el seg\u00fcent correu: <a href=\"mailto:mediateca@eoidelprat.cat\">mediateca@eoidelprat.cat<\/a><\/span><\/li>\n<li>Els retards en la devoluci\u00f3 de material es sancionaran excloent l\u2019usuari del servei de pr\u00e9stec tants dies com dies de retard s\u2019hagin acumulat per cada material.<\/li>\n<li>Es podr\u00e0 <strong>renovar<\/strong> el pr\u00e9stec dels materials, sempre que no hagin estat reservats per un altre usuari, durant els tres \u00faltims dies del seu termini de pr\u00e9stec a <strong>Secretaria.<\/strong><\/li>\n<li>En cas de deteriorament o p\u00e8rdua dels materials prestats, l\u2019usuari estar\u00e0 obligat a adquirir un nou exemplar (exceptuant el cas de robatori si l\u2019usuari presenta la den\u00fancia corresponent). En cas de no devoluci\u00f3 d\u2019algun material es denegar\u00e0 la renovaci\u00f3 del carnet el curs seg\u00fcent.<\/li>\n<li>S\u2019haur\u00e0 de respectar la normativa vigent en mat\u00e8ria de propietat intel\u2022lectual dels materials en pr\u00e9stec.<\/li>\n<\/ul>\n","protected":false},"excerpt":{"rendered":"<p>HORARI BIBLIOTECA 2025-2026<br \/>\n*Per poder accedir a la Biblioteca de l&#8217;escola, \u00e9s imprescindible presentar el carnet d&#8217;estudiant o el DNI a Consergeria.<br \/>\ndilluns: de les 11:00 a les 16:45 i de 19:00 a 21:00<br \/>\ndimarts: 12:15 a 16:45<br \/>\ndimecres: de les 11:00 a les 16:45<br \/>\ndijous: de 12:15 a 16:45\u00a0<br \/>\nPR\u00c9STEC:<br \/>\n<a&hellip;  <a href=\"https:\/\/agora-eoi.xtec.cat\/eoielprat\/serveis\/biblioteca\/\" title=\"Read Biblioteca\">Llegeix m\u00e9s\u00bb<\/a><\/p>\n","protected":false},"author":1,"featured_media":0,"parent":8411,"menu_order":20,"comment_status":"closed","ping_status":"closed","template":"page-templates\/side-menu.php","meta":{"_bbp_topic_count":0,"_bbp_reply_count":0,"_bbp_total_topic_count":0,"_bbp_total_reply_count":0,"_bbp_voice_count":0,"_bbp_anonymous_reply_count":0,"_bbp_topic_count_hidden":0,"_bbp_reply_count_hidden":0,"_bbp_forum_subforum_count":0,"footnotes":""},"class_list":["post-8414","page","type-page","status-publish","hentry"],"post_mailing_queue_ids":[],"_links":{"self":[{"href":"https:\/\/agora-eoi.xtec.cat\/eoielprat\/wp-json\/wp\/v2\/pages\/8414","targetHints":{"allow":["GET"]}}],"collection":[{"href":"https:\/\/agora-eoi.xtec.cat\/eoielprat\/wp-json\/wp\/v2\/pages"}],"about":[{"href":"https:\/\/agora-eoi.xtec.cat\/eoielprat\/wp-json\/wp\/v2\/types\/page"}],"author":[{"embeddable":true,"href":"https:\/\/agora-eoi.xtec.cat\/eoielprat\/wp-json\/wp\/v2\/users\/1"}],"replies":[{"embeddable":true,"href":"https:\/\/agora-eoi.xtec.cat\/eoielprat\/wp-json\/wp\/v2\/comments?post=8414"}],"version-history":[{"count":6,"href":"https:\/\/agora-eoi.xtec.cat\/eoielprat\/wp-json\/wp\/v2\/pages\/8414\/revisions"}],"predecessor-version":[{"id":12338,"href":"https:\/\/agora-eoi.xtec.cat\/eoielprat\/wp-json\/wp\/v2\/pages\/8414\/revisions\/12338"}],"up":[{"embeddable":true,"href":"https:\/\/agora-eoi.xtec.cat\/eoielprat\/wp-json\/wp\/v2\/pages\/8411"}],"wp:attachment":[{"href":"https:\/\/agora-eoi.xtec.cat\/eoielprat\/wp-json\/wp\/v2\/media?parent=8414"}],"curies":[{"name":"wp","href":"https:\/\/api.w.org\/{rel}","templated":true}]}}