{"id":8366,"date":"2016-06-13T13:27:59","date_gmt":"2016-06-13T12:27:59","guid":{"rendered":"http:\/\/agora-eoi.xtec.cat\/eoielprat\/?page_id=8366"},"modified":"2026-03-10T15:24:59","modified_gmt":"2026-03-10T14:24:59","slug":"horari","status":"publish","type":"page","link":"https:\/\/agora-eoi.xtec.cat\/eoielprat\/secretaria\/horari\/","title":{"rendered":"Horari d&#8217;atenci\u00f3"},"content":{"rendered":"<p><strong>La Secretaria de l&#8217;EOI del Prat <\/strong>s&#8217;encarrega del proc\u00e9s de preinscripci\u00f3, matr\u00edcula, certificats, t\u00edtols, beques, etc.<\/p>\n<p>Adre\u00e7a electr\u00f2nica: secretaria<span class=\"\">@eoidelprat.cat<\/span><\/p>\n<p>Tel\u00e8fon: 93 370 96 97<\/p>\n<p><strong>Horari d&#8217;atenci\u00f3 Secretaria durant el per\u00edode lectiu (aproximadament de finals de setembre a finals de maig)<\/strong><\/p>\n<p>Temporalment i per motius aliens a l&#8217;escola, us preguem que abans de venir a Secretaria envieu un mail amb les vostres consultes a secretaria<span class=\"atwho-query\">@eoidelprat.cat<\/span> o b\u00e9 truqueu al <a href=\"https:\/\/www.google.com\/search?q=eoi+del+prat&amp;rlz=1C1GCEA_enES1204ES1205&amp;oq=eoi+del+prat&amp;gs_lcrp=EgZjaHJvbWUyBggAEEUYOTISCAEQLhgNGK8BGMcBGIAEGI4FMggIAhAAGA0YHjIICAMQABgNGB4yCAgEEAAYDRgeMggIBRAAGA0YHjIICAYQABgNGB4yBggHEEUYPdIBCDE4NzlqMGo3qAIAsAIA&amp;sourceid=chrome&amp;ie=UTF-8#\" data-dtype=\"d3ph\" data-local-attribute=\"d3ph\" data-ved=\"2ahUKEwjns_GXxJWTAxUigf0HHarWLCEQkAgoAHoECDgQAw\"><span aria-label=\"Call phone number 933 70 96 97\">933 70 96 97<\/span><\/a><\/p>\n<p><strong>Horari d&#8217;atenci\u00f3 Secretaria juny i setembre<\/strong><\/p>\n<p>Els horaris canvien cada any, consulteu els horaris a la nostra p\u00e0gina web (esquerra de la p\u00e0gina principal)<\/p>\n<p><strong>Horari d&#8217;atenci\u00f3 Secretaria juliol<br \/>\n<\/strong><\/p>\n<p>De dilluns a divendres: 10:00 &#8211; 13:30h<\/p>\n<p>&nbsp;<\/p>\n<p><span style=\"text-decoration: underline;\"><span style=\"color: #ff0000;\"><strong>No hi ha atenci\u00f3 de Secretaria durant les vacances escolars<\/strong><\/span><\/span><\/p>\n<ul>\n<li>Vacances d&#8217;estiu, des de mitjans\/finals de juliol fins a finals d&#8217;agost<\/li>\n<li>Vacances de Nadal<\/li>\n<li>Vacances de Setmana Santa<\/li>\n<li>Festius que marca el nostre <a href=\"https:\/\/drive.google.com\/file\/d\/1QdDD0uLQkNtjlrohsklBngudQydRJ8A1\/view\" target=\"_blank\" rel=\"noopener\">calendari escolar 2025-26<\/a><\/li>\n<\/ul>\n<p>&nbsp;<\/p>\n<p>&nbsp;<\/p>\n","protected":false},"excerpt":{"rendered":"<p>La Secretaria de l&#8217;EOI del Prat s&#8217;encarrega del proc\u00e9s de preinscripci\u00f3, matr\u00edcula, certificats, t\u00edtols, beques, etc.<br \/>\nAdre\u00e7a electr\u00f2nica: secretaria@eoidelprat.cat<br \/>\nTel\u00e8fon: 93 370 96 97<br \/>\nHorari d&#8217;atenci\u00f3 Secretaria durant el per\u00edode lectiu (aproximadament de finals de setembre a finals de maig)<br \/>\nTemporalment i per motius aliens a l&#8217;escola, us preguem&hellip;  <a href=\"https:\/\/agora-eoi.xtec.cat\/eoielprat\/secretaria\/horari\/\" title=\"Read Horari d&#8217;atenci\u00f3\">Llegeix m\u00e9s\u00bb<\/a><\/p>\n","protected":false},"author":1,"featured_media":0,"parent":8358,"menu_order":10,"comment_status":"closed","ping_status":"closed","template":"page-templates\/side-menu.php","meta":{"_bbp_topic_count":0,"_bbp_reply_count":0,"_bbp_total_topic_count":0,"_bbp_total_reply_count":0,"_bbp_voice_count":0,"_bbp_anonymous_reply_count":0,"_bbp_topic_count_hidden":0,"_bbp_reply_count_hidden":0,"_bbp_forum_subforum_count":0,"footnotes":""},"class_list":["post-8366","page","type-page","status-publish","hentry"],"post_mailing_queue_ids":[],"_links":{"self":[{"href":"https:\/\/agora-eoi.xtec.cat\/eoielprat\/wp-json\/wp\/v2\/pages\/8366","targetHints":{"allow":["GET"]}}],"collection":[{"href":"https:\/\/agora-eoi.xtec.cat\/eoielprat\/wp-json\/wp\/v2\/pages"}],"about":[{"href":"https:\/\/agora-eoi.xtec.cat\/eoielprat\/wp-json\/wp\/v2\/types\/page"}],"author":[{"embeddable":true,"href":"https:\/\/agora-eoi.xtec.cat\/eoielprat\/wp-json\/wp\/v2\/users\/1"}],"replies":[{"embeddable":true,"href":"https:\/\/agora-eoi.xtec.cat\/eoielprat\/wp-json\/wp\/v2\/comments?post=8366"}],"version-history":[{"count":6,"href":"https:\/\/agora-eoi.xtec.cat\/eoielprat\/wp-json\/wp\/v2\/pages\/8366\/revisions"}],"predecessor-version":[{"id":12470,"href":"https:\/\/agora-eoi.xtec.cat\/eoielprat\/wp-json\/wp\/v2\/pages\/8366\/revisions\/12470"}],"up":[{"embeddable":true,"href":"https:\/\/agora-eoi.xtec.cat\/eoielprat\/wp-json\/wp\/v2\/pages\/8358"}],"wp:attachment":[{"href":"https:\/\/agora-eoi.xtec.cat\/eoielprat\/wp-json\/wp\/v2\/media?parent=8366"}],"curies":[{"name":"wp","href":"https:\/\/api.w.org\/{rel}","templated":true}]}}