{"id":8170,"date":"2016-06-08T17:06:12","date_gmt":"2016-06-08T16:06:12","guid":{"rendered":"http:\/\/agora-eoi.xtec.cat\/eoielprat\/?page_id=8170"},"modified":"2021-11-23T18:43:53","modified_gmt":"2021-11-23T17:43:53","slug":"candidats-lliures","status":"publish","type":"page","link":"https:\/\/agora-eoi.xtec.cat\/eoielprat\/secretaria\/matricula\/candidats-lliures\/","title":{"rendered":"Candidates i candidats lliures"},"content":{"rendered":"<p>El Departament d&#8217;Ensenyament organitza\u00a0la convocat\u00f2ria extraordin\u00e0ria de les proves per obtenir els certificats d&#8217;angl\u00e8s seg\u00fcents:<\/p>\n<ul>\n<li><strong>Nivell Intermedi B1.<\/strong> Corresponent al nivell B1 del Marc europeu\u00a0com\u00fa\u00a0de refer\u00e8ncia per a les lleng\u00fces (MECR)<\/li>\n<li><strong>Nivell Intermedi B2.<\/strong> Corresponent al nivell B2 del MECR<\/li>\n<li><strong>Nivell Avan\u00e7at C1<\/strong>. Corresponent al nivell C1 del MECR<\/li>\n<\/ul>\n<p>Podeu trobar tota la informaci\u00f3 necess\u00e0ria\u00a0a la <a href=\"http:\/\/ensenyament.gencat.cat\/ca\/serveis-tramits\/proves\/proves-lliures-obtencio-titols\/convocat-extraord-idiomes\/\" target=\"_blank\" rel=\"noopener\">XTEC<\/a><\/p>\n","protected":false},"excerpt":{"rendered":"<p>El Departament d&#8217;Ensenyament organitza\u00a0la convocat\u00f2ria extraordin\u00e0ria de les proves per obtenir els certificats d&#8217;angl\u00e8s seg\u00fcents:<\/p>\n<ul>\n<li>Nivell Intermedi B1. Corresponent al nivell B1 del Marc europeu\u00a0com\u00fa\u00a0de refer\u00e8ncia per a les lleng\u00fces (MECR)<\/li>\n<li>Nivell Intermedi B2. Corresponent al nivell B2 del MECR<\/li>\n<li>Nivell Avan\u00e7at C1. Corresponent al nivell C1 del&hellip;  <a href=\"https:\/\/agora-eoi.xtec.cat\/eoielprat\/secretaria\/matricula\/candidats-lliures\/\" title=\"Read Candidates i candidats lliures\">Llegeix m\u00e9s\u00bb<\/a><br \/>\n","protected":false},"author":1,"featured_media":0,"parent":8161,"menu_order":40,"comment_status":"closed","ping_status":"closed","template":"page-templates\/side-menu.php","meta":{"_bbp_topic_count":0,"_bbp_reply_count":0,"_bbp_total_topic_count":0,"_bbp_total_reply_count":0,"_bbp_voice_count":0,"_bbp_anonymous_reply_count":0,"_bbp_topic_count_hidden":0,"_bbp_reply_count_hidden":0,"_bbp_forum_subforum_count":0,"footnotes":""},"class_list":["post-8170","page","type-page","status-publish","hentry"],"post_mailing_queue_ids":[],"_links":{"self":[{"href":"https:\/\/agora-eoi.xtec.cat\/eoielprat\/wp-json\/wp\/v2\/pages\/8170","targetHints":{"allow":["GET"]}}],"collection":[{"href":"https:\/\/agora-eoi.xtec.cat\/eoielprat\/wp-json\/wp\/v2\/pages"}],"about":[{"href":"https:\/\/agora-eoi.xtec.cat\/eoielprat\/wp-json\/wp\/v2\/types\/page"}],"author":[{"embeddable":true,"href":"https:\/\/agora-eoi.xtec.cat\/eoielprat\/wp-json\/wp\/v2\/users\/1"}],"replies":[{"embeddable":true,"href":"https:\/\/agora-eoi.xtec.cat\/eoielprat\/wp-json\/wp\/v2\/comments?post=8170"}],"version-history":[{"count":3,"href":"https:\/\/agora-eoi.xtec.cat\/eoielprat\/wp-json\/wp\/v2\/pages\/8170\/revisions"}],"predecessor-version":[{"id":10782,"href":"https:\/\/agora-eoi.xtec.cat\/eoielprat\/wp-json\/wp\/v2\/pages\/8170\/revisions\/10782"}],"up":[{"embeddable":true,"href":"https:\/\/agora-eoi.xtec.cat\/eoielprat\/wp-json\/wp\/v2\/pages\/8161"}],"wp:attachment":[{"href":"https:\/\/agora-eoi.xtec.cat\/eoielprat\/wp-json\/wp\/v2\/media?parent=8170"}],"curies":[{"name":"wp","href":"https:\/\/api.w.org\/{rel}","templated":true}]}}