{"id":8164,"date":"2016-06-08T17:00:04","date_gmt":"2016-06-08T16:00:04","guid":{"rendered":"http:\/\/agora-eoi.xtec.cat\/eoielprat\/?page_id=8164"},"modified":"2024-07-17T19:55:39","modified_gmt":"2024-07-17T17:55:39","slug":"alumnes-antics","status":"publish","type":"page","link":"https:\/\/agora-eoi.xtec.cat\/eoielprat\/secretaria\/matricula\/alumnes-antics\/","title":{"rendered":"Alumnat antic"},"content":{"rendered":"<p>Es considera un l&#8217;alumnat &#8220;antic&#8221; a qualsevol persona matriculada en un curs oficial d\u2019un idioma a la nostra escola l\u2019any acad\u00e8mic immediatament anterior.<\/p>\n<p>La matr\u00edcula d&#8217;alumnat antic es realitza <span style=\"text-decoration: underline;\">on-line en alguns dies de la primera quinzena del mes de juliol de cada any<\/span>. Les dates i la informaci\u00f3 canvien cada any. Consulteu el nostre web per informaci\u00f3 m\u00e9s espec\u00edfica de cada curs.<\/p>\n<p>&nbsp;<\/p>\n","protected":false},"excerpt":{"rendered":"<p>Es considera un l&#8217;alumnat &#8220;antic&#8221; a qualsevol persona matriculada en un curs oficial d\u2019un idioma a la nostra escola l\u2019any acad\u00e8mic immediatament anterior.<br \/>\nLa matr\u00edcula d&#8217;alumnat antic es realitza on-line en alguns dies de la primera quinzena del mes de juliol de cada any. Les dates&hellip;  <a href=\"https:\/\/agora-eoi.xtec.cat\/eoielprat\/secretaria\/matricula\/alumnes-antics\/\" title=\"Read Alumnat antic\">Llegeix m\u00e9s\u00bb<\/a><\/p>\n","protected":false},"author":1,"featured_media":0,"parent":8161,"menu_order":10,"comment_status":"closed","ping_status":"closed","template":"page-templates\/side-menu.php","meta":{"_bbp_topic_count":0,"_bbp_reply_count":0,"_bbp_total_topic_count":0,"_bbp_total_reply_count":0,"_bbp_voice_count":0,"_bbp_anonymous_reply_count":0,"_bbp_topic_count_hidden":0,"_bbp_reply_count_hidden":0,"_bbp_forum_subforum_count":0,"footnotes":""},"class_list":["post-8164","page","type-page","status-publish","hentry"],"post_mailing_queue_ids":[],"_links":{"self":[{"href":"https:\/\/agora-eoi.xtec.cat\/eoielprat\/wp-json\/wp\/v2\/pages\/8164","targetHints":{"allow":["GET"]}}],"collection":[{"href":"https:\/\/agora-eoi.xtec.cat\/eoielprat\/wp-json\/wp\/v2\/pages"}],"about":[{"href":"https:\/\/agora-eoi.xtec.cat\/eoielprat\/wp-json\/wp\/v2\/types\/page"}],"author":[{"embeddable":true,"href":"https:\/\/agora-eoi.xtec.cat\/eoielprat\/wp-json\/wp\/v2\/users\/1"}],"replies":[{"embeddable":true,"href":"https:\/\/agora-eoi.xtec.cat\/eoielprat\/wp-json\/wp\/v2\/comments?post=8164"}],"version-history":[{"count":4,"href":"https:\/\/agora-eoi.xtec.cat\/eoielprat\/wp-json\/wp\/v2\/pages\/8164\/revisions"}],"predecessor-version":[{"id":11774,"href":"https:\/\/agora-eoi.xtec.cat\/eoielprat\/wp-json\/wp\/v2\/pages\/8164\/revisions\/11774"}],"up":[{"embeddable":true,"href":"https:\/\/agora-eoi.xtec.cat\/eoielprat\/wp-json\/wp\/v2\/pages\/8161"}],"wp:attachment":[{"href":"https:\/\/agora-eoi.xtec.cat\/eoielprat\/wp-json\/wp\/v2\/media?parent=8164"}],"curies":[{"name":"wp","href":"https:\/\/api.w.org\/{rel}","templated":true}]}}