{"id":8161,"date":"2024-06-08T16:52:40","date_gmt":"2024-06-08T14:52:40","guid":{"rendered":"http:\/\/agora-eoi.xtec.cat\/eoielprat\/?page_id=8161"},"modified":"2024-07-19T21:43:39","modified_gmt":"2024-07-19T19:43:39","slug":"matricula","status":"publish","type":"page","link":"https:\/\/agora-eoi.xtec.cat\/eoielprat\/secretaria\/matricula\/","title":{"rendered":"Matr\u00edcula"},"content":{"rendered":"<p>Hi ha diferents per\u00edodes, documents i gestions de matr\u00edcula segons el tipus de curs. Els cursos oficials extensius tenen la matr\u00edcula online i la resta es gestionen amb secretaria.<\/p>\n<h4>Cursos oficials extensius (durada de setembre a maig)<\/h4>\n<p>L&#8217;alumnat que ja estudia a l&#8217;escola i vol seguir el curs vinent al mateix idioma s&#8217;ha de matricular normalment a inicis de juliol (consulteu el calendari de matricula d&#8217;alumnat antic que publiquem cada any).<\/p>\n<p>L&#8217;alumnat que comen\u00e7a a l&#8217;EOI o que vol comen\u00e7ar un nou idioma s&#8217;ha de matricular normalment a inicis de setembre (consulteu el calendari de matricula d&#8217;alumnat nou que publiquem cada any).<\/p>\n<p>L&#8217;alumnat que no s&#8217;ha preinscrit en les dates oficials i l&#8217;alumnat que vol fer actualitzaci\u00f3 ha de contactar amb l&#8217;escola per veure si hi ha places vacants despr\u00e9s d&#8217;acabar la matr\u00edcula.<\/p>\n<h4>Resta de cursos (especials, turisme, estiu)<\/h4>\n<p>Consulteu el nostre web perqu\u00e8 poden canviar la durada, horari, tem\u00e0tica, idioma&#8230; cada any. De manera orientativa compteu que els cursos especials solen tenir la matr\u00edcula al setembre (1r trimestre) i al gener (2n trimestre), els cursos de turisme solen tenir la matr\u00edcula al gener i els cursos d&#8217;estiu solen tenir la matr\u00edcula al maig. La duraci\u00f3 \u00e9s d&#8217;entre 30 i 60h.<\/p>\n<h4>Preus i bonificacions de matr\u00edcula<\/h4>\n<p>La matr\u00edcula no es considera v\u00e0lida fins que no es paguen els imports associats, si no es paguen s&#8217;anula la matr\u00edcula. Si teniu algun problema amb el pagament, contacteu amb secretaria al m\u00e9s aviat possible.<\/p>\n<p>Consulteu <a href=\"https:\/\/educacio.gencat.cat\/ca\/departament\/normativa\/taxes-preus-publics\/\" target=\"_blank\" rel=\"noopener\">aqu\u00ed les taxes i preus p\u00fablics, bonificacions i exempcions<\/a> per al curs actual publicats per la Generalitat o consulteu el nostre web.<\/p>\n<h4>Atenci\u00f3 a l&#8217;alumnat en per\u00edode de matr\u00edcula<\/h4>\n<p>Consulteu l&#8217;horari d&#8217;atenci\u00f3 presencial i telef\u00f2nica al nostre web, canvia al llarg de l&#8217;any. En els per\u00edodes de matr\u00edcula tenim molt volum de trucades i pot ser que us costi contactar amb nosaltres. No tenim contestador, quan les l\u00ednies estan ocupades, sentireu el to de trucada normal una estona i finalment es penja si les l\u00ednies segueixen ocupades. Us preguem que truqueu en un altre moment o ens escriviu per mail.<\/p>\n","protected":false},"excerpt":{"rendered":"<p>Hi ha diferents per\u00edodes, documents i gestions de matr\u00edcula segons el tipus de curs. Els cursos oficials extensius tenen la matr\u00edcula online i la resta es gestionen amb secretaria.<br \/>\nCursos oficials extensius (durada de setembre a maig)<br \/>\nL&#8217;alumnat que ja estudia a l&#8217;escola i vol seguir el&hellip;  <a href=\"https:\/\/agora-eoi.xtec.cat\/eoielprat\/secretaria\/matricula\/\" title=\"Read Matr\u00edcula\">Llegeix m\u00e9s\u00bb<\/a><\/p>\n","protected":false},"author":1,"featured_media":0,"parent":8358,"menu_order":20,"comment_status":"closed","ping_status":"closed","template":"page-templates\/side-menu.php","meta":{"_bbp_topic_count":0,"_bbp_reply_count":0,"_bbp_total_topic_count":0,"_bbp_total_reply_count":0,"_bbp_voice_count":0,"_bbp_anonymous_reply_count":0,"_bbp_topic_count_hidden":0,"_bbp_reply_count_hidden":0,"_bbp_forum_subforum_count":0,"footnotes":""},"class_list":["post-8161","page","type-page","status-publish","hentry"],"post_mailing_queue_ids":[],"_links":{"self":[{"href":"https:\/\/agora-eoi.xtec.cat\/eoielprat\/wp-json\/wp\/v2\/pages\/8161","targetHints":{"allow":["GET"]}}],"collection":[{"href":"https:\/\/agora-eoi.xtec.cat\/eoielprat\/wp-json\/wp\/v2\/pages"}],"about":[{"href":"https:\/\/agora-eoi.xtec.cat\/eoielprat\/wp-json\/wp\/v2\/types\/page"}],"author":[{"embeddable":true,"href":"https:\/\/agora-eoi.xtec.cat\/eoielprat\/wp-json\/wp\/v2\/users\/1"}],"replies":[{"embeddable":true,"href":"https:\/\/agora-eoi.xtec.cat\/eoielprat\/wp-json\/wp\/v2\/comments?post=8161"}],"version-history":[{"count":6,"href":"https:\/\/agora-eoi.xtec.cat\/eoielprat\/wp-json\/wp\/v2\/pages\/8161\/revisions"}],"predecessor-version":[{"id":11790,"href":"https:\/\/agora-eoi.xtec.cat\/eoielprat\/wp-json\/wp\/v2\/pages\/8161\/revisions\/11790"}],"up":[{"embeddable":true,"href":"https:\/\/agora-eoi.xtec.cat\/eoielprat\/wp-json\/wp\/v2\/pages\/8358"}],"wp:attachment":[{"href":"https:\/\/agora-eoi.xtec.cat\/eoielprat\/wp-json\/wp\/v2\/media?parent=8161"}],"curies":[{"name":"wp","href":"https:\/\/api.w.org\/{rel}","templated":true}]}}