{"id":8151,"date":"2016-06-08T16:42:13","date_gmt":"2016-06-08T15:42:13","guid":{"rendered":"http:\/\/agora-eoi.xtec.cat\/eoielprat\/?page_id=8151"},"modified":"2024-09-15T23:05:50","modified_gmt":"2024-09-15T21:05:50","slug":"cursos-oficials","status":"publish","type":"page","link":"https:\/\/agora-eoi.xtec.cat\/eoielprat\/cursos\/cursos-oficials\/","title":{"rendered":"Cursos oficials extensius (setembre-maig)"},"content":{"rendered":"<p>Abans de comen\u00e7ar, et recomanem que llegeixis la <a href=\"https:\/\/triaeducativa.gencat.cat\/ca\/idiomes\/\">seg\u00fcent informaci\u00f3 general sobre els estudis a les EOIs.<\/a><\/p>\n<p>Impartim cursos oficials extensius <strong>d&#8217;alemany, angl\u00e8s i franc\u00e8s <\/strong>de <strong>setembre a maig <\/strong>en horari altern de<strong> 2 dies per setmana<span style=\"color: #0000ff;\">*<\/span> (<\/strong>grups A: <span style=\"color: #000000;\">dilluns i dimecres<\/span>, grups B: dimarts i dijous), en<strong> torns de mat\u00ed <\/strong>(fins a B1 d&#8217;angl\u00e8s)<strong>, migdia, tarda i vespre. <\/strong><\/p>\n<p><span style=\"color: #0000ff;\">*Tamb\u00e9 oferim alguns cursos en <strong>modalitat semipresencial <\/strong>(1 dia de classe presencial i l&#8217;altre dia se substitueix per tasques guiades que es fan aut\u00f2nomament a casa durant la setmana).<\/span><\/p>\n<ul>\n<li><strong>GRUPS A MIGDIA, TARDA, VESPRE: <\/strong>dilluns i dimecres: 15:00-17:15, 16:45-19:00, 19:00-21:15h<\/li>\n<li><strong>GRUPS A SEMIPRESENCIALS:<\/strong> <span style=\"color: #0000ff;\">dilluns <span style=\"text-decoration: underline;\"><strong>o<\/strong><\/span> dimecres*<\/span> (pot variar l&#8217;horari d&#8217;un any a un altre, consulteu l&#8217;horari del curs corresponent)<\/li>\n<li><strong>GRUPS B MAT\u00cd, MIGDIA, TARDA, VESPRE:<\/strong> dimarts i dijous: 10:00-12:15, 15:00-17:15, 16:45-19:00, 19:00-21:15h<\/li>\n<li><strong>GRUPS B SEMIPRESENCIALS:<\/strong> <span style=\"color: #0000ff;\">dimarts <span style=\"text-decoration: underline;\"><strong>o<\/strong><\/span> dijous*<\/span> (pot variar l&#8217;horari d&#8217;un any a un altre, consulteu l&#8217;horari del curs corresponent)<\/li>\n<\/ul>\n<p><strong>La matr\u00edcula oficial<\/strong> dona dret a assistir a les classes i als ex\u00e0mens corresponents.<\/p>\n<h4><\/h4>\n<h4><a href=\"https:\/\/docs.google.com\/document\/d\/1rTUiDwLXmv-Toj6V11-IA3YqJG9kiOEr\/edit?rtpof=true&amp;sd=true\" target=\"_blank\" rel=\"noopener\">Horaris curs 2024-25<\/a><\/h4>\n<p>&nbsp;<\/p>\n<p><strong>CURSOS I N\u00daMERO DE GRUPS PER IDIOMA I NIVELL A LA NOSTRA ESCOLA<\/strong><\/p>\n<div><\/div>\n<div>\n<table style=\"border-collapse: collapse; width: 0%;\">\n<tbody>\n<tr>\n<td style=\"width: 11.1111%;\"><\/td>\n<td style=\"width: 22.2222%;\" colspan=\"2\"><strong>NIVELL B\u00c0SIC<\/strong><\/td>\n<td style=\"width: 33.3333%;\" colspan=\"3\"><strong>NIVELL INTERMEDI<\/strong><\/td>\n<td style=\"width: 32.6274%;\" colspan=\"3\"><strong>NIVELL AVAN\u00c7AT<\/strong><\/td>\n<\/tr>\n<tr>\n<td style=\"width: 11.1111%;\" width=\"144\"><strong>CURSOS<\/strong><\/td>\n<td style=\"width: 11.1111%;\" width=\"72\"><strong>A1<\/strong><\/td>\n<td style=\"width: 11.1111%;\" width=\"72\"><strong>A2<\/strong><\/td>\n<td style=\"width: 11.1111%;\" width=\"48\"><strong>B1<\/strong><\/td>\n<td style=\"width: 11.1111%;\" width=\"48\"><strong>B2.1<\/strong><\/td>\n<td style=\"width: 11.1111%;\" width=\"48\"><strong>B2.2<\/strong><\/td>\n<td style=\"width: 11.1111%;\"><strong>C1<\/strong><\/td>\n<td style=\"width: 11.1111%;\"><strong>C2.1.<\/strong><\/td>\n<td style=\"width: 10.4052%;\"><span style=\"color: #ff6600;\"><strong>C2.2.*<\/strong><\/span><\/td>\n<\/tr>\n<tr>\n<td style=\"width: 11.1111%;\" width=\"144\"><strong>Idioma<\/strong><\/td>\n<td style=\"width: 88.1829%;\" colspan=\"8\">Grups per nivells<\/td>\n<\/tr>\n<tr>\n<td style=\"width: 11.1111%;\" width=\"144\"><strong>Alemany<\/strong><\/td>\n<td style=\"width: 11.1111%;\" width=\"72\">2<\/td>\n<td style=\"width: 11.1111%;\" width=\"72\">1<\/td>\n<td style=\"width: 11.1111%;\" width=\"48\">1<\/td>\n<td style=\"width: 11.1111%;\" width=\"48\">1<\/td>\n<td style=\"width: 11.1111%;\" width=\"48\">&#8211;<\/td>\n<td style=\"width: 11.1111%;\">&#8211;<\/td>\n<td style=\"width: 11.1111%;\">&#8211;<\/td>\n<td style=\"width: 10.4052%;\">&#8211;<\/td>\n<\/tr>\n<tr>\n<td style=\"width: 11.1111%;\" width=\"144\"><strong>Angl\u00e8s<\/strong><\/td>\n<td style=\"width: 11.1111%;\" width=\"72\">2<\/td>\n<td style=\"width: 11.1111%;\" width=\"72\">4<\/td>\n<td style=\"width: 11.1111%;\" width=\"48\">4<\/td>\n<td style=\"width: 11.1111%;\" width=\"48\">3<\/td>\n<td style=\"width: 11.1111%;\" width=\"48\">3<\/td>\n<td style=\"width: 11.1111%;\">2<\/td>\n<td style=\"width: 11.1111%;\">1<\/td>\n<td style=\"width: 10.4052%;\"><span style=\"color: #ff6600;\">1<\/span><\/td>\n<\/tr>\n<tr>\n<td style=\"width: 11.1111%;\" width=\"144\"><strong>Franc\u00e8s<\/strong><\/td>\n<td style=\"width: 11.1111%;\" width=\"72\">2<\/td>\n<td style=\"width: 11.1111%;\" width=\"72\">2<\/td>\n<td style=\"width: 11.1111%;\" width=\"48\">1<\/td>\n<td style=\"width: 11.1111%;\" width=\"48\">1<\/td>\n<td style=\"width: 11.1111%;\" width=\"48\">1<\/td>\n<td style=\"width: 11.1111%;\">&#8211;<\/td>\n<td style=\"width: 11.1111%;\">&#8211;<\/td>\n<td style=\"width: 10.4052%;\">&#8211;<\/td>\n<\/tr>\n<\/tbody>\n<\/table>\n<\/div>\n<p><em><span style=\"color: #ff6600;\">*NOVETAT: A partir del curs 2024-25 oferim C2.2<\/span><\/em><\/p>\n<p>&nbsp;<\/p>\n<p><strong>PLA D&#8217;ESTUDIS<\/strong><\/p>\n<p>El pla d&#8217;estudis de les EOI desenvolupa la finalitat dels ensenyaments d&#8217;idiomes que s&#8217;hi imparteixen, que \u00e9s la capacitat de l&#8217;alumnat en l&#8217;\u00fas efectiu de l&#8217;idioma com a vehicle de comunicaci\u00f3 general.<\/p>\n<p>Per assolir aquesta finalitat, a les EOI es treballa per tal que l&#8217;alumnat:<\/p>\n<ul>\n<li>Adquireixi les habilitats b\u00e0siques receptives i productives, tant del llenguatge oral com de l&#8217;escrit;<\/li>\n<li>Desenvolupi estrat\u00e8gies comunicatives en diferents \u00e0rees de comunicaci\u00f3;<\/li>\n<li>Desenvolupi estrat\u00e8gies per a l&#8217;aprenentatge aut\u00f2nom i continu de lleng\u00fces, que puguin facilitar l&#8217;\u00fas de l&#8217;idioma en l&#8217;exercici d&#8217;activitats professionals i en altres \u00e0mbits de la cultura o d&#8217;inter\u00e8s personal;<\/li>\n<li>Desenvolupi actituds positives envers la diversitat ling\u00fc\u00edstica i el pluralisme cultural del m\u00f3n actual.<\/li>\n<\/ul>\n<p>&nbsp;<\/p>\n<p><strong>PROGRAMA D&#8217;ESTUDIS<\/strong><\/p>\n<p>La LOE (Llei Org\u00e0nica d\u2019Educaci\u00f3 2\/2006, de 3 de maig) estableix una nova ordenaci\u00f3 del programa d\u2019estudis de les escoles oficials d\u2019idiomes, que queda dividit en tres nivells, que corresponen als nivells definits en el MECR (Marc europeu com\u00fa de refer\u00e8ncia per a les lleng\u00fces).<\/p>\n<p>Els ensenyaments especialitzats d&#8217;idiomes s&#8217;imparteixen en 6 cursos:<\/p>\n<ul>\n<li><strong>Nivell B\u00e0sic:<\/strong> 2 cursos (A1 i A2)<\/li>\n<li><strong>Nivell Intermedi<\/strong><strong>:<\/strong> 3 curs (B1, B2.1 i B2.2)<\/li>\n<li><strong>Nivell Avan\u00e7at: <\/strong>3 cursos (C1, C2.1 i <span style=\"color: #000000;\">C2.2<\/span>)<\/li>\n<\/ul>\n<table style=\"width: 31.2548%; height: 329px;\">\n<tbody>\n<tr style=\"height: 65px;\">\n<td style=\"width: 34.2507%; height: 65px;\" width=\"83\"><strong>CURSOS (EQUIVAL\u00c8NCIA MECR)<\/strong><\/td>\n<td style=\"width: 35.8895%; height: 65px;\" width=\"161\"><strong>NIVELL<\/strong><\/td>\n<td style=\"width: 27.5178%; height: 65px;\" width=\"170\"><strong>N\u00ba D&#8217;ANYS (CURSOS)<\/strong><\/td>\n<\/tr>\n<tr style=\"height: 33px;\">\n<td style=\"width: 34.2507%; height: 33px;\" width=\"83\">A1<\/td>\n<td style=\"width: 35.8895%; height: 66px;\" rowspan=\"2\" width=\"161\">NIVELL B\u00c0SIC<\/td>\n<td style=\"width: 27.5178%; height: 33px;\" width=\"170\">1<\/td>\n<\/tr>\n<tr style=\"height: 33px;\">\n<td style=\"width: 34.2507%; height: 33px;\" width=\"83\">A2<\/td>\n<td style=\"width: 27.5178%; height: 33px;\" width=\"170\">2<\/td>\n<\/tr>\n<tr style=\"height: 33px;\">\n<td style=\"width: 34.2507%; height: 33px;\" width=\"83\">B1<\/td>\n<td style=\"width: 35.8895%; height: 99px;\" rowspan=\"3\" width=\"161\">NIVELL INTERMEDI<\/td>\n<td style=\"width: 27.5178%; height: 33px;\" width=\"170\">3<\/td>\n<\/tr>\n<tr style=\"height: 33px;\">\n<td style=\"width: 34.2507%; height: 33px;\" width=\"83\">B2.1<\/td>\n<td style=\"width: 27.5178%; height: 33px;\" width=\"170\">4<\/td>\n<\/tr>\n<tr style=\"height: 33px;\">\n<td style=\"width: 34.2507%; height: 33px;\" width=\"83\">B2.2<\/td>\n<td style=\"width: 27.5178%; height: 33px;\" width=\"170\">5<\/td>\n<\/tr>\n<tr style=\"height: 33px;\">\n<td style=\"width: 34.2507%; height: 33px;\" width=\"83\">C1<\/td>\n<td style=\"width: 35.8895%; height: 99px;\" rowspan=\"3\" width=\"161\">NIVELL AVAN\u00c7AT<\/td>\n<td style=\"width: 27.5178%; height: 33px;\" width=\"170\">6<\/td>\n<\/tr>\n<tr style=\"height: 33px;\">\n<td style=\"width: 34.2507%; height: 33px;\">C2.1<\/td>\n<td style=\"width: 27.5178%; height: 33px;\">7<\/td>\n<\/tr>\n<tr style=\"height: 33px;\">\n<td style=\"width: 34.2507%; height: 33px;\">C2.2<\/td>\n<td style=\"width: 27.5178%; height: 33px;\">8.<\/td>\n<\/tr>\n<\/tbody>\n<\/table>\n<p>Els nivells dels certificats d&#8217;escola oficial d&#8217;idiomes poden comparar-se als nivells descrits en els documents publicats pel Consell d&#8217;Europa, en especial el Marc Europeu Com\u00fa de Refer\u00e8ncia. Al final del nivell intermedi i del nivell avan\u00e7at l&#8217;alumnat ha de superar una prova de certificat, dissenyada des del Centre de Recursos de Lleng\u00fces Estrangeres del Departament d&#8217;Educaci\u00f3 de la Generalitat (\u00c0rea de Certificacions), amb uns criteris unificats per a tot Catalunya.<\/p>\n<p>L&#8217;alumnat que obt\u00e9 el certificat de <strong>nivell intermed<\/strong>i <strong>B1<\/strong> es pot considerar dins la franja B1 del Consell d&#8217;Europa &#8211; usuari independent.<\/p>\n<p>L&#8217;alumnat que obt\u00e9 el certificat de <strong>nivell intermedi B2<\/strong> es pot situar dins la part alta de la franja B2 del Consell d&#8217;Europa, el nivell considerat intermedi dins de la definici\u00f3 d&#8217;usuari independent.<\/p>\n<p>L&#8217;alumnat que obt\u00e9 el certificat de <strong>nivell avan\u00e7at C1<\/strong> es pot situar dins la franja C1 del Consell d&#8217;Europa, el nivell considerat avan\u00e7at dins de la definici\u00f3 d&#8217;usuari independent.<\/p>\n<p>L&#8217;alumnat que obt\u00e9 el certificat de <strong>nivell avan\u00e7at C2<\/strong> es pot situar dins la part alta de la franja C2 del Consell d&#8217;Europa, el nivell considerat avan\u00e7at dins de la definici\u00f3 d&#8217;usuari independent.<\/p>\n<div><\/div>\n","protected":false},"excerpt":{"rendered":"<p>Abans de comen\u00e7ar, et recomanem que llegeixis la <a href=\"https:\/\/triaeducativa.gencat.cat\/ca\/idiomes\/\">seg\u00fcent informaci\u00f3 general sobre els estudis a les EOIs.<\/a><br \/>\nImpartim cursos oficials extensius d&#8217;alemany, angl\u00e8s i franc\u00e8s de setembre a maig en horari altern de 2 dies per setmana* (grups A: dilluns i dimecres, grups B: dimarts&hellip;  <a href=\"https:\/\/agora-eoi.xtec.cat\/eoielprat\/cursos\/cursos-oficials\/\" title=\"Read Cursos oficials extensius (setembre-maig)\">Llegeix m\u00e9s\u00bb<\/a><\/p>\n","protected":false},"author":1,"featured_media":0,"parent":8149,"menu_order":10,"comment_status":"closed","ping_status":"closed","template":"page-templates\/side-menu.php","meta":{"_bbp_topic_count":0,"_bbp_reply_count":0,"_bbp_total_topic_count":0,"_bbp_total_reply_count":0,"_bbp_voice_count":0,"_bbp_anonymous_reply_count":0,"_bbp_topic_count_hidden":0,"_bbp_reply_count_hidden":0,"_bbp_forum_subforum_count":0,"footnotes":""},"class_list":["post-8151","page","type-page","status-publish","hentry"],"post_mailing_queue_ids":[],"_links":{"self":[{"href":"https:\/\/agora-eoi.xtec.cat\/eoielprat\/wp-json\/wp\/v2\/pages\/8151","targetHints":{"allow":["GET"]}}],"collection":[{"href":"https:\/\/agora-eoi.xtec.cat\/eoielprat\/wp-json\/wp\/v2\/pages"}],"about":[{"href":"https:\/\/agora-eoi.xtec.cat\/eoielprat\/wp-json\/wp\/v2\/types\/page"}],"author":[{"embeddable":true,"href":"https:\/\/agora-eoi.xtec.cat\/eoielprat\/wp-json\/wp\/v2\/users\/1"}],"replies":[{"embeddable":true,"href":"https:\/\/agora-eoi.xtec.cat\/eoielprat\/wp-json\/wp\/v2\/comments?post=8151"}],"version-history":[{"count":7,"href":"https:\/\/agora-eoi.xtec.cat\/eoielprat\/wp-json\/wp\/v2\/pages\/8151\/revisions"}],"predecessor-version":[{"id":11888,"href":"https:\/\/agora-eoi.xtec.cat\/eoielprat\/wp-json\/wp\/v2\/pages\/8151\/revisions\/11888"}],"up":[{"embeddable":true,"href":"https:\/\/agora-eoi.xtec.cat\/eoielprat\/wp-json\/wp\/v2\/pages\/8149"}],"wp:attachment":[{"href":"https:\/\/agora-eoi.xtec.cat\/eoielprat\/wp-json\/wp\/v2\/media?parent=8151"}],"curies":[{"name":"wp","href":"https:\/\/api.w.org\/{rel}","templated":true}]}}