{"id":797,"date":"2015-11-28T21:06:57","date_gmt":"2015-11-28T20:06:57","guid":{"rendered":"http:\/\/agora-eoi.xtec.cat\/eoielprat\/?page_id=797"},"modified":"2023-10-03T10:46:13","modified_gmt":"2023-10-03T08:46:13","slug":"presentacio","status":"publish","type":"page","link":"https:\/\/agora-eoi.xtec.cat\/eoielprat\/el-servei-educatiu\/presentacio\/","title":{"rendered":"Presentaci\u00f3"},"content":{"rendered":"<p>L&#8217;<strong>Escola Oficial d&#8217;Idiomes del Prat <\/strong>es va inaugurar el setembre de 2002 per iniciativa del Departament d&#8217;Ensenyament de la Generalitat de Catalunya. \u00c9s un centre p\u00fablic, no universitari, d&#8217;ensenyament d&#8217;idiomes modern que imparteix els ensenyaments especialitzats regulats per la Llei org\u00e0nica d&#8217;educaci\u00f3 (LOE).<\/p>\n<p>Les escoles oficials d&#8217;idiomes tamb\u00e9 gestionen les certificacions acad\u00e8miques corresponents a aquests ensenyaments especialitzats. <strong>Aquestes certificacions s\u00f3n reconegudes arreu de l&#8217;Estat espanyol, s\u00f3n les \u00faniques oficials<\/strong>, estan validades pel Consell d&#8217;Europa per mitj\u00e0 del Marc Europeu de Refer\u00e8ncia i es poden obtenir tant en convocat\u00f2ria oficial, com en convocat\u00f2ria lliure.<\/p>\n<p><strong>Marc legal<\/strong><\/p>\n<p id=\"block-643282a9-7c01-4ac0-8857-591d3e4a2fe3\">Els ensenyaments de les EOI a Catalunya s\u2019inscriuen en el marc legal administratiu establert en els seg\u00fcents documents:<\/p>\n<ul>\n<li><a href=\"https:\/\/www.google.com\/url?q=https%3A%2F%2Fwww.boe.es%2Fbuscar%2Fact.php%3Fid%3DBOE-A-2013-12886&amp;sa=D&amp;sntz=1&amp;usg=AOvVaw0PjoBndikU6NCfhcNpUeRu\">LEY ORG\u00c1NICA 8\/2013, de 9 de diciembre, para la mejora de la calidad educativa<\/a>\u00a0(<strong>LOMCE<\/strong>)<\/li>\n<li><a href=\"https:\/\/www.google.com\/url?q=https%3A%2F%2Fdogc.gencat.cat%2Fca%2Fdocument-del-dogc%2F%3FdocumentId%3D480169&amp;sa=D&amp;sntz=1&amp;usg=AOvVaw0ezlY8fw-zv3D2wG0sfxpI\" target=\"_blank\" rel=\"noreferrer noopener\">LLEI 12\/2009, del 10 de juliol, d\u2019educaci\u00f3<\/a>\u00a0(<strong>LEC<\/strong>)<\/li>\n<li><a href=\"https:\/\/www.google.com\/url?q=https%3A%2F%2Fwww.boe.es%2Fbuscar%2Fact.php%3Fid%3DBOE-A-2006-7899&amp;sa=D&amp;sntz=1&amp;usg=AOvVaw0CyGM2gcTCTL4Ig3eeSupC\" target=\"_blank\" rel=\"noreferrer noopener\">LEY ORG\u00c1NICA 2\/2006, de 3 de mayo, de Educaci\u00f3n<\/a>\u00a0(<strong>LOE<\/strong>)<\/li>\n<li><a href=\"https:\/\/www.google.com\/url?q=https%3A%2F%2Fwww.boe.es%2Feli%2Fes%2Frd%2F2019%2F01%2F11%2F1&amp;sa=D&amp;sntz=1&amp;usg=AOvVaw1yGzXT5UA0ajuLEQcJAY6Y\" target=\"_blank\" rel=\"noreferrer noopener\">REAL DECRETO 1\/2019, de 11 de enero<\/a>, por el que se establecen los principios b\u00e1sicos comunes de evaluaci\u00f3n aplicables a las\u00a0<strong>pruebas de certificaci\u00f3n oficial de los niveles Intermedio B1, Intermedio B2, Avanzado C1, y Avanzado C2<\/strong>\u00a0de las ense\u00f1anzas de idiomas de r\u00e9gimen especial.<\/li>\n<li><a href=\"https:\/\/www.google.com\/url?q=https%3A%2F%2Fwww.boe.es%2Fbuscar%2Fdoc.php%3Fid%3DBOE-A-2017-15367&amp;sa=D&amp;sntz=1&amp;usg=AOvVaw26bIjqe_0vVLhnOQ7ii4D3\" target=\"_blank\" rel=\"noreferrer noopener\">REAL DECRETO 1041\/2017, de 22 de diciembre<\/a>, por el que se fijan las exigencias m\u00ednimas del nivel b\u00e1sico a efectos de certificaci\u00f3n, se establece el\u00a0<strong>curr\u00edculo b\u00e1sico de los niveles Intermedio B1, Intermedio B2, Avanzado C1, y Avanzado C2<\/strong>, de las Ense\u00f1anzas de idiomas de r\u00e9gimen especial reguladas por la Ley Org\u00e1nica 2\/2006, de 3 de mayo, de Educaci\u00f3n, y se establecen las equivalencias entre las Ense\u00f1anzas de idiomas de r\u00e9gimen especial reguladas en diversos planes de estudios y las de este real decreto.<\/li>\n<li><a href=\"https:\/\/www.google.com\/url?q=https%3A%2F%2Fdogc.gencat.cat%2Fca%2Fdocument-del-dogc%2F%3FdocumentId%3D923138&amp;sa=D&amp;sntz=1&amp;usg=AOvVaw2n7JjsuW1kTGKD36HaZpR1\" target=\"_blank\" rel=\"noreferrer noopener\">DECRET 45\/2022, de 15 de mar\u00e7<\/a>, pel qual s\u2019estableix l\u2019ordenaci\u00f3 dels ensenyaments d\u2019idiomes de r\u00e8gim especial i el curr\u00edculum del nivell Intermedi de diversos idiomes.<\/li>\n<\/ul>\n<p><strong>Marc europeu com\u00fa<\/strong><\/p>\n<p>El pla d&#8217;estudis a les EOI s&#8217;estructura en tres nivells segons el nou curr\u00edculum dels ensenyaments d&#8217;idiomes establert a la LOE (Llei Org\u00e0nica d\u2019Educaci\u00f3 2\/2006, de 3 de maig). Poden comparar-se amb els nivells descrits pel Marc Europeu de Refer\u00e8ncia publicat pel Consell d&#8217;Europa.<\/p>\n<ul>\n<li><a href=\"http:\/\/xtec.gencat.cat\/ca\/curriculum\/idiomes\/certificats\/\" target=\"_blank\" rel=\"noopener\">El Marc europeu com\u00fa de refer\u00e8ncia a les EOIs de Catalunya<\/a><\/li>\n<li><a href=\"http:\/\/www.coe.int\/en\/web\/portfolio\" target=\"_blank\" rel=\"noopener\">European Language Portfolio<\/a><\/li>\n<li><a href=\"http:\/\/www.ecml.at\/mtp2\/fte\/pdf\/C3_Epostl_E.pdf\" target=\"_blank\" rel=\"noopener\">Portfolio per als professors d&#8217;idiomes<\/a><\/li>\n<li><a href=\"http:\/\/www.coe.int\/t\/dg4\/linguistic\/Manuel1_EN.asp#TopOfPage\" target=\"_blank\" rel=\"noopener\">Manual per a relacionar ex\u00e0mens amb el Marc Com\u00fa de Refer\u00e8ncia<\/a><\/li>\n<\/ul>\n<p><strong>M\u00e9s informaci\u00f3<\/strong><\/p>\n<ul>\n<li>Apartat de les <a href=\"http:\/\/www.xtec.cat\/eoi\/escoles.html\" target=\"_blank\" rel=\"noopener\">Escoles oficials d&#8217;idiomes a la XTEC<\/a><\/li>\n<\/ul>\n","protected":false},"excerpt":{"rendered":"<p>L&#8217;Escola Oficial d&#8217;Idiomes del Prat es va inaugurar el setembre de 2002 per iniciativa del Departament d&#8217;Ensenyament de la Generalitat de Catalunya. \u00c9s un centre p\u00fablic, no universitari, d&#8217;ensenyament d&#8217;idiomes modern que imparteix els ensenyaments especialitzats regulats per la Llei org\u00e0nica d&#8217;educaci\u00f3 (LOE).<br \/>\nLes escoles oficials&hellip;  <a href=\"https:\/\/agora-eoi.xtec.cat\/eoielprat\/el-servei-educatiu\/presentacio\/\" title=\"Read Presentaci\u00f3\">Llegeix m\u00e9s\u00bb<\/a><\/p>\n","protected":false},"author":1,"featured_media":0,"parent":806,"menu_order":10,"comment_status":"closed","ping_status":"closed","template":"page-templates\/side-menu.php","meta":{"_bbp_topic_count":0,"_bbp_reply_count":0,"_bbp_total_topic_count":0,"_bbp_total_reply_count":0,"_bbp_voice_count":0,"_bbp_anonymous_reply_count":0,"_bbp_topic_count_hidden":0,"_bbp_reply_count_hidden":0,"_bbp_forum_subforum_count":0,"footnotes":""},"class_list":["post-797","page","type-page","status-publish","hentry"],"post_mailing_queue_ids":[],"_links":{"self":[{"href":"https:\/\/agora-eoi.xtec.cat\/eoielprat\/wp-json\/wp\/v2\/pages\/797","targetHints":{"allow":["GET"]}}],"collection":[{"href":"https:\/\/agora-eoi.xtec.cat\/eoielprat\/wp-json\/wp\/v2\/pages"}],"about":[{"href":"https:\/\/agora-eoi.xtec.cat\/eoielprat\/wp-json\/wp\/v2\/types\/page"}],"author":[{"embeddable":true,"href":"https:\/\/agora-eoi.xtec.cat\/eoielprat\/wp-json\/wp\/v2\/users\/1"}],"replies":[{"embeddable":true,"href":"https:\/\/agora-eoi.xtec.cat\/eoielprat\/wp-json\/wp\/v2\/comments?post=797"}],"version-history":[{"count":4,"href":"https:\/\/agora-eoi.xtec.cat\/eoielprat\/wp-json\/wp\/v2\/pages\/797\/revisions"}],"predecessor-version":[{"id":11448,"href":"https:\/\/agora-eoi.xtec.cat\/eoielprat\/wp-json\/wp\/v2\/pages\/797\/revisions\/11448"}],"up":[{"embeddable":true,"href":"https:\/\/agora-eoi.xtec.cat\/eoielprat\/wp-json\/wp\/v2\/pages\/806"}],"wp:attachment":[{"href":"https:\/\/agora-eoi.xtec.cat\/eoielprat\/wp-json\/wp\/v2\/media?parent=797"}],"curies":[{"name":"wp","href":"https:\/\/api.w.org\/{rel}","templated":true}]}}