{"id":608,"date":"2015-11-27T10:04:51","date_gmt":"2015-11-27T09:04:51","guid":{"rendered":"http:\/\/agora-eoi.xtec.cat\/eoielprat\/?page_id=608"},"modified":"2025-09-09T13:45:02","modified_gmt":"2025-09-09T11:45:02","slug":"horari-i-calendari","status":"publish","type":"page","link":"https:\/\/agora-eoi.xtec.cat\/eoielprat\/el-servei-educatiu\/horari-i-calendari\/","title":{"rendered":"Horari d&#8217;obertura del centre"},"content":{"rendered":"<h4><strong>Per\u00edode lectiu\u00a0<\/strong><strong>(a partir del 22 de setembre i fins mitjans de juny)<br \/>\n<\/strong><\/h4>\n<p>Dilluns i dimecres: de 12:00h a 21:00h<\/p>\n<p>Dimarts i dijous: de 9:30h a 21:00h<\/p>\n<p>Divendres: de 9:30 a 13:30<\/p>\n<h4>Per\u00edode no lectiu <strong>(mitjans de juny, juliol i setembre)<\/strong><\/h4>\n<p>L&#8217;horari general de l&#8217;escola pot variar cada setmana, perqu\u00e8 dep\u00e8n de l&#8217;activitat que hi hagi (ex\u00e0mens, matriculacions, reunions&#8230;).<\/p>\n<p>Consulteu l&#8217;horari al nostre web o truqueu abans de venir per confirmar que l&#8217;escola \u00e9s oberta.<strong><br \/>\n<\/strong><\/p>\n<h4>Per\u00edode de vacances \/ festius<\/h4>\n<p>L&#8217;escola romandr\u00e0 tancada al p\u00fablic durant els per\u00edodes de vacances escolars, els dies de festes laborals oficials a Catalunya (reflectits al calendari del curs), els dies de <strong>festa local i els festius de lliure disposici\u00f3. Consulteu el <a href=\"https:\/\/drive.google.com\/file\/d\/1_xRVE5KWp8-BA8CiQi9MgrKLGMK2kYZd\/view?usp=sharing\">Calendari Escolar Alumnat 2025-26<\/a><\/strong><\/p>\n<h4><strong>Altres horaris\u00a0<a href=\"http:\/\/agora-eoi.xtec.cat\/eoielprat\/wp-content\/uploads\/usu2244\/2016\/06\/Clock-96.png\" rel=\"attachment wp-att-8695\"><img loading=\"lazy\" decoding=\"async\" class=\" wp-image-8695 alignright\" src=\"http:\/\/agora-eoi.xtec.cat\/eoielprat\/wp-content\/uploads\/usu2244\/2016\/06\/Clock-96.png\" alt=\"Clock-96\" width=\"69\" height=\"69\" \/><\/a><\/strong><\/h4>\n<ul>\n<li>Per consultar l&#8217;horari de <strong>Secretaria<\/strong>, aneu <a href=\"http:\/\/agora-eoi.xtec.cat\/eoielprat\/secretaria\/horari\/\">aqu\u00ed<\/a>.<\/li>\n<li>Per consultar l&#8217;horari de la <strong>Biblioteca<\/strong>, consulteu-ho directament in situ o a consergeria, at\u00e8s que canvia en funci\u00f3 de les activitats previstes (classes, activitats culturals&#8230;).<\/li>\n<\/ul>\n<div style=\"display: none;\"><\/div>\n","protected":false},"excerpt":{"rendered":"<p>Per\u00edode lectiu\u00a0(a partir del 22 de setembre i fins mitjans de juny)<\/p>\n<p>Dilluns i dimecres: de 12:00h a 21:00h<br \/>\nDimarts i dijous: de 9:30h a 21:00h<br \/>\nDivendres: de 9:30 a 13:30<br \/>\nPer\u00edode no lectiu (mitjans de juny, juliol i setembre)<br \/>\nL&#8217;horari general de l&#8217;escola pot variar cada setmana, perqu\u00e8 dep\u00e8n&hellip;  <a href=\"https:\/\/agora-eoi.xtec.cat\/eoielprat\/el-servei-educatiu\/horari-i-calendari\/\" title=\"Read Horari d&#8217;obertura del centre\">Llegeix m\u00e9s\u00bb<\/a><\/p>\n","protected":false},"author":1,"featured_media":0,"parent":806,"menu_order":30,"comment_status":"closed","ping_status":"closed","template":"page-templates\/side-menu.php","meta":{"_bbp_topic_count":0,"_bbp_reply_count":0,"_bbp_total_topic_count":0,"_bbp_total_reply_count":0,"_bbp_voice_count":0,"_bbp_anonymous_reply_count":0,"_bbp_topic_count_hidden":0,"_bbp_reply_count_hidden":0,"_bbp_forum_subforum_count":0,"footnotes":""},"class_list":["post-608","page","type-page","status-publish","hentry"],"post_mailing_queue_ids":[],"_links":{"self":[{"href":"https:\/\/agora-eoi.xtec.cat\/eoielprat\/wp-json\/wp\/v2\/pages\/608","targetHints":{"allow":["GET"]}}],"collection":[{"href":"https:\/\/agora-eoi.xtec.cat\/eoielprat\/wp-json\/wp\/v2\/pages"}],"about":[{"href":"https:\/\/agora-eoi.xtec.cat\/eoielprat\/wp-json\/wp\/v2\/types\/page"}],"author":[{"embeddable":true,"href":"https:\/\/agora-eoi.xtec.cat\/eoielprat\/wp-json\/wp\/v2\/users\/1"}],"replies":[{"embeddable":true,"href":"https:\/\/agora-eoi.xtec.cat\/eoielprat\/wp-json\/wp\/v2\/comments?post=608"}],"version-history":[{"count":7,"href":"https:\/\/agora-eoi.xtec.cat\/eoielprat\/wp-json\/wp\/v2\/pages\/608\/revisions"}],"predecessor-version":[{"id":12212,"href":"https:\/\/agora-eoi.xtec.cat\/eoielprat\/wp-json\/wp\/v2\/pages\/608\/revisions\/12212"}],"up":[{"embeddable":true,"href":"https:\/\/agora-eoi.xtec.cat\/eoielprat\/wp-json\/wp\/v2\/pages\/806"}],"wp:attachment":[{"href":"https:\/\/agora-eoi.xtec.cat\/eoielprat\/wp-json\/wp\/v2\/media?parent=608"}],"curies":[{"name":"wp","href":"https:\/\/api.w.org\/{rel}","templated":true}]}}