{"id":541,"date":"2015-11-26T17:16:00","date_gmt":"2015-11-26T16:16:00","guid":{"rendered":"http:\/\/agora-eoi.xtec.cat\/eoielprat\/?page_id=541"},"modified":"2020-05-26T17:43:51","modified_gmt":"2020-05-26T15:43:51","slug":"maletes-pedagogiques","status":"publish","type":"page","link":"https:\/\/agora-eoi.xtec.cat\/eoielprat\/maletes-pedagogiques\/","title":{"rendered":"Programa experimental de certificaci\u00f3 de lleng\u00fces estrangeres"},"content":{"rendered":"<p>El Departament crea el\u00a0<strong>Programa experimental de suport a la certificaci\u00f3 dels coneixements de lleng\u00fces estrangeres<\/strong>\u00a0en determinats ensenyaments, i obre convocat\u00f2ria p\u00fablica per a la selecci\u00f3 de centres interessats a formar-ne part a partir del curs 2019-2020.<\/p>\n<p>La finalitat \u00e9s fomentar als centres participants, amb el suport de les Escoles Oficials d&#8217;Idiomes, la certificaci\u00f3 dels coneixements de llengua estrangera, adquirits pels alumnes de determinats ensenyaments de forma que s&#8217;afavoreixi, el progr\u00e9s del rendiment acad\u00e8mic en les lleng\u00fces estrangeres i la millora de la transpar\u00e8ncia de les compet\u00e8ncies adquirides.<\/p>\n<p>El Programa t\u00e9 una durada de 3 cursos.<\/p>\n<p>Poden formar part del Programa, els centres de Catalunya sostinguts amb fons p\u00fablics que imparteixen: educaci\u00f3 secund\u00e0ria obligat\u00f2ria, batxillerat, cicles de formaci\u00f3 professional, cicles d&#8217;arts pl\u00e0stiques i disseny o cicles d&#8217;ensenyaments esportius de r\u00e8gim especial.<\/p>\n<p>Les lleng\u00fces estrangeres s\u00f3n les lleng\u00fces anglesa, francesa, alemanya i italiana, en els nivells B1 i B2.<\/p>\n<p>L&#8217;EOI del Prat \u00e9s el centre de refer\u00e8ncia dels Instituts del Prat: Les Salines i Illa dels Banyols des del curs 2018-19.<\/p>\n","protected":false},"excerpt":{"rendered":"<p>El Departament crea el\u00a0Programa experimental de suport a la certificaci\u00f3 dels coneixements de lleng\u00fces estrangeres\u00a0en determinats ensenyaments, i obre convocat\u00f2ria p\u00fablica per a la selecci\u00f3 de centres interessats a formar-ne part a partir del curs 2019-2020.<br \/>\nLa finalitat \u00e9s fomentar als centres participants, amb el suport&hellip;  <a href=\"https:\/\/agora-eoi.xtec.cat\/eoielprat\/maletes-pedagogiques\/\" title=\"Read Programa experimental de certificaci\u00f3 de lleng\u00fces estrangeres\">Llegeix m\u00e9s\u00bb<\/a><\/p>\n","protected":false},"author":1,"featured_media":0,"parent":0,"menu_order":0,"comment_status":"closed","ping_status":"closed","template":"","meta":{"_bbp_topic_count":0,"_bbp_reply_count":0,"_bbp_total_topic_count":0,"_bbp_total_reply_count":0,"_bbp_voice_count":0,"_bbp_anonymous_reply_count":0,"_bbp_topic_count_hidden":0,"_bbp_reply_count_hidden":0,"_bbp_forum_subforum_count":0,"footnotes":""},"class_list":["post-541","page","type-page","status-publish","hentry"],"post_mailing_queue_ids":[],"_links":{"self":[{"href":"https:\/\/agora-eoi.xtec.cat\/eoielprat\/wp-json\/wp\/v2\/pages\/541","targetHints":{"allow":["GET"]}}],"collection":[{"href":"https:\/\/agora-eoi.xtec.cat\/eoielprat\/wp-json\/wp\/v2\/pages"}],"about":[{"href":"https:\/\/agora-eoi.xtec.cat\/eoielprat\/wp-json\/wp\/v2\/types\/page"}],"author":[{"embeddable":true,"href":"https:\/\/agora-eoi.xtec.cat\/eoielprat\/wp-json\/wp\/v2\/users\/1"}],"replies":[{"embeddable":true,"href":"https:\/\/agora-eoi.xtec.cat\/eoielprat\/wp-json\/wp\/v2\/comments?post=541"}],"version-history":[{"count":4,"href":"https:\/\/agora-eoi.xtec.cat\/eoielprat\/wp-json\/wp\/v2\/pages\/541\/revisions"}],"predecessor-version":[{"id":10091,"href":"https:\/\/agora-eoi.xtec.cat\/eoielprat\/wp-json\/wp\/v2\/pages\/541\/revisions\/10091"}],"wp:attachment":[{"href":"https:\/\/agora-eoi.xtec.cat\/eoielprat\/wp-json\/wp\/v2\/media?parent=541"}],"curies":[{"name":"wp","href":"https:\/\/api.w.org\/{rel}","templated":true}]}}