{"id":12027,"date":"2025-02-25T11:43:26","date_gmt":"2025-02-25T10:43:26","guid":{"rendered":"https:\/\/agora-eoi.xtec.cat\/eoielprat\/?page_id=12027"},"modified":"2026-04-12T22:13:17","modified_gmt":"2026-04-12T20:13:17","slug":"espai-etwinning","status":"publish","type":"page","link":"https:\/\/agora-eoi.xtec.cat\/eoielprat\/espai-etwinning\/","title":{"rendered":"Espai eTwinning"},"content":{"rendered":"<p><img loading=\"lazy\" decoding=\"async\" class=\"alignnone wp-image-12498\" src=\"https:\/\/agora-eoi.xtec.cat\/eoielprat\/wp-content\/uploads\/usu2244\/2026\/04\/logo-ue-5.png\" alt=\"\" width=\"200\" height=\"202\" srcset=\"https:\/\/agora-eoi.xtec.cat\/eoielprat\/wp-content\/uploads\/usu2244\/2026\/04\/logo-ue-5.png 910w, https:\/\/agora-eoi.xtec.cat\/eoielprat\/wp-content\/uploads\/usu2244\/2026\/04\/logo-ue-5-296x300.png 296w, https:\/\/agora-eoi.xtec.cat\/eoielprat\/wp-content\/uploads\/usu2244\/2026\/04\/logo-ue-5-768x778.png 768w\" sizes=\"auto, (max-width: 200px) 100vw, 200px\" \/><img loading=\"lazy\" decoding=\"async\" class=\"alignnone wp-image-12496\" src=\"https:\/\/agora-eoi.xtec.cat\/eoielprat\/wp-content\/uploads\/usu2244\/2026\/04\/erasmus-plus.png\" alt=\"\" width=\"357\" height=\"201\" srcset=\"https:\/\/agora-eoi.xtec.cat\/eoielprat\/wp-content\/uploads\/usu2244\/2026\/04\/erasmus-plus.png 1920w, https:\/\/agora-eoi.xtec.cat\/eoielprat\/wp-content\/uploads\/usu2244\/2026\/04\/erasmus-plus-300x169.png 300w, https:\/\/agora-eoi.xtec.cat\/eoielprat\/wp-content\/uploads\/usu2244\/2026\/04\/erasmus-plus-1024x576.png 1024w, https:\/\/agora-eoi.xtec.cat\/eoielprat\/wp-content\/uploads\/usu2244\/2026\/04\/erasmus-plus-768x432.png 768w, https:\/\/agora-eoi.xtec.cat\/eoielprat\/wp-content\/uploads\/usu2244\/2026\/04\/erasmus-plus-1536x864.png 1536w\" sizes=\"auto, (max-width: 357px) 100vw, 357px\" \/><\/p>\n<p>&nbsp;<\/p>\n<p><strong>1. Grundtvig (setembre 2008 &#8211; juliol 2010, total: dos cursos acad\u00e8mics)<\/strong><\/p>\n<ul>\n<li><strong>T\u00edtol del projecte:<\/strong> &#8220;Europa necessita gent gran activa&#8221;<\/li>\n<li><strong>Participants:<\/strong> alumnat d\u2019angl\u00e8s, franc\u00e8s i alemany del nostre centre. Mobilitat d\u2019alumnat i professorat, cinc mobilitats en total.<\/li>\n<li><strong>Socis:<\/strong> institucions d\u2019educaci\u00f3 d\u2019adults de Pol\u00f2nia, Gr\u00e8cia, Turquia, It\u00e0lia i Portugal<\/li>\n<\/ul>\n<p><strong>2. eTwinning 1, curs 2021-2022<\/strong><\/p>\n<ul>\n<li><strong>T\u00edtol del projecte:<\/strong> &#8220;Deutsch in Dialogen&#8221; (<a href=\"https:\/\/school-education.ec.europa.eu\/en\/etwinning\/projects\/deutsch-dialogen\">https:\/\/school-education.ec.europa.eu\/en\/etwinning\/projects\/deutsch-dialogen<\/a>)<\/li>\n<li><strong>Participants:<\/strong> alumnat d\u2019alemany del nostre centre<\/li>\n<li><strong>Socis:<\/strong> EOI Coru\u00f1a, EOI El Prat, Liceum og\u00f3lnokszta\u0142c\u0105ce<\/li>\n<\/ul>\n<p><strong>3. eTwinning 2, curs 2023-2024<\/strong><\/p>\n<ul>\n<li><strong>T\u00edtol del projecte:<\/strong> &#8220;Unveiling Europe&#8217;s fashion&#8221;: <a href=\"https:\/\/school-education.ec.europa.eu\/en\/etwinning\/projects\/unveilingeuropes-fashion\">https:\/\/school-education.ec.europa.eu\/en\/etwinning\/projects\/unveilingeuropes-fashion<\/a><\/li>\n<li><strong>Participants:<\/strong> alumnat d\u2019alemany<\/li>\n<li><strong>Socis:<\/strong> EOI A Coru\u00f1a, EOI de El Prat, Bursa Erkek Lisesi (Osmangazi, Turquia), Campus &#8220;Leonardo da Vinci&#8221; (Umbertide, It\u00e0lia), \u015eehremini Anadolu Lisesi (Fatih, Turquia), IES Palomeras Vallecas, Lyc\u00e9e polyvalent Paul Langevin (Saint-Genevi\u00e8ve-des-Bois), Lyc\u00e9e Edouard Herriot (Sainte-Savine), \u0130STANBULLUO\u011eLU Sosyal Bilimler Lisesi (Turquia), EOI Ourense, San Vicente de Pa\u00fal (Cartagena), Gazi Anadolu Lisesi (\u00c7ankaya, Turquia).<\/li>\n<\/ul>\n<p>Aquest projecte va obtenir el <strong>Segell de Qualitat Nacional<\/strong> i el <strong>Segell de Qualitat Europeu<\/strong>.<\/p>\n<p>A banda de voler participar en una mobilitat KA122, tenim moltes ganes de formar part de l\u2019Espai Europeu d\u2019Educaci\u00f3 i d\u2019esdevenir centre acollidor, tal com demostra el <em>job shadowing<\/em> que acollirem de dues professores de l\u2019Institut f\u00fcr Bildungswissenschaft de Viena, que visitaran el nostre centre per investigar com treballem la tecnologia a l\u2019aula. La visita tindr\u00e0 lloc entre els dies 5 i 10 de maig de 2025. A continuaci\u00f3, trobareu m\u00e9s dades al respecte:<\/p>\n<ul>\n<li><strong>N\u00famero d\u2019organitzaci\u00f3:<\/strong> E10343845<\/li>\n<li><strong>N\u00famero de projecte:<\/strong> 2024-1-AT01-KA122-SCH-000240707<\/li>\n<li><strong>T\u00edtol del projecte:<\/strong> &#8220;Travelling expertise: Innovative Lehr- und Lernstrategien zur F\u00f6rderung des Sprachenunterrichts und projektbasierter Vorhaben sowie Global Citizenship Education durch internationale Kooperationen zwischen europ\u00e4ischen Bildungseinrichtungen&#8221;<\/li>\n<\/ul>\n<p>4. eTwinning 3, curs 2024-2025. El nostre projecte, anomenat, &#8220;<strong data-start=\"86\" data-end=\"142\"><a href=\"http:\/\/TwinSpace EOI- Tracking Down Our Industrial and Historical Heritage\">Tracking down our Industrial and Historical Legacy<\/a>&#8220;<\/strong>, i t\u00e9 com a objectiu seguir el passat industrial de les nostres zones de proximitat fins a l\u2019actualitat, aix\u00ed com documentar la transformaci\u00f3 arquitect\u00f2nica i la manera com s\u2019han reutilitzat els edificis.<\/p>\n","protected":false},"excerpt":{"rendered":"<p>&nbsp;<br \/>\n1. Grundtvig (setembre 2008 &#8211; juliol 2010, total: dos cursos acad\u00e8mics)<\/p>\n<ul>\n<li>T\u00edtol del projecte: &#8220;Europa necessita gent gran activa&#8221;<\/li>\n<li>Participants: alumnat d\u2019angl\u00e8s, franc\u00e8s i alemany del nostre centre. Mobilitat d\u2019alumnat i professorat, cinc mobilitats en total.<\/li>\n<li>Socis: institucions d\u2019educaci\u00f3 d\u2019adults de Pol\u00f2nia, Gr\u00e8cia, Turquia, It\u00e0lia i Portugal<\/li>\n<\/ul>\n<p>2. eTwinning&hellip;  <a href=\"https:\/\/agora-eoi.xtec.cat\/eoielprat\/espai-etwinning\/\" title=\"Read Espai eTwinning\">Llegeix m\u00e9s\u00bb<\/a><\/p>\n","protected":false},"author":1,"featured_media":0,"parent":0,"menu_order":0,"comment_status":"closed","ping_status":"closed","template":"","meta":{"_bbp_topic_count":0,"_bbp_reply_count":0,"_bbp_total_topic_count":0,"_bbp_total_reply_count":0,"_bbp_voice_count":0,"_bbp_anonymous_reply_count":0,"_bbp_topic_count_hidden":0,"_bbp_reply_count_hidden":0,"_bbp_forum_subforum_count":0,"footnotes":""},"class_list":["post-12027","page","type-page","status-publish","hentry"],"post_mailing_queue_ids":[],"_links":{"self":[{"href":"https:\/\/agora-eoi.xtec.cat\/eoielprat\/wp-json\/wp\/v2\/pages\/12027","targetHints":{"allow":["GET"]}}],"collection":[{"href":"https:\/\/agora-eoi.xtec.cat\/eoielprat\/wp-json\/wp\/v2\/pages"}],"about":[{"href":"https:\/\/agora-eoi.xtec.cat\/eoielprat\/wp-json\/wp\/v2\/types\/page"}],"author":[{"embeddable":true,"href":"https:\/\/agora-eoi.xtec.cat\/eoielprat\/wp-json\/wp\/v2\/users\/1"}],"replies":[{"embeddable":true,"href":"https:\/\/agora-eoi.xtec.cat\/eoielprat\/wp-json\/wp\/v2\/comments?post=12027"}],"version-history":[{"count":3,"href":"https:\/\/agora-eoi.xtec.cat\/eoielprat\/wp-json\/wp\/v2\/pages\/12027\/revisions"}],"predecessor-version":[{"id":12507,"href":"https:\/\/agora-eoi.xtec.cat\/eoielprat\/wp-json\/wp\/v2\/pages\/12027\/revisions\/12507"}],"wp:attachment":[{"href":"https:\/\/agora-eoi.xtec.cat\/eoielprat\/wp-json\/wp\/v2\/media?parent=12027"}],"curies":[{"name":"wp","href":"https:\/\/api.w.org\/{rel}","templated":true}]}}