{"id":11755,"date":"2024-07-08T22:58:56","date_gmt":"2024-07-08T20:58:56","guid":{"rendered":"https:\/\/agora-eoi.xtec.cat\/eoielprat\/?page_id=11755"},"modified":"2024-08-31T21:59:28","modified_gmt":"2024-08-31T19:59:28","slug":"cursos-dactualitzacio","status":"publish","type":"page","link":"https:\/\/agora-eoi.xtec.cat\/eoielprat\/cursos-dactualitzacio\/","title":{"rendered":"Matr\u00edcula d&#8217;actualitzaci\u00f3 ling\u00fc\u00edstica"},"content":{"rendered":"<p>Les persones que ja hagin cursat i superat amb anterioritat cursos de les escoles oficials d\u2019idiomes, i que vulguin actualitzar-ne els coneixements, poden sol\u00b7licitar matricular-se de nou en l\u2019\u00faltim curs realitzat o en qualsevol dels nivells inferiors.<\/p>\n<p>La sol\u00b7licitud per a aquest tipus de matr\u00edcula s\u2019ha de presentar al centre una vegada finalitzat el per\u00edode d\u2019admissi\u00f3 del setembre, i nom\u00e9s s\u2019admet si existeixen vacants en el curs sol\u00b7licitat. La sol\u00b7licitud \u00e9s valida \u00fanicament per al curs acad\u00e8mic en qu\u00e8 se sol\u00b7licita i s\u2019ha de tornar a presentar per a cursos acad\u00e8mics posteriors, si l\u2019alumne\/a ho vol.<\/p>\n<p>Aquest tipus de matr\u00edcula no t\u00e9 efectes acad\u00e8mics ni dona lloc a cap certificat oficial. La qualificaci\u00f3 que es fa constar a l\u2019expedient acad\u00e8mic de l\u2019alumne\/a \u00e9s de \u201cno qualificat\/ada\u201d.<\/p>\n<p>En el cas dels cursos que condueixen a l\u2019obtenci\u00f3 d\u2019un certificat, els\/les alumnes en aquesta situaci\u00f3 acad\u00e8mica no tenen dret a sol\u00b7licitar una nova expedici\u00f3 del certificat obtingut anteriorment, per\u00f2 poden sol\u00b7licitar un certificat d\u2019actualitzaci\u00f3 al centre on estiguin matriculats\/des.<\/p>\n<p>Pel que fa al preu del servei, aquest alumnat ha de pagar la taxa o el preu p\u00fablic corresponent, sense penalitzaci\u00f3 per repetici\u00f3.<\/p>\n<p>Durant un mateix curs acad\u00e8mic no es pot simultaniejar una matr\u00edcula ordin\u00e0ria als ensenyaments presencials amb una matr\u00edcula d\u2019actualitzaci\u00f3 del mateix idioma.<\/p>\n<div style=\"display: none;\"><\/div>\n","protected":false},"excerpt":{"rendered":"<p>Les persones que ja hagin cursat i superat amb anterioritat cursos de les escoles oficials d\u2019idiomes, i que vulguin actualitzar-ne els coneixements, poden sol\u00b7licitar matricular-se de nou en l\u2019\u00faltim curs realitzat o en qualsevol dels nivells inferiors.<br \/>\nLa sol\u00b7licitud per a aquest tipus de matr\u00edcula s\u2019ha&hellip;  <a href=\"https:\/\/agora-eoi.xtec.cat\/eoielprat\/cursos-dactualitzacio\/\" title=\"Read Matr\u00edcula d&#8217;actualitzaci\u00f3 ling\u00fc\u00edstica\">Llegeix m\u00e9s\u00bb<\/a><\/p>\n","protected":false},"author":1,"featured_media":0,"parent":0,"menu_order":0,"comment_status":"closed","ping_status":"closed","template":"","meta":{"_bbp_topic_count":0,"_bbp_reply_count":0,"_bbp_total_topic_count":0,"_bbp_total_reply_count":0,"_bbp_voice_count":0,"_bbp_anonymous_reply_count":0,"_bbp_topic_count_hidden":0,"_bbp_reply_count_hidden":0,"_bbp_forum_subforum_count":0,"footnotes":""},"class_list":["post-11755","page","type-page","status-publish","hentry"],"post_mailing_queue_ids":[],"_links":{"self":[{"href":"https:\/\/agora-eoi.xtec.cat\/eoielprat\/wp-json\/wp\/v2\/pages\/11755","targetHints":{"allow":["GET"]}}],"collection":[{"href":"https:\/\/agora-eoi.xtec.cat\/eoielprat\/wp-json\/wp\/v2\/pages"}],"about":[{"href":"https:\/\/agora-eoi.xtec.cat\/eoielprat\/wp-json\/wp\/v2\/types\/page"}],"author":[{"embeddable":true,"href":"https:\/\/agora-eoi.xtec.cat\/eoielprat\/wp-json\/wp\/v2\/users\/1"}],"replies":[{"embeddable":true,"href":"https:\/\/agora-eoi.xtec.cat\/eoielprat\/wp-json\/wp\/v2\/comments?post=11755"}],"version-history":[{"count":4,"href":"https:\/\/agora-eoi.xtec.cat\/eoielprat\/wp-json\/wp\/v2\/pages\/11755\/revisions"}],"predecessor-version":[{"id":11843,"href":"https:\/\/agora-eoi.xtec.cat\/eoielprat\/wp-json\/wp\/v2\/pages\/11755\/revisions\/11843"}],"wp:attachment":[{"href":"https:\/\/agora-eoi.xtec.cat\/eoielprat\/wp-json\/wp\/v2\/media?parent=11755"}],"curies":[{"name":"wp","href":"https:\/\/api.w.org\/{rel}","templated":true}]}}