{"id":11374,"date":"2023-07-17T17:34:03","date_gmt":"2023-07-17T15:34:03","guid":{"rendered":"https:\/\/agora-eoi.xtec.cat\/eoielprat\/?page_id=11374"},"modified":"2024-08-31T21:46:54","modified_gmt":"2024-08-31T19:46:54","slug":"qui-som","status":"publish","type":"page","link":"https:\/\/agora-eoi.xtec.cat\/eoielprat\/qui-som\/","title":{"rendered":"Qui som?"},"content":{"rendered":"<p>Som una escola p\u00fablica d&#8217;idiomes ubicada al Prat de Llobregat que dep\u00e8n del Departament d&#8217;Educaci\u00f3 de la Generalitat de Catalunya.<\/p>\n<p>A la nostra escola s&#8217;hi pot aprendre alemany (fins al nivell B2.1), angl\u00e8s (fins al C2.2) i franc\u00e8s (fins al B2) en diferents franges hor\u00e0ries (mat\u00ed, migdia, tarda i vespre, presencialment o semipresencialment). El curs acad\u00e8mic va des de setembre fins a maig\/juny.<\/p>\n<p>Tamb\u00e9 examinem els certificats oficials dels idiomes que impartim i els que ens encarrega la Generalitat per a candidats lliures (persones que no son alumnes del centre i nom\u00e9s volen examiar-se per aconseguir un t\u00edtol d&#8217;idiomes) i alumnat dels instituts de secund\u00e0ria vinculats.<\/p>\n<p>Paral\u00b7lelament tamb\u00e9 impartim altres cursos, de durada inferior a un curs acad\u00e8mic, segons la demanda i la disponibilitat (cursos monogr\u00e0fics de llengua, preparatoris, cursos intensius d&#8217;estiu, cursos per a professionals del sector tur\u00edstic&#8230;). Consulteu el nostre web per a obtenir informaci\u00f3 actualitzada de cada curs.<\/p>\n","protected":false},"excerpt":{"rendered":"<p>Som una escola p\u00fablica d&#8217;idiomes ubicada al Prat de Llobregat que dep\u00e8n del Departament d&#8217;Educaci\u00f3 de la Generalitat de Catalunya.<br \/>\nA la nostra escola s&#8217;hi pot aprendre alemany (fins al nivell B2.1), angl\u00e8s (fins al C2.2) i franc\u00e8s (fins al B2) en diferents franges hor\u00e0ries (mat\u00ed,&hellip;  <a href=\"https:\/\/agora-eoi.xtec.cat\/eoielprat\/qui-som\/\" title=\"Read Qui som?\">Llegeix m\u00e9s\u00bb<\/a><\/p>\n","protected":false},"author":1,"featured_media":0,"parent":0,"menu_order":0,"comment_status":"closed","ping_status":"closed","template":"","meta":{"_bbp_topic_count":0,"_bbp_reply_count":0,"_bbp_total_topic_count":0,"_bbp_total_reply_count":0,"_bbp_voice_count":0,"_bbp_anonymous_reply_count":0,"_bbp_topic_count_hidden":0,"_bbp_reply_count_hidden":0,"_bbp_forum_subforum_count":0,"footnotes":""},"class_list":["post-11374","page","type-page","status-publish","hentry"],"post_mailing_queue_ids":[],"_links":{"self":[{"href":"https:\/\/agora-eoi.xtec.cat\/eoielprat\/wp-json\/wp\/v2\/pages\/11374","targetHints":{"allow":["GET"]}}],"collection":[{"href":"https:\/\/agora-eoi.xtec.cat\/eoielprat\/wp-json\/wp\/v2\/pages"}],"about":[{"href":"https:\/\/agora-eoi.xtec.cat\/eoielprat\/wp-json\/wp\/v2\/types\/page"}],"author":[{"embeddable":true,"href":"https:\/\/agora-eoi.xtec.cat\/eoielprat\/wp-json\/wp\/v2\/users\/1"}],"replies":[{"embeddable":true,"href":"https:\/\/agora-eoi.xtec.cat\/eoielprat\/wp-json\/wp\/v2\/comments?post=11374"}],"version-history":[{"count":3,"href":"https:\/\/agora-eoi.xtec.cat\/eoielprat\/wp-json\/wp\/v2\/pages\/11374\/revisions"}],"predecessor-version":[{"id":11838,"href":"https:\/\/agora-eoi.xtec.cat\/eoielprat\/wp-json\/wp\/v2\/pages\/11374\/revisions\/11838"}],"wp:attachment":[{"href":"https:\/\/agora-eoi.xtec.cat\/eoielprat\/wp-json\/wp\/v2\/media?parent=11374"}],"curies":[{"name":"wp","href":"https:\/\/api.w.org\/{rel}","templated":true}]}}