{"id":10954,"date":"2022-05-17T11:05:48","date_gmt":"2022-05-17T09:05:48","guid":{"rendered":"https:\/\/agora-eoi.xtec.cat\/eoielprat\/?page_id=10954"},"modified":"2024-08-31T22:16:38","modified_gmt":"2024-08-31T20:16:38","slug":"preus-publics-i-taxes-dels-cursos-anuals","status":"publish","type":"page","link":"https:\/\/agora-eoi.xtec.cat\/eoielprat\/preus-publics-i-taxes-dels-cursos-anuals\/","title":{"rendered":"Preus p\u00fablics i taxes dels cursos anuals"},"content":{"rendered":"<header class=\"entry-header\">Aquesta informaci\u00f3 \u00e9s un <strong>extracte<\/strong> de la informaci\u00f3 oficial publicada pel Departament d&#8217;Educaci\u00f3 i pot ser que <strong>no estigui actualitzada<\/strong> del tot. Consulta en <strong>aquests enlla\u00e7os la informaci\u00f3 completa i actualitzada<\/strong> amb totes les novetats i gratu\u00eftats aplicables als <a href=\"https:\/\/educacio.gencat.cat\/ca\/departament\/normativa\/taxes-preus-publics\/preu-public\/\" target=\"_blank\" rel=\"noopener\">preus p\u00fablics<\/a> i a les <a href=\"https:\/\/educacio.gencat.cat\/ca\/departament\/normativa\/taxes-preus-publics\/taxes\/\" target=\"_blank\" rel=\"noopener\">taxes<\/a>.<\/p>\n<p>Tingues en compte tamb\u00e9 que s\u2019aplica un\u00a0<strong>coeficient de penalitzaci\u00f3<\/strong>\u00a0d\u20191,3 per la primera repetici\u00f3 d\u2019un curs, i d\u20191,8 per la segona. Per a aquests imports, per\u00f2, s\u00f3n igualment v\u00e0lids els\u00a0<strong>descomptes i gratu\u00eftats aplicables a les primeres matr\u00edcules.<\/strong><\/p>\n<p>Segons l&#8217;ORDRE EDU\/114\/2021, a banda de la matr\u00edcula, cal pagar <strong>30\u20ac<\/strong> per l&#8217;acc\u00e9s a la plataforma i materials did\u00e0ctics de les EOI. Aquest pagament \u00e9s obligatori i est\u00e0 subjecte a <strong>bonificacions o exempcions<\/strong> (m\u00e9s informaci\u00f3 <a href=\"https:\/\/educacio.gencat.cat\/ca\/departament\/normativa\/taxes-preus-publics\/preu-public\/\" target=\"_blank\" rel=\"noopener\">aqu\u00ed<\/a>) i als rec\u00e0rrecs per repetici\u00f3. L&#8217;import d&#8217;aquesta aportaci\u00f3 s&#8217;ha de sumar als preus de les matr\u00edcules seg\u00fcents.<\/p>\n<p>&nbsp;<\/p>\n<p><b style=\"font-size: 1em;\">PREUS P\u00daBLICS: NIVELLS A1, A2, C1 I C2<\/b><\/p>\n<\/header>\n<div class=\"entry-content\">\n<table style=\"width: 94.3663%; height: 333px;\">\n<tbody>\n<tr style=\"height: 61px;\">\n<td style=\"width: 23.5775%; height: 61px;\">\n<h6><b>\u00a0<\/b><\/h6>\n<\/td>\n<td style=\"width: 27.4128%; height: 61px;\">\n<h6><b>Preu p\u00fablic ordinari**<\/b><\/h6>\n<\/td>\n<td style=\"width: 28.5552%; height: 61px;\">\n<h6><b>Descompte del 50%**<\/b><\/h6>\n<\/td>\n<td style=\"width: 18.558%; height: 61px;\">\n<h6><b>Exempci\u00f3<\/b><\/h6>\n<\/td>\n<\/tr>\n<tr>\n<td style=\"width: 23.5775%;\"><strong>1\u00aa matr\u00edcula<\/strong><\/p>\n<p>i matr\u00edcula d&#8217;actualitzaci\u00f3*<\/td>\n<td style=\"width: 27.4128%; height: 57px;\">\n<p align=\"center\"><strong>275,00 \u20ac<\/strong><\/p>\n<\/td>\n<td style=\"width: 28.5552%; height: 57px;\">\n<p align=\"center\"><strong>137,50 \u20ac<\/strong><\/p>\n<\/td>\n<td style=\"width: 18.558%; height: 57px;\">Matr\u00edcula <b>gratu\u00efta<\/b><\/td>\n<\/tr>\n<tr>\n<td style=\"width: 23.5775%;\"><strong>2\u00aa matr\u00edcula\u00a0<\/strong><\/p>\n<p><strong>(1 repetici\u00f3 = 1\u00aa matr\u00edcula x 1,3)<\/strong><\/td>\n<td style=\"width: 27.4128%; height: 97px;\">\n<p align=\"center\"><strong>357,50 \u20ac<\/strong><\/p>\n<\/td>\n<td style=\"width: 28.5552%; height: 97px;\">\n<p align=\"center\"><strong>178,75 \u20ac<\/strong><\/p>\n<\/td>\n<td style=\"width: 18.558%; height: 97px;\">Matr\u00edcula <b>gratu\u00efta<\/b><\/td>\n<\/tr>\n<tr>\n<td style=\"width: 23.5775%;\"><strong>3a matr\u00edcula<\/strong><\/p>\n<p><strong>(2 repeticions = 1\u00aa matr\u00edcula x 1,8)<\/strong><\/td>\n<td style=\"width: 27.4128%; height: 97px;\">\n<p align=\"center\"><strong>495,00 \u20ac<\/strong><\/p>\n<\/td>\n<td style=\"width: 28.5552%; height: 97px;\">\n<p align=\"center\"><strong>243,50 \u20ac<\/strong><\/p>\n<\/td>\n<td style=\"width: 18.558%; height: 97px;\">Matr\u00edcula <b>gratu\u00efta<\/b><\/td>\n<\/tr>\n<\/tbody>\n<\/table>\n<p>&nbsp;<\/p>\n<p><b>TAXES: NIVELLS B1 I B2<\/b><\/p>\n<table style=\"width: 94.1621%; height: 298px;\">\n<tbody>\n<tr>\n<td style=\"width: 24.6223%;\">\n<h6><\/h6>\n<\/td>\n<td style=\"width: 27.3414%;\">\n<h6><b>Taxes ordin\u00e0ries**<\/b><\/h6>\n<\/td>\n<td style=\"width: 28.852%;\">\n<h6><b>Descompte del 50%**<\/b><\/h6>\n<\/td>\n<td style=\"width: 18.9189%;\">\n<h6><b>Exempci\u00f3<\/b><\/h6>\n<\/td>\n<\/tr>\n<tr>\n<td style=\"width: 24.6223%;\"><strong>1\u00aa matr\u00edcula<\/strong><\/p>\n<p>i matr\u00edcula d&#8217;actualitzaci\u00f3*<\/td>\n<td style=\"width: 27.3414%;\">\n<p align=\"center\"><strong>297,60 \u20ac<\/strong><\/p>\n<\/td>\n<td style=\"width: 28.852%;\">\n<p align=\"center\"><strong>148,80 \u20ac<\/strong><\/p>\n<\/td>\n<td style=\"width: 18.9189%;\">Matr\u00edcula\u00a0 <b>gratu\u00efta<\/b><\/td>\n<\/tr>\n<tr>\n<td style=\"width: 24.6223%;\"><strong>2\u00aa matr\u00edcula\u00a0<\/strong><\/p>\n<p><strong>(1 repetici\u00f3 = 1\u00aa matr\u00edcula x 1,3)<\/strong><\/td>\n<td style=\"width: 27.3414%;\">\n<p align=\"center\"><strong>386,90 \u20ac<\/strong><\/p>\n<\/td>\n<td style=\"width: 28.852%;\">\n<p align=\"center\"><strong>193,45 \u20ac<\/strong><\/p>\n<\/td>\n<td style=\"width: 18.9189%;\">Matr\u00edcula\u00a0 <b>gratu\u00efta<\/b><\/td>\n<\/tr>\n<tr>\n<td style=\"width: 24.6223%;\"><strong>3a matr\u00edcula<\/strong><\/p>\n<p><strong>(2 repeticions = 1\u00aa matr\u00edcula x 1,8)<\/strong><\/td>\n<td style=\"width: 27.3414%;\">\n<p align=\"center\"><strong>535,70 \u20ac<\/strong><\/p>\n<\/td>\n<td style=\"width: 28.852%;\">\n<p align=\"center\"><strong>267,85 \u20ac<\/strong><\/p>\n<\/td>\n<td style=\"width: 18.9189%;\">Matr\u00edcula\u00a0 <b>gratu\u00efta<\/b><\/td>\n<\/tr>\n<\/tbody>\n<\/table>\n<\/div>\n<p>*La matr\u00edcula d&#8217;actualitzaci\u00f3 consisteix en repetir un curs que ja s&#8217;ha aprovat anteriorment per repassar o actualitzar coneixements. Aquesta matricula permet tornar a cursar el nivell, sense examinar-se. Acad\u00e8micament no implica cap variaci\u00f3 (no compta com a nota ni per a convocat\u00f2ries).<\/p>\n<p>**A aquests imports cal sumar-hi la quota de 30\u20ac o la que en resulti despr\u00e9s d&#8217;aplicar les possibles bonificacions o penalitzacions per repetici\u00f3.<\/p>\n<p>&nbsp;<\/p>\n<p><strong style=\"font-family: inherit; font-size: 1em;\">ALUMNAT LLIURE<\/strong><\/p>\n<div class=\"entry-content\">\n<p>Matr\u00edcula i drets d&#8217;examen del certificat del nivell intermedi: 78,40 euros.<\/p>\n<p>Matr\u00edcula i drets d&#8217;examen del certificat del nivell avan\u00e7at: 96,65 euros.<\/p>\n<\/div>\n<p>&nbsp;<\/p>\n<p><strong>TAXES PER A L&#8217;EXPEDICI\u00d3 DE T\u00cdTOLS<\/strong><\/p>\n<table style=\"width: 100%;\" border=\"1\" width=\"100%\" cellspacing=\"0\" cellpadding=\"0\">\n<tbody>\n<tr>\n<td style=\"width: 41.6785%;\"><strong>T\u00cdTOL<\/strong><\/td>\n<td style=\"width: 28.7339%;\"><strong>TAXA ORDIN\u00c0RIA<\/strong><\/td>\n<td style=\"width: 29.3031%;\"><strong>TAXA BONIFICADA<\/strong><\/td>\n<\/tr>\n<tr>\n<td style=\"width: 41.6785%;\">CERTIFICAT DE NIVELL INTERMEDI B2<\/td>\n<td style=\"width: 28.7339%;\">78 \u20ac<\/td>\n<td style=\"width: 29.3031%;\">39 \u20ac<\/td>\n<\/tr>\n<tr>\n<td style=\"width: 41.6785%;\">CERTIFICAT DE C1 o C2<\/td>\n<td style=\"width: 28.7339%;\">78 \u20ac<\/td>\n<td style=\"width: 29.3031%;\">39 \u20ac<\/td>\n<\/tr>\n<tr>\n<td style=\"width: 41.6785%;\">EXPEDICI\u00d3 DE DUPLICATS<\/td>\n<td style=\"width: 28.7339%;\">17,25\u20ac<\/td>\n<td style=\"width: 29.3031%;\">NO HI HA BONIFICACI\u00d3<\/td>\n<\/tr>\n<\/tbody>\n<\/table>\n<p>&nbsp;<\/p>\n<p><em><strong>ASSOCIACI\u00d3 D&#8217;ALUMNES I EXALUMNES<\/strong><\/em><\/p>\n<p><em>Un cop estigui constitu\u00efda l&#8217;associaci\u00f3 d&#8217;alumnes i exalumnes, s&#8217;haur\u00e0 de pagar la quota corresponent a l&#8217;Associaci\u00f3 si es vol prendre part a les activitats que organitzin (classes de conversa, sortides&#8230;)<\/em><\/p>\n<p>&nbsp;<\/p>\n<div class=\"entry-content\">\n<h6><strong>M\u00c9S INFORMACI\u00d3 I NORMATIVA DE REFER\u00c8NCIA<\/strong><\/h6>\n<p><strong>Sobre els preus p\u00fablics (Nivell B\u00e0sic), C1 i C2<\/strong><\/p>\n<ul>\n<li><a href=\"https:\/\/educacio.gencat.cat\/ca\/departament\/normativa\/taxes-preus-publics\/preu-public\/\" target=\"_blank\" rel=\"noopener\">Web del Departament d\u2019Educaci\u00f3<\/a><\/li>\n<li><a href=\"https:\/\/dogc.gencat.cat\/ca\/document-del-dogc\/?documentId=902034\" target=\"_blank\" rel=\"noopener\">ORDRE EDU\/114\/2021, de 25 de maig, per la qual es modifica l\u2019Ordre EDU\/155\/2020, de 18 de setembre, per la qual se suprimeixen, es creen i s\u2019actualitzen els preus p\u00fablics i els imports de determinats ensenyaments i serveis docents de les escoles oficials d\u2019idiomes del Departament d\u2019Educaci\u00f3<\/a><\/li>\n<li><a href=\"https:\/\/dogc.gencat.cat\/ca\/document-del-dogc\/?documentId=882082\" target=\"_blank\" rel=\"noopener\">ORDRE EDU\/155\/2020, de 18 de setembre, per la qual se suprimeixen, es creen i s\u2019actualitzen els preus p\u00fablics i els imports de determinats ensenyaments i serveis docents de les escoles oficials d\u2019idiomes del Departament d\u2019Educaci\u00f3<\/a><\/li>\n<\/ul>\n<p><strong>Sobre les taxes (Nivell Intermedi i Avan\u00e7at)<\/strong><\/p>\n<ul>\n<li><a href=\"https:\/\/educacio.gencat.cat\/ca\/departament\/normativa\/taxes-preus-publics\/taxes\/\" target=\"_blank\" rel=\"noopener\">Web del Departament d\u2019Educaci\u00f3<\/a><\/li>\n<li><a href=\"https:\/\/portaldogc.gencat.cat\/utilsEADOP\/PDF\/8614\/1892593.pdf\" target=\"_blank\" rel=\"noopener\">ORDRE EDU\/17\/2022, de 16 de febrer, per la qual es d\u00f3na publicitat de les taxes vigents que gestiona el Departament d\u2019Educaci\u00f3<\/a><\/li>\n<li><a href=\"https:\/\/portaldogc.gencat.cat\/utilsEADOP\/PDF\/8575\/1885251.pdf\" target=\"_blank\" rel=\"noopener\">LLEI 1\/2021, del 29 de desembre, de pressupostos de la Generalitat de Catalunya per al 2022<\/a><\/li>\n<li><a href=\"https:\/\/dogc.gencat.cat\/ca\/document-del-dogc\/?documentId=872726\" target=\"_blank\" rel=\"noopener\">LLEI 5\/2020, del 29 d\u2019abril, de mesures fiscals, financeres, administratives i del sector p\u00fablic i de creaci\u00f3 de l\u2019impost sobre les instal\u00b7lacions que incideixen en el medi ambient<\/a><\/li>\n<li id=\"last\" class=\"list-group-item col-sm-12 ico_\"><a title=\"Aquest enlla\u00e7 s'obre en una nova pestanya: Decret Legislatiu 3\/2008, de 25 de juny,\" href=\"https:\/\/dibaaps.diba.cat\/vnis\/temp\/CIDO_dogc_2008_06_20080627_08170143.pdf\" target=\"_blank\" rel=\"noopener\">Decret Legislatiu 3\/2008, de 25 de juny, pel qual s\u2019aprova el Text ref\u00f3s de la Llei de taxes i preus p\u00fablics de la Generalitat de Catalunya<\/a><\/li>\n<\/ul>\n<\/div>\n","protected":false},"excerpt":{"rendered":"<p>Aquesta informaci\u00f3 \u00e9s un extracte de la informaci\u00f3 oficial publicada pel Departament d&#8217;Educaci\u00f3 i pot ser que no estigui actualitzada del tot. Consulta en aquests enlla\u00e7os la informaci\u00f3 completa i actualitzada amb totes les novetats i gratu\u00eftats aplicables als <a href=\"https:\/\/educacio.gencat.cat\/ca\/departament\/normativa\/taxes-preus-publics\/preu-public\/\" target=\"_blank\" rel=\"noopener\">preus p\u00fablics<\/a> i&hellip;  <a href=\"https:\/\/agora-eoi.xtec.cat\/eoielprat\/preus-publics-i-taxes-dels-cursos-anuals\/\" title=\"Read Preus p\u00fablics i taxes dels cursos anuals\">Llegeix m\u00e9s\u00bb<\/a><\/p>\n","protected":false},"author":1,"featured_media":0,"parent":0,"menu_order":0,"comment_status":"closed","ping_status":"closed","template":"","meta":{"_bbp_topic_count":0,"_bbp_reply_count":0,"_bbp_total_topic_count":0,"_bbp_total_reply_count":0,"_bbp_voice_count":0,"_bbp_anonymous_reply_count":0,"_bbp_topic_count_hidden":0,"_bbp_reply_count_hidden":0,"_bbp_forum_subforum_count":0,"footnotes":""},"class_list":["post-10954","page","type-page","status-publish","hentry"],"post_mailing_queue_ids":[],"_links":{"self":[{"href":"https:\/\/agora-eoi.xtec.cat\/eoielprat\/wp-json\/wp\/v2\/pages\/10954","targetHints":{"allow":["GET"]}}],"collection":[{"href":"https:\/\/agora-eoi.xtec.cat\/eoielprat\/wp-json\/wp\/v2\/pages"}],"about":[{"href":"https:\/\/agora-eoi.xtec.cat\/eoielprat\/wp-json\/wp\/v2\/types\/page"}],"author":[{"embeddable":true,"href":"https:\/\/agora-eoi.xtec.cat\/eoielprat\/wp-json\/wp\/v2\/users\/1"}],"replies":[{"embeddable":true,"href":"https:\/\/agora-eoi.xtec.cat\/eoielprat\/wp-json\/wp\/v2\/comments?post=10954"}],"version-history":[{"count":6,"href":"https:\/\/agora-eoi.xtec.cat\/eoielprat\/wp-json\/wp\/v2\/pages\/10954\/revisions"}],"predecessor-version":[{"id":11850,"href":"https:\/\/agora-eoi.xtec.cat\/eoielprat\/wp-json\/wp\/v2\/pages\/10954\/revisions\/11850"}],"wp:attachment":[{"href":"https:\/\/agora-eoi.xtec.cat\/eoielprat\/wp-json\/wp\/v2\/media?parent=10954"}],"curies":[{"name":"wp","href":"https:\/\/api.w.org\/{rel}","templated":true}]}}