{"id":10952,"date":"2022-05-17T11:04:36","date_gmt":"2022-05-17T09:04:36","guid":{"rendered":"https:\/\/agora-eoi.xtec.cat\/eoielprat\/?page_id=10952"},"modified":"2024-07-17T20:10:55","modified_gmt":"2024-07-17T18:10:55","slug":"descomptes-i-gratuitats","status":"publish","type":"page","link":"https:\/\/agora-eoi.xtec.cat\/eoielprat\/descomptes-i-gratuitats\/","title":{"rendered":"Descomptes i gratu\u00eftats"},"content":{"rendered":"<header class=\"entry-header\">\n<h6 class=\"entry-title\"><b style=\"font-size: 1em;\">Bonificaci\u00f3 del 50% de l\u2019import per a:<\/b><\/h6>\n<\/header>\n<div class=\"entry-content\">\n<ul>\n<li aria-level=\"1\">membres de fam\u00edlia nombrosa de categoria general i<\/li>\n<li aria-level=\"1\">membres de fam\u00edlies monoparentals.<\/li>\n<\/ul>\n<h6><b>Exempci\u00f3 del 100% del pagament per a:<\/b><\/h6>\n<ul>\n<li aria-level=\"1\">membres de fam\u00edlia nombrosa de categoria especial,<\/li>\n<li aria-level=\"1\">v\u00edctimes del terrorisme (i els seus c\u00f2njuges i els seus fills i filles que en depenguin econ\u00f2micament),<\/li>\n<li aria-level=\"1\">persones amb discapacitat igual o superior al 33% i<\/li>\n<li aria-level=\"1\">infants o adolescents en acolliment familiar.<\/li>\n<\/ul>\n<p>A m\u00e9s de les bonificacions i exempcions generals que s\u2019apliquen a preus p\u00fablics i taxes, s\u2019estableix l\u2019<b>exempci\u00f3 del pagament<\/b>\u00a0per a les persones seg\u00fcents:<\/p>\n<ul>\n<li aria-level=\"1\">persones subjectes a mesures privatives de llibertat,<\/li>\n<li aria-level=\"1\">persones membres d\u2019unitats familiars que percebin la renda m\u00ednima d\u2019inserci\u00f3, la renda activa d\u2019inserci\u00f3 o la renda garantida de ciutadania,<\/li>\n<li aria-level=\"1\">aturats de llarga durada que perceben un subsidi equivalent a una renda m\u00ednima d\u2019inserci\u00f3 o la renda activa d\u2019inserci\u00f3 o la renda garantida de ciutadania,<\/li>\n<li aria-level=\"1\">v\u00edctimes de viol\u00e8ncia de g\u00e8nere,<\/li>\n<li aria-level=\"1\">persones menors tutelades o persones extutelades menors de 21 anys d\u2019edat. La condici\u00f3 de persona tutelada o extutelada s\u2019acredita mitjan\u00e7ant el certificat em\u00e8s per la Direcci\u00f3 General d\u2019Atenci\u00f3 a la Inf\u00e0ncia i l\u2019Adolesc\u00e8ncia o \u00f2rgan equivalent d\u2019altres comunitats aut\u00f2nomes.<\/li>\n<\/ul>\n<h6><b>Exempcions espec\u00edfiques<\/b>:<\/h6>\n<ul>\n<li aria-level=\"1\">persones que en el curs acad\u00e8mic immediatament anterior hagin obtingut matr\u00edcula d\u2019honor en el batxillerat o el premi extraordinari de batxillerat,<\/li>\n<li aria-level=\"1\">persones guanyadores del Premi Extraordinari dels ensenyaments de Formaci\u00f3 professional, dels ensenyaments professionals d\u2019Arts Pl\u00e0stiques i Disseny, dels ensenyaments professionals de M\u00fasica o dels ensenyaments professionals de Dansa, en els termes previstos a la normativa que els estableixi, tenen dret a l\u2019exempci\u00f3 de l\u2019import del preu en concepte de matr\u00edcula i serveis, per un sol cop, a triar entre la matr\u00edcula en el nivell B\u00e0sic, el nivell C1 o el nivell C2.<\/li>\n<\/ul>\n<h6><b>Bonificaci\u00f3 de l\u2019import (nivells A1, A2, C1 i C2)<\/b><\/h6>\n<ul>\n<li aria-level=\"1\">Els alumnes dels centres sostinguts amb fons p\u00fablics que es matriculen d\u2019una segona llengua estrangera en una escola oficial d\u2019idiomes, diferent a la llengua estrangera obligat\u00f2ria del curr\u00edculum que estudien en el centre educatiu, tenen una bonificaci\u00f3 del 50% del preu p\u00fablic.<\/li>\n<li aria-level=\"1\">Els alumnes matriculats en una escola oficial d\u2019idiomes que cursen una llengua estrangera i volen estudiar una segona llengua estrangera en la mateixa o una altra escola oficial d\u2019idiomes, tenen una bonificaci\u00f3 del 50% del preu p\u00fablic en una de les lleng\u00fces que es matriculin.<\/li>\n<li aria-level=\"1\">Els alumnes matriculats en una escola oficial d\u2019idiomes que cursen una llengua estrangera en el nivell de 5\u00e8 (intermedi B2) i que es matriculin en una nova llengua estrangera el curs immediatament posterior, tenen una bonificaci\u00f3 del 50% del preu p\u00fablic de la matr\u00edcula de la nova llengua.<\/li>\n<li aria-level=\"1\">Els alumnes que tinguin concedida una beca o ajut a l\u2019estudi en aquests mateixos ensenyaments per part de l\u2019administraci\u00f3 p\u00fablica competent en la mat\u00e8ria, gaudiran d\u2019una bonificaci\u00f3 del 50% de l\u2019import del preu p\u00fablic corresponent, pr\u00e8via acreditaci\u00f3 documental. La bonificaci\u00f3 nom\u00e9s es concedir\u00e0 pel mateix curs acad\u00e8mic pel qual s\u2019ha concedit la beca.<br \/>\nEn aquests casos, a l\u2019efecte de formalitzaci\u00f3 de la matr\u00edcula, si l\u2019alumne no t\u00e9 concedida encara la beca ha d\u2019abonar l\u2019import del preu p\u00fablic corresponent. Un cop se li notifiqui la concessi\u00f3 de la beca, podr\u00e0 demanar la devoluci\u00f3 de l\u2019import, davant de la direcci\u00f3 que els retornar\u00e0 el 50% de l\u2019import del preu p\u00fablic pagat.<\/li>\n<\/ul>\n<h6><b>Acumulaci\u00f3 de bonificacions<\/b>:<\/h6>\n<p>La concurr\u00e8ncia en una mateixa persona de les condicions que donen dret a dues o m\u00e9s bonificacions iguals o superiors al 50% comportar\u00e0 l\u2019acumulaci\u00f3 d\u2019aquestes bonificacions.<\/p>\n<p>Es fa\u00a0<strong>un \u00fanic pagament abans d\u2019iniciar el curs.<\/strong><\/p>\n<p>El preu per als cursos semipresencials \u00e9s el mateix.<\/p>\n<\/div>\n","protected":false},"excerpt":{"rendered":"<p>Bonificaci\u00f3 del 50% de l\u2019import per a:<\/p>\n<ul>\n<li aria-level=\"1\">membres de fam\u00edlia nombrosa de categoria general i<\/li>\n<li aria-level=\"1\">membres de fam\u00edlies monoparentals.<\/li>\n<\/ul>\n<p>Exempci\u00f3 del 100% del pagament per a:<\/p>\n<ul>\n<li aria-level=\"1\">membres de fam\u00edlia nombrosa de categoria especial,<\/li>\n<li aria-level=\"1\">v\u00edctimes del terrorisme (i els seus c\u00f2njuges i els seus fills i filles&hellip;  <a href=\"https:\/\/agora-eoi.xtec.cat\/eoielprat\/descomptes-i-gratuitats\/\" title=\"Read Descomptes i gratu\u00eftats\">Llegeix m\u00e9s\u00bb<\/a><br \/>\n","protected":false},"author":1,"featured_media":0,"parent":0,"menu_order":0,"comment_status":"closed","ping_status":"closed","template":"","meta":{"_bbp_topic_count":0,"_bbp_reply_count":0,"_bbp_total_topic_count":0,"_bbp_total_reply_count":0,"_bbp_voice_count":0,"_bbp_anonymous_reply_count":0,"_bbp_topic_count_hidden":0,"_bbp_reply_count_hidden":0,"_bbp_forum_subforum_count":0,"footnotes":""},"class_list":["post-10952","page","type-page","status-publish","hentry"],"post_mailing_queue_ids":[],"_links":{"self":[{"href":"https:\/\/agora-eoi.xtec.cat\/eoielprat\/wp-json\/wp\/v2\/pages\/10952","targetHints":{"allow":["GET"]}}],"collection":[{"href":"https:\/\/agora-eoi.xtec.cat\/eoielprat\/wp-json\/wp\/v2\/pages"}],"about":[{"href":"https:\/\/agora-eoi.xtec.cat\/eoielprat\/wp-json\/wp\/v2\/types\/page"}],"author":[{"embeddable":true,"href":"https:\/\/agora-eoi.xtec.cat\/eoielprat\/wp-json\/wp\/v2\/users\/1"}],"replies":[{"embeddable":true,"href":"https:\/\/agora-eoi.xtec.cat\/eoielprat\/wp-json\/wp\/v2\/comments?post=10952"}],"version-history":[{"count":4,"href":"https:\/\/agora-eoi.xtec.cat\/eoielprat\/wp-json\/wp\/v2\/pages\/10952\/revisions"}],"predecessor-version":[{"id":11778,"href":"https:\/\/agora-eoi.xtec.cat\/eoielprat\/wp-json\/wp\/v2\/pages\/10952\/revisions\/11778"}],"wp:attachment":[{"href":"https:\/\/agora-eoi.xtec.cat\/eoielprat\/wp-json\/wp\/v2\/media?parent=10952"}],"curies":[{"name":"wp","href":"https:\/\/api.w.org\/{rel}","templated":true}]}}