{"id":10944,"date":"2024-06-21T18:00:10","date_gmt":"2024-06-21T16:00:10","guid":{"rendered":"https:\/\/agora-eoi.xtec.cat\/eoielprat\/?page_id=10944"},"modified":"2024-06-25T20:17:09","modified_gmt":"2024-06-25T18:17:09","slug":"convalidacions-eso-i-batxillerat","status":"publish","type":"page","link":"https:\/\/agora-eoi.xtec.cat\/eoielprat\/convalidacions-eso-i-batxillerat\/","title":{"rendered":"Convalidacions ESO i Batxillerat"},"content":{"rendered":"<h4><u><strong>Convalidacions ESO<\/strong><\/u><\/h4>\n<p>A l&#8217;educaci\u00f3 secund\u00e0ria, l&#8217;alumnat que cursa una segona llengua estrangera a una EOI, perqu\u00e8 no s&#8217;ofereix al seu centre educatiu, pot sol\u00b7licitar-ne el reconeixement. En aquest cas, l&#8217;alumne o alumna ha d&#8217;acreditar que est\u00e0 matriculat a una EOI i ha de comunicar, si es dona el cas, l&#8217;abandonament d&#8217;aquests estudis.<\/p>\n<p>Els tr\u00e0mits que han de fer les fam\u00edlies son els seg\u00fcents:<\/p>\n<p><strong>1. Sol\u00b7licitar al centre de secund\u00e0ria el reconeixement dels estudis com a mat\u00e8ria optativa de segona llengua estrangera. Aquesta sol\u00b7licitud cal fer-la cada any.<\/strong><br \/>\n<strong>2. Adjuntar el comprovant de matr\u00edcula.<\/strong><br \/>\n<strong>3. Presentar al centre, a final de curs, un certificat de superaci\u00f3 dels estudis expedit per l&#8217;EOI.<\/strong><\/p>\n<p>El reconeixement est\u00e0 condicionat a la valoraci\u00f3 favorable del seguiment de l&#8217;alumne o alumna. At\u00e8s que totes aquestes possibilitats es fonamenten en el fet de simultaniejar estudis ordinaris, la sol\u00b7licitud s&#8217;ha de renovar cada curs. El reconeixement de la formaci\u00f3 en cursos posteriors queda supeditada a l&#8217;acreditaci\u00f3 de la superaci\u00f3 del curs previ.<\/p>\n<p>Correspon al centre de secund\u00e0ria on es cursa l&#8217;ESO fer el seguiment del proc\u00e9s de convalidaci\u00f3 de l&#8217;alumne o alumna.<\/p>\n<p>&nbsp;<\/p>\n<h4><u><strong>Convalidacions Batxillerat<\/strong><\/u><\/h4>\n<p>L&#8217;alumne o alumna que cursa batxillerat i, al mateix temps, una segona llengua a una EOI pot sol\u00b7licitar la convalidaci\u00f3 de mat\u00e8ries optatives de batxillerat (6 hores setmanals a primer i 4 hores setmanals a segon), si compleix alguna de les condicions seg\u00fcents:<\/p>\n<p><strong>1. Es cursa a l\u2019EOI el nivell B2 o superior d&#8217;una segona llengua estrangera que ofereix el centre.<\/strong><\/p>\n<p><strong>2. Es cursa a l\u2019EOI una llengua estrangera que no ofereix el centre.<\/strong><\/p>\n<p>En el cas dels alumnes de primer de batxillerat, la convalidaci\u00f3 de 6 hores de mat\u00e8ries de la franja d&#8217;optatives pot ser de qualsevol de les tres franges optatives i \u00e9s de car\u00e0cter anual.<\/p>\n<p>Documentaci\u00f3 que cal presentar<\/p>\n<ul>\n<li><a href=\"https:\/\/documents.espai.educacio.gencat.cat\/FormularisModels\/CentresGestioAcademica\/A1298.pdf\" target=\"_blank\" rel=\"noopener\">Sol\u00b7licitud de convalidaci\u00f3 de mat\u00e8ries de la franja d&#8217;optatives de batxillerat basantse en estudis cursats a l\u2019EOI (CEO1)<\/a><\/li>\n<li><a href=\"https:\/\/documents.espai.educacio.gencat.cat\/FormularisModels\/CentresGestioAcademica\/A1299.pdf\" target=\"_blank\" rel=\"noopener\">Certificat expedit per l\u2019EOI en qu\u00e8 s&#8217;acredita el curs de la segona llengua estrangera que cursa l\u2019alumne\/a (CEO2)<\/a><\/li>\n<\/ul>\n<p>La sol\u00b7licitud de convalidaci\u00f3 la presenta l&#8217;alumne abans del darrer dia lectiu del mes d&#8217;octubre al centre on estudia batxillerat, amb el certificat expedit per l&#8217;EOI que acredita el curs de la segona llengua estrangera que cursa l&#8217;alumne.<\/p>\n<p>El director o directora del centre resol la sol\u00b7licitud seguint el model de la \u201cResoluci\u00f3 per la qual es concedeix la convalidaci\u00f3 de mat\u00e8ries optatives de batxillerat basant-se en estudis cursats a l&#8217;EOI\u201d.<\/p>\n<p>El centre notifica per escrit la resoluci\u00f3 a l&#8217;alumne o alumna. En cas de disconformitat, s&#8217;hi pot presentar un recurs davant el director o directora dels serveis territorials o, a la ciutat de Barcelona, davant el o la gerent del Consorci d&#8217;Educaci\u00f3 en el termini de cinc dies h\u00e0bils a partir de l&#8217;endem\u00e0 de la notificaci\u00f3 de la resoluci\u00f3.<\/p>\n<p>La convalidaci\u00f3 est\u00e0 condicionada a la superaci\u00f3 del curs a l\u2019EOI, que cal documentar amb un certificat del nivell assolit expedit per la secretaria de l\u2019EOI.<\/p>\n","protected":false},"excerpt":{"rendered":"<p>Convalidacions ESO<br \/>\nA l&#8217;educaci\u00f3 secund\u00e0ria, l&#8217;alumnat que cursa una segona llengua estrangera a una EOI, perqu\u00e8 no s&#8217;ofereix al seu centre educatiu, pot sol\u00b7licitar-ne el reconeixement. En aquest cas, l&#8217;alumne o alumna ha d&#8217;acreditar que est\u00e0 matriculat a una EOI i ha de comunicar, si es&hellip;  <a href=\"https:\/\/agora-eoi.xtec.cat\/eoielprat\/convalidacions-eso-i-batxillerat\/\" title=\"Read Convalidacions ESO i Batxillerat\">Llegeix m\u00e9s\u00bb<\/a><\/p>\n","protected":false},"author":1,"featured_media":0,"parent":0,"menu_order":0,"comment_status":"closed","ping_status":"closed","template":"","meta":{"_bbp_topic_count":0,"_bbp_reply_count":0,"_bbp_total_topic_count":0,"_bbp_total_reply_count":0,"_bbp_voice_count":0,"_bbp_anonymous_reply_count":0,"_bbp_topic_count_hidden":0,"_bbp_reply_count_hidden":0,"_bbp_forum_subforum_count":0,"footnotes":""},"class_list":["post-10944","page","type-page","status-publish","hentry"],"post_mailing_queue_ids":[],"_links":{"self":[{"href":"https:\/\/agora-eoi.xtec.cat\/eoielprat\/wp-json\/wp\/v2\/pages\/10944","targetHints":{"allow":["GET"]}}],"collection":[{"href":"https:\/\/agora-eoi.xtec.cat\/eoielprat\/wp-json\/wp\/v2\/pages"}],"about":[{"href":"https:\/\/agora-eoi.xtec.cat\/eoielprat\/wp-json\/wp\/v2\/types\/page"}],"author":[{"embeddable":true,"href":"https:\/\/agora-eoi.xtec.cat\/eoielprat\/wp-json\/wp\/v2\/users\/1"}],"replies":[{"embeddable":true,"href":"https:\/\/agora-eoi.xtec.cat\/eoielprat\/wp-json\/wp\/v2\/comments?post=10944"}],"version-history":[{"count":6,"href":"https:\/\/agora-eoi.xtec.cat\/eoielprat\/wp-json\/wp\/v2\/pages\/10944\/revisions"}],"predecessor-version":[{"id":11704,"href":"https:\/\/agora-eoi.xtec.cat\/eoielprat\/wp-json\/wp\/v2\/pages\/10944\/revisions\/11704"}],"wp:attachment":[{"href":"https:\/\/agora-eoi.xtec.cat\/eoielprat\/wp-json\/wp\/v2\/media?parent=10944"}],"curies":[{"name":"wp","href":"https:\/\/api.w.org\/{rel}","templated":true}]}}