{"id":10671,"date":"2021-10-20T09:33:22","date_gmt":"2021-10-20T07:33:22","guid":{"rendered":"https:\/\/agora-eoi.xtec.cat\/eoielprat\/?page_id=10671"},"modified":"2021-11-23T19:40:03","modified_gmt":"2021-11-23T18:40:03","slug":"programa-fp-and-eoi-together","status":"publish","type":"page","link":"https:\/\/agora-eoi.xtec.cat\/eoielprat\/programa-fp-and-eoi-together\/","title":{"rendered":"Programa &#8220;FP and EOI Together&#8221;"},"content":{"rendered":"<p><strong>Qu\u00e8 \u00e9s FP &amp; EOI TOGETHER?<\/strong><\/p>\n<p>El Programa FP &amp; EOIs Together \u00e9s una iniciativa de La Direcci\u00f3 General de Formaci\u00f3 Professional que us proposa continuar una col\u00b7laboraci\u00f3 entre centres de formaci\u00f3 professionals, esportius i escoles d\u2019art amb les EOIs del mateix territori per desenvolupar un projecte de forma conjunta.<\/p>\n<p><a href=\"https:\/\/projectes.xtec.cat\/mobilitatfp\/wp-content\/uploads\/usu1833\/2021\/03\/Captura2.jpg\"><img loading=\"lazy\" decoding=\"async\" class=\"wp-image-11158 alignnone\" src=\"https:\/\/projectes.xtec.cat\/mobilitatfp\/wp-content\/uploads\/usu1833\/2021\/03\/Captura2.jpg\" alt=\"\" width=\"43\" height=\"45\" \/>\u00a0\u00a0 \u00a0<\/a><strong>Objectius<\/strong><\/p>\n<ul>\n<li>Millorar les compet\u00e8ncies orals de l\u2019alumnat d\u2019FP en lleng\u00fces estrangeres, a fi d\u2019ajudar-los a la seva inserci\u00f3 laboral.<\/li>\n<li>Potenciar les col\u00b7laboracions entre centres educatius implicats.<\/li>\n<li>Difondre les ofertes formatives dels centres de formaci\u00f3 professionals, esportius i escoles d\u2019art i\u00a0 les EOIs<\/li>\n<li>Promoure la participaci\u00f3 en projectes de mobilitat en l\u2019alumnat d\u2019FP.<\/li>\n<\/ul>\n<p><strong><a href=\"https:\/\/projectes.xtec.cat\/mobilitatfp\/wp-content\/uploads\/usu1833\/2021\/03\/Captura5.jpg\"><img loading=\"lazy\" decoding=\"async\" class=\"wp-image-11189 alignleft\" src=\"https:\/\/projectes.xtec.cat\/mobilitatfp\/wp-content\/uploads\/usu1833\/2021\/03\/Captura5.jpg\" sizes=\"auto, (max-width: 46px) 100vw, 46px\" srcset=\"https:\/\/projectes.xtec.cat\/mobilitatfp\/wp-content\/uploads\/usu1833\/2021\/03\/Captura5.jpg 484w, https:\/\/projectes.xtec.cat\/mobilitatfp\/wp-content\/uploads\/usu1833\/2021\/03\/Captura5-150x150.jpg 150w, https:\/\/projectes.xtec.cat\/mobilitatfp\/wp-content\/uploads\/usu1833\/2021\/03\/Captura5-300x291.jpg 300w\" alt=\"\" width=\"46\" height=\"45\" \/><\/a><\/strong><\/p>\n<p>&nbsp;<\/p>\n<p><strong>Participants<\/strong><\/p>\n<p>El programa est\u00e0 obert a qualsevol Institut d\u2019FP, Escola d\u2019art o superior art\u00edstica\u00a0 i Escola Oficial d\u2019Idiomes del Departament d\u2019Educaci\u00f3.<\/p>\n<p>Per a m\u00e9s informaci\u00f3: <a href=\"https:\/\/projectes.xtec.cat\/mobilitatfp\/fpeois-together\/\" target=\"_blank\" rel=\"noopener\">https:\/\/projectes.xtec.cat\/mobilitatfp\/fpeois-together\/<\/a><\/p>\n","protected":false},"excerpt":{"rendered":"<p>Qu\u00e8 \u00e9s FP &amp; EOI TOGETHER?<br \/>\nEl Programa FP &amp; EOIs Together \u00e9s una iniciativa de La Direcci\u00f3 General de Formaci\u00f3 Professional que us proposa continuar una col\u00b7laboraci\u00f3 entre centres de formaci\u00f3 professionals, esportius i escoles d\u2019art amb les EOIs del mateix territori per desenvolupar un&hellip;  <a href=\"https:\/\/agora-eoi.xtec.cat\/eoielprat\/programa-fp-and-eoi-together\/\" title=\"Read Programa &#8220;FP and EOI Together&#8221;\">Llegeix m\u00e9s\u00bb<\/a><\/p>\n","protected":false},"author":1,"featured_media":0,"parent":0,"menu_order":0,"comment_status":"closed","ping_status":"closed","template":"","meta":{"_bbp_topic_count":0,"_bbp_reply_count":0,"_bbp_total_topic_count":0,"_bbp_total_reply_count":0,"_bbp_voice_count":0,"_bbp_anonymous_reply_count":0,"_bbp_topic_count_hidden":0,"_bbp_reply_count_hidden":0,"_bbp_forum_subforum_count":0,"footnotes":""},"class_list":["post-10671","page","type-page","status-publish","hentry"],"post_mailing_queue_ids":[],"_links":{"self":[{"href":"https:\/\/agora-eoi.xtec.cat\/eoielprat\/wp-json\/wp\/v2\/pages\/10671","targetHints":{"allow":["GET"]}}],"collection":[{"href":"https:\/\/agora-eoi.xtec.cat\/eoielprat\/wp-json\/wp\/v2\/pages"}],"about":[{"href":"https:\/\/agora-eoi.xtec.cat\/eoielprat\/wp-json\/wp\/v2\/types\/page"}],"author":[{"embeddable":true,"href":"https:\/\/agora-eoi.xtec.cat\/eoielprat\/wp-json\/wp\/v2\/users\/1"}],"replies":[{"embeddable":true,"href":"https:\/\/agora-eoi.xtec.cat\/eoielprat\/wp-json\/wp\/v2\/comments?post=10671"}],"version-history":[{"count":3,"href":"https:\/\/agora-eoi.xtec.cat\/eoielprat\/wp-json\/wp\/v2\/pages\/10671\/revisions"}],"predecessor-version":[{"id":10808,"href":"https:\/\/agora-eoi.xtec.cat\/eoielprat\/wp-json\/wp\/v2\/pages\/10671\/revisions\/10808"}],"wp:attachment":[{"href":"https:\/\/agora-eoi.xtec.cat\/eoielprat\/wp-json\/wp\/v2\/media?parent=10671"}],"curies":[{"name":"wp","href":"https:\/\/api.w.org\/{rel}","templated":true}]}}