{"id":10638,"date":"2021-10-07T12:00:42","date_gmt":"2021-10-07T10:00:42","guid":{"rendered":"https:\/\/agora-eoi.xtec.cat\/eoielprat\/?page_id=10638"},"modified":"2021-11-23T19:33:06","modified_gmt":"2021-11-23T18:33:06","slug":"plataforma-digital-eoi-del-prat","status":"publish","type":"page","link":"https:\/\/agora-eoi.xtec.cat\/eoielprat\/plataforma-digital-eoi-del-prat\/","title":{"rendered":"Plataforma digital EOI del Prat"},"content":{"rendered":"<p><a href=\"https:\/\/view.genial.ly\/615ed58071ae1d0df413408c\">En aquest espai<\/a> (privat) trobareu els v\u00eddeos elaborats dins el marc del Projecte d&#8217;Innovaci\u00f3 Pedag\u00f2gica &#8220;Tecnologies digitals&#8221;, desenvolupat durant els cursos 2018-19, 2019-20 i 2020-21.<\/p>\n","protected":false},"excerpt":{"rendered":"<p><a href=\"https:\/\/view.genial.ly\/615ed58071ae1d0df413408c\">En aquest espai<\/a> (privat) trobareu els v\u00eddeos elaborats dins el marc del Projecte d&#8217;Innovaci\u00f3 Pedag\u00f2gica &#8220;Tecnologies digitals&#8221;, desenvolupat durant els cursos 2018-19, 2019-20 i 2020-21.<\/p>\n","protected":false},"author":1,"featured_media":0,"parent":0,"menu_order":0,"comment_status":"closed","ping_status":"closed","template":"","meta":{"_bbp_topic_count":0,"_bbp_reply_count":0,"_bbp_total_topic_count":0,"_bbp_total_reply_count":0,"_bbp_voice_count":0,"_bbp_anonymous_reply_count":0,"_bbp_topic_count_hidden":0,"_bbp_reply_count_hidden":0,"_bbp_forum_subforum_count":0,"footnotes":""},"class_list":["post-10638","page","type-page","status-publish","hentry"],"post_mailing_queue_ids":[],"_links":{"self":[{"href":"https:\/\/agora-eoi.xtec.cat\/eoielprat\/wp-json\/wp\/v2\/pages\/10638","targetHints":{"allow":["GET"]}}],"collection":[{"href":"https:\/\/agora-eoi.xtec.cat\/eoielprat\/wp-json\/wp\/v2\/pages"}],"about":[{"href":"https:\/\/agora-eoi.xtec.cat\/eoielprat\/wp-json\/wp\/v2\/types\/page"}],"author":[{"embeddable":true,"href":"https:\/\/agora-eoi.xtec.cat\/eoielprat\/wp-json\/wp\/v2\/users\/1"}],"replies":[{"embeddable":true,"href":"https:\/\/agora-eoi.xtec.cat\/eoielprat\/wp-json\/wp\/v2\/comments?post=10638"}],"version-history":[{"count":4,"href":"https:\/\/agora-eoi.xtec.cat\/eoielprat\/wp-json\/wp\/v2\/pages\/10638\/revisions"}],"predecessor-version":[{"id":10804,"href":"https:\/\/agora-eoi.xtec.cat\/eoielprat\/wp-json\/wp\/v2\/pages\/10638\/revisions\/10804"}],"wp:attachment":[{"href":"https:\/\/agora-eoi.xtec.cat\/eoielprat\/wp-json\/wp\/v2\/media?parent=10638"}],"curies":[{"name":"wp","href":"https:\/\/api.w.org\/{rel}","templated":true}]}}