{"id":10324,"date":"2020-11-05T14:43:04","date_gmt":"2020-11-05T13:43:04","guid":{"rendered":"https:\/\/agora-eoi.xtec.cat\/eoielprat\/?page_id=10324"},"modified":"2021-09-15T13:08:51","modified_gmt":"2021-09-15T11:08:51","slug":"recursos-eines-digitals-per-a-lalumnat","status":"publish","type":"page","link":"https:\/\/agora-eoi.xtec.cat\/eoielprat\/recursos-eines-digitals-per-a-lalumnat\/","title":{"rendered":"Recursos eines digitals per a l&#8217;alumnat"},"content":{"rendered":"<p>En aquest espai trobareu enlla\u00e7os a v\u00eddeotutorials sobre les eines d&#8217;\u00fas m\u00e9s freq\u00fcents a les classes, aix\u00ed com un correu electr\u00f2nic d&#8217;atenci\u00f3 i suport inform\u00e0tic estrictament per temes relacionats amb les classes.<\/p>\n<p><a href=\"https:\/\/padlet.com\/eoielprat\/t6p2dui0tzn12jem\">Recursos TAC alumnat<\/a><\/p>\n<p>email: <a href=\"mailto:suporTac@eoidelprat.cat\">suporTac@eoidelprat.cat<\/a><\/p>\n<div>\n<div><\/div>\n<\/div>\n","protected":false},"excerpt":{"rendered":"<p>En aquest espai trobareu enlla\u00e7os a v\u00eddeotutorials sobre les eines d&#8217;\u00fas m\u00e9s freq\u00fcents a les classes, aix\u00ed com un correu electr\u00f2nic d&#8217;atenci\u00f3 i suport inform\u00e0tic estrictament per temes relacionats amb les classes.<br \/>\n<a href=\"https:\/\/padlet.com\/eoielprat\/t6p2dui0tzn12jem\">Recursos TAC alumnat<\/a><br \/>\nemail: <a href=\"mailto:suporTac@eoidelprat.cat\">suporTac@eoidelprat.cat<\/a><\/p>\n","protected":false},"author":1,"featured_media":0,"parent":0,"menu_order":0,"comment_status":"closed","ping_status":"closed","template":"","meta":{"_bbp_topic_count":0,"_bbp_reply_count":0,"_bbp_total_topic_count":0,"_bbp_total_reply_count":0,"_bbp_voice_count":0,"_bbp_anonymous_reply_count":0,"_bbp_topic_count_hidden":0,"_bbp_reply_count_hidden":0,"_bbp_forum_subforum_count":0,"footnotes":""},"class_list":["post-10324","page","type-page","status-publish","hentry"],"post_mailing_queue_ids":[],"_links":{"self":[{"href":"https:\/\/agora-eoi.xtec.cat\/eoielprat\/wp-json\/wp\/v2\/pages\/10324","targetHints":{"allow":["GET"]}}],"collection":[{"href":"https:\/\/agora-eoi.xtec.cat\/eoielprat\/wp-json\/wp\/v2\/pages"}],"about":[{"href":"https:\/\/agora-eoi.xtec.cat\/eoielprat\/wp-json\/wp\/v2\/types\/page"}],"author":[{"embeddable":true,"href":"https:\/\/agora-eoi.xtec.cat\/eoielprat\/wp-json\/wp\/v2\/users\/1"}],"replies":[{"embeddable":true,"href":"https:\/\/agora-eoi.xtec.cat\/eoielprat\/wp-json\/wp\/v2\/comments?post=10324"}],"version-history":[{"count":3,"href":"https:\/\/agora-eoi.xtec.cat\/eoielprat\/wp-json\/wp\/v2\/pages\/10324\/revisions"}],"predecessor-version":[{"id":10595,"href":"https:\/\/agora-eoi.xtec.cat\/eoielprat\/wp-json\/wp\/v2\/pages\/10324\/revisions\/10595"}],"wp:attachment":[{"href":"https:\/\/agora-eoi.xtec.cat\/eoielprat\/wp-json\/wp\/v2\/media?parent=10324"}],"curies":[{"name":"wp","href":"https:\/\/api.w.org\/{rel}","templated":true}]}}