{"id":10308,"date":"2020-10-27T13:41:08","date_gmt":"2020-10-27T12:41:08","guid":{"rendered":"https:\/\/agora-eoi.xtec.cat\/eoielprat\/?page_id=10308"},"modified":"2025-10-09T11:34:38","modified_gmt":"2025-10-09T09:34:38","slug":"normativa-academica","status":"publish","type":"page","link":"https:\/\/agora-eoi.xtec.cat\/eoielprat\/normativa-academica\/","title":{"rendered":"Normativa acad\u00e8mica curs 2024-2025"},"content":{"rendered":"<p><span style=\"font-weight: 400;\">A la nostra p\u00e0gina web<\/span><a href=\"https:\/\/agora-eoi.xtec.cat\/eoielprat\"> <span style=\"font-weight: 400;\">https:\/\/agora-eoi.xtec.cat\/eoielprat<\/span><\/a><span style=\"font-weight: 400;\"> trobareu tota la informaci\u00f3 i els documents esmentats en aquesta normativa.<\/span><\/p>\n<ul>\n<li aria-level=\"1\">\n<h1><b>Condicions generals com a alumnat oficial<\/b><\/h1>\n<\/li>\n<\/ul>\n<p><span style=\"font-weight: 400;\">No est\u00e0 perm\u00e8s ser alumne\/a oficial (matriculat en un curs extensiu) i matricular-se com a alumnat lliure del mateix idioma dins del mateix curs escolar, en la mateixa o en diferents EOI.\u00a0 L\u2019incompliment d\u2019aquesta norma comporta l&#8217;anul\u00b7laci\u00f3 de la matr\u00edcula oficial.<\/span><\/p>\n<ul>\n<li aria-level=\"1\">\n<h1><b>Alumnat\u00a0 menor d\u2019edat<\/b><\/h1>\n<\/li>\n<\/ul>\n<p><span style=\"font-weight: 400;\">D&#8217;acord amb les instruccions del Departament d&#8217;Educaci\u00f3, l\u2019alumnat menor de 18 anys ha de justificar al seu professor o la seva professora, per escrit i amb antelaci\u00f3, les faltes d&#8217;assist\u00e8ncia que responguin a causes previstes (visites m\u00e8diques, ex\u00e0mens etc.). Els justificants hauran d&#8217;anar signats pels pares o tutors. En cas de respondre a causes imprevistes, les fam\u00edlies hauran de comunicar al centre l&#8217;abs\u00e8ncia del menor d&#8217;edat, que posteriorment ha d&#8217;aportar el justificant.\u00a0<\/span><\/p>\n<p><span style=\"font-weight: 400;\">Tant si l\u2019abs\u00e8ncia est\u00e0 justificada com si no ho est\u00e0, l\u2019escola enviar\u00e0 un correu electr\u00f2nic als pares o tutors de l\u2019alumne\/-a menor.\u00a0<\/span><\/p>\n<ul>\n<li aria-level=\"1\">\n<h1><b>Autoritzacions (nom\u00e9s per a l\u2019alumnat que es matriculi per primer cop al setembre)<\/b><\/h1>\n<\/li>\n<\/ul>\n<p><b>Alumnat major d\u2019edat<\/b><\/p>\n<ul>\n<li style=\"font-weight: 400;\" aria-level=\"1\"><b>Drets d\u2019imatge i veu: <\/b><span style=\"font-weight: 400;\">Aquesta autoritzaci\u00f3 apareix telem\u00e0ticament en el moment de formalitzar la matr\u00edcula. Es validaran o no els diferents \u00edtems que apareixen en el formulari.<\/span><\/li>\n<\/ul>\n<p><b>Alumnat menor<\/b><\/p>\n<p><span style=\"font-weight: 400;\">L\u2019alumnat menor rebr\u00e0 les seg\u00fcents autoritzacions per correu electr\u00f2nic i caldr\u00e0 que les retorni signades al seg\u00fcent correu: secretaria@eoidelprat.cat<\/span><\/p>\n<p><span style=\"font-weight: 400;\">Si algun alumne\/a de cursos anteriors desitja modificar alguna dada, caldr\u00e0 que s\u2019adreci a Secretaria.<\/span><\/p>\n<ul>\n<li style=\"font-weight: 400;\" aria-level=\"1\"><span style=\"font-weight: 400;\">\u201cDrets d\u2019imatge i veu\u201d: Aquesta autoritzaci\u00f3 apareix telem\u00e0ticament en el moment de formalitzar la matr\u00edcula. Es validaran o no els diferents \u00edtems que apareixen en el formulari.<\/span><\/li>\n<li style=\"font-weight: 400;\" aria-level=\"1\"><span style=\"font-weight: 400;\">\u201cDespla\u00e7aments fora del centre en horari escolar\u201d<\/span><\/li>\n<li style=\"font-weight: 400;\" aria-level=\"1\"><span style=\"font-weight: 400;\">\u201cSortides en horari escolar\u201d<\/span><\/li>\n<li style=\"font-weight: 400;\" aria-level=\"1\"><span style=\"font-weight: 400;\">\u201c\u00das d\u2019internet i recursos digitals a l\u2019aula\u201d<\/span><\/li>\n<li style=\"font-weight: 400;\" aria-level=\"1\"><span style=\"font-weight: 400;\">\u201cAutoritzaci\u00f3 per no assistir al centre en cas d\u2019abs\u00e8ncia del professorat.<\/span><\/li>\n<\/ul>\n<ul>\n<li aria-level=\"1\">\n<h1><b>Assessorament pedag\u00f2gic (tutoria)\u00a0<\/b><\/h1>\n<\/li>\n<\/ul>\n<p><span style=\"font-weight: 400;\">A l\u2019inici del curs escolar, el professorat informar\u00e0 l\u2019alumnat sobre els objectius a assolir a final de curs, i sobre els criteris i els instruments que s\u2019utilitzaran per avaluar-los. Tamb\u00e9 es dur\u00e0 a terme, com a m\u00ednim, una sessi\u00f3 d\u2019assessorament pedag\u00f2gic individualitzat o grupal per tal d\u2019informar-los sobre el seu proc\u00e9s d\u2019aprenentatge.\u00a0<\/span><\/p>\n<p><span style=\"font-weight: 400;\">L\u2019alumnat tamb\u00e9 pot sol\u00b7licitar una entrevista amb el seu professor\/a quan ho consideri necessari. El professorat informar\u00e0 a comen\u00e7aments de curs sobre el seu horari d\u2019atenci\u00f3 a l\u2019alumnat. En el cas d\u2019alumnat menor d\u2019edat, els pares o tutors tamb\u00e9 podran demanar una entrevista.\u00a0<\/span><\/p>\n<ul>\n<li aria-level=\"1\">\n<h1><b>Moodle, GoogleClassroom i APP Centrosnet<\/b><\/h1>\n<\/li>\n<\/ul>\n<p><span style=\"font-weight: 400;\">Cada curs de l\u2019EOI del Prat disposa d\u2019una aula virtual, ja sigui creada amb <\/span><b>Moodle <\/b><span style=\"font-weight: 400;\">(<\/span><a href=\"http:\/\/agora-eoi.xtec.cat\/eoielprat\/moodle\/\"><span style=\"font-weight: 400;\">http:\/\/agora-eoi.xtec.cat\/eoielprat\/moodle\/<\/span><\/a><span style=\"font-weight: 400;\">) o amb <\/span><b>Google Classroom<\/b><span style=\"font-weight: 400;\">. Aquestes plataformes es consideren eines d\u2019aprenentatge i de comunicaci\u00f3 indispensables per al seguiment del curs.. El professorat proporcionar\u00e0 les instruccions necess\u00e0ries perqu\u00e8 l\u2019alumnat s\u2019hi pugui inscriure.\u00a0<\/span><\/p>\n<p><span style=\"font-weight: 400;\">Per una altra banda, l\u2019APP de <\/span><b>Centrosnet <\/b><span style=\"font-weight: 400;\">tamb\u00e9 \u00e9s un requisit per seguir el curs, ja que us permetr\u00e0 rebre les notificacions d\u2019abs\u00e8ncies de professorat sobrevingudes (les que se saben amb temps es comunicaran per correu electr\u00f2nic), consultar les vostres abs\u00e8ncies i els resultats acad\u00e8mics.\u00a0<\/span><\/p>\n<ul>\n<li aria-level=\"1\">\n<h1><b>Sistema d\u2019avaluaci\u00f3<\/b><\/h1>\n<\/li>\n<\/ul>\n<p><span style=\"font-weight: 400;\">L&#8217;avaluaci\u00f3 del proc\u00e9s d&#8217;aprenentatge de l&#8217;alumnat oficial de tots els cursos ser\u00e0 cont\u00ednua i sistem\u00e0tica, globalitzada, integradora i personalitzada, a fi de valorar-ne el progr\u00e9s i contrastar els objectius establerts amb els resultats obtinguts.\u00a0<\/span><\/p>\n<p><span style=\"font-weight: 400;\">A la nostra escola, l\u2019avaluaci\u00f3 t\u00e9 com a objectiu valorar el progr\u00e9s de l\u2019alumnat al llarg del curs i garantir que tothom arribi als objectius del nivell.<\/span><\/p>\n<p><b>Nivells A1 i A2 (Nivell B\u00e0sic)<\/b><\/p>\n<h3><span style=\"font-weight: 400;\">Com es calcula la nota final?<\/span><\/h3>\n<ul>\n<li style=\"font-weight: 400;\" aria-level=\"1\"><b>Avaluaci\u00f3 cont\u00ednua (70%)<\/b><span style=\"font-weight: 400;\">:<\/span><span style=\"font-weight: 400;\"><br \/>\n<\/span><span style=\"font-weight: 400;\"> Inclou les <\/span><b>proves parcials de les diferents habilitats<\/b><span style=\"font-weight: 400;\"> (comprensions oral i escrita, expressi\u00f3 i interacci\u00f3 oral i escrita, \u00fas de la llengua) i les <\/span><b>tasques que proposi el professorat<\/b><span style=\"font-weight: 400;\"> durant el curs.<\/span><span style=\"font-weight: 400;\"><\/p>\n<p><\/span><\/li>\n<li style=\"font-weight: 400;\" aria-level=\"1\"><b>Examen final (30%)<\/b><span style=\"font-weight: 400;\">:<\/span><span style=\"font-weight: 400;\"><br \/>\n<\/span><span style=\"font-weight: 400;\"> Tot l\u2019alumnat ha de fer l\u2019examen final de maig\/juny, que inclour\u00e0 totes les destreses abans esmentades.<\/span><\/li>\n<\/ul>\n<p>&nbsp;<\/p>\n<h3><span style=\"font-weight: 400;\">Requisits per tenir dret a l\u2019avaluaci\u00f3 cont\u00ednua<\/span><\/h3>\n<p><span style=\"font-weight: 400;\">Perqu\u00e8 es tingui en compte l\u2019avaluaci\u00f3 cont\u00ednua (70% de la nota), cal:<\/span><\/p>\n<ul>\n<li style=\"font-weight: 400;\" aria-level=\"1\"><span style=\"font-weight: 400;\">Assistir almenys al 65% de les classes.<\/span><span style=\"font-weight: 400;\">\n<p><\/span><\/li>\n<li style=\"font-weight: 400;\" aria-level=\"1\"><span style=\"font-weight: 400;\">Realitzar un m\u00ednim del 80% de les tasques avaluables.<\/span><span style=\"font-weight: 400;\">\n<p><\/span><\/li>\n<li style=\"font-weight: 400;\" aria-level=\"1\"><span style=\"font-weight: 400;\">Superar aquestes tasques amb una nota m\u00ednima del 65%.<\/span><span style=\"font-weight: 400;\">\n<p><\/span><\/li>\n<\/ul>\n<p><span style=\"font-weight: 400;\">Si no es compleixen aquests requisits, la qualificaci\u00f3 final correspondr\u00e0 <\/span><b>exclusivament a la nota de l\u2019examen final<\/b><span style=\"font-weight: 400;\">.\u00a0<\/span><\/p>\n<p><b>Nivell B2.1.<\/b><\/p>\n<p><span style=\"font-weight: 400;\">Al nivell B2.1, l\u2019avaluaci\u00f3 combina el seguiment del treball fet durant el curs amb una prova final comuna.<\/span><\/p>\n<h6><span style=\"font-weight: 400;\">Com es calcula la nota final?<\/span><\/h6>\n<ul>\n<li style=\"font-weight: 400;\" aria-level=\"1\"><span style=\"font-weight: 400;\">Avaluaci\u00f3 cont\u00ednua (50%):<\/span><span style=\"font-weight: 400;\">\n<p><\/span><\/p>\n<ul>\n<li style=\"font-weight: 400;\" aria-level=\"2\"><span style=\"font-weight: 400;\">Tasques del curs: 10%<\/span><\/li>\n<li style=\"font-weight: 400;\" aria-level=\"2\"><span style=\"font-weight: 400;\">Primer examen parcial: 20%<\/span><\/li>\n<li style=\"font-weight: 400;\" aria-level=\"2\"><span style=\"font-weight: 400;\">Segon examen parcial: 20%<\/span><span style=\"font-weight: 400;\">\n<p><\/span><\/li>\n<\/ul>\n<\/li>\n<li style=\"font-weight: 400;\" aria-level=\"1\"><span style=\"font-weight: 400;\">Examen final (50%):<\/span><span style=\"font-weight: 400;\"><br \/>\n<\/span><span style=\"font-weight: 400;\">Tots els alumnes hauran de fer l\u2019examen final de maig\/juny, que inclour\u00e0 totes les destreses.<\/span><\/li>\n<\/ul>\n<h6><span style=\"font-weight: 400;\">Requisits per tenir dret a l\u2019avaluaci\u00f3 cont\u00ednua<\/span><\/h6>\n<p><span style=\"font-weight: 400;\">Perqu\u00e8 es tingui en compte l\u2019avaluaci\u00f3 cont\u00ednua (50% de la nota), cal:<\/span><\/p>\n<ul>\n<li style=\"font-weight: 400;\" aria-level=\"1\"><span style=\"font-weight: 400;\">Assistir almenys al 65% de les classes.<\/span><\/li>\n<li style=\"font-weight: 400;\" aria-level=\"1\"><span style=\"font-weight: 400;\">Realitzar les tasques avaluables que proposi el professorat.<\/span><\/li>\n<li style=\"font-weight: 400;\" aria-level=\"1\"><span style=\"font-weight: 400;\">Superar les activitats d\u2019avaluaci\u00f3 amb un m\u00ednim del 65%.<\/span><\/li>\n<li style=\"font-weight: 400;\" aria-level=\"1\"><span style=\"font-weight: 400;\">Superar cadascuna de les cinc habilitats amb un m\u00ednim del 50% (CO, CE, EE, EO, UL)<\/span><\/li>\n<\/ul>\n<p><span style=\"font-weight: 400;\">Si no es compleixen aquests requisits, la qualificaci\u00f3 final correspondr\u00e0 exclusivament a la nota de l\u2019examen final.<\/span><\/p>\n<p><b>Nivell C2.1.<\/b><\/p>\n<ol>\n<li><b> Proves i tasques (40%)<\/b><\/li>\n<\/ol>\n<ul>\n<li style=\"font-weight: 400;\" aria-level=\"1\"><b>Proves (30%)<\/b><\/li>\n<li style=\"font-weight: 400;\" aria-level=\"1\"><b>Tasques (10%)<\/b>\n<ul>\n<li style=\"font-weight: 400;\" aria-level=\"2\"><span style=\"font-weight: 400;\">Tasques escrites i altres activitats proposades pel professorat.<\/span><\/li>\n<li style=\"font-weight: 400;\" aria-level=\"2\"><span style=\"font-weight: 400;\">Cal lliurar com a m\u00ednim el <\/span><b>80%<\/b><span style=\"font-weight: 400;\"> de les tasques.<\/span><\/li>\n<\/ul>\n<\/li>\n<\/ul>\n<ol>\n<li><b> Examen final (60%)<\/b><\/li>\n<\/ol>\n<ul>\n<li style=\"font-weight: 400;\" aria-level=\"1\"><span style=\"font-weight: 400;\">Obligatori per a tot l\u2019alumnat.<\/span><\/li>\n<\/ul>\n<p><b>Cursos de certificat<\/b><\/p>\n<p><span style=\"font-weight: 400;\">En els cursos de certificat (B1, B2.2, C1 i C2.2.), l\u2019avaluaci\u00f3 cont\u00ednua \u00e9s orientativa, i la qualificaci\u00f3 final ser\u00e0 la del resultat de la prova de certificat elaborada pel Departament d\u2019Educaci\u00f3. Per tal d\u2019obtenir la qualificaci\u00f3 d\u2019APTE\/A, l\u2019alumne\/a haur\u00e0 d\u2019assolir un m\u00ednim del<\/span><b> 65% de la nota final<\/b><span style=\"font-weight: 400;\"> i obtenir com a m\u00ednim <\/span><b>10 sobre 20<\/b><span style=\"font-weight: 400;\"> (50%) en totes les destreses.<\/span><\/p>\n<ul>\n<li aria-level=\"1\">\n<h1><b>Trasllat de l&#8217;alumnat durant el curs acad\u00e8mic<\/b><\/h1>\n<\/li>\n<\/ul>\n<p><span style=\"font-weight: 400;\">El termini per efectuar un trasllat de matr\u00edcula a una altra Escola Oficial d\u2019Idiomes finalitza el dia <\/span><b>30 d\u2019abril de 2026.<\/b><\/p>\n<ul>\n<li aria-level=\"1\">\n<h1><b>Canvi de nivell<\/b><\/h1>\n<\/li>\n<\/ul>\n<p><span style=\"font-weight: 400;\">En casos justificats, l\u2019alumnat nou pot sol\u00b7licitar un canvi de nivell entre el <\/span><b>22 de setembre i el 3 d\u2019octubre de 2025<\/b><span style=\"font-weight: 400;\"> Si aquest s\u2019autoritza, l\u2019alumnat tindr\u00e0 fins el dia <\/span><b>10 d\u2019octubre de 2024<\/b><span style=\"font-weight: 400;\"> per formalitzar el canvi.<\/span><\/p>\n<ul>\n<li aria-level=\"1\">\n<h1><b>Canvi d\u2019horari<\/b><\/h1>\n<\/li>\n<\/ul>\n<p><span style=\"font-weight: 400;\">Si desitgeu sol\u00b7licitar un canvi d\u2019horari cal que passeu per Secretaria per formalitzar la sol\u00b7licitud entre els dies <\/span><b>22 de setembre i 3 d\u2019octubre de 2025<\/b><span style=\"font-weight: 400;\">.\u00a0 La resoluci\u00f3 dels canvis d\u2019horari us ser\u00e0 notificada personalment per la Secretaria del centre.\u00a0\u00a0<\/span><\/p>\n<p><span style=\"font-weight: 400;\">Important: Si un cop passat aquest termini, i per causes de for\u00e7a major necessiteu canviar d\u2019horari, haureu d\u2019adre\u00e7ar una inst\u00e0ncia a la direcci\u00f3 del centre i adjuntar els documents justificatius pertinents. La direcci\u00f3 comunicar\u00e0 si aquest canvi \u00e9s possible en un termini de set dies.<\/span><\/p>\n<ul>\n<li aria-level=\"1\">\n<h1><b>Ren\u00fancies\u00a0<\/b><\/h1>\n<\/li>\n<\/ul>\n<p><span style=\"font-weight: 400;\">L&#8217;alumnat oficial pot presentar a la Secretaria de l&#8217;escola la ren\u00fancia a la matr\u00edcula en un idioma fins el <\/span><b>28 de novembre de 2025. <\/b><span style=\"font-weight: 400;\">Aquesta ren\u00fancia no suposa el c\u00f2mput del curs a efectes de repetici\u00f3, ni el dret al retorn de l&#8217;import de la matr\u00edcula. Un cop passat el termini de ren\u00fancia establert, si l\u2019alumnat oficial abandona el curs, aquest abandonament li computa a l\u2019efecte de repetici\u00f3 i tindr\u00e0, a tots els efectes, la consideraci\u00f3 de &#8220;no presentat\/ada&#8221; en la qualificaci\u00f3 final.\u00a0\u00a0<\/span><\/p>\n<ul>\n<li aria-level=\"1\">\n<h1><b>Devoluci\u00f3 de taxes o preus p\u00fablics<\/b><\/h1>\n<\/li>\n<\/ul>\n<p><span style=\"font-weight: 400;\">La ren\u00fancia amb dret a devoluci\u00f3 de taxes per la matr\u00edcula de cursos extensius es pot realitzar fins el <\/span><b>10 d&#8217;octubre de 2025<\/b><span style=\"font-weight: 400;\">. Despr\u00e9s d\u2019aquesta data, les taxes o preus p\u00fablics de la matr\u00edcula a les EOI nom\u00e9s es poden retornar en els sup\u00f2sits que s&#8217;indiquen a continuaci\u00f3 i dins dels terminis que, quan escau, s&#8217;assenyalen:\u00a0<\/span><\/p>\n<ul>\n<li style=\"font-weight: 400;\" aria-level=\"1\"><span style=\"font-weight: 400;\">Pagaments duplicats o per import superior.<\/span><\/li>\n<li style=\"font-weight: 400;\" aria-level=\"1\"><span style=\"font-weight: 400;\">No aplicaci\u00f3 de bonificacions o exempcions a les quals l&#8217;alumne\/a t\u00e9 dret en el moment de la matr\u00edcula, per l&#8217;import corresponent.<\/span><\/li>\n<li style=\"font-weight: 400;\" aria-level=\"1\"><span style=\"font-weight: 400;\">No prestaci\u00f3 del servei per causes no imputables a l&#8217;alumne\/a. No es consideren sup\u00f2sits de for\u00e7a major els canvis en l&#8217;horari laboral, ni els canvis de domicili o similars.<\/span><\/li>\n<li style=\"font-weight: 400;\" aria-level=\"1\"><span style=\"font-weight: 400;\">En cas de trasllat a una altra comunitat aut\u00f2noma, es pot sol\u00b7licitar el retorn de taxes o preus p\u00fablics abans del <\/span><b>28 de novembre de 2025.<\/b><\/li>\n<\/ul>\n<p><span style=\"font-weight: 400;\">Les sol\u00b7licituds de devoluci\u00f3 de taxes i preus p\u00fablics s&#8217;han de formular preferentment mitjan\u00e7ant el tr\u00e0mit electr\u00f2nic<\/span><a href=\"https:\/\/web.gencat.cat\/ca\/tramits\/tramits-temes\/devolucio-ingressos-indeguts\"> <span style=\"font-weight: 400;\">Devoluci\u00f3 d&#8217;ingressos indeguts per cobrament de taxes i preus p\u00fablics del Departament d&#8217;Educaci\u00f3<\/span><\/a><span style=\"font-weight: 400;\">. Posteriorment, haureu d&#8217;omplir el <a href=\"https:\/\/drive.google.com\/file\/d\/1Iip750cZnVX3u4g-mxYwlo_TojU9ANGT\/view?usp=sharing\" target=\"_blank\" rel=\"noopener\">formulari de ren\u00fancia amb devoluci\u00f3 de taxa<\/a> i presentar-ho a Secretaria de l&#8217;escola.<\/span><\/p>\n<p><span style=\"font-weight: 400;\">La<\/span><b> ren\u00fancia<\/b><span style=\"font-weight: 400;\"> a la matr\u00edcula oficial amb devoluci\u00f3 de taxa suposa l&#8217;<\/span><b>anul\u00b7laci\u00f3 de la matr\u00edcula<\/b><span style=\"font-weight: 400;\"> a tots els efectes i l&#8217;exclusi\u00f3 de la matr\u00edcula de l&#8217;expedient acad\u00e8mic de l&#8217;alumne o alumna i, per tant, la ren\u00fancia a la pla\u00e7a.\u00a0<\/span><\/p>\n<ul>\n<li aria-level=\"1\">\n<h1><b>Normes de conviv\u00e8ncia\u00a0<\/b><\/h1>\n<\/li>\n<\/ul>\n<p><span style=\"font-weight: 400;\">L\u2019EOI del Prat disposa d\u2019un <\/span><b>Projecte de Conviv\u00e8ncia<\/b><span style=\"font-weight: 400;\"> aprovat per Consell Escolar i recollit a les NOFC (Normes d\u2019Organitzaci\u00f3 i Funcionament de Centre), que tot l\u2019alumnat ha de con\u00e8ixer i respectar per al bon funcionament de l\u2019escola, i que podeu trobar al nostre web. A continuaci\u00f3 us resumim les normes m\u00e9s rellevants:\u00a0<\/span><\/p>\n<ul>\n<li style=\"font-weight: 400;\" aria-level=\"1\"><span style=\"font-weight: 400;\">Cal mostrar una actitud respectuosa envers tots els membres de la comunitat educativa (PAS, professorat i alumnat).<\/span><\/li>\n<li style=\"font-weight: 400;\" aria-level=\"1\"><span style=\"font-weight: 400;\">Cal respectar els horaris d\u2019inici i d\u2019acabament de la classe.<\/span><\/li>\n<li style=\"font-weight: 400;\" aria-level=\"1\"><span style=\"font-weight: 400;\">Cal tenir cura dels espais i b\u00e9ns de l\u2019escola i no embrutar-los amb restes de menjar i beure.<\/span><\/li>\n<li style=\"font-weight: 400;\" aria-level=\"1\"><span style=\"font-weight: 400;\">Cal respectar el silenci als passadissos del centre en les estones de pausa per tal de no destorbar el desenvolupament normal de les classes.<\/span><\/li>\n<li style=\"font-weight: 400;\" aria-level=\"1\"><span style=\"font-weight: 400;\">L\u2019alumnat ha de mantenir els dispositius electr\u00f2nics en silenci durant les classes.<\/span><\/li>\n<li style=\"font-weight: 400;\" aria-level=\"1\"><span style=\"font-weight: 400;\">No es poden enregistrar v\u00eddeos, \u00e0udios o fer fotografies de qualsevol membre de la comunitat educativa dins del recinte de l\u2019escola sense el seu perm\u00eds.<\/span><\/li>\n<li style=\"font-weight: 400;\" aria-level=\"1\"><span style=\"font-weight: 400;\">Cal apagar els tel\u00e8fons m\u00f2bils durant la realitzaci\u00f3 de proves o ex\u00e0mens. Utilitzar un tel\u00e8fon m\u00f2bil durant la realitzaci\u00f3 d\u2019un examen pot comportar-ne l\u2019anul\u00b7laci\u00f3. Si alg\u00fa necessita tenir connectat el m\u00f2bil per for\u00e7a major, cal avisar el professorat.<\/span><\/li>\n<li style=\"font-weight: 400;\" aria-level=\"1\"><span style=\"font-weight: 400;\">En alguns casos, l\u2019escola integrar\u00e0 els m\u00f2bils dintre de certes activitats did\u00e0ctiques durant la classe, i permetr\u00e0 llavors fer-ne \u00fas exclusiu per aquestes activitats.<\/span><\/li>\n<li style=\"font-weight: 400;\" aria-level=\"1\"><span style=\"font-weight: 400;\">No est\u00e0 permesa l\u2019entrada al centre amb vehicles de mobilitat personal.<\/span><\/li>\n<li style=\"font-weight: 400;\" aria-level=\"1\"><span style=\"font-weight: 400;\">L\u2019ascensor est\u00e0 reservat per a persones amb mobilitat redu\u00efda. Caldr\u00e0 que aviseu a Consergeria prement el bot\u00f3 de l\u2019int\u00e8rfon que es troba a l\u2019entrada.<\/span><\/li>\n<\/ul>\n<p><span style=\"font-weight: 400;\">\u00a0<\/span><\/p>\n<p><span style=\"font-weight: 400;\">El Prat de Llobregat, 1 de setembre de 2025<\/span><\/p>\n","protected":false},"excerpt":{"rendered":"<p>A la nostra p\u00e0gina web<a href=\"https:\/\/agora-eoi.xtec.cat\/eoielprat\"> https:\/\/agora-eoi.xtec.cat\/eoielprat<\/a> trobareu tota la informaci\u00f3 i els documents esmentats en aquesta normativa.<\/p>\n<ul>\n<li aria-level=\"1\">\nCondicions generals com a alumnat oficial\n<\/li>\n<\/ul>\n<p>No est\u00e0 perm\u00e8s ser alumne\/a oficial (matriculat en un curs extensiu) i matricular-se com a alumnat lliure del mateix idioma dins del&hellip;  <a href=\"https:\/\/agora-eoi.xtec.cat\/eoielprat\/normativa-academica\/\" title=\"Read Normativa acad\u00e8mica curs 2024-2025\">Llegeix m\u00e9s\u00bb<\/a><\/p>\n","protected":false},"author":1,"featured_media":0,"parent":0,"menu_order":0,"comment_status":"closed","ping_status":"closed","template":"","meta":{"_bbp_topic_count":0,"_bbp_reply_count":0,"_bbp_total_topic_count":0,"_bbp_total_reply_count":0,"_bbp_voice_count":0,"_bbp_anonymous_reply_count":0,"_bbp_topic_count_hidden":0,"_bbp_reply_count_hidden":0,"_bbp_forum_subforum_count":0,"footnotes":""},"class_list":["post-10308","page","type-page","status-publish","hentry"],"post_mailing_queue_ids":[],"_links":{"self":[{"href":"https:\/\/agora-eoi.xtec.cat\/eoielprat\/wp-json\/wp\/v2\/pages\/10308","targetHints":{"allow":["GET"]}}],"collection":[{"href":"https:\/\/agora-eoi.xtec.cat\/eoielprat\/wp-json\/wp\/v2\/pages"}],"about":[{"href":"https:\/\/agora-eoi.xtec.cat\/eoielprat\/wp-json\/wp\/v2\/types\/page"}],"author":[{"embeddable":true,"href":"https:\/\/agora-eoi.xtec.cat\/eoielprat\/wp-json\/wp\/v2\/users\/1"}],"replies":[{"embeddable":true,"href":"https:\/\/agora-eoi.xtec.cat\/eoielprat\/wp-json\/wp\/v2\/comments?post=10308"}],"version-history":[{"count":6,"href":"https:\/\/agora-eoi.xtec.cat\/eoielprat\/wp-json\/wp\/v2\/pages\/10308\/revisions"}],"predecessor-version":[{"id":12334,"href":"https:\/\/agora-eoi.xtec.cat\/eoielprat\/wp-json\/wp\/v2\/pages\/10308\/revisions\/12334"}],"wp:attachment":[{"href":"https:\/\/agora-eoi.xtec.cat\/eoielprat\/wp-json\/wp\/v2\/media?parent=10308"}],"curies":[{"name":"wp","href":"https:\/\/api.w.org\/{rel}","templated":true}]}}